{"id":52269,"date":"2024-02-29T00:00:00","date_gmt":"2024-02-29T00:00:00","guid":{"rendered":"https:\/\/www.callandplay.com\/roland-rd-800\/"},"modified":"2026-04-16T20:45:35","modified_gmt":"2026-04-16T20:45:35","slug":"roland-rd-800","status":"publish","type":"product","link":"https:\/\/www.callandplay.com\/pt\/roland-rd-800\/","title":{"rendered":"ROLAND RD-800"},"content":{"rendered":"<p>El nuevo RD-800 lanza una nueva generaci\u00f3n del legado de RD con un dise\u00f1o estilizado y moderno y muchas mejoras en cuanto a sonido, sensaciones y versatilidad. Se ha ampliado y reforzado la selecci\u00f3n de pianos ac\u00fasticos de gama alta, mientras que el teclado de 88 notas presenta nuestro \u00faltimo dise\u00f1o de acci\u00f3n martillo con un tacto contrapesado excelente. El equipo tambi\u00e9n ofrece una gran variedad de pianos el\u00e9ctricos vintage aut\u00e9nticos, adem\u00e1s de \u00f3rganos, sintes y muchos m\u00e1s sonidos profesionales para enriquecer tus actuaciones en directo. El uso en el escenario es muy sencillo gracias a la interfaz superintuitiva, que incluye pantalla a color, un buen n\u00famero de controles espec\u00edficos y la nueva funci\u00f3n Tone Color, que permite manipular el sonido de forma extraordinaria con un \u00fanico dial. Dotado de las mejores prestaciones de piano de Roland y muchas funciones m\u00e1s, el RD-800 es un instrumento espectacular que ofrece una versatilidad incre\u00edble en el escenario.<\/p>","protected":false},"excerpt":{"rendered":"<p>El nuevo RD-800 lanza una nueva generaci\u00f3n del legado de RD con un dise\u00f1o estilizado y moderno y muchas mejoras en cuanto a sonido, sensaciones y versatilidad. Se ha ampliado y reforzado la selecci\u00f3n de pianos ac\u00fasticos de gama alta, mientras que el teclado de 88 notas presenta nuestro \u00faltimo dise\u00f1o de acci\u00f3n martillo con un tacto contrapesado excelente. El equipo tambi\u00e9n ofrece una gran variedad de pianos el\u00e9ctricos vintage aut\u00e9nticos, adem\u00e1s de \u00f3rganos, sintes y muchos m\u00e1s sonidos profesionales para enriquecer tus actuaciones en directo. El uso en el escenario es muy sencillo gracias a la interfaz superintuitiva, que incluye pantalla a color, un buen n\u00famero de controles espec\u00edficos y la nueva funci\u00f3n Tone Color, que permite manipular el sonido de forma extraordinaria con un \u00fanico dial. Dotado de las mejores prestaciones de piano de Roland y muchas funciones m\u00e1s, el RD-800 es un instrumento espectacular que ofrece una versatilidad incre\u00edble en el escenario.<\/p>","protected":false},"featured_media":0,"comment_status":"closed","ping_status":"closed","template":"","meta":{"_acf_changed":false,"om_disable_all_campaigns":false,"_monsterinsights_skip_tracking":false,"_monsterinsights_sitenote_active":false,"_monsterinsights_sitenote_note":"","_monsterinsights_sitenote_category":0},"product_brand":[],"product_cat":[1082],"product_tag":[],"class_list":{"0":"post-52269","1":"product","2":"type-product","3":"status-publish","5":"product_cat-pianos-digitales-escenario","7":"first","8":"instock","9":"shipping-taxable","10":"purchasable","11":"product-type-simple"},"acf":[],"yoast_head":"<!-- This site is optimized with the Yoast SEO plugin v27.4 - https:\/\/yoast.com\/product\/yoast-seo-wordpress\/ -->\n<title>ROLAND RD-800 - Call&amp;Play<\/title>\n<meta name=\"robots\" content=\"index, follow, max-snippet:-1, max-image-preview:large, max-video-preview:-1\" \/>\n<link rel=\"canonical\" href=\"https:\/\/www.callandplay.com\/pt\/roland-rd-800\/\" \/>\n<meta property=\"og:locale\" content=\"pt_PT\" \/>\n<meta property=\"og:type\" content=\"article\" \/>\n<meta property=\"og:title\" content=\"ROLAND RD-800 - Call&amp;Play\" \/>\n<meta property=\"og:description\" content=\"El nuevo RD-800 lanza una nueva generaci\u00f3n del legado de RD con un dise\u00f1o estilizado y moderno y muchas mejoras en cuanto a sonido, sensaciones y versatilidad. Se ha ampliado y reforzado la selecci\u00f3n de pianos ac\u00fasticos de gama alta, mientras que el teclado de 88 notas presenta nuestro \u00faltimo dise\u00f1o de acci\u00f3n martillo con un tacto contrapesado excelente. El equipo tambi\u00e9n ofrece una gran variedad de pianos el\u00e9ctricos vintage aut\u00e9nticos, adem\u00e1s de \u00f3rganos, sintes y muchos m\u00e1s sonidos profesionales para enriquecer tus actuaciones en directo. El uso en el escenario es muy sencillo gracias a la interfaz superintuitiva, que incluye pantalla a color, un buen n\u00famero de controles espec\u00edficos y la nueva funci\u00f3n Tone Color, que permite manipular el sonido de forma extraordinaria con un \u00fanico dial. Dotado de las mejores prestaciones de piano de Roland y muchas funciones m\u00e1s, el RD-800 es un instrumento espectacular que ofrece una versatilidad incre\u00edble en el escenario.\" \/>\n<meta property=\"og:url\" content=\"https:\/\/www.callandplay.com\/pt\/roland-rd-800\/\" \/>\n<meta property=\"og:site_name\" content=\"Call&amp;Play\" \/>\n<meta property=\"article:publisher\" content=\"https:\/\/www.facebook.com\/callandplay\" \/>\n<meta property=\"article:modified_time\" content=\"2026-04-16T20:45:35+00:00\" \/>\n<meta name=\"twitter:card\" content=\"summary_large_image\" \/>\n<meta name=\"twitter:label1\" content=\"Tempo estimado de leitura\" \/>\n\t<meta name=\"twitter:data1\" content=\"1 minuto\" \/>\n<script type=\"application\/ld+json\" class=\"yoast-schema-graph\">{\"@context\":\"https:\\\/\\\/schema.org\",\"@graph\":[{\"@type\":\"WebPage\",\"@id\":\"https:\\\/\\\/www.callandplay.com\\\/roland-rd-800\\\/\",\"url\":\"https:\\\/\\\/www.callandplay.com\\\/roland-rd-800\\\/\",\"name\":\"ROLAND RD-800 - Call&amp;Play\",\"isPartOf\":{\"@id\":\"https:\\\/\\\/www.callandplay.com\\\/#website\"},\"datePublished\":\"2024-02-29T00:00:00+00:00\",\"dateModified\":\"2026-04-16T20:45:35+00:00\",\"breadcrumb\":{\"@id\":\"https:\\\/\\\/www.callandplay.com\\\/roland-rd-800\\\/#breadcrumb\"},\"inLanguage\":\"pt-PT\",\"potentialAction\":[{\"@type\":\"ReadAction\",\"target\":[\"https:\\\/\\\/www.callandplay.com\\\/roland-rd-800\\\/\"]}]},{\"@type\":\"BreadcrumbList\",\"@id\":\"https:\\\/\\\/www.callandplay.com\\\/roland-rd-800\\\/#breadcrumb\",\"itemListElement\":[{\"@type\":\"ListItem\",\"position\":1,\"name\":\"Portada\",\"item\":\"https:\\\/\\\/www.callandplay.com\\\/\"},{\"@type\":\"ListItem\",\"position\":2,\"name\":\"Tienda\",\"item\":\"https:\\\/\\\/www.callandplay.com\\\/tienda\\\/\"},{\"@type\":\"ListItem\",\"position\":3,\"name\":\"ROLAND RD-800\"}]},{\"@type\":\"WebSite\",\"@id\":\"https:\\\/\\\/www.callandplay.com\\\/#website\",\"url\":\"https:\\\/\\\/www.callandplay.com\\\/\",\"name\":\"Call&amp;Play\",\"description\":\"Alquiler de backline e instrumentos musicales\",\"publisher\":{\"@id\":\"https:\\\/\\\/www.callandplay.com\\\/#organization\"},\"potentialAction\":[{\"@type\":\"SearchAction\",\"target\":{\"@type\":\"EntryPoint\",\"urlTemplate\":\"https:\\\/\\\/www.callandplay.com\\\/?s={search_term_string}\"},\"query-input\":{\"@type\":\"PropertyValueSpecification\",\"valueRequired\":true,\"valueName\":\"search_term_string\"}}],\"inLanguage\":\"pt-PT\"},{\"@type\":\"Organization\",\"@id\":\"https:\\\/\\\/www.callandplay.com\\\/#organization\",\"name\":\"Call&Play\",\"url\":\"https:\\\/\\\/www.callandplay.com\\\/\",\"logo\":{\"@type\":\"ImageObject\",\"inLanguage\":\"pt-PT\",\"@id\":\"https:\\\/\\\/www.callandplay.com\\\/#\\\/schema\\\/logo\\\/image\\\/\",\"url\":\"https:\\\/\\\/www.callandplay.com\\\/wp-content\\\/uploads\\\/2021\\\/06\\\/cropped-cropped-logo-black_con_sombra.png\",\"contentUrl\":\"https:\\\/\\\/www.callandplay.com\\\/wp-content\\\/uploads\\\/2021\\\/06\\\/cropped-cropped-logo-black_con_sombra.png\",\"width\":512,\"height\":512,\"caption\":\"Call&Play\"},\"image\":{\"@id\":\"https:\\\/\\\/www.callandplay.com\\\/#\\\/schema\\\/logo\\\/image\\\/\"},\"sameAs\":[\"https:\\\/\\\/www.facebook.com\\\/callandplay\",\"https:\\\/\\\/www.instagram.com\\\/call_and_play\\\/\"]}]}<\/script>\n<!-- \/ Yoast SEO plugin. -->","yoast_head_json":{"title":"ROLAND RD-800 - Call&amp;Play","robots":{"index":"index","follow":"follow","max-snippet":"max-snippet:-1","max-image-preview":"max-image-preview:large","max-video-preview":"max-video-preview:-1"},"canonical":"https:\/\/www.callandplay.com\/pt\/roland-rd-800\/","og_locale":"pt_PT","og_type":"article","og_title":"ROLAND RD-800 - Call&amp;Play","og_description":"El nuevo RD-800 lanza una nueva generaci\u00f3n del legado de RD con un dise\u00f1o estilizado y moderno y muchas mejoras en cuanto a sonido, sensaciones y versatilidad. Se ha ampliado y reforzado la selecci\u00f3n de pianos ac\u00fasticos de gama alta, mientras que el teclado de 88 notas presenta nuestro \u00faltimo dise\u00f1o de acci\u00f3n martillo con un tacto contrapesado excelente. El equipo tambi\u00e9n ofrece una gran variedad de pianos el\u00e9ctricos vintage aut\u00e9nticos, adem\u00e1s de \u00f3rganos, sintes y muchos m\u00e1s sonidos profesionales para enriquecer tus actuaciones en directo. El uso en el escenario es muy sencillo gracias a la interfaz superintuitiva, que incluye pantalla a color, un buen n\u00famero de controles espec\u00edficos y la nueva funci\u00f3n Tone Color, que permite manipular el sonido de forma extraordinaria con un \u00fanico dial. Dotado de las mejores prestaciones de piano de Roland y muchas funciones m\u00e1s, el RD-800 es un instrumento espectacular que ofrece una versatilidad incre\u00edble en el escenario.","og_url":"https:\/\/www.callandplay.com\/pt\/roland-rd-800\/","og_site_name":"Call&amp;Play","article_publisher":"https:\/\/www.facebook.com\/callandplay","article_modified_time":"2026-04-16T20:45:35+00:00","twitter_card":"summary_large_image","twitter_misc":{"Tempo estimado de leitura":"1 minuto"},"schema":{"@context":"https:\/\/schema.org","@graph":[{"@type":"WebPage","@id":"https:\/\/www.callandplay.com\/roland-rd-800\/","url":"https:\/\/www.callandplay.com\/roland-rd-800\/","name":"ROLAND RD-800 - Call&amp;Play","isPartOf":{"@id":"https:\/\/www.callandplay.com\/#website"},"datePublished":"2024-02-29T00:00:00+00:00","dateModified":"2026-04-16T20:45:35+00:00","breadcrumb":{"@id":"https:\/\/www.callandplay.com\/roland-rd-800\/#breadcrumb"},"inLanguage":"pt-PT","potentialAction":[{"@type":"ReadAction","target":["https:\/\/www.callandplay.com\/roland-rd-800\/"]}]},{"@type":"BreadcrumbList","@id":"https:\/\/www.callandplay.com\/roland-rd-800\/#breadcrumb","itemListElement":[{"@type":"ListItem","position":1,"name":"Portada","item":"https:\/\/www.callandplay.com\/"},{"@type":"ListItem","position":2,"name":"Tienda","item":"https:\/\/www.callandplay.com\/tienda\/"},{"@type":"ListItem","position":3,"name":"ROLAND RD-800"}]},{"@type":"WebSite","@id":"https:\/\/www.callandplay.com\/#website","url":"https:\/\/www.callandplay.com\/","name":"Call&amp;Play","description":"Alquiler de backline e instrumentos musicales","publisher":{"@id":"https:\/\/www.callandplay.com\/#organization"},"potentialAction":[{"@type":"SearchAction","target":{"@type":"EntryPoint","urlTemplate":"https:\/\/www.callandplay.com\/?s={search_term_string}"},"query-input":{"@type":"PropertyValueSpecification","valueRequired":true,"valueName":"search_term_string"}}],"inLanguage":"pt-PT"},{"@type":"Organization","@id":"https:\/\/www.callandplay.com\/#organization","name":"Call&Play","url":"https:\/\/www.callandplay.com\/","logo":{"@type":"ImageObject","inLanguage":"pt-PT","@id":"https:\/\/www.callandplay.com\/#\/schema\/logo\/image\/","url":"https:\/\/www.callandplay.com\/wp-content\/uploads\/2021\/06\/cropped-cropped-logo-black_con_sombra.png","contentUrl":"https:\/\/www.callandplay.com\/wp-content\/uploads\/2021\/06\/cropped-cropped-logo-black_con_sombra.png","width":512,"height":512,"caption":"Call&Play"},"image":{"@id":"https:\/\/www.callandplay.com\/#\/schema\/logo\/image\/"},"sameAs":["https:\/\/www.facebook.com\/callandplay","https:\/\/www.instagram.com\/call_and_play\/"]}]}},"_links":{"self":[{"href":"https:\/\/www.callandplay.com\/pt\/wp-json\/wp\/v2\/product\/52269","targetHints":{"allow":["GET"]}}],"collection":[{"href":"https:\/\/www.callandplay.com\/pt\/wp-json\/wp\/v2\/product"}],"about":[{"href":"https:\/\/www.callandplay.com\/pt\/wp-json\/wp\/v2\/types\/product"}],"replies":[{"embeddable":true,"href":"https:\/\/www.callandplay.com\/pt\/wp-json\/wp\/v2\/comments?post=52269"}],"version-history":[{"count":1,"href":"https:\/\/www.callandplay.com\/pt\/wp-json\/wp\/v2\/product\/52269\/revisions"}],"predecessor-version":[{"id":55079,"href":"https:\/\/www.callandplay.com\/pt\/wp-json\/wp\/v2\/product\/52269\/revisions\/55079"}],"wp:attachment":[{"href":"https:\/\/www.callandplay.com\/pt\/wp-json\/wp\/v2\/media?parent=52269"}],"wp:term":[{"taxonomy":"product_brand","embeddable":true,"href":"https:\/\/www.callandplay.com\/pt\/wp-json\/wp\/v2\/product_brand?post=52269"},{"taxonomy":"product_cat","embeddable":true,"href":"https:\/\/www.callandplay.com\/pt\/wp-json\/wp\/v2\/product_cat?post=52269"},{"taxonomy":"product_tag","embeddable":true,"href":"https:\/\/www.callandplay.com\/pt\/wp-json\/wp\/v2\/product_tag?post=52269"}],"curies":[{"name":"wp","href":"https:\/\/api.w.org\/{rel}","templated":true}]}}