{"id":52290,"date":"2020-09-11T00:00:00","date_gmt":"2020-09-11T00:00:00","guid":{"rendered":"https:\/\/www.callandplay.com\/blackmagic-hyperdeck-studio-pro\/"},"modified":"2026-04-15T20:53:48","modified_gmt":"2026-04-15T20:53:48","slug":"blackmagic-hyperdeck-studio-pro","status":"publish","type":"product","link":"https:\/\/www.callandplay.com\/pt\/blackmagic-hyperdeck-studio-pro\/","title":{"rendered":"BLACKMAGIC HYPERDECK STUDIO PRO"},"content":{"rendered":"<p>Los grabadores HyperDeck Studio permiten almacenar archivos de 10 bits sin comprimir o ProRes y DNxHD comprimidos en unidades SSD de 2.5 pulgadas. Disponen de controles similares a los de un videograbador y brindan prestaciones innovadoras que van m\u00e1s all\u00e1 de las posibilidades que ofrecen los equipos de grabaci\u00f3n tradicionales. Asimismo, cuenta con dos ranuras para soportes de almacenamiento que permiten continuar la grabaci\u00f3n autom\u00e1ticamente en la segunda unidad cuando la primera no tiene m\u00e1s capacidad. Las unidades SSD que contienen los archivos grabados pueden conectarse f\u00e1cilmente a cualquier equipo inform\u00e1tico, de modo que es posible acceder a estos sin necesidad de copiarlos. El modelo Studio Pro presenta un moderno dise\u00f1o que incluye conectividad SDI 6G compatible con formatos SD, HD (1080p60) y UHD (2160p30), adem\u00e1s de una amplia gama de conexiones anal\u00f3gicas y digitales para audio y v\u00eddeo. Asimismo, brinda la posibilidad de procesar se\u00f1ales mediante cuatro conectores SDI o en formato HDMI 4K, as\u00ed como v\u00eddeo anal\u00f3gico por componentes y audio anal\u00f3gico o digital (AES\/EBU). Este modelo dispone tambi\u00e9n de un puerto Thunderbolt que permite capturar im\u00e1genes desde equipos inform\u00e1ticos. Se incluye el programa UltraScope que facilita la visualizaci\u00f3n de distintos aspectos de las se\u00f1ales.<\/p>","protected":false},"excerpt":{"rendered":"<p>Los grabadores HyperDeck Studio permiten almacenar archivos de 10 bits sin comprimir o ProRes y DNxHD comprimidos en unidades SSD de 2.5 pulgadas. Disponen de controles similares a los de un videograbador y brindan prestaciones innovadoras que van m\u00e1s all\u00e1 de las posibilidades que ofrecen los equipos de grabaci\u00f3n tradicionales. Asimismo, cuenta con dos ranuras para soportes de almacenamiento que permiten continuar la grabaci\u00f3n autom\u00e1ticamente en la segunda unidad cuando la primera no tiene m\u00e1s capacidad. Las unidades SSD que contienen los archivos grabados pueden conectarse f\u00e1cilmente a cualquier equipo inform\u00e1tico, de modo que es posible acceder a estos sin necesidad de copiarlos. El modelo Studio Pro presenta un moderno dise\u00f1o que incluye conectividad SDI 6G compatible con formatos SD, HD (1080p60) y UHD (2160p30), adem\u00e1s de una amplia gama de conexiones anal\u00f3gicas y digitales para audio y v\u00eddeo. Asimismo, brinda la posibilidad de procesar se\u00f1ales mediante cuatro conectores SDI o en formato HDMI 4K, as\u00ed como v\u00eddeo anal\u00f3gico por componentes y audio anal\u00f3gico o digital (AES\/EBU). Este modelo dispone tambi\u00e9n de un puerto Thunderbolt que permite capturar im\u00e1genes desde equipos inform\u00e1ticos. Se incluye el programa UltraScope que facilita la visualizaci\u00f3n de distintos aspectos de las se\u00f1ales.<\/p>","protected":false},"featured_media":0,"comment_status":"closed","ping_status":"closed","template":"","meta":{"_acf_changed":false,"om_disable_all_campaigns":false,"_monsterinsights_skip_tracking":false,"_monsterinsights_sitenote_active":false,"_monsterinsights_sitenote_note":"","_monsterinsights_sitenote_category":0},"product_brand":[],"product_cat":[1253],"product_tag":[],"class_list":{"0":"post-52290","1":"product","2":"type-product","3":"status-publish","5":"product_cat-sistemas-de-realizacion","7":"first","8":"instock","9":"shipping-taxable","10":"purchasable","11":"product-type-simple"},"acf":[],"yoast_head":"<!-- This site is optimized with the Yoast SEO plugin v27.4 - https:\/\/yoast.com\/product\/yoast-seo-wordpress\/ -->\n<title>BLACKMAGIC HYPERDECK STUDIO PRO - Call&amp;Play<\/title>\n<meta name=\"robots\" content=\"index, follow, max-snippet:-1, max-image-preview:large, max-video-preview:-1\" \/>\n<link rel=\"canonical\" href=\"https:\/\/www.callandplay.com\/pt\/blackmagic-hyperdeck-studio-pro\/\" \/>\n<meta property=\"og:locale\" content=\"pt_PT\" \/>\n<meta property=\"og:type\" content=\"article\" \/>\n<meta property=\"og:title\" content=\"BLACKMAGIC HYPERDECK STUDIO PRO - Call&amp;Play\" \/>\n<meta property=\"og:description\" content=\"Los grabadores HyperDeck Studio permiten almacenar archivos de 10 bits sin comprimir o ProRes y DNxHD comprimidos en unidades SSD de 2.5 pulgadas. Disponen de controles similares a los de un videograbador y brindan prestaciones innovadoras que van m\u00e1s all\u00e1 de las posibilidades que ofrecen los equipos de grabaci\u00f3n tradicionales. Asimismo, cuenta con dos ranuras para soportes de almacenamiento que permiten continuar la grabaci\u00f3n autom\u00e1ticamente en la segunda unidad cuando la primera no tiene m\u00e1s capacidad. Las unidades SSD que contienen los archivos grabados pueden conectarse f\u00e1cilmente a cualquier equipo inform\u00e1tico, de modo que es posible acceder a estos sin necesidad de copiarlos. El modelo Studio Pro presenta un moderno dise\u00f1o que incluye conectividad SDI 6G compatible con formatos SD, HD (1080p60) y UHD (2160p30), adem\u00e1s de una amplia gama de conexiones anal\u00f3gicas y digitales para audio y v\u00eddeo. Asimismo, brinda la posibilidad de procesar se\u00f1ales mediante cuatro conectores SDI o en formato HDMI 4K, as\u00ed como v\u00eddeo anal\u00f3gico por componentes y audio anal\u00f3gico o digital (AES\/EBU). Este modelo dispone tambi\u00e9n de un puerto Thunderbolt que permite capturar im\u00e1genes desde equipos inform\u00e1ticos. Se incluye el programa UltraScope que facilita la visualizaci\u00f3n de distintos aspectos de las se\u00f1ales.\" \/>\n<meta property=\"og:url\" content=\"https:\/\/www.callandplay.com\/pt\/blackmagic-hyperdeck-studio-pro\/\" \/>\n<meta property=\"og:site_name\" content=\"Call&amp;Play\" \/>\n<meta property=\"article:publisher\" content=\"https:\/\/www.facebook.com\/callandplay\" \/>\n<meta property=\"article:modified_time\" content=\"2026-04-15T20:53:48+00:00\" \/>\n<meta name=\"twitter:card\" content=\"summary_large_image\" \/>\n<meta name=\"twitter:label1\" content=\"Tempo estimado de leitura\" \/>\n\t<meta name=\"twitter:data1\" content=\"1 minuto\" \/>\n<script type=\"application\/ld+json\" class=\"yoast-schema-graph\">{\"@context\":\"https:\\\/\\\/schema.org\",\"@graph\":[{\"@type\":\"WebPage\",\"@id\":\"https:\\\/\\\/www.callandplay.com\\\/blackmagic-hyperdeck-studio-pro\\\/\",\"url\":\"https:\\\/\\\/www.callandplay.com\\\/blackmagic-hyperdeck-studio-pro\\\/\",\"name\":\"BLACKMAGIC HYPERDECK STUDIO PRO - Call&amp;Play\",\"isPartOf\":{\"@id\":\"https:\\\/\\\/www.callandplay.com\\\/#website\"},\"datePublished\":\"2020-09-11T00:00:00+00:00\",\"dateModified\":\"2026-04-15T20:53:48+00:00\",\"breadcrumb\":{\"@id\":\"https:\\\/\\\/www.callandplay.com\\\/blackmagic-hyperdeck-studio-pro\\\/#breadcrumb\"},\"inLanguage\":\"pt-PT\",\"potentialAction\":[{\"@type\":\"ReadAction\",\"target\":[\"https:\\\/\\\/www.callandplay.com\\\/blackmagic-hyperdeck-studio-pro\\\/\"]}]},{\"@type\":\"BreadcrumbList\",\"@id\":\"https:\\\/\\\/www.callandplay.com\\\/blackmagic-hyperdeck-studio-pro\\\/#breadcrumb\",\"itemListElement\":[{\"@type\":\"ListItem\",\"position\":1,\"name\":\"Portada\",\"item\":\"https:\\\/\\\/www.callandplay.com\\\/\"},{\"@type\":\"ListItem\",\"position\":2,\"name\":\"Tienda\",\"item\":\"https:\\\/\\\/www.callandplay.com\\\/tienda\\\/\"},{\"@type\":\"ListItem\",\"position\":3,\"name\":\"BLACKMAGIC HYPERDECK STUDIO PRO\"}]},{\"@type\":\"WebSite\",\"@id\":\"https:\\\/\\\/www.callandplay.com\\\/#website\",\"url\":\"https:\\\/\\\/www.callandplay.com\\\/\",\"name\":\"Call&amp;Play\",\"description\":\"Alquiler de backline e instrumentos musicales\",\"publisher\":{\"@id\":\"https:\\\/\\\/www.callandplay.com\\\/#organization\"},\"potentialAction\":[{\"@type\":\"SearchAction\",\"target\":{\"@type\":\"EntryPoint\",\"urlTemplate\":\"https:\\\/\\\/www.callandplay.com\\\/?s={search_term_string}\"},\"query-input\":{\"@type\":\"PropertyValueSpecification\",\"valueRequired\":true,\"valueName\":\"search_term_string\"}}],\"inLanguage\":\"pt-PT\"},{\"@type\":\"Organization\",\"@id\":\"https:\\\/\\\/www.callandplay.com\\\/#organization\",\"name\":\"Call&Play\",\"url\":\"https:\\\/\\\/www.callandplay.com\\\/\",\"logo\":{\"@type\":\"ImageObject\",\"inLanguage\":\"pt-PT\",\"@id\":\"https:\\\/\\\/www.callandplay.com\\\/#\\\/schema\\\/logo\\\/image\\\/\",\"url\":\"https:\\\/\\\/www.callandplay.com\\\/wp-content\\\/uploads\\\/2021\\\/06\\\/cropped-cropped-logo-black_con_sombra.png\",\"contentUrl\":\"https:\\\/\\\/www.callandplay.com\\\/wp-content\\\/uploads\\\/2021\\\/06\\\/cropped-cropped-logo-black_con_sombra.png\",\"width\":512,\"height\":512,\"caption\":\"Call&Play\"},\"image\":{\"@id\":\"https:\\\/\\\/www.callandplay.com\\\/#\\\/schema\\\/logo\\\/image\\\/\"},\"sameAs\":[\"https:\\\/\\\/www.facebook.com\\\/callandplay\",\"https:\\\/\\\/www.instagram.com\\\/call_and_play\\\/\"]}]}<\/script>\n<!-- \/ Yoast SEO plugin. -->","yoast_head_json":{"title":"BLACKMAGIC HYPERDECK STUDIO PRO - Call&amp;Play","robots":{"index":"index","follow":"follow","max-snippet":"max-snippet:-1","max-image-preview":"max-image-preview:large","max-video-preview":"max-video-preview:-1"},"canonical":"https:\/\/www.callandplay.com\/pt\/blackmagic-hyperdeck-studio-pro\/","og_locale":"pt_PT","og_type":"article","og_title":"BLACKMAGIC HYPERDECK STUDIO PRO - Call&amp;Play","og_description":"Los grabadores HyperDeck Studio permiten almacenar archivos de 10 bits sin comprimir o ProRes y DNxHD comprimidos en unidades SSD de 2.5 pulgadas. Disponen de controles similares a los de un videograbador y brindan prestaciones innovadoras que van m\u00e1s all\u00e1 de las posibilidades que ofrecen los equipos de grabaci\u00f3n tradicionales. Asimismo, cuenta con dos ranuras para soportes de almacenamiento que permiten continuar la grabaci\u00f3n autom\u00e1ticamente en la segunda unidad cuando la primera no tiene m\u00e1s capacidad. Las unidades SSD que contienen los archivos grabados pueden conectarse f\u00e1cilmente a cualquier equipo inform\u00e1tico, de modo que es posible acceder a estos sin necesidad de copiarlos. El modelo Studio Pro presenta un moderno dise\u00f1o que incluye conectividad SDI 6G compatible con formatos SD, HD (1080p60) y UHD (2160p30), adem\u00e1s de una amplia gama de conexiones anal\u00f3gicas y digitales para audio y v\u00eddeo. Asimismo, brinda la posibilidad de procesar se\u00f1ales mediante cuatro conectores SDI o en formato HDMI 4K, as\u00ed como v\u00eddeo anal\u00f3gico por componentes y audio anal\u00f3gico o digital (AES\/EBU). Este modelo dispone tambi\u00e9n de un puerto Thunderbolt que permite capturar im\u00e1genes desde equipos inform\u00e1ticos. Se incluye el programa UltraScope que facilita la visualizaci\u00f3n de distintos aspectos de las se\u00f1ales.","og_url":"https:\/\/www.callandplay.com\/pt\/blackmagic-hyperdeck-studio-pro\/","og_site_name":"Call&amp;Play","article_publisher":"https:\/\/www.facebook.com\/callandplay","article_modified_time":"2026-04-15T20:53:48+00:00","twitter_card":"summary_large_image","twitter_misc":{"Tempo estimado de leitura":"1 minuto"},"schema":{"@context":"https:\/\/schema.org","@graph":[{"@type":"WebPage","@id":"https:\/\/www.callandplay.com\/blackmagic-hyperdeck-studio-pro\/","url":"https:\/\/www.callandplay.com\/blackmagic-hyperdeck-studio-pro\/","name":"BLACKMAGIC HYPERDECK STUDIO PRO - Call&amp;Play","isPartOf":{"@id":"https:\/\/www.callandplay.com\/#website"},"datePublished":"2020-09-11T00:00:00+00:00","dateModified":"2026-04-15T20:53:48+00:00","breadcrumb":{"@id":"https:\/\/www.callandplay.com\/blackmagic-hyperdeck-studio-pro\/#breadcrumb"},"inLanguage":"pt-PT","potentialAction":[{"@type":"ReadAction","target":["https:\/\/www.callandplay.com\/blackmagic-hyperdeck-studio-pro\/"]}]},{"@type":"BreadcrumbList","@id":"https:\/\/www.callandplay.com\/blackmagic-hyperdeck-studio-pro\/#breadcrumb","itemListElement":[{"@type":"ListItem","position":1,"name":"Portada","item":"https:\/\/www.callandplay.com\/"},{"@type":"ListItem","position":2,"name":"Tienda","item":"https:\/\/www.callandplay.com\/tienda\/"},{"@type":"ListItem","position":3,"name":"BLACKMAGIC HYPERDECK STUDIO PRO"}]},{"@type":"WebSite","@id":"https:\/\/www.callandplay.com\/#website","url":"https:\/\/www.callandplay.com\/","name":"Call&amp;Play","description":"Alquiler de backline e instrumentos musicales","publisher":{"@id":"https:\/\/www.callandplay.com\/#organization"},"potentialAction":[{"@type":"SearchAction","target":{"@type":"EntryPoint","urlTemplate":"https:\/\/www.callandplay.com\/?s={search_term_string}"},"query-input":{"@type":"PropertyValueSpecification","valueRequired":true,"valueName":"search_term_string"}}],"inLanguage":"pt-PT"},{"@type":"Organization","@id":"https:\/\/www.callandplay.com\/#organization","name":"Call&Play","url":"https:\/\/www.callandplay.com\/","logo":{"@type":"ImageObject","inLanguage":"pt-PT","@id":"https:\/\/www.callandplay.com\/#\/schema\/logo\/image\/","url":"https:\/\/www.callandplay.com\/wp-content\/uploads\/2021\/06\/cropped-cropped-logo-black_con_sombra.png","contentUrl":"https:\/\/www.callandplay.com\/wp-content\/uploads\/2021\/06\/cropped-cropped-logo-black_con_sombra.png","width":512,"height":512,"caption":"Call&Play"},"image":{"@id":"https:\/\/www.callandplay.com\/#\/schema\/logo\/image\/"},"sameAs":["https:\/\/www.facebook.com\/callandplay","https:\/\/www.instagram.com\/call_and_play\/"]}]}},"_links":{"self":[{"href":"https:\/\/www.callandplay.com\/pt\/wp-json\/wp\/v2\/product\/52290","targetHints":{"allow":["GET"]}}],"collection":[{"href":"https:\/\/www.callandplay.com\/pt\/wp-json\/wp\/v2\/product"}],"about":[{"href":"https:\/\/www.callandplay.com\/pt\/wp-json\/wp\/v2\/types\/product"}],"replies":[{"embeddable":true,"href":"https:\/\/www.callandplay.com\/pt\/wp-json\/wp\/v2\/comments?post=52290"}],"version-history":[{"count":1,"href":"https:\/\/www.callandplay.com\/pt\/wp-json\/wp\/v2\/product\/52290\/revisions"}],"predecessor-version":[{"id":55100,"href":"https:\/\/www.callandplay.com\/pt\/wp-json\/wp\/v2\/product\/52290\/revisions\/55100"}],"wp:attachment":[{"href":"https:\/\/www.callandplay.com\/pt\/wp-json\/wp\/v2\/media?parent=52290"}],"wp:term":[{"taxonomy":"product_brand","embeddable":true,"href":"https:\/\/www.callandplay.com\/pt\/wp-json\/wp\/v2\/product_brand?post=52290"},{"taxonomy":"product_cat","embeddable":true,"href":"https:\/\/www.callandplay.com\/pt\/wp-json\/wp\/v2\/product_cat?post=52290"},{"taxonomy":"product_tag","embeddable":true,"href":"https:\/\/www.callandplay.com\/pt\/wp-json\/wp\/v2\/product_tag?post=52290"}],"curies":[{"name":"wp","href":"https:\/\/api.w.org\/{rel}","templated":true}]}}