{"id":52451,"date":"2018-01-14T00:00:00","date_gmt":"2018-01-14T00:00:00","guid":{"rendered":"https:\/\/www.callandplay.com\/prs-s2-custom-24-rw-dark-cherry-sunburst\/"},"modified":"2026-04-04T20:33:40","modified_gmt":"2026-04-04T20:33:40","slug":"prs-s2-custom-24-rw-dark-cherry-sunburst","status":"publish","type":"product","link":"https:\/\/www.callandplay.com\/pt\/prs-s2-custom-24-rw-dark-cherry-sunburst\/","title":{"rendered":"PRS S2 CUSTOM 24 RW DARK CHERRY SUNBURST"},"content":{"rendered":"<p>Esta versi\u00f3n simplificada de la Custom 24 combina un cuerpo de caoba, una tapa de arce flameado \u00bbbookmatched\u00bb, m\u00e1stil de caoba y un diapas\u00f3n de palisandro en un instrumento que es mas que sue\u00f1o para cualquier guitarrista. Un par de humbuckers S2 y un tr\u00e9molo S2 dotan a la S2 Custom 24 la flexibilidad tonal necesaria para cubrir cualquier estilo musical. Fabricada en Maryland USA. Color Dark Cherry Sunburst. Escala 635mm. 24 trastes. Puente con vibrato genuino PRS S2. Configuraci\u00f3n de pastillas: H-H, 2x Humbucker. Pastilla m\u00e1stil: PRS S2 Vintage Bass. Pastilla puente: PRS S2 HFS.<\/p>","protected":false},"excerpt":{"rendered":"<p>Esta versi\u00f3n simplificada de la Custom 24 combina un cuerpo de caoba, una tapa de arce flameado \u00bbbookmatched\u00bb, m\u00e1stil de caoba y un diapas\u00f3n de palisandro en un instrumento que es mas que sue\u00f1o para cualquier guitarrista. Un par de humbuckers S2 y un tr\u00e9molo S2 dotan a la S2 Custom 24 la flexibilidad tonal necesaria para cubrir cualquier estilo musical. Fabricada en Maryland USA. Color Dark Cherry Sunburst. Escala 635mm. 24 trastes. Puente con vibrato genuino PRS S2. Configuraci\u00f3n de pastillas: H-H, 2x Humbucker. Pastilla m\u00e1stil: PRS S2 Vintage Bass. Pastilla puente: PRS S2 HFS.<\/p>","protected":false},"featured_media":0,"comment_status":"closed","ping_status":"closed","template":"","meta":{"_acf_changed":false,"om_disable_all_campaigns":false,"_monsterinsights_skip_tracking":false,"_monsterinsights_sitenote_active":false,"_monsterinsights_sitenote_note":"","_monsterinsights_sitenote_category":0},"product_brand":[],"product_cat":[1055],"product_tag":[],"class_list":{"0":"post-52451","1":"product","2":"type-product","3":"status-publish","5":"product_cat-guitarras-electricas-cuerpo-solido","7":"first","8":"instock","9":"shipping-taxable","10":"purchasable","11":"product-type-simple"},"acf":[],"yoast_head":"<!-- This site is optimized with the Yoast SEO plugin v27.3 - https:\/\/yoast.com\/product\/yoast-seo-wordpress\/ -->\n<title>PRS S2 CUSTOM 24 RW DARK CHERRY SUNBURST - Call&amp;Play<\/title>\n<meta name=\"robots\" content=\"index, follow, max-snippet:-1, max-image-preview:large, max-video-preview:-1\" \/>\n<link rel=\"canonical\" href=\"https:\/\/www.callandplay.com\/pt\/prs-s2-custom-24-rw-dark-cherry-sunburst\/\" \/>\n<meta property=\"og:locale\" content=\"pt_PT\" \/>\n<meta property=\"og:type\" content=\"article\" \/>\n<meta property=\"og:title\" content=\"PRS S2 CUSTOM 24 RW DARK CHERRY SUNBURST - Call&amp;Play\" \/>\n<meta property=\"og:description\" content=\"Esta versi\u00f3n simplificada de la Custom 24 combina un cuerpo de caoba, una tapa de arce flameado &#039;&#039;bookmatched&#039;&#039;, m\u00e1stil de caoba y un diapas\u00f3n de palisandro en un instrumento que es mas que sue\u00f1o para cualquier guitarrista. Un par de humbuckers S2 y un tr\u00e9molo S2 dotan a la S2 Custom 24 la flexibilidad tonal necesaria para cubrir cualquier estilo musical. Fabricada en Maryland USA. Color Dark Cherry Sunburst. Escala 635mm. 24 trastes. Puente con vibrato genuino PRS S2. Configuraci\u00f3n de pastillas: H-H, 2x Humbucker. Pastilla m\u00e1stil: PRS S2 Vintage Bass. Pastilla puente: PRS S2 HFS.\" \/>\n<meta property=\"og:url\" content=\"https:\/\/www.callandplay.com\/pt\/prs-s2-custom-24-rw-dark-cherry-sunburst\/\" \/>\n<meta property=\"og:site_name\" content=\"Call&amp;Play\" \/>\n<meta property=\"article:publisher\" content=\"https:\/\/www.facebook.com\/callandplay\" \/>\n<meta property=\"article:modified_time\" content=\"2026-04-04T20:33:40+00:00\" \/>\n<meta name=\"twitter:card\" content=\"summary_large_image\" \/>\n<meta name=\"twitter:label1\" content=\"Tempo estimado de leitura\" \/>\n\t<meta name=\"twitter:data1\" content=\"1 minuto\" \/>\n<script type=\"application\/ld+json\" class=\"yoast-schema-graph\">{\"@context\":\"https:\\\/\\\/schema.org\",\"@graph\":[{\"@type\":\"WebPage\",\"@id\":\"https:\\\/\\\/www.callandplay.com\\\/prs-s2-custom-24-rw-dark-cherry-sunburst\\\/\",\"url\":\"https:\\\/\\\/www.callandplay.com\\\/prs-s2-custom-24-rw-dark-cherry-sunburst\\\/\",\"name\":\"PRS S2 CUSTOM 24 RW DARK CHERRY SUNBURST - Call&amp;Play\",\"isPartOf\":{\"@id\":\"https:\\\/\\\/www.callandplay.com\\\/#website\"},\"datePublished\":\"2018-01-14T00:00:00+00:00\",\"dateModified\":\"2026-04-04T20:33:40+00:00\",\"breadcrumb\":{\"@id\":\"https:\\\/\\\/www.callandplay.com\\\/prs-s2-custom-24-rw-dark-cherry-sunburst\\\/#breadcrumb\"},\"inLanguage\":\"pt-PT\",\"potentialAction\":[{\"@type\":\"ReadAction\",\"target\":[\"https:\\\/\\\/www.callandplay.com\\\/prs-s2-custom-24-rw-dark-cherry-sunburst\\\/\"]}]},{\"@type\":\"BreadcrumbList\",\"@id\":\"https:\\\/\\\/www.callandplay.com\\\/prs-s2-custom-24-rw-dark-cherry-sunburst\\\/#breadcrumb\",\"itemListElement\":[{\"@type\":\"ListItem\",\"position\":1,\"name\":\"Portada\",\"item\":\"https:\\\/\\\/www.callandplay.com\\\/\"},{\"@type\":\"ListItem\",\"position\":2,\"name\":\"Tienda\",\"item\":\"https:\\\/\\\/www.callandplay.com\\\/tienda\\\/\"},{\"@type\":\"ListItem\",\"position\":3,\"name\":\"PRS S2 CUSTOM 24 RW DARK CHERRY SUNBURST\"}]},{\"@type\":\"WebSite\",\"@id\":\"https:\\\/\\\/www.callandplay.com\\\/#website\",\"url\":\"https:\\\/\\\/www.callandplay.com\\\/\",\"name\":\"Call&amp;Play\",\"description\":\"Alquiler de backline e instrumentos musicales\",\"publisher\":{\"@id\":\"https:\\\/\\\/www.callandplay.com\\\/#organization\"},\"potentialAction\":[{\"@type\":\"SearchAction\",\"target\":{\"@type\":\"EntryPoint\",\"urlTemplate\":\"https:\\\/\\\/www.callandplay.com\\\/?s={search_term_string}\"},\"query-input\":{\"@type\":\"PropertyValueSpecification\",\"valueRequired\":true,\"valueName\":\"search_term_string\"}}],\"inLanguage\":\"pt-PT\"},{\"@type\":\"Organization\",\"@id\":\"https:\\\/\\\/www.callandplay.com\\\/#organization\",\"name\":\"Call&Play\",\"url\":\"https:\\\/\\\/www.callandplay.com\\\/\",\"logo\":{\"@type\":\"ImageObject\",\"inLanguage\":\"pt-PT\",\"@id\":\"https:\\\/\\\/www.callandplay.com\\\/#\\\/schema\\\/logo\\\/image\\\/\",\"url\":\"https:\\\/\\\/www.callandplay.com\\\/wp-content\\\/uploads\\\/2021\\\/06\\\/cropped-cropped-logo-black_con_sombra.png\",\"contentUrl\":\"https:\\\/\\\/www.callandplay.com\\\/wp-content\\\/uploads\\\/2021\\\/06\\\/cropped-cropped-logo-black_con_sombra.png\",\"width\":512,\"height\":512,\"caption\":\"Call&Play\"},\"image\":{\"@id\":\"https:\\\/\\\/www.callandplay.com\\\/#\\\/schema\\\/logo\\\/image\\\/\"},\"sameAs\":[\"https:\\\/\\\/www.facebook.com\\\/callandplay\",\"https:\\\/\\\/www.instagram.com\\\/call_and_play\\\/\"]}]}<\/script>\n<!-- \/ Yoast SEO plugin. -->","yoast_head_json":{"title":"PRS S2 CUSTOM 24 RW DARK CHERRY SUNBURST - Call&amp;Play","robots":{"index":"index","follow":"follow","max-snippet":"max-snippet:-1","max-image-preview":"max-image-preview:large","max-video-preview":"max-video-preview:-1"},"canonical":"https:\/\/www.callandplay.com\/pt\/prs-s2-custom-24-rw-dark-cherry-sunburst\/","og_locale":"pt_PT","og_type":"article","og_title":"PRS S2 CUSTOM 24 RW DARK CHERRY SUNBURST - Call&amp;Play","og_description":"Esta versi\u00f3n simplificada de la Custom 24 combina un cuerpo de caoba, una tapa de arce flameado ''bookmatched'', m\u00e1stil de caoba y un diapas\u00f3n de palisandro en un instrumento que es mas que sue\u00f1o para cualquier guitarrista. Un par de humbuckers S2 y un tr\u00e9molo S2 dotan a la S2 Custom 24 la flexibilidad tonal necesaria para cubrir cualquier estilo musical. Fabricada en Maryland USA. Color Dark Cherry Sunburst. Escala 635mm. 24 trastes. Puente con vibrato genuino PRS S2. Configuraci\u00f3n de pastillas: H-H, 2x Humbucker. Pastilla m\u00e1stil: PRS S2 Vintage Bass. Pastilla puente: PRS S2 HFS.","og_url":"https:\/\/www.callandplay.com\/pt\/prs-s2-custom-24-rw-dark-cherry-sunburst\/","og_site_name":"Call&amp;Play","article_publisher":"https:\/\/www.facebook.com\/callandplay","article_modified_time":"2026-04-04T20:33:40+00:00","twitter_card":"summary_large_image","twitter_misc":{"Tempo estimado de leitura":"1 minuto"},"schema":{"@context":"https:\/\/schema.org","@graph":[{"@type":"WebPage","@id":"https:\/\/www.callandplay.com\/prs-s2-custom-24-rw-dark-cherry-sunburst\/","url":"https:\/\/www.callandplay.com\/prs-s2-custom-24-rw-dark-cherry-sunburst\/","name":"PRS S2 CUSTOM 24 RW DARK CHERRY SUNBURST - Call&amp;Play","isPartOf":{"@id":"https:\/\/www.callandplay.com\/#website"},"datePublished":"2018-01-14T00:00:00+00:00","dateModified":"2026-04-04T20:33:40+00:00","breadcrumb":{"@id":"https:\/\/www.callandplay.com\/prs-s2-custom-24-rw-dark-cherry-sunburst\/#breadcrumb"},"inLanguage":"pt-PT","potentialAction":[{"@type":"ReadAction","target":["https:\/\/www.callandplay.com\/prs-s2-custom-24-rw-dark-cherry-sunburst\/"]}]},{"@type":"BreadcrumbList","@id":"https:\/\/www.callandplay.com\/prs-s2-custom-24-rw-dark-cherry-sunburst\/#breadcrumb","itemListElement":[{"@type":"ListItem","position":1,"name":"Portada","item":"https:\/\/www.callandplay.com\/"},{"@type":"ListItem","position":2,"name":"Tienda","item":"https:\/\/www.callandplay.com\/tienda\/"},{"@type":"ListItem","position":3,"name":"PRS S2 CUSTOM 24 RW DARK CHERRY SUNBURST"}]},{"@type":"WebSite","@id":"https:\/\/www.callandplay.com\/#website","url":"https:\/\/www.callandplay.com\/","name":"Call&amp;Play","description":"Alquiler de backline e instrumentos musicales","publisher":{"@id":"https:\/\/www.callandplay.com\/#organization"},"potentialAction":[{"@type":"SearchAction","target":{"@type":"EntryPoint","urlTemplate":"https:\/\/www.callandplay.com\/?s={search_term_string}"},"query-input":{"@type":"PropertyValueSpecification","valueRequired":true,"valueName":"search_term_string"}}],"inLanguage":"pt-PT"},{"@type":"Organization","@id":"https:\/\/www.callandplay.com\/#organization","name":"Call&Play","url":"https:\/\/www.callandplay.com\/","logo":{"@type":"ImageObject","inLanguage":"pt-PT","@id":"https:\/\/www.callandplay.com\/#\/schema\/logo\/image\/","url":"https:\/\/www.callandplay.com\/wp-content\/uploads\/2021\/06\/cropped-cropped-logo-black_con_sombra.png","contentUrl":"https:\/\/www.callandplay.com\/wp-content\/uploads\/2021\/06\/cropped-cropped-logo-black_con_sombra.png","width":512,"height":512,"caption":"Call&Play"},"image":{"@id":"https:\/\/www.callandplay.com\/#\/schema\/logo\/image\/"},"sameAs":["https:\/\/www.facebook.com\/callandplay","https:\/\/www.instagram.com\/call_and_play\/"]}]}},"_links":{"self":[{"href":"https:\/\/www.callandplay.com\/pt\/wp-json\/wp\/v2\/product\/52451","targetHints":{"allow":["GET"]}}],"collection":[{"href":"https:\/\/www.callandplay.com\/pt\/wp-json\/wp\/v2\/product"}],"about":[{"href":"https:\/\/www.callandplay.com\/pt\/wp-json\/wp\/v2\/types\/product"}],"replies":[{"embeddable":true,"href":"https:\/\/www.callandplay.com\/pt\/wp-json\/wp\/v2\/comments?post=52451"}],"version-history":[{"count":1,"href":"https:\/\/www.callandplay.com\/pt\/wp-json\/wp\/v2\/product\/52451\/revisions"}],"predecessor-version":[{"id":55261,"href":"https:\/\/www.callandplay.com\/pt\/wp-json\/wp\/v2\/product\/52451\/revisions\/55261"}],"wp:attachment":[{"href":"https:\/\/www.callandplay.com\/pt\/wp-json\/wp\/v2\/media?parent=52451"}],"wp:term":[{"taxonomy":"product_brand","embeddable":true,"href":"https:\/\/www.callandplay.com\/pt\/wp-json\/wp\/v2\/product_brand?post=52451"},{"taxonomy":"product_cat","embeddable":true,"href":"https:\/\/www.callandplay.com\/pt\/wp-json\/wp\/v2\/product_cat?post=52451"},{"taxonomy":"product_tag","embeddable":true,"href":"https:\/\/www.callandplay.com\/pt\/wp-json\/wp\/v2\/product_tag?post=52451"}],"curies":[{"name":"wp","href":"https:\/\/api.w.org\/{rel}","templated":true}]}}