{"id":52483,"date":"2024-03-13T00:00:00","date_gmt":"2024-03-13T00:00:00","guid":{"rendered":"https:\/\/www.callandplay.com\/clavia-nord-c2d-combo-organ\/"},"modified":"2026-04-15T20:53:54","modified_gmt":"2026-04-15T20:53:54","slug":"clavia-nord-c2d-combo-organ","status":"publish","type":"product","link":"https:\/\/www.callandplay.com\/pt\/clavia-nord-c2d-combo-organ\/","title":{"rendered":"CLAVIA NORD C2D COMBO ORGAN"},"content":{"rendered":"<p>Con 2 juegos de tiradores f\u00edsicos por teclado, simulaciones extremadamente realistas de un \u00f3rgano B3, \u00f3rganos de transistores Vox y Farfisa y un hermoso \u00f3rgano de tubos barroco muestreado, el nuevo Nord C2D es la soluci\u00f3n de \u00f3rgano port\u00e1til definitiva. Dos teclados, 61 teclas de cascada clave. Panel preestablecido de la barra de tiro izquierda. Salida Leslie * de 11 pines.<\/p>","protected":false},"excerpt":{"rendered":"<p>Con 2 juegos de tiradores f\u00edsicos por teclado, simulaciones extremadamente realistas de un \u00f3rgano B3, \u00f3rganos de transistores Vox y Farfisa y un hermoso \u00f3rgano de tubos barroco muestreado, el nuevo Nord C2D es la soluci\u00f3n de \u00f3rgano port\u00e1til definitiva. Dos teclados, 61 teclas de cascada clave. Panel preestablecido de la barra de tiro izquierda. Salida Leslie * de 11 pines.<\/p>","protected":false},"featured_media":0,"comment_status":"closed","ping_status":"closed","template":"","meta":{"_acf_changed":false,"om_disable_all_campaigns":false,"_monsterinsights_skip_tracking":false,"_monsterinsights_sitenote_active":false,"_monsterinsights_sitenote_note":"","_monsterinsights_sitenote_category":0},"product_brand":[],"product_cat":[1086],"product_tag":[],"class_list":{"0":"post-52483","1":"product","2":"type-product","3":"status-publish","5":"product_cat-organos-electronicos","7":"first","8":"instock","9":"shipping-taxable","10":"purchasable","11":"product-type-simple"},"acf":[],"yoast_head":"<!-- This site is optimized with the Yoast SEO plugin v27.4 - https:\/\/yoast.com\/product\/yoast-seo-wordpress\/ -->\n<title>CLAVIA NORD C2D COMBO ORGAN - Call&amp;Play<\/title>\n<meta name=\"robots\" content=\"index, follow, max-snippet:-1, max-image-preview:large, max-video-preview:-1\" \/>\n<link rel=\"canonical\" href=\"https:\/\/www.callandplay.com\/pt\/clavia-nord-c2d-combo-organ\/\" \/>\n<meta property=\"og:locale\" content=\"pt_PT\" \/>\n<meta property=\"og:type\" content=\"article\" \/>\n<meta property=\"og:title\" content=\"CLAVIA NORD C2D COMBO ORGAN - Call&amp;Play\" \/>\n<meta property=\"og:description\" content=\"Con 2 juegos de tiradores f\u00edsicos por teclado, simulaciones extremadamente realistas de un \u00f3rgano B3, \u00f3rganos de transistores Vox y Farfisa y un hermoso \u00f3rgano de tubos barroco muestreado, el nuevo Nord C2D es la soluci\u00f3n de \u00f3rgano port\u00e1til definitiva. Dos teclados, 61 teclas de cascada clave. Panel preestablecido de la barra de tiro izquierda. Salida Leslie * de 11 pines.\" \/>\n<meta property=\"og:url\" content=\"https:\/\/www.callandplay.com\/pt\/clavia-nord-c2d-combo-organ\/\" \/>\n<meta property=\"og:site_name\" content=\"Call&amp;Play\" \/>\n<meta property=\"article:publisher\" content=\"https:\/\/www.facebook.com\/callandplay\" \/>\n<meta property=\"article:modified_time\" content=\"2026-04-15T20:53:54+00:00\" \/>\n<meta name=\"twitter:card\" content=\"summary_large_image\" \/>\n<script type=\"application\/ld+json\" class=\"yoast-schema-graph\">{\"@context\":\"https:\\\/\\\/schema.org\",\"@graph\":[{\"@type\":\"WebPage\",\"@id\":\"https:\\\/\\\/www.callandplay.com\\\/clavia-nord-c2d-combo-organ\\\/\",\"url\":\"https:\\\/\\\/www.callandplay.com\\\/clavia-nord-c2d-combo-organ\\\/\",\"name\":\"CLAVIA NORD C2D COMBO ORGAN - Call&amp;Play\",\"isPartOf\":{\"@id\":\"https:\\\/\\\/www.callandplay.com\\\/#website\"},\"datePublished\":\"2024-03-13T00:00:00+00:00\",\"dateModified\":\"2026-04-15T20:53:54+00:00\",\"breadcrumb\":{\"@id\":\"https:\\\/\\\/www.callandplay.com\\\/clavia-nord-c2d-combo-organ\\\/#breadcrumb\"},\"inLanguage\":\"pt-PT\",\"potentialAction\":[{\"@type\":\"ReadAction\",\"target\":[\"https:\\\/\\\/www.callandplay.com\\\/clavia-nord-c2d-combo-organ\\\/\"]}]},{\"@type\":\"BreadcrumbList\",\"@id\":\"https:\\\/\\\/www.callandplay.com\\\/clavia-nord-c2d-combo-organ\\\/#breadcrumb\",\"itemListElement\":[{\"@type\":\"ListItem\",\"position\":1,\"name\":\"Portada\",\"item\":\"https:\\\/\\\/www.callandplay.com\\\/\"},{\"@type\":\"ListItem\",\"position\":2,\"name\":\"Tienda\",\"item\":\"https:\\\/\\\/www.callandplay.com\\\/tienda\\\/\"},{\"@type\":\"ListItem\",\"position\":3,\"name\":\"CLAVIA NORD C2D COMBO ORGAN\"}]},{\"@type\":\"WebSite\",\"@id\":\"https:\\\/\\\/www.callandplay.com\\\/#website\",\"url\":\"https:\\\/\\\/www.callandplay.com\\\/\",\"name\":\"Call&amp;Play\",\"description\":\"Alquiler de backline e instrumentos musicales\",\"publisher\":{\"@id\":\"https:\\\/\\\/www.callandplay.com\\\/#organization\"},\"potentialAction\":[{\"@type\":\"SearchAction\",\"target\":{\"@type\":\"EntryPoint\",\"urlTemplate\":\"https:\\\/\\\/www.callandplay.com\\\/?s={search_term_string}\"},\"query-input\":{\"@type\":\"PropertyValueSpecification\",\"valueRequired\":true,\"valueName\":\"search_term_string\"}}],\"inLanguage\":\"pt-PT\"},{\"@type\":\"Organization\",\"@id\":\"https:\\\/\\\/www.callandplay.com\\\/#organization\",\"name\":\"Call&Play\",\"url\":\"https:\\\/\\\/www.callandplay.com\\\/\",\"logo\":{\"@type\":\"ImageObject\",\"inLanguage\":\"pt-PT\",\"@id\":\"https:\\\/\\\/www.callandplay.com\\\/#\\\/schema\\\/logo\\\/image\\\/\",\"url\":\"https:\\\/\\\/www.callandplay.com\\\/wp-content\\\/uploads\\\/2021\\\/06\\\/cropped-cropped-logo-black_con_sombra.png\",\"contentUrl\":\"https:\\\/\\\/www.callandplay.com\\\/wp-content\\\/uploads\\\/2021\\\/06\\\/cropped-cropped-logo-black_con_sombra.png\",\"width\":512,\"height\":512,\"caption\":\"Call&Play\"},\"image\":{\"@id\":\"https:\\\/\\\/www.callandplay.com\\\/#\\\/schema\\\/logo\\\/image\\\/\"},\"sameAs\":[\"https:\\\/\\\/www.facebook.com\\\/callandplay\",\"https:\\\/\\\/www.instagram.com\\\/call_and_play\\\/\"]}]}<\/script>\n<!-- \/ Yoast SEO plugin. -->","yoast_head_json":{"title":"CLAVIA NORD C2D COMBO ORGAN - Call&amp;Play","robots":{"index":"index","follow":"follow","max-snippet":"max-snippet:-1","max-image-preview":"max-image-preview:large","max-video-preview":"max-video-preview:-1"},"canonical":"https:\/\/www.callandplay.com\/pt\/clavia-nord-c2d-combo-organ\/","og_locale":"pt_PT","og_type":"article","og_title":"CLAVIA NORD C2D COMBO ORGAN - Call&amp;Play","og_description":"Con 2 juegos de tiradores f\u00edsicos por teclado, simulaciones extremadamente realistas de un \u00f3rgano B3, \u00f3rganos de transistores Vox y Farfisa y un hermoso \u00f3rgano de tubos barroco muestreado, el nuevo Nord C2D es la soluci\u00f3n de \u00f3rgano port\u00e1til definitiva. Dos teclados, 61 teclas de cascada clave. Panel preestablecido de la barra de tiro izquierda. Salida Leslie * de 11 pines.","og_url":"https:\/\/www.callandplay.com\/pt\/clavia-nord-c2d-combo-organ\/","og_site_name":"Call&amp;Play","article_publisher":"https:\/\/www.facebook.com\/callandplay","article_modified_time":"2026-04-15T20:53:54+00:00","twitter_card":"summary_large_image","schema":{"@context":"https:\/\/schema.org","@graph":[{"@type":"WebPage","@id":"https:\/\/www.callandplay.com\/clavia-nord-c2d-combo-organ\/","url":"https:\/\/www.callandplay.com\/clavia-nord-c2d-combo-organ\/","name":"CLAVIA NORD C2D COMBO ORGAN - Call&amp;Play","isPartOf":{"@id":"https:\/\/www.callandplay.com\/#website"},"datePublished":"2024-03-13T00:00:00+00:00","dateModified":"2026-04-15T20:53:54+00:00","breadcrumb":{"@id":"https:\/\/www.callandplay.com\/clavia-nord-c2d-combo-organ\/#breadcrumb"},"inLanguage":"pt-PT","potentialAction":[{"@type":"ReadAction","target":["https:\/\/www.callandplay.com\/clavia-nord-c2d-combo-organ\/"]}]},{"@type":"BreadcrumbList","@id":"https:\/\/www.callandplay.com\/clavia-nord-c2d-combo-organ\/#breadcrumb","itemListElement":[{"@type":"ListItem","position":1,"name":"Portada","item":"https:\/\/www.callandplay.com\/"},{"@type":"ListItem","position":2,"name":"Tienda","item":"https:\/\/www.callandplay.com\/tienda\/"},{"@type":"ListItem","position":3,"name":"CLAVIA NORD C2D COMBO ORGAN"}]},{"@type":"WebSite","@id":"https:\/\/www.callandplay.com\/#website","url":"https:\/\/www.callandplay.com\/","name":"Call&amp;Play","description":"Alquiler de backline e instrumentos musicales","publisher":{"@id":"https:\/\/www.callandplay.com\/#organization"},"potentialAction":[{"@type":"SearchAction","target":{"@type":"EntryPoint","urlTemplate":"https:\/\/www.callandplay.com\/?s={search_term_string}"},"query-input":{"@type":"PropertyValueSpecification","valueRequired":true,"valueName":"search_term_string"}}],"inLanguage":"pt-PT"},{"@type":"Organization","@id":"https:\/\/www.callandplay.com\/#organization","name":"Call&Play","url":"https:\/\/www.callandplay.com\/","logo":{"@type":"ImageObject","inLanguage":"pt-PT","@id":"https:\/\/www.callandplay.com\/#\/schema\/logo\/image\/","url":"https:\/\/www.callandplay.com\/wp-content\/uploads\/2021\/06\/cropped-cropped-logo-black_con_sombra.png","contentUrl":"https:\/\/www.callandplay.com\/wp-content\/uploads\/2021\/06\/cropped-cropped-logo-black_con_sombra.png","width":512,"height":512,"caption":"Call&Play"},"image":{"@id":"https:\/\/www.callandplay.com\/#\/schema\/logo\/image\/"},"sameAs":["https:\/\/www.facebook.com\/callandplay","https:\/\/www.instagram.com\/call_and_play\/"]}]}},"_links":{"self":[{"href":"https:\/\/www.callandplay.com\/pt\/wp-json\/wp\/v2\/product\/52483","targetHints":{"allow":["GET"]}}],"collection":[{"href":"https:\/\/www.callandplay.com\/pt\/wp-json\/wp\/v2\/product"}],"about":[{"href":"https:\/\/www.callandplay.com\/pt\/wp-json\/wp\/v2\/types\/product"}],"replies":[{"embeddable":true,"href":"https:\/\/www.callandplay.com\/pt\/wp-json\/wp\/v2\/comments?post=52483"}],"version-history":[{"count":1,"href":"https:\/\/www.callandplay.com\/pt\/wp-json\/wp\/v2\/product\/52483\/revisions"}],"predecessor-version":[{"id":55293,"href":"https:\/\/www.callandplay.com\/pt\/wp-json\/wp\/v2\/product\/52483\/revisions\/55293"}],"wp:attachment":[{"href":"https:\/\/www.callandplay.com\/pt\/wp-json\/wp\/v2\/media?parent=52483"}],"wp:term":[{"taxonomy":"product_brand","embeddable":true,"href":"https:\/\/www.callandplay.com\/pt\/wp-json\/wp\/v2\/product_brand?post=52483"},{"taxonomy":"product_cat","embeddable":true,"href":"https:\/\/www.callandplay.com\/pt\/wp-json\/wp\/v2\/product_cat?post=52483"},{"taxonomy":"product_tag","embeddable":true,"href":"https:\/\/www.callandplay.com\/pt\/wp-json\/wp\/v2\/product_tag?post=52483"}],"curies":[{"name":"wp","href":"https:\/\/api.w.org\/{rel}","templated":true}]}}