{"id":52518,"date":"2020-09-04T00:00:00","date_gmt":"2020-09-04T00:00:00","guid":{"rendered":"https:\/\/www.callandplay.com\/mackie-pro-fx-12-v2\/"},"modified":"2026-04-15T20:53:55","modified_gmt":"2026-04-15T20:53:55","slug":"mackie-pro-fx-12-v2","status":"publish","type":"product","link":"https:\/\/www.callandplay.com\/pt\/mackie-pro-fx-12-v2\/","title":{"rendered":"MACKIE PRO FX 12 V2"},"content":{"rendered":"<p>Las mesas MACKIE serie ProFXv2 ofrecen soluciones exhaustivas para el sonido en vivo, con modelos desde 4 hasta 30 canales y una calidad de sonido inigualable gracias a sus previos de micro Mackie Vita, virtualmente sin ruido y dise\u00f1ado espec\u00edficamente para el sonido en directo. Previos pre-amplificados Vita<br \/>\nModulo de efectos FX ReadyFX Engine. Grabaci\u00f3n y reproducci\u00f3n v\u00eda USB. Las ProFXv2 tambi\u00e9n incluyen el potente procesador de efectos ReadyFX, con DSP de coma flotante que ofrece 16 efectos para redondear tus mezclas en directo. La Pro FX 12 V2 tiene ProFX12v2 12 entradas de linea, 6 entradas de mircr\u00f3fono, 2 auxiliares.<\/p>","protected":false},"excerpt":{"rendered":"<p>Las mesas MACKIE serie ProFXv2 ofrecen soluciones exhaustivas para el sonido en vivo, con modelos desde 4 hasta 30 canales y una calidad de sonido inigualable gracias a sus previos de micro Mackie Vita, virtualmente sin ruido y dise\u00f1ado espec\u00edficamente para el sonido en directo. Previos pre-amplificados Vita<br \/>\nModulo de efectos FX ReadyFX Engine. Grabaci\u00f3n y reproducci\u00f3n v\u00eda USB. Las ProFXv2 tambi\u00e9n incluyen el potente procesador de efectos ReadyFX, con DSP de coma flotante que ofrece 16 efectos para redondear tus mezclas en directo. La Pro FX 12 V2 tiene ProFX12v2 12 entradas de linea, 6 entradas de mircr\u00f3fono, 2 auxiliares.<\/p>","protected":false},"featured_media":0,"comment_status":"closed","ping_status":"closed","template":"","meta":{"_acf_changed":false,"om_disable_all_campaigns":false,"_monsterinsights_skip_tracking":false,"_monsterinsights_sitenote_active":false,"_monsterinsights_sitenote_note":"","_monsterinsights_sitenote_category":0},"product_brand":[],"product_cat":[1226],"product_tag":[],"class_list":{"0":"post-52518","1":"product","2":"type-product","3":"status-publish","5":"product_cat-mesas-mezcla-analogicas-con-efectos","7":"first","8":"instock","9":"shipping-taxable","10":"purchasable","11":"product-type-simple"},"acf":[],"yoast_head":"<!-- This site is optimized with the Yoast SEO plugin v27.3 - https:\/\/yoast.com\/product\/yoast-seo-wordpress\/ -->\n<title>MACKIE PRO FX 12 V2 - Call&amp;Play<\/title>\n<meta name=\"robots\" content=\"index, follow, max-snippet:-1, max-image-preview:large, max-video-preview:-1\" \/>\n<link rel=\"canonical\" href=\"https:\/\/www.callandplay.com\/pt\/mackie-pro-fx-12-v2\/\" \/>\n<meta property=\"og:locale\" content=\"pt_PT\" \/>\n<meta property=\"og:type\" content=\"article\" \/>\n<meta property=\"og:title\" content=\"MACKIE PRO FX 12 V2 - Call&amp;Play\" \/>\n<meta property=\"og:description\" content=\"Las mesas MACKIE serie ProFXv2 ofrecen soluciones exhaustivas para el sonido en vivo, con modelos desde 4 hasta 30 canales y una calidad de sonido inigualable gracias a sus previos de micro Mackie Vita, virtualmente sin ruido y dise\u00f1ado espec\u00edficamente para el sonido en directo. Previos pre-amplificados Vita Modulo de efectos FX ReadyFX Engine. Grabaci\u00f3n y reproducci\u00f3n v\u00eda USB. Las ProFXv2 tambi\u00e9n incluyen el potente procesador de efectos ReadyFX, con DSP de coma flotante que ofrece 16 efectos para redondear tus mezclas en directo. La Pro FX 12 V2 tiene ProFX12v2 12 entradas de linea, 6 entradas de mircr\u00f3fono, 2 auxiliares.\" \/>\n<meta property=\"og:url\" content=\"https:\/\/www.callandplay.com\/pt\/mackie-pro-fx-12-v2\/\" \/>\n<meta property=\"og:site_name\" content=\"Call&amp;Play\" \/>\n<meta property=\"article:publisher\" content=\"https:\/\/www.facebook.com\/callandplay\" \/>\n<meta property=\"article:modified_time\" content=\"2026-04-15T20:53:55+00:00\" \/>\n<meta name=\"twitter:card\" content=\"summary_large_image\" \/>\n<meta name=\"twitter:label1\" content=\"Tempo estimado de leitura\" \/>\n\t<meta name=\"twitter:data1\" content=\"1 minuto\" \/>\n<script type=\"application\/ld+json\" class=\"yoast-schema-graph\">{\"@context\":\"https:\\\/\\\/schema.org\",\"@graph\":[{\"@type\":\"WebPage\",\"@id\":\"https:\\\/\\\/www.callandplay.com\\\/mackie-pro-fx-12-v2\\\/\",\"url\":\"https:\\\/\\\/www.callandplay.com\\\/mackie-pro-fx-12-v2\\\/\",\"name\":\"MACKIE PRO FX 12 V2 - Call&amp;Play\",\"isPartOf\":{\"@id\":\"https:\\\/\\\/www.callandplay.com\\\/#website\"},\"datePublished\":\"2020-09-04T00:00:00+00:00\",\"dateModified\":\"2026-04-15T20:53:55+00:00\",\"breadcrumb\":{\"@id\":\"https:\\\/\\\/www.callandplay.com\\\/mackie-pro-fx-12-v2\\\/#breadcrumb\"},\"inLanguage\":\"pt-PT\",\"potentialAction\":[{\"@type\":\"ReadAction\",\"target\":[\"https:\\\/\\\/www.callandplay.com\\\/mackie-pro-fx-12-v2\\\/\"]}]},{\"@type\":\"BreadcrumbList\",\"@id\":\"https:\\\/\\\/www.callandplay.com\\\/mackie-pro-fx-12-v2\\\/#breadcrumb\",\"itemListElement\":[{\"@type\":\"ListItem\",\"position\":1,\"name\":\"Portada\",\"item\":\"https:\\\/\\\/www.callandplay.com\\\/\"},{\"@type\":\"ListItem\",\"position\":2,\"name\":\"Tienda\",\"item\":\"https:\\\/\\\/www.callandplay.com\\\/tienda\\\/\"},{\"@type\":\"ListItem\",\"position\":3,\"name\":\"MACKIE PRO FX 12 V2\"}]},{\"@type\":\"WebSite\",\"@id\":\"https:\\\/\\\/www.callandplay.com\\\/#website\",\"url\":\"https:\\\/\\\/www.callandplay.com\\\/\",\"name\":\"Call&amp;Play\",\"description\":\"Alquiler de backline e instrumentos musicales\",\"publisher\":{\"@id\":\"https:\\\/\\\/www.callandplay.com\\\/#organization\"},\"potentialAction\":[{\"@type\":\"SearchAction\",\"target\":{\"@type\":\"EntryPoint\",\"urlTemplate\":\"https:\\\/\\\/www.callandplay.com\\\/?s={search_term_string}\"},\"query-input\":{\"@type\":\"PropertyValueSpecification\",\"valueRequired\":true,\"valueName\":\"search_term_string\"}}],\"inLanguage\":\"pt-PT\"},{\"@type\":\"Organization\",\"@id\":\"https:\\\/\\\/www.callandplay.com\\\/#organization\",\"name\":\"Call&Play\",\"url\":\"https:\\\/\\\/www.callandplay.com\\\/\",\"logo\":{\"@type\":\"ImageObject\",\"inLanguage\":\"pt-PT\",\"@id\":\"https:\\\/\\\/www.callandplay.com\\\/#\\\/schema\\\/logo\\\/image\\\/\",\"url\":\"https:\\\/\\\/www.callandplay.com\\\/wp-content\\\/uploads\\\/2021\\\/06\\\/cropped-cropped-logo-black_con_sombra.png\",\"contentUrl\":\"https:\\\/\\\/www.callandplay.com\\\/wp-content\\\/uploads\\\/2021\\\/06\\\/cropped-cropped-logo-black_con_sombra.png\",\"width\":512,\"height\":512,\"caption\":\"Call&Play\"},\"image\":{\"@id\":\"https:\\\/\\\/www.callandplay.com\\\/#\\\/schema\\\/logo\\\/image\\\/\"},\"sameAs\":[\"https:\\\/\\\/www.facebook.com\\\/callandplay\",\"https:\\\/\\\/www.instagram.com\\\/call_and_play\\\/\"]}]}<\/script>\n<!-- \/ Yoast SEO plugin. -->","yoast_head_json":{"title":"MACKIE PRO FX 12 V2 - Call&amp;Play","robots":{"index":"index","follow":"follow","max-snippet":"max-snippet:-1","max-image-preview":"max-image-preview:large","max-video-preview":"max-video-preview:-1"},"canonical":"https:\/\/www.callandplay.com\/pt\/mackie-pro-fx-12-v2\/","og_locale":"pt_PT","og_type":"article","og_title":"MACKIE PRO FX 12 V2 - Call&amp;Play","og_description":"Las mesas MACKIE serie ProFXv2 ofrecen soluciones exhaustivas para el sonido en vivo, con modelos desde 4 hasta 30 canales y una calidad de sonido inigualable gracias a sus previos de micro Mackie Vita, virtualmente sin ruido y dise\u00f1ado espec\u00edficamente para el sonido en directo. Previos pre-amplificados Vita Modulo de efectos FX ReadyFX Engine. Grabaci\u00f3n y reproducci\u00f3n v\u00eda USB. Las ProFXv2 tambi\u00e9n incluyen el potente procesador de efectos ReadyFX, con DSP de coma flotante que ofrece 16 efectos para redondear tus mezclas en directo. La Pro FX 12 V2 tiene ProFX12v2 12 entradas de linea, 6 entradas de mircr\u00f3fono, 2 auxiliares.","og_url":"https:\/\/www.callandplay.com\/pt\/mackie-pro-fx-12-v2\/","og_site_name":"Call&amp;Play","article_publisher":"https:\/\/www.facebook.com\/callandplay","article_modified_time":"2026-04-15T20:53:55+00:00","twitter_card":"summary_large_image","twitter_misc":{"Tempo estimado de leitura":"1 minuto"},"schema":{"@context":"https:\/\/schema.org","@graph":[{"@type":"WebPage","@id":"https:\/\/www.callandplay.com\/mackie-pro-fx-12-v2\/","url":"https:\/\/www.callandplay.com\/mackie-pro-fx-12-v2\/","name":"MACKIE PRO FX 12 V2 - Call&amp;Play","isPartOf":{"@id":"https:\/\/www.callandplay.com\/#website"},"datePublished":"2020-09-04T00:00:00+00:00","dateModified":"2026-04-15T20:53:55+00:00","breadcrumb":{"@id":"https:\/\/www.callandplay.com\/mackie-pro-fx-12-v2\/#breadcrumb"},"inLanguage":"pt-PT","potentialAction":[{"@type":"ReadAction","target":["https:\/\/www.callandplay.com\/mackie-pro-fx-12-v2\/"]}]},{"@type":"BreadcrumbList","@id":"https:\/\/www.callandplay.com\/mackie-pro-fx-12-v2\/#breadcrumb","itemListElement":[{"@type":"ListItem","position":1,"name":"Portada","item":"https:\/\/www.callandplay.com\/"},{"@type":"ListItem","position":2,"name":"Tienda","item":"https:\/\/www.callandplay.com\/tienda\/"},{"@type":"ListItem","position":3,"name":"MACKIE PRO FX 12 V2"}]},{"@type":"WebSite","@id":"https:\/\/www.callandplay.com\/#website","url":"https:\/\/www.callandplay.com\/","name":"Call&amp;Play","description":"Alquiler de backline e instrumentos musicales","publisher":{"@id":"https:\/\/www.callandplay.com\/#organization"},"potentialAction":[{"@type":"SearchAction","target":{"@type":"EntryPoint","urlTemplate":"https:\/\/www.callandplay.com\/?s={search_term_string}"},"query-input":{"@type":"PropertyValueSpecification","valueRequired":true,"valueName":"search_term_string"}}],"inLanguage":"pt-PT"},{"@type":"Organization","@id":"https:\/\/www.callandplay.com\/#organization","name":"Call&Play","url":"https:\/\/www.callandplay.com\/","logo":{"@type":"ImageObject","inLanguage":"pt-PT","@id":"https:\/\/www.callandplay.com\/#\/schema\/logo\/image\/","url":"https:\/\/www.callandplay.com\/wp-content\/uploads\/2021\/06\/cropped-cropped-logo-black_con_sombra.png","contentUrl":"https:\/\/www.callandplay.com\/wp-content\/uploads\/2021\/06\/cropped-cropped-logo-black_con_sombra.png","width":512,"height":512,"caption":"Call&Play"},"image":{"@id":"https:\/\/www.callandplay.com\/#\/schema\/logo\/image\/"},"sameAs":["https:\/\/www.facebook.com\/callandplay","https:\/\/www.instagram.com\/call_and_play\/"]}]}},"_links":{"self":[{"href":"https:\/\/www.callandplay.com\/pt\/wp-json\/wp\/v2\/product\/52518","targetHints":{"allow":["GET"]}}],"collection":[{"href":"https:\/\/www.callandplay.com\/pt\/wp-json\/wp\/v2\/product"}],"about":[{"href":"https:\/\/www.callandplay.com\/pt\/wp-json\/wp\/v2\/types\/product"}],"replies":[{"embeddable":true,"href":"https:\/\/www.callandplay.com\/pt\/wp-json\/wp\/v2\/comments?post=52518"}],"version-history":[{"count":1,"href":"https:\/\/www.callandplay.com\/pt\/wp-json\/wp\/v2\/product\/52518\/revisions"}],"predecessor-version":[{"id":55328,"href":"https:\/\/www.callandplay.com\/pt\/wp-json\/wp\/v2\/product\/52518\/revisions\/55328"}],"wp:attachment":[{"href":"https:\/\/www.callandplay.com\/pt\/wp-json\/wp\/v2\/media?parent=52518"}],"wp:term":[{"taxonomy":"product_brand","embeddable":true,"href":"https:\/\/www.callandplay.com\/pt\/wp-json\/wp\/v2\/product_brand?post=52518"},{"taxonomy":"product_cat","embeddable":true,"href":"https:\/\/www.callandplay.com\/pt\/wp-json\/wp\/v2\/product_cat?post=52518"},{"taxonomy":"product_tag","embeddable":true,"href":"https:\/\/www.callandplay.com\/pt\/wp-json\/wp\/v2\/product_tag?post=52518"}],"curies":[{"name":"wp","href":"https:\/\/api.w.org\/{rel}","templated":true}]}}