{"id":52531,"date":"2018-12-05T00:00:00","date_gmt":"2018-12-05T00:00:00","guid":{"rendered":"https:\/\/www.callandplay.com\/work-stage-4824-dmx-light-mixer\/"},"modified":"2026-04-03T20:35:21","modified_gmt":"2026-04-03T20:35:21","slug":"work-stage-4824-dmx-light-mixer","status":"publish","type":"product","link":"https:\/\/www.callandplay.com\/pt\/work-stage-4824-dmx-light-mixer\/","title":{"rendered":"WORK STAGE 4824 DMX LIGHT MIXER"},"content":{"rendered":"<p>Work Stage 4824 DMX es un mezclador dise\u00f1ado para regulaci\u00f3n de luz convencional con m\u00faltiples funciones muy \u00fatiles para aplicaciones de teatro, estudios y escenarios. Direcci\u00f3n DMX de cada canal configurable. 48 canales de control DMX para iluminaci\u00f3n convencional. 96 programas (4p\u00e1g., 24 programas por p\u00e1g.) de 48 pasos, total 4600 pasos. Conmutadores flash en todos los canales. Control de tiempo de fundido de 0 a 10 minutos. Memorizaci\u00f3n de la \u00faltima posicion en caso de fallos de corriente. Sincronizaci\u00f3n de velocidad v\u00eda Audio, MIDI y funci\u00f3n TAP SYNC. Salida para disparo de m\u00e1quina de humo. 12 programas pregrabados de f\u00e1brica.<\/p>","protected":false},"excerpt":{"rendered":"<p>Work Stage 4824 DMX es un mezclador dise\u00f1ado para regulaci\u00f3n de luz convencional con m\u00faltiples funciones muy \u00fatiles para aplicaciones de teatro, estudios y escenarios. Direcci\u00f3n DMX de cada canal configurable. 48 canales de control DMX para iluminaci\u00f3n convencional. 96 programas (4p\u00e1g., 24 programas por p\u00e1g.) de 48 pasos, total 4600 pasos. Conmutadores flash en todos los canales. Control de tiempo de fundido de 0 a 10 minutos. Memorizaci\u00f3n de la \u00faltima posicion en caso de fallos de corriente. Sincronizaci\u00f3n de velocidad v\u00eda Audio, MIDI y funci\u00f3n TAP SYNC. Salida para disparo de m\u00e1quina de humo. 12 programas pregrabados de f\u00e1brica.<\/p>","protected":false},"featured_media":0,"comment_status":"closed","ping_status":"closed","template":"","meta":{"_acf_changed":false,"om_disable_all_campaigns":false,"_monsterinsights_skip_tracking":false,"_monsterinsights_sitenote_active":false,"_monsterinsights_sitenote_note":"","_monsterinsights_sitenote_category":0},"product_brand":[],"product_cat":[985],"product_tag":[],"class_list":{"0":"post-52531","1":"product","2":"type-product","3":"status-publish","5":"product_cat-mesas-dmx-iluminacion","7":"first","8":"instock","9":"shipping-taxable","10":"purchasable","11":"product-type-simple"},"acf":[],"yoast_head":"<!-- This site is optimized with the Yoast SEO plugin v27.3 - https:\/\/yoast.com\/product\/yoast-seo-wordpress\/ -->\n<title>WORK STAGE 4824 DMX LIGHT MIXER - Call&amp;Play<\/title>\n<meta name=\"robots\" content=\"index, follow, max-snippet:-1, max-image-preview:large, max-video-preview:-1\" \/>\n<link rel=\"canonical\" href=\"https:\/\/www.callandplay.com\/pt\/work-stage-4824-dmx-light-mixer\/\" \/>\n<meta property=\"og:locale\" content=\"pt_PT\" \/>\n<meta property=\"og:type\" content=\"article\" \/>\n<meta property=\"og:title\" content=\"WORK STAGE 4824 DMX LIGHT MIXER - Call&amp;Play\" \/>\n<meta property=\"og:description\" content=\"Work Stage 4824 DMX es un mezclador dise\u00f1ado para regulaci\u00f3n de luz convencional con m\u00faltiples funciones muy \u00fatiles para aplicaciones de teatro, estudios y escenarios. Direcci\u00f3n DMX de cada canal configurable. 48 canales de control DMX para iluminaci\u00f3n convencional. 96 programas (4p\u00e1g., 24 programas por p\u00e1g.) de 48 pasos, total 4600 pasos. Conmutadores flash en todos los canales. Control de tiempo de fundido de 0 a 10 minutos. Memorizaci\u00f3n de la \u00faltima posicion en caso de fallos de corriente. Sincronizaci\u00f3n de velocidad v\u00eda Audio, MIDI y funci\u00f3n TAP SYNC. Salida para disparo de m\u00e1quina de humo. 12 programas pregrabados de f\u00e1brica.\" \/>\n<meta property=\"og:url\" content=\"https:\/\/www.callandplay.com\/pt\/work-stage-4824-dmx-light-mixer\/\" \/>\n<meta property=\"og:site_name\" content=\"Call&amp;Play\" \/>\n<meta property=\"article:publisher\" content=\"https:\/\/www.facebook.com\/callandplay\" \/>\n<meta property=\"article:modified_time\" content=\"2026-04-03T20:35:21+00:00\" \/>\n<meta name=\"twitter:card\" content=\"summary_large_image\" \/>\n<meta name=\"twitter:label1\" content=\"Tempo estimado de leitura\" \/>\n\t<meta name=\"twitter:data1\" content=\"1 minuto\" \/>\n<script type=\"application\/ld+json\" class=\"yoast-schema-graph\">{\"@context\":\"https:\\\/\\\/schema.org\",\"@graph\":[{\"@type\":\"WebPage\",\"@id\":\"https:\\\/\\\/www.callandplay.com\\\/work-stage-4824-dmx-light-mixer\\\/\",\"url\":\"https:\\\/\\\/www.callandplay.com\\\/work-stage-4824-dmx-light-mixer\\\/\",\"name\":\"WORK STAGE 4824 DMX LIGHT MIXER - Call&amp;Play\",\"isPartOf\":{\"@id\":\"https:\\\/\\\/www.callandplay.com\\\/#website\"},\"datePublished\":\"2018-12-05T00:00:00+00:00\",\"dateModified\":\"2026-04-03T20:35:21+00:00\",\"breadcrumb\":{\"@id\":\"https:\\\/\\\/www.callandplay.com\\\/work-stage-4824-dmx-light-mixer\\\/#breadcrumb\"},\"inLanguage\":\"pt-PT\",\"potentialAction\":[{\"@type\":\"ReadAction\",\"target\":[\"https:\\\/\\\/www.callandplay.com\\\/work-stage-4824-dmx-light-mixer\\\/\"]}]},{\"@type\":\"BreadcrumbList\",\"@id\":\"https:\\\/\\\/www.callandplay.com\\\/work-stage-4824-dmx-light-mixer\\\/#breadcrumb\",\"itemListElement\":[{\"@type\":\"ListItem\",\"position\":1,\"name\":\"Portada\",\"item\":\"https:\\\/\\\/www.callandplay.com\\\/\"},{\"@type\":\"ListItem\",\"position\":2,\"name\":\"Tienda\",\"item\":\"https:\\\/\\\/www.callandplay.com\\\/tienda\\\/\"},{\"@type\":\"ListItem\",\"position\":3,\"name\":\"WORK STAGE 4824 DMX LIGHT MIXER\"}]},{\"@type\":\"WebSite\",\"@id\":\"https:\\\/\\\/www.callandplay.com\\\/#website\",\"url\":\"https:\\\/\\\/www.callandplay.com\\\/\",\"name\":\"Call&amp;Play\",\"description\":\"Alquiler de backline e instrumentos musicales\",\"publisher\":{\"@id\":\"https:\\\/\\\/www.callandplay.com\\\/#organization\"},\"potentialAction\":[{\"@type\":\"SearchAction\",\"target\":{\"@type\":\"EntryPoint\",\"urlTemplate\":\"https:\\\/\\\/www.callandplay.com\\\/?s={search_term_string}\"},\"query-input\":{\"@type\":\"PropertyValueSpecification\",\"valueRequired\":true,\"valueName\":\"search_term_string\"}}],\"inLanguage\":\"pt-PT\"},{\"@type\":\"Organization\",\"@id\":\"https:\\\/\\\/www.callandplay.com\\\/#organization\",\"name\":\"Call&Play\",\"url\":\"https:\\\/\\\/www.callandplay.com\\\/\",\"logo\":{\"@type\":\"ImageObject\",\"inLanguage\":\"pt-PT\",\"@id\":\"https:\\\/\\\/www.callandplay.com\\\/#\\\/schema\\\/logo\\\/image\\\/\",\"url\":\"https:\\\/\\\/www.callandplay.com\\\/wp-content\\\/uploads\\\/2021\\\/06\\\/cropped-cropped-logo-black_con_sombra.png\",\"contentUrl\":\"https:\\\/\\\/www.callandplay.com\\\/wp-content\\\/uploads\\\/2021\\\/06\\\/cropped-cropped-logo-black_con_sombra.png\",\"width\":512,\"height\":512,\"caption\":\"Call&Play\"},\"image\":{\"@id\":\"https:\\\/\\\/www.callandplay.com\\\/#\\\/schema\\\/logo\\\/image\\\/\"},\"sameAs\":[\"https:\\\/\\\/www.facebook.com\\\/callandplay\",\"https:\\\/\\\/www.instagram.com\\\/call_and_play\\\/\"]}]}<\/script>\n<!-- \/ Yoast SEO plugin. -->","yoast_head_json":{"title":"WORK STAGE 4824 DMX LIGHT MIXER - Call&amp;Play","robots":{"index":"index","follow":"follow","max-snippet":"max-snippet:-1","max-image-preview":"max-image-preview:large","max-video-preview":"max-video-preview:-1"},"canonical":"https:\/\/www.callandplay.com\/pt\/work-stage-4824-dmx-light-mixer\/","og_locale":"pt_PT","og_type":"article","og_title":"WORK STAGE 4824 DMX LIGHT MIXER - Call&amp;Play","og_description":"Work Stage 4824 DMX es un mezclador dise\u00f1ado para regulaci\u00f3n de luz convencional con m\u00faltiples funciones muy \u00fatiles para aplicaciones de teatro, estudios y escenarios. Direcci\u00f3n DMX de cada canal configurable. 48 canales de control DMX para iluminaci\u00f3n convencional. 96 programas (4p\u00e1g., 24 programas por p\u00e1g.) de 48 pasos, total 4600 pasos. Conmutadores flash en todos los canales. Control de tiempo de fundido de 0 a 10 minutos. Memorizaci\u00f3n de la \u00faltima posicion en caso de fallos de corriente. Sincronizaci\u00f3n de velocidad v\u00eda Audio, MIDI y funci\u00f3n TAP SYNC. Salida para disparo de m\u00e1quina de humo. 12 programas pregrabados de f\u00e1brica.","og_url":"https:\/\/www.callandplay.com\/pt\/work-stage-4824-dmx-light-mixer\/","og_site_name":"Call&amp;Play","article_publisher":"https:\/\/www.facebook.com\/callandplay","article_modified_time":"2026-04-03T20:35:21+00:00","twitter_card":"summary_large_image","twitter_misc":{"Tempo estimado de leitura":"1 minuto"},"schema":{"@context":"https:\/\/schema.org","@graph":[{"@type":"WebPage","@id":"https:\/\/www.callandplay.com\/work-stage-4824-dmx-light-mixer\/","url":"https:\/\/www.callandplay.com\/work-stage-4824-dmx-light-mixer\/","name":"WORK STAGE 4824 DMX LIGHT MIXER - Call&amp;Play","isPartOf":{"@id":"https:\/\/www.callandplay.com\/#website"},"datePublished":"2018-12-05T00:00:00+00:00","dateModified":"2026-04-03T20:35:21+00:00","breadcrumb":{"@id":"https:\/\/www.callandplay.com\/work-stage-4824-dmx-light-mixer\/#breadcrumb"},"inLanguage":"pt-PT","potentialAction":[{"@type":"ReadAction","target":["https:\/\/www.callandplay.com\/work-stage-4824-dmx-light-mixer\/"]}]},{"@type":"BreadcrumbList","@id":"https:\/\/www.callandplay.com\/work-stage-4824-dmx-light-mixer\/#breadcrumb","itemListElement":[{"@type":"ListItem","position":1,"name":"Portada","item":"https:\/\/www.callandplay.com\/"},{"@type":"ListItem","position":2,"name":"Tienda","item":"https:\/\/www.callandplay.com\/tienda\/"},{"@type":"ListItem","position":3,"name":"WORK STAGE 4824 DMX LIGHT MIXER"}]},{"@type":"WebSite","@id":"https:\/\/www.callandplay.com\/#website","url":"https:\/\/www.callandplay.com\/","name":"Call&amp;Play","description":"Alquiler de backline e instrumentos musicales","publisher":{"@id":"https:\/\/www.callandplay.com\/#organization"},"potentialAction":[{"@type":"SearchAction","target":{"@type":"EntryPoint","urlTemplate":"https:\/\/www.callandplay.com\/?s={search_term_string}"},"query-input":{"@type":"PropertyValueSpecification","valueRequired":true,"valueName":"search_term_string"}}],"inLanguage":"pt-PT"},{"@type":"Organization","@id":"https:\/\/www.callandplay.com\/#organization","name":"Call&Play","url":"https:\/\/www.callandplay.com\/","logo":{"@type":"ImageObject","inLanguage":"pt-PT","@id":"https:\/\/www.callandplay.com\/#\/schema\/logo\/image\/","url":"https:\/\/www.callandplay.com\/wp-content\/uploads\/2021\/06\/cropped-cropped-logo-black_con_sombra.png","contentUrl":"https:\/\/www.callandplay.com\/wp-content\/uploads\/2021\/06\/cropped-cropped-logo-black_con_sombra.png","width":512,"height":512,"caption":"Call&Play"},"image":{"@id":"https:\/\/www.callandplay.com\/#\/schema\/logo\/image\/"},"sameAs":["https:\/\/www.facebook.com\/callandplay","https:\/\/www.instagram.com\/call_and_play\/"]}]}},"_links":{"self":[{"href":"https:\/\/www.callandplay.com\/pt\/wp-json\/wp\/v2\/product\/52531","targetHints":{"allow":["GET"]}}],"collection":[{"href":"https:\/\/www.callandplay.com\/pt\/wp-json\/wp\/v2\/product"}],"about":[{"href":"https:\/\/www.callandplay.com\/pt\/wp-json\/wp\/v2\/types\/product"}],"replies":[{"embeddable":true,"href":"https:\/\/www.callandplay.com\/pt\/wp-json\/wp\/v2\/comments?post=52531"}],"version-history":[{"count":1,"href":"https:\/\/www.callandplay.com\/pt\/wp-json\/wp\/v2\/product\/52531\/revisions"}],"predecessor-version":[{"id":55341,"href":"https:\/\/www.callandplay.com\/pt\/wp-json\/wp\/v2\/product\/52531\/revisions\/55341"}],"wp:attachment":[{"href":"https:\/\/www.callandplay.com\/pt\/wp-json\/wp\/v2\/media?parent=52531"}],"wp:term":[{"taxonomy":"product_brand","embeddable":true,"href":"https:\/\/www.callandplay.com\/pt\/wp-json\/wp\/v2\/product_brand?post=52531"},{"taxonomy":"product_cat","embeddable":true,"href":"https:\/\/www.callandplay.com\/pt\/wp-json\/wp\/v2\/product_cat?post=52531"},{"taxonomy":"product_tag","embeddable":true,"href":"https:\/\/www.callandplay.com\/pt\/wp-json\/wp\/v2\/product_tag?post=52531"}],"curies":[{"name":"wp","href":"https:\/\/api.w.org\/{rel}","templated":true}]}}