{"id":52589,"date":"2018-09-28T00:00:00","date_gmt":"2018-09-28T00:00:00","guid":{"rendered":"https:\/\/www.callandplay.com\/lg-ph4500g-proyector-led-wxga\/"},"modified":"2026-04-15T20:53:57","modified_gmt":"2026-04-15T20:53:57","slug":"lg-ph4500g-proyector-led-wxga","status":"publish","type":"product","link":"https:\/\/www.callandplay.com\/pt\/lg-ph4500g-proyector-led-wxga\/","title":{"rendered":"LG PH4500G PROYECTOR LED WXGA"},"content":{"rendered":"<p>450 l\u00famenes.Tama\u00f1o m\u00ednimo de pantalla 40&#8243; a 7.5 cm, m\u00e1ximo 100&#8243; a 33 cm, foco manual, l\u00e1mpara LED RGB hasta 30.000 horas de uso, detecci\u00f3n autom\u00e1tica de entrada, control de temperatura de color, control del nivel de negros, reducci\u00f3n de ruido, ajuste trapezoidal autom\u00e1tico vertical, rosca para soporte, instalaci\u00f3n frontal o de techo. Tasa de contraste de imagen: 100.000:1 (FIFO). Resoluci\u00f3n de pantalla; HD Ready (1280&#215;720). Formato de entrada de video: Entrada RGB, entrada de v\u00eddeo compuesto, entrada de v\u00eddeo componente. Interfaz de salida de video: HDMI, Miracast, USB con reproductor de v\u00eddeos y documentos.<\/p>","protected":false},"excerpt":{"rendered":"<p>450 l\u00famenes.Tama\u00f1o m\u00ednimo de pantalla 40&#8243; a 7.5 cm, m\u00e1ximo 100&#8243; a 33 cm, foco manual, l\u00e1mpara LED RGB hasta 30.000 horas de uso, detecci\u00f3n autom\u00e1tica de entrada, control de temperatura de color, control del nivel de negros, reducci\u00f3n de ruido, ajuste trapezoidal autom\u00e1tico vertical, rosca para soporte, instalaci\u00f3n frontal o de techo. Tasa de contraste de imagen: 100.000:1 (FIFO). Resoluci\u00f3n de pantalla; HD Ready (1280&#215;720). Formato de entrada de video: Entrada RGB, entrada de v\u00eddeo compuesto, entrada de v\u00eddeo componente. Interfaz de salida de video: HDMI, Miracast, USB con reproductor de v\u00eddeos y documentos.<\/p>","protected":false},"featured_media":0,"comment_status":"closed","ping_status":"closed","template":"","meta":{"_acf_changed":false,"om_disable_all_campaigns":false,"_monsterinsights_skip_tracking":false,"_monsterinsights_sitenote_active":false,"_monsterinsights_sitenote_note":"","_monsterinsights_sitenote_category":0},"product_brand":[],"product_cat":[992],"product_tag":[],"class_list":{"0":"post-52589","1":"product","2":"type-product","3":"status-publish","5":"product_cat-proyectores","7":"first","8":"instock","9":"shipping-taxable","10":"purchasable","11":"product-type-simple"},"acf":[],"yoast_head":"<!-- This site is optimized with the Yoast SEO plugin v27.3 - https:\/\/yoast.com\/product\/yoast-seo-wordpress\/ -->\n<title>LG PH4500G PROYECTOR LED WXGA - Call&amp;Play<\/title>\n<meta name=\"robots\" content=\"index, follow, max-snippet:-1, max-image-preview:large, max-video-preview:-1\" \/>\n<link rel=\"canonical\" href=\"https:\/\/www.callandplay.com\/pt\/lg-ph4500g-proyector-led-wxga\/\" \/>\n<meta property=\"og:locale\" content=\"pt_PT\" \/>\n<meta property=\"og:type\" content=\"article\" \/>\n<meta property=\"og:title\" content=\"LG PH4500G PROYECTOR LED WXGA - Call&amp;Play\" \/>\n<meta property=\"og:description\" content=\"450 l\u00famenes.Tama\u00f1o m\u00ednimo de pantalla 40&quot; a 7.5 cm, m\u00e1ximo 100&quot; a 33 cm, foco manual, l\u00e1mpara LED RGB hasta 30.000 horas de uso, detecci\u00f3n autom\u00e1tica de entrada, control de temperatura de color, control del nivel de negros, reducci\u00f3n de ruido, ajuste trapezoidal autom\u00e1tico vertical, rosca para soporte, instalaci\u00f3n frontal o de techo. Tasa de contraste de imagen: 100.000:1 (FIFO). Resoluci\u00f3n de pantalla; HD Ready (1280x720). Formato de entrada de video: Entrada RGB, entrada de v\u00eddeo compuesto, entrada de v\u00eddeo componente. Interfaz de salida de video: HDMI, Miracast, USB con reproductor de v\u00eddeos y documentos.\" \/>\n<meta property=\"og:url\" content=\"https:\/\/www.callandplay.com\/pt\/lg-ph4500g-proyector-led-wxga\/\" \/>\n<meta property=\"og:site_name\" content=\"Call&amp;Play\" \/>\n<meta property=\"article:publisher\" content=\"https:\/\/www.facebook.com\/callandplay\" \/>\n<meta property=\"article:modified_time\" content=\"2026-04-15T20:53:57+00:00\" \/>\n<meta name=\"twitter:card\" content=\"summary_large_image\" \/>\n<meta name=\"twitter:label1\" content=\"Tempo estimado de leitura\" \/>\n\t<meta name=\"twitter:data1\" content=\"1 minuto\" \/>\n<script type=\"application\/ld+json\" class=\"yoast-schema-graph\">{\"@context\":\"https:\\\/\\\/schema.org\",\"@graph\":[{\"@type\":\"WebPage\",\"@id\":\"https:\\\/\\\/www.callandplay.com\\\/lg-ph4500g-proyector-led-wxga\\\/\",\"url\":\"https:\\\/\\\/www.callandplay.com\\\/lg-ph4500g-proyector-led-wxga\\\/\",\"name\":\"LG PH4500G PROYECTOR LED WXGA - Call&amp;Play\",\"isPartOf\":{\"@id\":\"https:\\\/\\\/www.callandplay.com\\\/#website\"},\"datePublished\":\"2018-09-28T00:00:00+00:00\",\"dateModified\":\"2026-04-15T20:53:57+00:00\",\"breadcrumb\":{\"@id\":\"https:\\\/\\\/www.callandplay.com\\\/lg-ph4500g-proyector-led-wxga\\\/#breadcrumb\"},\"inLanguage\":\"pt-PT\",\"potentialAction\":[{\"@type\":\"ReadAction\",\"target\":[\"https:\\\/\\\/www.callandplay.com\\\/lg-ph4500g-proyector-led-wxga\\\/\"]}]},{\"@type\":\"BreadcrumbList\",\"@id\":\"https:\\\/\\\/www.callandplay.com\\\/lg-ph4500g-proyector-led-wxga\\\/#breadcrumb\",\"itemListElement\":[{\"@type\":\"ListItem\",\"position\":1,\"name\":\"Portada\",\"item\":\"https:\\\/\\\/www.callandplay.com\\\/\"},{\"@type\":\"ListItem\",\"position\":2,\"name\":\"Tienda\",\"item\":\"https:\\\/\\\/www.callandplay.com\\\/tienda\\\/\"},{\"@type\":\"ListItem\",\"position\":3,\"name\":\"LG PH4500G PROYECTOR LED WXGA\"}]},{\"@type\":\"WebSite\",\"@id\":\"https:\\\/\\\/www.callandplay.com\\\/#website\",\"url\":\"https:\\\/\\\/www.callandplay.com\\\/\",\"name\":\"Call&amp;Play\",\"description\":\"Alquiler de backline e instrumentos musicales\",\"publisher\":{\"@id\":\"https:\\\/\\\/www.callandplay.com\\\/#organization\"},\"potentialAction\":[{\"@type\":\"SearchAction\",\"target\":{\"@type\":\"EntryPoint\",\"urlTemplate\":\"https:\\\/\\\/www.callandplay.com\\\/?s={search_term_string}\"},\"query-input\":{\"@type\":\"PropertyValueSpecification\",\"valueRequired\":true,\"valueName\":\"search_term_string\"}}],\"inLanguage\":\"pt-PT\"},{\"@type\":\"Organization\",\"@id\":\"https:\\\/\\\/www.callandplay.com\\\/#organization\",\"name\":\"Call&Play\",\"url\":\"https:\\\/\\\/www.callandplay.com\\\/\",\"logo\":{\"@type\":\"ImageObject\",\"inLanguage\":\"pt-PT\",\"@id\":\"https:\\\/\\\/www.callandplay.com\\\/#\\\/schema\\\/logo\\\/image\\\/\",\"url\":\"https:\\\/\\\/www.callandplay.com\\\/wp-content\\\/uploads\\\/2021\\\/06\\\/cropped-cropped-logo-black_con_sombra.png\",\"contentUrl\":\"https:\\\/\\\/www.callandplay.com\\\/wp-content\\\/uploads\\\/2021\\\/06\\\/cropped-cropped-logo-black_con_sombra.png\",\"width\":512,\"height\":512,\"caption\":\"Call&Play\"},\"image\":{\"@id\":\"https:\\\/\\\/www.callandplay.com\\\/#\\\/schema\\\/logo\\\/image\\\/\"},\"sameAs\":[\"https:\\\/\\\/www.facebook.com\\\/callandplay\",\"https:\\\/\\\/www.instagram.com\\\/call_and_play\\\/\"]}]}<\/script>\n<!-- \/ Yoast SEO plugin. -->","yoast_head_json":{"title":"LG PH4500G PROYECTOR LED WXGA - Call&amp;Play","robots":{"index":"index","follow":"follow","max-snippet":"max-snippet:-1","max-image-preview":"max-image-preview:large","max-video-preview":"max-video-preview:-1"},"canonical":"https:\/\/www.callandplay.com\/pt\/lg-ph4500g-proyector-led-wxga\/","og_locale":"pt_PT","og_type":"article","og_title":"LG PH4500G PROYECTOR LED WXGA - Call&amp;Play","og_description":"450 l\u00famenes.Tama\u00f1o m\u00ednimo de pantalla 40\" a 7.5 cm, m\u00e1ximo 100\" a 33 cm, foco manual, l\u00e1mpara LED RGB hasta 30.000 horas de uso, detecci\u00f3n autom\u00e1tica de entrada, control de temperatura de color, control del nivel de negros, reducci\u00f3n de ruido, ajuste trapezoidal autom\u00e1tico vertical, rosca para soporte, instalaci\u00f3n frontal o de techo. Tasa de contraste de imagen: 100.000:1 (FIFO). Resoluci\u00f3n de pantalla; HD Ready (1280x720). Formato de entrada de video: Entrada RGB, entrada de v\u00eddeo compuesto, entrada de v\u00eddeo componente. Interfaz de salida de video: HDMI, Miracast, USB con reproductor de v\u00eddeos y documentos.","og_url":"https:\/\/www.callandplay.com\/pt\/lg-ph4500g-proyector-led-wxga\/","og_site_name":"Call&amp;Play","article_publisher":"https:\/\/www.facebook.com\/callandplay","article_modified_time":"2026-04-15T20:53:57+00:00","twitter_card":"summary_large_image","twitter_misc":{"Tempo estimado de leitura":"1 minuto"},"schema":{"@context":"https:\/\/schema.org","@graph":[{"@type":"WebPage","@id":"https:\/\/www.callandplay.com\/lg-ph4500g-proyector-led-wxga\/","url":"https:\/\/www.callandplay.com\/lg-ph4500g-proyector-led-wxga\/","name":"LG PH4500G PROYECTOR LED WXGA - Call&amp;Play","isPartOf":{"@id":"https:\/\/www.callandplay.com\/#website"},"datePublished":"2018-09-28T00:00:00+00:00","dateModified":"2026-04-15T20:53:57+00:00","breadcrumb":{"@id":"https:\/\/www.callandplay.com\/lg-ph4500g-proyector-led-wxga\/#breadcrumb"},"inLanguage":"pt-PT","potentialAction":[{"@type":"ReadAction","target":["https:\/\/www.callandplay.com\/lg-ph4500g-proyector-led-wxga\/"]}]},{"@type":"BreadcrumbList","@id":"https:\/\/www.callandplay.com\/lg-ph4500g-proyector-led-wxga\/#breadcrumb","itemListElement":[{"@type":"ListItem","position":1,"name":"Portada","item":"https:\/\/www.callandplay.com\/"},{"@type":"ListItem","position":2,"name":"Tienda","item":"https:\/\/www.callandplay.com\/tienda\/"},{"@type":"ListItem","position":3,"name":"LG PH4500G PROYECTOR LED WXGA"}]},{"@type":"WebSite","@id":"https:\/\/www.callandplay.com\/#website","url":"https:\/\/www.callandplay.com\/","name":"Call&amp;Play","description":"Alquiler de backline e instrumentos musicales","publisher":{"@id":"https:\/\/www.callandplay.com\/#organization"},"potentialAction":[{"@type":"SearchAction","target":{"@type":"EntryPoint","urlTemplate":"https:\/\/www.callandplay.com\/?s={search_term_string}"},"query-input":{"@type":"PropertyValueSpecification","valueRequired":true,"valueName":"search_term_string"}}],"inLanguage":"pt-PT"},{"@type":"Organization","@id":"https:\/\/www.callandplay.com\/#organization","name":"Call&Play","url":"https:\/\/www.callandplay.com\/","logo":{"@type":"ImageObject","inLanguage":"pt-PT","@id":"https:\/\/www.callandplay.com\/#\/schema\/logo\/image\/","url":"https:\/\/www.callandplay.com\/wp-content\/uploads\/2021\/06\/cropped-cropped-logo-black_con_sombra.png","contentUrl":"https:\/\/www.callandplay.com\/wp-content\/uploads\/2021\/06\/cropped-cropped-logo-black_con_sombra.png","width":512,"height":512,"caption":"Call&Play"},"image":{"@id":"https:\/\/www.callandplay.com\/#\/schema\/logo\/image\/"},"sameAs":["https:\/\/www.facebook.com\/callandplay","https:\/\/www.instagram.com\/call_and_play\/"]}]}},"_links":{"self":[{"href":"https:\/\/www.callandplay.com\/pt\/wp-json\/wp\/v2\/product\/52589","targetHints":{"allow":["GET"]}}],"collection":[{"href":"https:\/\/www.callandplay.com\/pt\/wp-json\/wp\/v2\/product"}],"about":[{"href":"https:\/\/www.callandplay.com\/pt\/wp-json\/wp\/v2\/types\/product"}],"replies":[{"embeddable":true,"href":"https:\/\/www.callandplay.com\/pt\/wp-json\/wp\/v2\/comments?post=52589"}],"version-history":[{"count":1,"href":"https:\/\/www.callandplay.com\/pt\/wp-json\/wp\/v2\/product\/52589\/revisions"}],"predecessor-version":[{"id":55399,"href":"https:\/\/www.callandplay.com\/pt\/wp-json\/wp\/v2\/product\/52589\/revisions\/55399"}],"wp:attachment":[{"href":"https:\/\/www.callandplay.com\/pt\/wp-json\/wp\/v2\/media?parent=52589"}],"wp:term":[{"taxonomy":"product_brand","embeddable":true,"href":"https:\/\/www.callandplay.com\/pt\/wp-json\/wp\/v2\/product_brand?post=52589"},{"taxonomy":"product_cat","embeddable":true,"href":"https:\/\/www.callandplay.com\/pt\/wp-json\/wp\/v2\/product_cat?post=52589"},{"taxonomy":"product_tag","embeddable":true,"href":"https:\/\/www.callandplay.com\/pt\/wp-json\/wp\/v2\/product_tag?post=52589"}],"curies":[{"name":"wp","href":"https:\/\/api.w.org\/{rel}","templated":true}]}}