{"id":52600,"date":"2020-04-25T00:00:00","date_gmt":"2020-04-25T00:00:00","guid":{"rendered":"https:\/\/www.callandplay.com\/beyerdynamic-classis-gm305\/"},"modified":"2026-04-15T20:53:58","modified_gmt":"2026-04-15T20:53:58","slug":"beyerdynamic-classis-gm305","status":"publish","type":"product","link":"https:\/\/www.callandplay.com\/pt\/beyerdynamic-classis-gm305\/","title":{"rendered":"BEYERDYNAMIC CLASSIS GM305"},"content":{"rendered":"<p>Los micr\u00f3fonos de flexo de la serie Classis, con una cabeza microf\u00f3nica muy peque\u00f1a, se adecuan a cualquier requisito de dise\u00f1o. El delgado flexo de 6 mm acabado en negro mate antireflectante, se integra de manera discreta en cualquier instalaci\u00f3n. El patr\u00f3n polar cardi\u00f3ide mejorado de los micr\u00f3fonos garantiza el m\u00e1ximo volumen posible antes del feedback con una excepcional inteligibilidad de palabra. La vers\u00e1til serie es v\u00e1lida para m\u00faltiples aplicaciones: en atriles o altares, en sistemas de conferencias, en estudio o sistemas de refuerzo con mesass de mezcla y otros.<\/p>","protected":false},"excerpt":{"rendered":"<p>Los micr\u00f3fonos de flexo de la serie Classis, con una cabeza microf\u00f3nica muy peque\u00f1a, se adecuan a cualquier requisito de dise\u00f1o. El delgado flexo de 6 mm acabado en negro mate antireflectante, se integra de manera discreta en cualquier instalaci\u00f3n. El patr\u00f3n polar cardi\u00f3ide mejorado de los micr\u00f3fonos garantiza el m\u00e1ximo volumen posible antes del feedback con una excepcional inteligibilidad de palabra. La vers\u00e1til serie es v\u00e1lida para m\u00faltiples aplicaciones: en atriles o altares, en sistemas de conferencias, en estudio o sistemas de refuerzo con mesass de mezcla y otros.<\/p>","protected":false},"featured_media":0,"comment_status":"closed","ping_status":"closed","template":"","meta":{"_acf_changed":false,"om_disable_all_campaigns":false,"_monsterinsights_skip_tracking":false,"_monsterinsights_sitenote_active":false,"_monsterinsights_sitenote_note":"","_monsterinsights_sitenote_category":0},"product_brand":[],"product_cat":[1218],"product_tag":[],"class_list":{"0":"post-52600","1":"product","2":"type-product","3":"status-publish","5":"product_cat-microfonos-atril-y-conferencia","7":"first","8":"instock","9":"shipping-taxable","10":"purchasable","11":"product-type-simple"},"acf":[],"yoast_head":"<!-- This site is optimized with the Yoast SEO plugin v27.4 - https:\/\/yoast.com\/product\/yoast-seo-wordpress\/ -->\n<title>BEYERDYNAMIC CLASSIS GM305 - Call&amp;Play<\/title>\n<meta name=\"robots\" content=\"index, follow, max-snippet:-1, max-image-preview:large, max-video-preview:-1\" \/>\n<link rel=\"canonical\" href=\"https:\/\/www.callandplay.com\/pt\/beyerdynamic-classis-gm305\/\" \/>\n<meta property=\"og:locale\" content=\"pt_PT\" \/>\n<meta property=\"og:type\" content=\"article\" \/>\n<meta property=\"og:title\" content=\"BEYERDYNAMIC CLASSIS GM305 - Call&amp;Play\" \/>\n<meta property=\"og:description\" content=\"Los micr\u00f3fonos de flexo de la serie Classis, con una cabeza microf\u00f3nica muy peque\u00f1a, se adecuan a cualquier requisito de dise\u00f1o. El delgado flexo de 6 mm acabado en negro mate antireflectante, se integra de manera discreta en cualquier instalaci\u00f3n. El patr\u00f3n polar cardi\u00f3ide mejorado de los micr\u00f3fonos garantiza el m\u00e1ximo volumen posible antes del feedback con una excepcional inteligibilidad de palabra. La vers\u00e1til serie es v\u00e1lida para m\u00faltiples aplicaciones: en atriles o altares, en sistemas de conferencias, en estudio o sistemas de refuerzo con mesass de mezcla y otros.\" \/>\n<meta property=\"og:url\" content=\"https:\/\/www.callandplay.com\/pt\/beyerdynamic-classis-gm305\/\" \/>\n<meta property=\"og:site_name\" content=\"Call&amp;Play\" \/>\n<meta property=\"article:publisher\" content=\"https:\/\/www.facebook.com\/callandplay\" \/>\n<meta property=\"article:modified_time\" content=\"2026-04-15T20:53:58+00:00\" \/>\n<meta name=\"twitter:card\" content=\"summary_large_image\" \/>\n<meta name=\"twitter:label1\" content=\"Tempo estimado de leitura\" \/>\n\t<meta name=\"twitter:data1\" content=\"1 minuto\" \/>\n<script type=\"application\/ld+json\" class=\"yoast-schema-graph\">{\"@context\":\"https:\\\/\\\/schema.org\",\"@graph\":[{\"@type\":\"WebPage\",\"@id\":\"https:\\\/\\\/www.callandplay.com\\\/beyerdynamic-classis-gm305\\\/\",\"url\":\"https:\\\/\\\/www.callandplay.com\\\/beyerdynamic-classis-gm305\\\/\",\"name\":\"BEYERDYNAMIC CLASSIS GM305 - Call&amp;Play\",\"isPartOf\":{\"@id\":\"https:\\\/\\\/www.callandplay.com\\\/#website\"},\"datePublished\":\"2020-04-25T00:00:00+00:00\",\"dateModified\":\"2026-04-15T20:53:58+00:00\",\"breadcrumb\":{\"@id\":\"https:\\\/\\\/www.callandplay.com\\\/beyerdynamic-classis-gm305\\\/#breadcrumb\"},\"inLanguage\":\"pt-PT\",\"potentialAction\":[{\"@type\":\"ReadAction\",\"target\":[\"https:\\\/\\\/www.callandplay.com\\\/beyerdynamic-classis-gm305\\\/\"]}]},{\"@type\":\"BreadcrumbList\",\"@id\":\"https:\\\/\\\/www.callandplay.com\\\/beyerdynamic-classis-gm305\\\/#breadcrumb\",\"itemListElement\":[{\"@type\":\"ListItem\",\"position\":1,\"name\":\"Portada\",\"item\":\"https:\\\/\\\/www.callandplay.com\\\/\"},{\"@type\":\"ListItem\",\"position\":2,\"name\":\"Tienda\",\"item\":\"https:\\\/\\\/www.callandplay.com\\\/tienda\\\/\"},{\"@type\":\"ListItem\",\"position\":3,\"name\":\"BEYERDYNAMIC CLASSIS GM305\"}]},{\"@type\":\"WebSite\",\"@id\":\"https:\\\/\\\/www.callandplay.com\\\/#website\",\"url\":\"https:\\\/\\\/www.callandplay.com\\\/\",\"name\":\"Call&amp;Play\",\"description\":\"Alquiler de backline e instrumentos musicales\",\"publisher\":{\"@id\":\"https:\\\/\\\/www.callandplay.com\\\/#organization\"},\"potentialAction\":[{\"@type\":\"SearchAction\",\"target\":{\"@type\":\"EntryPoint\",\"urlTemplate\":\"https:\\\/\\\/www.callandplay.com\\\/?s={search_term_string}\"},\"query-input\":{\"@type\":\"PropertyValueSpecification\",\"valueRequired\":true,\"valueName\":\"search_term_string\"}}],\"inLanguage\":\"pt-PT\"},{\"@type\":\"Organization\",\"@id\":\"https:\\\/\\\/www.callandplay.com\\\/#organization\",\"name\":\"Call&Play\",\"url\":\"https:\\\/\\\/www.callandplay.com\\\/\",\"logo\":{\"@type\":\"ImageObject\",\"inLanguage\":\"pt-PT\",\"@id\":\"https:\\\/\\\/www.callandplay.com\\\/#\\\/schema\\\/logo\\\/image\\\/\",\"url\":\"https:\\\/\\\/www.callandplay.com\\\/wp-content\\\/uploads\\\/2021\\\/06\\\/cropped-cropped-logo-black_con_sombra.png\",\"contentUrl\":\"https:\\\/\\\/www.callandplay.com\\\/wp-content\\\/uploads\\\/2021\\\/06\\\/cropped-cropped-logo-black_con_sombra.png\",\"width\":512,\"height\":512,\"caption\":\"Call&Play\"},\"image\":{\"@id\":\"https:\\\/\\\/www.callandplay.com\\\/#\\\/schema\\\/logo\\\/image\\\/\"},\"sameAs\":[\"https:\\\/\\\/www.facebook.com\\\/callandplay\",\"https:\\\/\\\/www.instagram.com\\\/call_and_play\\\/\"]}]}<\/script>\n<!-- \/ Yoast SEO plugin. -->","yoast_head_json":{"title":"BEYERDYNAMIC CLASSIS GM305 - Call&amp;Play","robots":{"index":"index","follow":"follow","max-snippet":"max-snippet:-1","max-image-preview":"max-image-preview:large","max-video-preview":"max-video-preview:-1"},"canonical":"https:\/\/www.callandplay.com\/pt\/beyerdynamic-classis-gm305\/","og_locale":"pt_PT","og_type":"article","og_title":"BEYERDYNAMIC CLASSIS GM305 - Call&amp;Play","og_description":"Los micr\u00f3fonos de flexo de la serie Classis, con una cabeza microf\u00f3nica muy peque\u00f1a, se adecuan a cualquier requisito de dise\u00f1o. El delgado flexo de 6 mm acabado en negro mate antireflectante, se integra de manera discreta en cualquier instalaci\u00f3n. El patr\u00f3n polar cardi\u00f3ide mejorado de los micr\u00f3fonos garantiza el m\u00e1ximo volumen posible antes del feedback con una excepcional inteligibilidad de palabra. La vers\u00e1til serie es v\u00e1lida para m\u00faltiples aplicaciones: en atriles o altares, en sistemas de conferencias, en estudio o sistemas de refuerzo con mesass de mezcla y otros.","og_url":"https:\/\/www.callandplay.com\/pt\/beyerdynamic-classis-gm305\/","og_site_name":"Call&amp;Play","article_publisher":"https:\/\/www.facebook.com\/callandplay","article_modified_time":"2026-04-15T20:53:58+00:00","twitter_card":"summary_large_image","twitter_misc":{"Tempo estimado de leitura":"1 minuto"},"schema":{"@context":"https:\/\/schema.org","@graph":[{"@type":"WebPage","@id":"https:\/\/www.callandplay.com\/beyerdynamic-classis-gm305\/","url":"https:\/\/www.callandplay.com\/beyerdynamic-classis-gm305\/","name":"BEYERDYNAMIC CLASSIS GM305 - Call&amp;Play","isPartOf":{"@id":"https:\/\/www.callandplay.com\/#website"},"datePublished":"2020-04-25T00:00:00+00:00","dateModified":"2026-04-15T20:53:58+00:00","breadcrumb":{"@id":"https:\/\/www.callandplay.com\/beyerdynamic-classis-gm305\/#breadcrumb"},"inLanguage":"pt-PT","potentialAction":[{"@type":"ReadAction","target":["https:\/\/www.callandplay.com\/beyerdynamic-classis-gm305\/"]}]},{"@type":"BreadcrumbList","@id":"https:\/\/www.callandplay.com\/beyerdynamic-classis-gm305\/#breadcrumb","itemListElement":[{"@type":"ListItem","position":1,"name":"Portada","item":"https:\/\/www.callandplay.com\/"},{"@type":"ListItem","position":2,"name":"Tienda","item":"https:\/\/www.callandplay.com\/tienda\/"},{"@type":"ListItem","position":3,"name":"BEYERDYNAMIC CLASSIS GM305"}]},{"@type":"WebSite","@id":"https:\/\/www.callandplay.com\/#website","url":"https:\/\/www.callandplay.com\/","name":"Call&amp;Play","description":"Alquiler de backline e instrumentos musicales","publisher":{"@id":"https:\/\/www.callandplay.com\/#organization"},"potentialAction":[{"@type":"SearchAction","target":{"@type":"EntryPoint","urlTemplate":"https:\/\/www.callandplay.com\/?s={search_term_string}"},"query-input":{"@type":"PropertyValueSpecification","valueRequired":true,"valueName":"search_term_string"}}],"inLanguage":"pt-PT"},{"@type":"Organization","@id":"https:\/\/www.callandplay.com\/#organization","name":"Call&Play","url":"https:\/\/www.callandplay.com\/","logo":{"@type":"ImageObject","inLanguage":"pt-PT","@id":"https:\/\/www.callandplay.com\/#\/schema\/logo\/image\/","url":"https:\/\/www.callandplay.com\/wp-content\/uploads\/2021\/06\/cropped-cropped-logo-black_con_sombra.png","contentUrl":"https:\/\/www.callandplay.com\/wp-content\/uploads\/2021\/06\/cropped-cropped-logo-black_con_sombra.png","width":512,"height":512,"caption":"Call&Play"},"image":{"@id":"https:\/\/www.callandplay.com\/#\/schema\/logo\/image\/"},"sameAs":["https:\/\/www.facebook.com\/callandplay","https:\/\/www.instagram.com\/call_and_play\/"]}]}},"_links":{"self":[{"href":"https:\/\/www.callandplay.com\/pt\/wp-json\/wp\/v2\/product\/52600","targetHints":{"allow":["GET"]}}],"collection":[{"href":"https:\/\/www.callandplay.com\/pt\/wp-json\/wp\/v2\/product"}],"about":[{"href":"https:\/\/www.callandplay.com\/pt\/wp-json\/wp\/v2\/types\/product"}],"replies":[{"embeddable":true,"href":"https:\/\/www.callandplay.com\/pt\/wp-json\/wp\/v2\/comments?post=52600"}],"version-history":[{"count":1,"href":"https:\/\/www.callandplay.com\/pt\/wp-json\/wp\/v2\/product\/52600\/revisions"}],"predecessor-version":[{"id":55410,"href":"https:\/\/www.callandplay.com\/pt\/wp-json\/wp\/v2\/product\/52600\/revisions\/55410"}],"wp:attachment":[{"href":"https:\/\/www.callandplay.com\/pt\/wp-json\/wp\/v2\/media?parent=52600"}],"wp:term":[{"taxonomy":"product_brand","embeddable":true,"href":"https:\/\/www.callandplay.com\/pt\/wp-json\/wp\/v2\/product_brand?post=52600"},{"taxonomy":"product_cat","embeddable":true,"href":"https:\/\/www.callandplay.com\/pt\/wp-json\/wp\/v2\/product_cat?post=52600"},{"taxonomy":"product_tag","embeddable":true,"href":"https:\/\/www.callandplay.com\/pt\/wp-json\/wp\/v2\/product_tag?post=52600"}],"curies":[{"name":"wp","href":"https:\/\/api.w.org\/{rel}","templated":true}]}}