{"id":52611,"date":"2018-10-09T00:00:00","date_gmt":"2018-10-09T00:00:00","guid":{"rendered":"https:\/\/www.callandplay.com\/samsung-led-monitor-24-hdmi-vga-pantalla\/"},"modified":"2026-04-15T20:53:58","modified_gmt":"2026-04-15T20:53:58","slug":"samsung-led-monitor-24-hdmi-vga-pantalla","status":"publish","type":"product","link":"https:\/\/www.callandplay.com\/pt\/samsung-led-monitor-24-hdmi-vga-pantalla\/","title":{"rendered":"SAMSUNG LED MONITOR 24&#8243; HDMI\/VGA PANTALLA"},"content":{"rendered":"<p>Samsung LS24D330HSX 24 FULL HD 1M 952. Resoluci\u00f3n 1920&#215;1080, creado para los gamers m\u00e1s exigenentes. Samsung consigue el m\u00e1ximo realismo en la imagen cuidando a su vez de tu vista. Tecnolog\u00eda Flicker Free que reduce el parpadeo de la pantalla. Incorpora el modo Eye Saver el cual juega con los colores y el contraste para evitar fatiga visual.<\/p>","protected":false},"excerpt":{"rendered":"<p>Samsung LS24D330HSX 24 FULL HD 1M 952. Resoluci\u00f3n 1920&#215;1080, creado para los gamers m\u00e1s exigenentes. Samsung consigue el m\u00e1ximo realismo en la imagen cuidando a su vez de tu vista. Tecnolog\u00eda Flicker Free que reduce el parpadeo de la pantalla. Incorpora el modo Eye Saver el cual juega con los colores y el contraste para evitar fatiga visual.<\/p>","protected":false},"featured_media":0,"comment_status":"closed","ping_status":"closed","template":"","meta":{"_acf_changed":false,"om_disable_all_campaigns":false,"_monsterinsights_skip_tracking":false,"_monsterinsights_sitenote_active":false,"_monsterinsights_sitenote_note":"","_monsterinsights_sitenote_category":0},"product_brand":[],"product_cat":[997],"product_tag":[],"class_list":{"0":"post-52611","1":"product","2":"type-product","3":"status-publish","5":"product_cat-pantallas-y-monitores","7":"first","8":"instock","9":"shipping-taxable","10":"purchasable","11":"product-type-simple"},"acf":[],"yoast_head":"<!-- This site is optimized with the Yoast SEO plugin v27.4 - https:\/\/yoast.com\/product\/yoast-seo-wordpress\/ -->\n<title>SAMSUNG LED MONITOR 24&quot; HDMI\/VGA PANTALLA - Call&amp;Play<\/title>\n<meta name=\"robots\" content=\"index, follow, max-snippet:-1, max-image-preview:large, max-video-preview:-1\" \/>\n<link rel=\"canonical\" href=\"https:\/\/www.callandplay.com\/pt\/samsung-led-monitor-24-hdmi-vga-pantalla\/\" \/>\n<meta property=\"og:locale\" content=\"pt_PT\" \/>\n<meta property=\"og:type\" content=\"article\" \/>\n<meta property=\"og:title\" content=\"SAMSUNG LED MONITOR 24&quot; HDMI\/VGA PANTALLA - Call&amp;Play\" \/>\n<meta property=\"og:description\" content=\"Samsung LS24D330HSX 24 FULL HD 1M 952. Resoluci\u00f3n 1920x1080, creado para los gamers m\u00e1s exigenentes. Samsung consigue el m\u00e1ximo realismo en la imagen cuidando a su vez de tu vista. Tecnolog\u00eda Flicker Free que reduce el parpadeo de la pantalla. Incorpora el modo Eye Saver el cual juega con los colores y el contraste para evitar fatiga visual.\" \/>\n<meta property=\"og:url\" content=\"https:\/\/www.callandplay.com\/pt\/samsung-led-monitor-24-hdmi-vga-pantalla\/\" \/>\n<meta property=\"og:site_name\" content=\"Call&amp;Play\" \/>\n<meta property=\"article:publisher\" content=\"https:\/\/www.facebook.com\/callandplay\" \/>\n<meta property=\"article:modified_time\" content=\"2026-04-15T20:53:58+00:00\" \/>\n<meta name=\"twitter:card\" content=\"summary_large_image\" \/>\n<script type=\"application\/ld+json\" class=\"yoast-schema-graph\">{\"@context\":\"https:\\\/\\\/schema.org\",\"@graph\":[{\"@type\":\"WebPage\",\"@id\":\"https:\\\/\\\/www.callandplay.com\\\/samsung-led-monitor-24-hdmi-vga-pantalla\\\/\",\"url\":\"https:\\\/\\\/www.callandplay.com\\\/samsung-led-monitor-24-hdmi-vga-pantalla\\\/\",\"name\":\"SAMSUNG LED MONITOR 24\\\" HDMI\\\/VGA PANTALLA - Call&amp;Play\",\"isPartOf\":{\"@id\":\"https:\\\/\\\/www.callandplay.com\\\/#website\"},\"datePublished\":\"2018-10-09T00:00:00+00:00\",\"dateModified\":\"2026-04-15T20:53:58+00:00\",\"breadcrumb\":{\"@id\":\"https:\\\/\\\/www.callandplay.com\\\/samsung-led-monitor-24-hdmi-vga-pantalla\\\/#breadcrumb\"},\"inLanguage\":\"pt-PT\",\"potentialAction\":[{\"@type\":\"ReadAction\",\"target\":[\"https:\\\/\\\/www.callandplay.com\\\/samsung-led-monitor-24-hdmi-vga-pantalla\\\/\"]}]},{\"@type\":\"BreadcrumbList\",\"@id\":\"https:\\\/\\\/www.callandplay.com\\\/samsung-led-monitor-24-hdmi-vga-pantalla\\\/#breadcrumb\",\"itemListElement\":[{\"@type\":\"ListItem\",\"position\":1,\"name\":\"Portada\",\"item\":\"https:\\\/\\\/www.callandplay.com\\\/\"},{\"@type\":\"ListItem\",\"position\":2,\"name\":\"Tienda\",\"item\":\"https:\\\/\\\/www.callandplay.com\\\/tienda\\\/\"},{\"@type\":\"ListItem\",\"position\":3,\"name\":\"SAMSUNG LED MONITOR 24&#8243; HDMI\\\/VGA PANTALLA\"}]},{\"@type\":\"WebSite\",\"@id\":\"https:\\\/\\\/www.callandplay.com\\\/#website\",\"url\":\"https:\\\/\\\/www.callandplay.com\\\/\",\"name\":\"Call&amp;Play\",\"description\":\"Alquiler de backline e instrumentos musicales\",\"publisher\":{\"@id\":\"https:\\\/\\\/www.callandplay.com\\\/#organization\"},\"potentialAction\":[{\"@type\":\"SearchAction\",\"target\":{\"@type\":\"EntryPoint\",\"urlTemplate\":\"https:\\\/\\\/www.callandplay.com\\\/?s={search_term_string}\"},\"query-input\":{\"@type\":\"PropertyValueSpecification\",\"valueRequired\":true,\"valueName\":\"search_term_string\"}}],\"inLanguage\":\"pt-PT\"},{\"@type\":\"Organization\",\"@id\":\"https:\\\/\\\/www.callandplay.com\\\/#organization\",\"name\":\"Call&Play\",\"url\":\"https:\\\/\\\/www.callandplay.com\\\/\",\"logo\":{\"@type\":\"ImageObject\",\"inLanguage\":\"pt-PT\",\"@id\":\"https:\\\/\\\/www.callandplay.com\\\/#\\\/schema\\\/logo\\\/image\\\/\",\"url\":\"https:\\\/\\\/www.callandplay.com\\\/wp-content\\\/uploads\\\/2021\\\/06\\\/cropped-cropped-logo-black_con_sombra.png\",\"contentUrl\":\"https:\\\/\\\/www.callandplay.com\\\/wp-content\\\/uploads\\\/2021\\\/06\\\/cropped-cropped-logo-black_con_sombra.png\",\"width\":512,\"height\":512,\"caption\":\"Call&Play\"},\"image\":{\"@id\":\"https:\\\/\\\/www.callandplay.com\\\/#\\\/schema\\\/logo\\\/image\\\/\"},\"sameAs\":[\"https:\\\/\\\/www.facebook.com\\\/callandplay\",\"https:\\\/\\\/www.instagram.com\\\/call_and_play\\\/\"]}]}<\/script>\n<!-- \/ Yoast SEO plugin. -->","yoast_head_json":{"title":"SAMSUNG LED MONITOR 24\" HDMI\/VGA PANTALLA - Call&amp;Play","robots":{"index":"index","follow":"follow","max-snippet":"max-snippet:-1","max-image-preview":"max-image-preview:large","max-video-preview":"max-video-preview:-1"},"canonical":"https:\/\/www.callandplay.com\/pt\/samsung-led-monitor-24-hdmi-vga-pantalla\/","og_locale":"pt_PT","og_type":"article","og_title":"SAMSUNG LED MONITOR 24\" HDMI\/VGA PANTALLA - Call&amp;Play","og_description":"Samsung LS24D330HSX 24 FULL HD 1M 952. Resoluci\u00f3n 1920x1080, creado para los gamers m\u00e1s exigenentes. Samsung consigue el m\u00e1ximo realismo en la imagen cuidando a su vez de tu vista. Tecnolog\u00eda Flicker Free que reduce el parpadeo de la pantalla. Incorpora el modo Eye Saver el cual juega con los colores y el contraste para evitar fatiga visual.","og_url":"https:\/\/www.callandplay.com\/pt\/samsung-led-monitor-24-hdmi-vga-pantalla\/","og_site_name":"Call&amp;Play","article_publisher":"https:\/\/www.facebook.com\/callandplay","article_modified_time":"2026-04-15T20:53:58+00:00","twitter_card":"summary_large_image","schema":{"@context":"https:\/\/schema.org","@graph":[{"@type":"WebPage","@id":"https:\/\/www.callandplay.com\/samsung-led-monitor-24-hdmi-vga-pantalla\/","url":"https:\/\/www.callandplay.com\/samsung-led-monitor-24-hdmi-vga-pantalla\/","name":"SAMSUNG LED MONITOR 24\" HDMI\/VGA PANTALLA - Call&amp;Play","isPartOf":{"@id":"https:\/\/www.callandplay.com\/#website"},"datePublished":"2018-10-09T00:00:00+00:00","dateModified":"2026-04-15T20:53:58+00:00","breadcrumb":{"@id":"https:\/\/www.callandplay.com\/samsung-led-monitor-24-hdmi-vga-pantalla\/#breadcrumb"},"inLanguage":"pt-PT","potentialAction":[{"@type":"ReadAction","target":["https:\/\/www.callandplay.com\/samsung-led-monitor-24-hdmi-vga-pantalla\/"]}]},{"@type":"BreadcrumbList","@id":"https:\/\/www.callandplay.com\/samsung-led-monitor-24-hdmi-vga-pantalla\/#breadcrumb","itemListElement":[{"@type":"ListItem","position":1,"name":"Portada","item":"https:\/\/www.callandplay.com\/"},{"@type":"ListItem","position":2,"name":"Tienda","item":"https:\/\/www.callandplay.com\/tienda\/"},{"@type":"ListItem","position":3,"name":"SAMSUNG LED MONITOR 24&#8243; HDMI\/VGA PANTALLA"}]},{"@type":"WebSite","@id":"https:\/\/www.callandplay.com\/#website","url":"https:\/\/www.callandplay.com\/","name":"Call&amp;Play","description":"Alquiler de backline e instrumentos musicales","publisher":{"@id":"https:\/\/www.callandplay.com\/#organization"},"potentialAction":[{"@type":"SearchAction","target":{"@type":"EntryPoint","urlTemplate":"https:\/\/www.callandplay.com\/?s={search_term_string}"},"query-input":{"@type":"PropertyValueSpecification","valueRequired":true,"valueName":"search_term_string"}}],"inLanguage":"pt-PT"},{"@type":"Organization","@id":"https:\/\/www.callandplay.com\/#organization","name":"Call&Play","url":"https:\/\/www.callandplay.com\/","logo":{"@type":"ImageObject","inLanguage":"pt-PT","@id":"https:\/\/www.callandplay.com\/#\/schema\/logo\/image\/","url":"https:\/\/www.callandplay.com\/wp-content\/uploads\/2021\/06\/cropped-cropped-logo-black_con_sombra.png","contentUrl":"https:\/\/www.callandplay.com\/wp-content\/uploads\/2021\/06\/cropped-cropped-logo-black_con_sombra.png","width":512,"height":512,"caption":"Call&Play"},"image":{"@id":"https:\/\/www.callandplay.com\/#\/schema\/logo\/image\/"},"sameAs":["https:\/\/www.facebook.com\/callandplay","https:\/\/www.instagram.com\/call_and_play\/"]}]}},"_links":{"self":[{"href":"https:\/\/www.callandplay.com\/pt\/wp-json\/wp\/v2\/product\/52611","targetHints":{"allow":["GET"]}}],"collection":[{"href":"https:\/\/www.callandplay.com\/pt\/wp-json\/wp\/v2\/product"}],"about":[{"href":"https:\/\/www.callandplay.com\/pt\/wp-json\/wp\/v2\/types\/product"}],"replies":[{"embeddable":true,"href":"https:\/\/www.callandplay.com\/pt\/wp-json\/wp\/v2\/comments?post=52611"}],"version-history":[{"count":1,"href":"https:\/\/www.callandplay.com\/pt\/wp-json\/wp\/v2\/product\/52611\/revisions"}],"predecessor-version":[{"id":55421,"href":"https:\/\/www.callandplay.com\/pt\/wp-json\/wp\/v2\/product\/52611\/revisions\/55421"}],"wp:attachment":[{"href":"https:\/\/www.callandplay.com\/pt\/wp-json\/wp\/v2\/media?parent=52611"}],"wp:term":[{"taxonomy":"product_brand","embeddable":true,"href":"https:\/\/www.callandplay.com\/pt\/wp-json\/wp\/v2\/product_brand?post=52611"},{"taxonomy":"product_cat","embeddable":true,"href":"https:\/\/www.callandplay.com\/pt\/wp-json\/wp\/v2\/product_cat?post=52611"},{"taxonomy":"product_tag","embeddable":true,"href":"https:\/\/www.callandplay.com\/pt\/wp-json\/wp\/v2\/product_tag?post=52611"}],"curies":[{"name":"wp","href":"https:\/\/api.w.org\/{rel}","templated":true}]}}