{"id":52709,"date":"2024-02-26T00:00:00","date_gmt":"2024-02-26T00:00:00","guid":{"rendered":"https:\/\/www.callandplay.com\/pioneer-dj-ddj-1000-controller-rekordbox\/"},"modified":"2026-04-15T20:54:01","modified_gmt":"2026-04-15T20:54:01","slug":"pioneer-dj-ddj-1000-controller-rekordbox","status":"publish","type":"product","link":"https:\/\/www.callandplay.com\/pt\/pioneer-dj-ddj-1000-controller-rekordbox\/","title":{"rendered":"PIONEER DJ DDJ-1000 CONTROLLER REKORDBOX"},"content":{"rendered":"<p>Controlador DJ profesional de 4 canales para Rekordbox Dj. Con el dise\u00f1o profesional heredado de los emblem\u00e1ticos modelos NXS2, es la soluci\u00f3n port\u00e1til y compacta para actuar en fiestas y eventos. El DDJ-1000 cuenta con pantalla LCD de alta definici\u00f3n, completamente nueva en cada jog wheel, lo que permite mantener la vista en el deck de forma intuitiva. Selecciona con fluidez pistas que el usuario no considera compatibles, gracias a la nueva funci\u00f3n Related Tracks de Rekordbox Dj. Permite dar un toque creativo a las actuaciones con 14 Beat FX, incluidas cuatro versiones nuevas, y dispara de forma instant\u00e1nea Hot Cues, Loops y m\u00e1s con los 16 Performance Pads multicolores.<\/p>","protected":false},"excerpt":{"rendered":"<p>Controlador DJ profesional de 4 canales para Rekordbox Dj. Con el dise\u00f1o profesional heredado de los emblem\u00e1ticos modelos NXS2, es la soluci\u00f3n port\u00e1til y compacta para actuar en fiestas y eventos. El DDJ-1000 cuenta con pantalla LCD de alta definici\u00f3n, completamente nueva en cada jog wheel, lo que permite mantener la vista en el deck de forma intuitiva. Selecciona con fluidez pistas que el usuario no considera compatibles, gracias a la nueva funci\u00f3n Related Tracks de Rekordbox Dj. Permite dar un toque creativo a las actuaciones con 14 Beat FX, incluidas cuatro versiones nuevas, y dispara de forma instant\u00e1nea Hot Cues, Loops y m\u00e1s con los 16 Performance Pads multicolores.<\/p>","protected":false},"featured_media":0,"comment_status":"closed","ping_status":"closed","template":"","meta":{"_acf_changed":false,"om_disable_all_campaigns":false,"_monsterinsights_skip_tracking":false,"_monsterinsights_sitenote_active":false,"_monsterinsights_sitenote_note":"","_monsterinsights_sitenote_category":0},"product_brand":[],"product_cat":[851],"product_tag":[],"class_list":{"0":"post-52709","1":"product","2":"type-product","3":"status-publish","5":"product_cat-controladores-dj-y-sistemas-todo-en-uno","7":"first","8":"instock","9":"shipping-taxable","10":"purchasable","11":"product-type-simple"},"acf":[],"yoast_head":"<!-- This site is optimized with the Yoast SEO plugin v27.3 - https:\/\/yoast.com\/product\/yoast-seo-wordpress\/ -->\n<title>PIONEER DJ DDJ-1000 CONTROLLER REKORDBOX - Call&amp;Play<\/title>\n<meta name=\"robots\" content=\"index, follow, max-snippet:-1, max-image-preview:large, max-video-preview:-1\" \/>\n<link rel=\"canonical\" href=\"https:\/\/www.callandplay.com\/pt\/pioneer-dj-ddj-1000-controller-rekordbox\/\" \/>\n<meta property=\"og:locale\" content=\"pt_PT\" \/>\n<meta property=\"og:type\" content=\"article\" \/>\n<meta property=\"og:title\" content=\"PIONEER DJ DDJ-1000 CONTROLLER REKORDBOX - Call&amp;Play\" \/>\n<meta property=\"og:description\" content=\"Controlador DJ profesional de 4 canales para Rekordbox Dj. Con el dise\u00f1o profesional heredado de los emblem\u00e1ticos modelos NXS2, es la soluci\u00f3n port\u00e1til y compacta para actuar en fiestas y eventos. El DDJ-1000 cuenta con pantalla LCD de alta definici\u00f3n, completamente nueva en cada jog wheel, lo que permite mantener la vista en el deck de forma intuitiva. Selecciona con fluidez pistas que el usuario no considera compatibles, gracias a la nueva funci\u00f3n Related Tracks de Rekordbox Dj. Permite dar un toque creativo a las actuaciones con 14 Beat FX, incluidas cuatro versiones nuevas, y dispara de forma instant\u00e1nea Hot Cues, Loops y m\u00e1s con los 16 Performance Pads multicolores.\" \/>\n<meta property=\"og:url\" content=\"https:\/\/www.callandplay.com\/pt\/pioneer-dj-ddj-1000-controller-rekordbox\/\" \/>\n<meta property=\"og:site_name\" content=\"Call&amp;Play\" \/>\n<meta property=\"article:publisher\" content=\"https:\/\/www.facebook.com\/callandplay\" \/>\n<meta property=\"article:modified_time\" content=\"2026-04-15T20:54:01+00:00\" \/>\n<meta name=\"twitter:card\" content=\"summary_large_image\" \/>\n<meta name=\"twitter:label1\" content=\"Tempo estimado de leitura\" \/>\n\t<meta name=\"twitter:data1\" content=\"1 minuto\" \/>\n<script type=\"application\/ld+json\" class=\"yoast-schema-graph\">{\"@context\":\"https:\\\/\\\/schema.org\",\"@graph\":[{\"@type\":\"WebPage\",\"@id\":\"https:\\\/\\\/www.callandplay.com\\\/pioneer-dj-ddj-1000-controller-rekordbox\\\/\",\"url\":\"https:\\\/\\\/www.callandplay.com\\\/pioneer-dj-ddj-1000-controller-rekordbox\\\/\",\"name\":\"PIONEER DJ DDJ-1000 CONTROLLER REKORDBOX - Call&amp;Play\",\"isPartOf\":{\"@id\":\"https:\\\/\\\/www.callandplay.com\\\/#website\"},\"datePublished\":\"2024-02-26T00:00:00+00:00\",\"dateModified\":\"2026-04-15T20:54:01+00:00\",\"breadcrumb\":{\"@id\":\"https:\\\/\\\/www.callandplay.com\\\/pioneer-dj-ddj-1000-controller-rekordbox\\\/#breadcrumb\"},\"inLanguage\":\"pt-PT\",\"potentialAction\":[{\"@type\":\"ReadAction\",\"target\":[\"https:\\\/\\\/www.callandplay.com\\\/pioneer-dj-ddj-1000-controller-rekordbox\\\/\"]}]},{\"@type\":\"BreadcrumbList\",\"@id\":\"https:\\\/\\\/www.callandplay.com\\\/pioneer-dj-ddj-1000-controller-rekordbox\\\/#breadcrumb\",\"itemListElement\":[{\"@type\":\"ListItem\",\"position\":1,\"name\":\"Portada\",\"item\":\"https:\\\/\\\/www.callandplay.com\\\/\"},{\"@type\":\"ListItem\",\"position\":2,\"name\":\"Tienda\",\"item\":\"https:\\\/\\\/www.callandplay.com\\\/tienda\\\/\"},{\"@type\":\"ListItem\",\"position\":3,\"name\":\"PIONEER DJ DDJ-1000 CONTROLLER REKORDBOX\"}]},{\"@type\":\"WebSite\",\"@id\":\"https:\\\/\\\/www.callandplay.com\\\/#website\",\"url\":\"https:\\\/\\\/www.callandplay.com\\\/\",\"name\":\"Call&amp;Play\",\"description\":\"Alquiler de backline e instrumentos musicales\",\"publisher\":{\"@id\":\"https:\\\/\\\/www.callandplay.com\\\/#organization\"},\"potentialAction\":[{\"@type\":\"SearchAction\",\"target\":{\"@type\":\"EntryPoint\",\"urlTemplate\":\"https:\\\/\\\/www.callandplay.com\\\/?s={search_term_string}\"},\"query-input\":{\"@type\":\"PropertyValueSpecification\",\"valueRequired\":true,\"valueName\":\"search_term_string\"}}],\"inLanguage\":\"pt-PT\"},{\"@type\":\"Organization\",\"@id\":\"https:\\\/\\\/www.callandplay.com\\\/#organization\",\"name\":\"Call&Play\",\"url\":\"https:\\\/\\\/www.callandplay.com\\\/\",\"logo\":{\"@type\":\"ImageObject\",\"inLanguage\":\"pt-PT\",\"@id\":\"https:\\\/\\\/www.callandplay.com\\\/#\\\/schema\\\/logo\\\/image\\\/\",\"url\":\"https:\\\/\\\/www.callandplay.com\\\/wp-content\\\/uploads\\\/2021\\\/06\\\/cropped-cropped-logo-black_con_sombra.png\",\"contentUrl\":\"https:\\\/\\\/www.callandplay.com\\\/wp-content\\\/uploads\\\/2021\\\/06\\\/cropped-cropped-logo-black_con_sombra.png\",\"width\":512,\"height\":512,\"caption\":\"Call&Play\"},\"image\":{\"@id\":\"https:\\\/\\\/www.callandplay.com\\\/#\\\/schema\\\/logo\\\/image\\\/\"},\"sameAs\":[\"https:\\\/\\\/www.facebook.com\\\/callandplay\",\"https:\\\/\\\/www.instagram.com\\\/call_and_play\\\/\"]}]}<\/script>\n<!-- \/ Yoast SEO plugin. -->","yoast_head_json":{"title":"PIONEER DJ DDJ-1000 CONTROLLER REKORDBOX - Call&amp;Play","robots":{"index":"index","follow":"follow","max-snippet":"max-snippet:-1","max-image-preview":"max-image-preview:large","max-video-preview":"max-video-preview:-1"},"canonical":"https:\/\/www.callandplay.com\/pt\/pioneer-dj-ddj-1000-controller-rekordbox\/","og_locale":"pt_PT","og_type":"article","og_title":"PIONEER DJ DDJ-1000 CONTROLLER REKORDBOX - Call&amp;Play","og_description":"Controlador DJ profesional de 4 canales para Rekordbox Dj. Con el dise\u00f1o profesional heredado de los emblem\u00e1ticos modelos NXS2, es la soluci\u00f3n port\u00e1til y compacta para actuar en fiestas y eventos. El DDJ-1000 cuenta con pantalla LCD de alta definici\u00f3n, completamente nueva en cada jog wheel, lo que permite mantener la vista en el deck de forma intuitiva. Selecciona con fluidez pistas que el usuario no considera compatibles, gracias a la nueva funci\u00f3n Related Tracks de Rekordbox Dj. Permite dar un toque creativo a las actuaciones con 14 Beat FX, incluidas cuatro versiones nuevas, y dispara de forma instant\u00e1nea Hot Cues, Loops y m\u00e1s con los 16 Performance Pads multicolores.","og_url":"https:\/\/www.callandplay.com\/pt\/pioneer-dj-ddj-1000-controller-rekordbox\/","og_site_name":"Call&amp;Play","article_publisher":"https:\/\/www.facebook.com\/callandplay","article_modified_time":"2026-04-15T20:54:01+00:00","twitter_card":"summary_large_image","twitter_misc":{"Tempo estimado de leitura":"1 minuto"},"schema":{"@context":"https:\/\/schema.org","@graph":[{"@type":"WebPage","@id":"https:\/\/www.callandplay.com\/pioneer-dj-ddj-1000-controller-rekordbox\/","url":"https:\/\/www.callandplay.com\/pioneer-dj-ddj-1000-controller-rekordbox\/","name":"PIONEER DJ DDJ-1000 CONTROLLER REKORDBOX - Call&amp;Play","isPartOf":{"@id":"https:\/\/www.callandplay.com\/#website"},"datePublished":"2024-02-26T00:00:00+00:00","dateModified":"2026-04-15T20:54:01+00:00","breadcrumb":{"@id":"https:\/\/www.callandplay.com\/pioneer-dj-ddj-1000-controller-rekordbox\/#breadcrumb"},"inLanguage":"pt-PT","potentialAction":[{"@type":"ReadAction","target":["https:\/\/www.callandplay.com\/pioneer-dj-ddj-1000-controller-rekordbox\/"]}]},{"@type":"BreadcrumbList","@id":"https:\/\/www.callandplay.com\/pioneer-dj-ddj-1000-controller-rekordbox\/#breadcrumb","itemListElement":[{"@type":"ListItem","position":1,"name":"Portada","item":"https:\/\/www.callandplay.com\/"},{"@type":"ListItem","position":2,"name":"Tienda","item":"https:\/\/www.callandplay.com\/tienda\/"},{"@type":"ListItem","position":3,"name":"PIONEER DJ DDJ-1000 CONTROLLER REKORDBOX"}]},{"@type":"WebSite","@id":"https:\/\/www.callandplay.com\/#website","url":"https:\/\/www.callandplay.com\/","name":"Call&amp;Play","description":"Alquiler de backline e instrumentos musicales","publisher":{"@id":"https:\/\/www.callandplay.com\/#organization"},"potentialAction":[{"@type":"SearchAction","target":{"@type":"EntryPoint","urlTemplate":"https:\/\/www.callandplay.com\/?s={search_term_string}"},"query-input":{"@type":"PropertyValueSpecification","valueRequired":true,"valueName":"search_term_string"}}],"inLanguage":"pt-PT"},{"@type":"Organization","@id":"https:\/\/www.callandplay.com\/#organization","name":"Call&Play","url":"https:\/\/www.callandplay.com\/","logo":{"@type":"ImageObject","inLanguage":"pt-PT","@id":"https:\/\/www.callandplay.com\/#\/schema\/logo\/image\/","url":"https:\/\/www.callandplay.com\/wp-content\/uploads\/2021\/06\/cropped-cropped-logo-black_con_sombra.png","contentUrl":"https:\/\/www.callandplay.com\/wp-content\/uploads\/2021\/06\/cropped-cropped-logo-black_con_sombra.png","width":512,"height":512,"caption":"Call&Play"},"image":{"@id":"https:\/\/www.callandplay.com\/#\/schema\/logo\/image\/"},"sameAs":["https:\/\/www.facebook.com\/callandplay","https:\/\/www.instagram.com\/call_and_play\/"]}]}},"_links":{"self":[{"href":"https:\/\/www.callandplay.com\/pt\/wp-json\/wp\/v2\/product\/52709","targetHints":{"allow":["GET"]}}],"collection":[{"href":"https:\/\/www.callandplay.com\/pt\/wp-json\/wp\/v2\/product"}],"about":[{"href":"https:\/\/www.callandplay.com\/pt\/wp-json\/wp\/v2\/types\/product"}],"replies":[{"embeddable":true,"href":"https:\/\/www.callandplay.com\/pt\/wp-json\/wp\/v2\/comments?post=52709"}],"version-history":[{"count":1,"href":"https:\/\/www.callandplay.com\/pt\/wp-json\/wp\/v2\/product\/52709\/revisions"}],"predecessor-version":[{"id":55519,"href":"https:\/\/www.callandplay.com\/pt\/wp-json\/wp\/v2\/product\/52709\/revisions\/55519"}],"wp:attachment":[{"href":"https:\/\/www.callandplay.com\/pt\/wp-json\/wp\/v2\/media?parent=52709"}],"wp:term":[{"taxonomy":"product_brand","embeddable":true,"href":"https:\/\/www.callandplay.com\/pt\/wp-json\/wp\/v2\/product_brand?post=52709"},{"taxonomy":"product_cat","embeddable":true,"href":"https:\/\/www.callandplay.com\/pt\/wp-json\/wp\/v2\/product_cat?post=52709"},{"taxonomy":"product_tag","embeddable":true,"href":"https:\/\/www.callandplay.com\/pt\/wp-json\/wp\/v2\/product_tag?post=52709"}],"curies":[{"name":"wp","href":"https:\/\/api.w.org\/{rel}","templated":true}]}}