{"id":52731,"date":"2020-03-21T00:00:00","date_gmt":"2020-03-21T00:00:00","guid":{"rendered":"https:\/\/www.callandplay.com\/yamaha-dbr-10-powered-speaker\/"},"modified":"2026-04-16T20:45:49","modified_gmt":"2026-04-16T20:45:49","slug":"yamaha-dbr-10-powered-speaker","status":"publish","type":"product","link":"https:\/\/www.callandplay.com\/pt\/yamaha-dbr-10-powered-speaker\/","title":{"rendered":"YAMAHA DBR 10 POWERED SPEAKER"},"content":{"rendered":"<p>Altavoz autoamplificado de 2 v\u00edas, 10&#8243;. El DBR10 es el modelo m\u00e1s compacto de su serie y de su clase. Capaz de alcanzar una presi\u00f3n sonora (SPL) de 129 dB con su caja compacta, el DBR10 es un altavoz muy vers\u00e1til que se puede utilizar en muchos tipos de aplicaciones. Los altavoces autoamplificados de la serie DBR son, adem\u00e1s de muy vers\u00e1tiles, muy port\u00e1tiles, benefici\u00e1ndose de las mismas tecnolog\u00edas de vanguardia desarrolladas por Yamaha en procesamiento DSP, amplificadores y altavoces que ya fueron incorporadas a las l\u00edneas de productos profesionales de las series DSR y DXR. Y gracias a estas tecnolog\u00edas de \u00faltima generaci\u00f3n, ofrecen un sonido de alta resoluci\u00f3n a cualquier nivel de potencia. Optimizadas para utilizarse en aplicaciones de sonorizaci\u00f3n como altavoces principales del sistema, monitores de suelo o en instalaciones fijas. Para sonorizar una banda en directo, pinchar como DJ en una fiesta o microfonear las intervenciones habladas de un evento.<\/p>","protected":false},"excerpt":{"rendered":"<p>Altavoz autoamplificado de 2 v\u00edas, 10&#8243;. El DBR10 es el modelo m\u00e1s compacto de su serie y de su clase. Capaz de alcanzar una presi\u00f3n sonora (SPL) de 129 dB con su caja compacta, el DBR10 es un altavoz muy vers\u00e1til que se puede utilizar en muchos tipos de aplicaciones. Los altavoces autoamplificados de la serie DBR son, adem\u00e1s de muy vers\u00e1tiles, muy port\u00e1tiles, benefici\u00e1ndose de las mismas tecnolog\u00edas de vanguardia desarrolladas por Yamaha en procesamiento DSP, amplificadores y altavoces que ya fueron incorporadas a las l\u00edneas de productos profesionales de las series DSR y DXR. Y gracias a estas tecnolog\u00edas de \u00faltima generaci\u00f3n, ofrecen un sonido de alta resoluci\u00f3n a cualquier nivel de potencia. Optimizadas para utilizarse en aplicaciones de sonorizaci\u00f3n como altavoces principales del sistema, monitores de suelo o en instalaciones fijas. Para sonorizar una banda en directo, pinchar como DJ en una fiesta o microfonear las intervenciones habladas de un evento.<\/p>","protected":false},"featured_media":0,"comment_status":"closed","ping_status":"closed","template":"","meta":{"_acf_changed":false,"om_disable_all_campaigns":false,"_monsterinsights_skip_tracking":false,"_monsterinsights_sitenote_active":false,"_monsterinsights_sitenote_note":"","_monsterinsights_sitenote_category":0},"product_brand":[],"product_cat":[1206],"product_tag":[],"class_list":{"0":"post-52731","1":"product","2":"type-product","3":"status-publish","5":"product_cat-altavoces-autoamplificados","7":"first","8":"instock","9":"shipping-taxable","10":"purchasable","11":"product-type-simple"},"acf":[],"yoast_head":"<!-- This site is optimized with the Yoast SEO plugin v27.4 - https:\/\/yoast.com\/product\/yoast-seo-wordpress\/ -->\n<title>YAMAHA DBR 10 POWERED SPEAKER - Call&amp;Play<\/title>\n<meta name=\"robots\" content=\"index, follow, max-snippet:-1, max-image-preview:large, max-video-preview:-1\" \/>\n<link rel=\"canonical\" href=\"https:\/\/www.callandplay.com\/pt\/yamaha-dbr-10-powered-speaker\/\" \/>\n<meta property=\"og:locale\" content=\"pt_PT\" \/>\n<meta property=\"og:type\" content=\"article\" \/>\n<meta property=\"og:title\" content=\"YAMAHA DBR 10 POWERED SPEAKER - Call&amp;Play\" \/>\n<meta property=\"og:description\" content=\"Altavoz autoamplificado de 2 v\u00edas, 10&quot;. El DBR10 es el modelo m\u00e1s compacto de su serie y de su clase. Capaz de alcanzar una presi\u00f3n sonora (SPL) de 129 dB con su caja compacta, el DBR10 es un altavoz muy vers\u00e1til que se puede utilizar en muchos tipos de aplicaciones. Los altavoces autoamplificados de la serie DBR son, adem\u00e1s de muy vers\u00e1tiles, muy port\u00e1tiles, benefici\u00e1ndose de las mismas tecnolog\u00edas de vanguardia desarrolladas por Yamaha en procesamiento DSP, amplificadores y altavoces que ya fueron incorporadas a las l\u00edneas de productos profesionales de las series DSR y DXR. Y gracias a estas tecnolog\u00edas de \u00faltima generaci\u00f3n, ofrecen un sonido de alta resoluci\u00f3n a cualquier nivel de potencia. Optimizadas para utilizarse en aplicaciones de sonorizaci\u00f3n como altavoces principales del sistema, monitores de suelo o en instalaciones fijas. Para sonorizar una banda en directo, pinchar como DJ en una fiesta o microfonear las intervenciones habladas de un evento.\" \/>\n<meta property=\"og:url\" content=\"https:\/\/www.callandplay.com\/pt\/yamaha-dbr-10-powered-speaker\/\" \/>\n<meta property=\"og:site_name\" content=\"Call&amp;Play\" \/>\n<meta property=\"article:publisher\" content=\"https:\/\/www.facebook.com\/callandplay\" \/>\n<meta property=\"article:modified_time\" content=\"2026-04-16T20:45:49+00:00\" \/>\n<meta name=\"twitter:card\" content=\"summary_large_image\" \/>\n<meta name=\"twitter:label1\" content=\"Tempo estimado de leitura\" \/>\n\t<meta name=\"twitter:data1\" content=\"1 minuto\" \/>\n<script type=\"application\/ld+json\" class=\"yoast-schema-graph\">{\"@context\":\"https:\\\/\\\/schema.org\",\"@graph\":[{\"@type\":\"WebPage\",\"@id\":\"https:\\\/\\\/www.callandplay.com\\\/yamaha-dbr-10-powered-speaker\\\/\",\"url\":\"https:\\\/\\\/www.callandplay.com\\\/yamaha-dbr-10-powered-speaker\\\/\",\"name\":\"YAMAHA DBR 10 POWERED SPEAKER - Call&amp;Play\",\"isPartOf\":{\"@id\":\"https:\\\/\\\/www.callandplay.com\\\/#website\"},\"datePublished\":\"2020-03-21T00:00:00+00:00\",\"dateModified\":\"2026-04-16T20:45:49+00:00\",\"breadcrumb\":{\"@id\":\"https:\\\/\\\/www.callandplay.com\\\/yamaha-dbr-10-powered-speaker\\\/#breadcrumb\"},\"inLanguage\":\"pt-PT\",\"potentialAction\":[{\"@type\":\"ReadAction\",\"target\":[\"https:\\\/\\\/www.callandplay.com\\\/yamaha-dbr-10-powered-speaker\\\/\"]}]},{\"@type\":\"BreadcrumbList\",\"@id\":\"https:\\\/\\\/www.callandplay.com\\\/yamaha-dbr-10-powered-speaker\\\/#breadcrumb\",\"itemListElement\":[{\"@type\":\"ListItem\",\"position\":1,\"name\":\"Portada\",\"item\":\"https:\\\/\\\/www.callandplay.com\\\/\"},{\"@type\":\"ListItem\",\"position\":2,\"name\":\"Tienda\",\"item\":\"https:\\\/\\\/www.callandplay.com\\\/tienda\\\/\"},{\"@type\":\"ListItem\",\"position\":3,\"name\":\"YAMAHA DBR 10 POWERED SPEAKER\"}]},{\"@type\":\"WebSite\",\"@id\":\"https:\\\/\\\/www.callandplay.com\\\/#website\",\"url\":\"https:\\\/\\\/www.callandplay.com\\\/\",\"name\":\"Call&amp;Play\",\"description\":\"Alquiler de backline e instrumentos musicales\",\"publisher\":{\"@id\":\"https:\\\/\\\/www.callandplay.com\\\/#organization\"},\"potentialAction\":[{\"@type\":\"SearchAction\",\"target\":{\"@type\":\"EntryPoint\",\"urlTemplate\":\"https:\\\/\\\/www.callandplay.com\\\/?s={search_term_string}\"},\"query-input\":{\"@type\":\"PropertyValueSpecification\",\"valueRequired\":true,\"valueName\":\"search_term_string\"}}],\"inLanguage\":\"pt-PT\"},{\"@type\":\"Organization\",\"@id\":\"https:\\\/\\\/www.callandplay.com\\\/#organization\",\"name\":\"Call&Play\",\"url\":\"https:\\\/\\\/www.callandplay.com\\\/\",\"logo\":{\"@type\":\"ImageObject\",\"inLanguage\":\"pt-PT\",\"@id\":\"https:\\\/\\\/www.callandplay.com\\\/#\\\/schema\\\/logo\\\/image\\\/\",\"url\":\"https:\\\/\\\/www.callandplay.com\\\/wp-content\\\/uploads\\\/2021\\\/06\\\/cropped-cropped-logo-black_con_sombra.png\",\"contentUrl\":\"https:\\\/\\\/www.callandplay.com\\\/wp-content\\\/uploads\\\/2021\\\/06\\\/cropped-cropped-logo-black_con_sombra.png\",\"width\":512,\"height\":512,\"caption\":\"Call&Play\"},\"image\":{\"@id\":\"https:\\\/\\\/www.callandplay.com\\\/#\\\/schema\\\/logo\\\/image\\\/\"},\"sameAs\":[\"https:\\\/\\\/www.facebook.com\\\/callandplay\",\"https:\\\/\\\/www.instagram.com\\\/call_and_play\\\/\"]}]}<\/script>\n<!-- \/ Yoast SEO plugin. -->","yoast_head_json":{"title":"YAMAHA DBR 10 POWERED SPEAKER - Call&amp;Play","robots":{"index":"index","follow":"follow","max-snippet":"max-snippet:-1","max-image-preview":"max-image-preview:large","max-video-preview":"max-video-preview:-1"},"canonical":"https:\/\/www.callandplay.com\/pt\/yamaha-dbr-10-powered-speaker\/","og_locale":"pt_PT","og_type":"article","og_title":"YAMAHA DBR 10 POWERED SPEAKER - Call&amp;Play","og_description":"Altavoz autoamplificado de 2 v\u00edas, 10\". El DBR10 es el modelo m\u00e1s compacto de su serie y de su clase. Capaz de alcanzar una presi\u00f3n sonora (SPL) de 129 dB con su caja compacta, el DBR10 es un altavoz muy vers\u00e1til que se puede utilizar en muchos tipos de aplicaciones. Los altavoces autoamplificados de la serie DBR son, adem\u00e1s de muy vers\u00e1tiles, muy port\u00e1tiles, benefici\u00e1ndose de las mismas tecnolog\u00edas de vanguardia desarrolladas por Yamaha en procesamiento DSP, amplificadores y altavoces que ya fueron incorporadas a las l\u00edneas de productos profesionales de las series DSR y DXR. Y gracias a estas tecnolog\u00edas de \u00faltima generaci\u00f3n, ofrecen un sonido de alta resoluci\u00f3n a cualquier nivel de potencia. Optimizadas para utilizarse en aplicaciones de sonorizaci\u00f3n como altavoces principales del sistema, monitores de suelo o en instalaciones fijas. Para sonorizar una banda en directo, pinchar como DJ en una fiesta o microfonear las intervenciones habladas de un evento.","og_url":"https:\/\/www.callandplay.com\/pt\/yamaha-dbr-10-powered-speaker\/","og_site_name":"Call&amp;Play","article_publisher":"https:\/\/www.facebook.com\/callandplay","article_modified_time":"2026-04-16T20:45:49+00:00","twitter_card":"summary_large_image","twitter_misc":{"Tempo estimado de leitura":"1 minuto"},"schema":{"@context":"https:\/\/schema.org","@graph":[{"@type":"WebPage","@id":"https:\/\/www.callandplay.com\/yamaha-dbr-10-powered-speaker\/","url":"https:\/\/www.callandplay.com\/yamaha-dbr-10-powered-speaker\/","name":"YAMAHA DBR 10 POWERED SPEAKER - Call&amp;Play","isPartOf":{"@id":"https:\/\/www.callandplay.com\/#website"},"datePublished":"2020-03-21T00:00:00+00:00","dateModified":"2026-04-16T20:45:49+00:00","breadcrumb":{"@id":"https:\/\/www.callandplay.com\/yamaha-dbr-10-powered-speaker\/#breadcrumb"},"inLanguage":"pt-PT","potentialAction":[{"@type":"ReadAction","target":["https:\/\/www.callandplay.com\/yamaha-dbr-10-powered-speaker\/"]}]},{"@type":"BreadcrumbList","@id":"https:\/\/www.callandplay.com\/yamaha-dbr-10-powered-speaker\/#breadcrumb","itemListElement":[{"@type":"ListItem","position":1,"name":"Portada","item":"https:\/\/www.callandplay.com\/"},{"@type":"ListItem","position":2,"name":"Tienda","item":"https:\/\/www.callandplay.com\/tienda\/"},{"@type":"ListItem","position":3,"name":"YAMAHA DBR 10 POWERED SPEAKER"}]},{"@type":"WebSite","@id":"https:\/\/www.callandplay.com\/#website","url":"https:\/\/www.callandplay.com\/","name":"Call&amp;Play","description":"Alquiler de backline e instrumentos musicales","publisher":{"@id":"https:\/\/www.callandplay.com\/#organization"},"potentialAction":[{"@type":"SearchAction","target":{"@type":"EntryPoint","urlTemplate":"https:\/\/www.callandplay.com\/?s={search_term_string}"},"query-input":{"@type":"PropertyValueSpecification","valueRequired":true,"valueName":"search_term_string"}}],"inLanguage":"pt-PT"},{"@type":"Organization","@id":"https:\/\/www.callandplay.com\/#organization","name":"Call&Play","url":"https:\/\/www.callandplay.com\/","logo":{"@type":"ImageObject","inLanguage":"pt-PT","@id":"https:\/\/www.callandplay.com\/#\/schema\/logo\/image\/","url":"https:\/\/www.callandplay.com\/wp-content\/uploads\/2021\/06\/cropped-cropped-logo-black_con_sombra.png","contentUrl":"https:\/\/www.callandplay.com\/wp-content\/uploads\/2021\/06\/cropped-cropped-logo-black_con_sombra.png","width":512,"height":512,"caption":"Call&Play"},"image":{"@id":"https:\/\/www.callandplay.com\/#\/schema\/logo\/image\/"},"sameAs":["https:\/\/www.facebook.com\/callandplay","https:\/\/www.instagram.com\/call_and_play\/"]}]}},"_links":{"self":[{"href":"https:\/\/www.callandplay.com\/pt\/wp-json\/wp\/v2\/product\/52731","targetHints":{"allow":["GET"]}}],"collection":[{"href":"https:\/\/www.callandplay.com\/pt\/wp-json\/wp\/v2\/product"}],"about":[{"href":"https:\/\/www.callandplay.com\/pt\/wp-json\/wp\/v2\/types\/product"}],"replies":[{"embeddable":true,"href":"https:\/\/www.callandplay.com\/pt\/wp-json\/wp\/v2\/comments?post=52731"}],"version-history":[{"count":1,"href":"https:\/\/www.callandplay.com\/pt\/wp-json\/wp\/v2\/product\/52731\/revisions"}],"predecessor-version":[{"id":55541,"href":"https:\/\/www.callandplay.com\/pt\/wp-json\/wp\/v2\/product\/52731\/revisions\/55541"}],"wp:attachment":[{"href":"https:\/\/www.callandplay.com\/pt\/wp-json\/wp\/v2\/media?parent=52731"}],"wp:term":[{"taxonomy":"product_brand","embeddable":true,"href":"https:\/\/www.callandplay.com\/pt\/wp-json\/wp\/v2\/product_brand?post=52731"},{"taxonomy":"product_cat","embeddable":true,"href":"https:\/\/www.callandplay.com\/pt\/wp-json\/wp\/v2\/product_cat?post=52731"},{"taxonomy":"product_tag","embeddable":true,"href":"https:\/\/www.callandplay.com\/pt\/wp-json\/wp\/v2\/product_tag?post=52731"}],"curies":[{"name":"wp","href":"https:\/\/api.w.org\/{rel}","templated":true}]}}