{"id":52810,"date":"2020-04-19T00:00:00","date_gmt":"2020-04-19T00:00:00","guid":{"rendered":"https:\/\/www.callandplay.com\/mackie-1642-vlz-4\/"},"modified":"2026-04-15T20:54:04","modified_gmt":"2026-04-15T20:54:04","slug":"mackie-1642-vlz-4","status":"publish","type":"product","link":"https:\/\/www.callandplay.com\/pt\/mackie-1642-vlz-4\/","title":{"rendered":"MACKIE 1642 VLZ 4"},"content":{"rendered":"<p>Mezclador Mackie 1642VLZ4 de 16 canales, con los previos insignia de Mackie Onyx. 10 previos de micro Onyx. Rechazo RF mejorado, perfecto para aplicaciones broadcast. Alimentaci\u00f3n Phantom<br \/>\npara micr\u00f3fonos de condensador. 16 entradas de l\u00ednea de alto umbral con control de operaci\u00f3n +4\/ -10. EQ de 3 bandas (80 Hz, 2,5kHz, 12 kHz). AUX, nivel, Pan y PFL Solo en cada canal. Faders de 60mm. 4 retornos est\u00e9reo para conectar unidades de efectos u otras fuentes est\u00e9reo.<\/p>","protected":false},"excerpt":{"rendered":"<p>Mezclador Mackie 1642VLZ4 de 16 canales, con los previos insignia de Mackie Onyx. 10 previos de micro Onyx. Rechazo RF mejorado, perfecto para aplicaciones broadcast. Alimentaci\u00f3n Phantom<br \/>\npara micr\u00f3fonos de condensador. 16 entradas de l\u00ednea de alto umbral con control de operaci\u00f3n +4\/ -10. EQ de 3 bandas (80 Hz, 2,5kHz, 12 kHz). AUX, nivel, Pan y PFL Solo en cada canal. Faders de 60mm. 4 retornos est\u00e9reo para conectar unidades de efectos u otras fuentes est\u00e9reo.<\/p>","protected":false},"featured_media":0,"comment_status":"closed","ping_status":"closed","template":"","meta":{"_acf_changed":false,"om_disable_all_campaigns":false,"_monsterinsights_skip_tracking":false,"_monsterinsights_sitenote_active":false,"_monsterinsights_sitenote_note":"","_monsterinsights_sitenote_category":0},"product_brand":[],"product_cat":[1227],"product_tag":[],"class_list":{"0":"post-52810","1":"product","2":"type-product","3":"status-publish","5":"product_cat-mesas-mezcla-analogicas-sin-efectos","7":"first","8":"instock","9":"shipping-taxable","10":"purchasable","11":"product-type-simple"},"acf":[],"yoast_head":"<!-- This site is optimized with the Yoast SEO plugin v27.3 - https:\/\/yoast.com\/product\/yoast-seo-wordpress\/ -->\n<title>MACKIE 1642 VLZ 4 - Call&amp;Play<\/title>\n<meta name=\"robots\" content=\"index, follow, max-snippet:-1, max-image-preview:large, max-video-preview:-1\" \/>\n<link rel=\"canonical\" href=\"https:\/\/www.callandplay.com\/pt\/mackie-1642-vlz-4\/\" \/>\n<meta property=\"og:locale\" content=\"pt_PT\" \/>\n<meta property=\"og:type\" content=\"article\" \/>\n<meta property=\"og:title\" content=\"MACKIE 1642 VLZ 4 - Call&amp;Play\" \/>\n<meta property=\"og:description\" content=\"Mezclador Mackie 1642VLZ4 de 16 canales, con los previos insignia de Mackie Onyx. 10 previos de micro Onyx. Rechazo RF mejorado, perfecto para aplicaciones broadcast. Alimentaci\u00f3n Phantom para micr\u00f3fonos de condensador. 16 entradas de l\u00ednea de alto umbral con control de operaci\u00f3n +4\/ -10. EQ de 3 bandas (80 Hz, 2,5kHz, 12 kHz). AUX, nivel, Pan y PFL Solo en cada canal. Faders de 60mm. 4 retornos est\u00e9reo para conectar unidades de efectos u otras fuentes est\u00e9reo.\" \/>\n<meta property=\"og:url\" content=\"https:\/\/www.callandplay.com\/pt\/mackie-1642-vlz-4\/\" \/>\n<meta property=\"og:site_name\" content=\"Call&amp;Play\" \/>\n<meta property=\"article:publisher\" content=\"https:\/\/www.facebook.com\/callandplay\" \/>\n<meta property=\"article:modified_time\" content=\"2026-04-15T20:54:04+00:00\" \/>\n<meta name=\"twitter:card\" content=\"summary_large_image\" \/>\n<script type=\"application\/ld+json\" class=\"yoast-schema-graph\">{\"@context\":\"https:\\\/\\\/schema.org\",\"@graph\":[{\"@type\":\"WebPage\",\"@id\":\"https:\\\/\\\/www.callandplay.com\\\/mackie-1642-vlz-4\\\/\",\"url\":\"https:\\\/\\\/www.callandplay.com\\\/mackie-1642-vlz-4\\\/\",\"name\":\"MACKIE 1642 VLZ 4 - Call&amp;Play\",\"isPartOf\":{\"@id\":\"https:\\\/\\\/www.callandplay.com\\\/#website\"},\"datePublished\":\"2020-04-19T00:00:00+00:00\",\"dateModified\":\"2026-04-15T20:54:04+00:00\",\"breadcrumb\":{\"@id\":\"https:\\\/\\\/www.callandplay.com\\\/mackie-1642-vlz-4\\\/#breadcrumb\"},\"inLanguage\":\"pt-PT\",\"potentialAction\":[{\"@type\":\"ReadAction\",\"target\":[\"https:\\\/\\\/www.callandplay.com\\\/mackie-1642-vlz-4\\\/\"]}]},{\"@type\":\"BreadcrumbList\",\"@id\":\"https:\\\/\\\/www.callandplay.com\\\/mackie-1642-vlz-4\\\/#breadcrumb\",\"itemListElement\":[{\"@type\":\"ListItem\",\"position\":1,\"name\":\"Portada\",\"item\":\"https:\\\/\\\/www.callandplay.com\\\/\"},{\"@type\":\"ListItem\",\"position\":2,\"name\":\"Tienda\",\"item\":\"https:\\\/\\\/www.callandplay.com\\\/tienda\\\/\"},{\"@type\":\"ListItem\",\"position\":3,\"name\":\"MACKIE 1642 VLZ 4\"}]},{\"@type\":\"WebSite\",\"@id\":\"https:\\\/\\\/www.callandplay.com\\\/#website\",\"url\":\"https:\\\/\\\/www.callandplay.com\\\/\",\"name\":\"Call&amp;Play\",\"description\":\"Alquiler de backline e instrumentos musicales\",\"publisher\":{\"@id\":\"https:\\\/\\\/www.callandplay.com\\\/#organization\"},\"potentialAction\":[{\"@type\":\"SearchAction\",\"target\":{\"@type\":\"EntryPoint\",\"urlTemplate\":\"https:\\\/\\\/www.callandplay.com\\\/?s={search_term_string}\"},\"query-input\":{\"@type\":\"PropertyValueSpecification\",\"valueRequired\":true,\"valueName\":\"search_term_string\"}}],\"inLanguage\":\"pt-PT\"},{\"@type\":\"Organization\",\"@id\":\"https:\\\/\\\/www.callandplay.com\\\/#organization\",\"name\":\"Call&Play\",\"url\":\"https:\\\/\\\/www.callandplay.com\\\/\",\"logo\":{\"@type\":\"ImageObject\",\"inLanguage\":\"pt-PT\",\"@id\":\"https:\\\/\\\/www.callandplay.com\\\/#\\\/schema\\\/logo\\\/image\\\/\",\"url\":\"https:\\\/\\\/www.callandplay.com\\\/wp-content\\\/uploads\\\/2021\\\/06\\\/cropped-cropped-logo-black_con_sombra.png\",\"contentUrl\":\"https:\\\/\\\/www.callandplay.com\\\/wp-content\\\/uploads\\\/2021\\\/06\\\/cropped-cropped-logo-black_con_sombra.png\",\"width\":512,\"height\":512,\"caption\":\"Call&Play\"},\"image\":{\"@id\":\"https:\\\/\\\/www.callandplay.com\\\/#\\\/schema\\\/logo\\\/image\\\/\"},\"sameAs\":[\"https:\\\/\\\/www.facebook.com\\\/callandplay\",\"https:\\\/\\\/www.instagram.com\\\/call_and_play\\\/\"]}]}<\/script>\n<!-- \/ Yoast SEO plugin. -->","yoast_head_json":{"title":"MACKIE 1642 VLZ 4 - Call&amp;Play","robots":{"index":"index","follow":"follow","max-snippet":"max-snippet:-1","max-image-preview":"max-image-preview:large","max-video-preview":"max-video-preview:-1"},"canonical":"https:\/\/www.callandplay.com\/pt\/mackie-1642-vlz-4\/","og_locale":"pt_PT","og_type":"article","og_title":"MACKIE 1642 VLZ 4 - Call&amp;Play","og_description":"Mezclador Mackie 1642VLZ4 de 16 canales, con los previos insignia de Mackie Onyx. 10 previos de micro Onyx. Rechazo RF mejorado, perfecto para aplicaciones broadcast. Alimentaci\u00f3n Phantom para micr\u00f3fonos de condensador. 16 entradas de l\u00ednea de alto umbral con control de operaci\u00f3n +4\/ -10. EQ de 3 bandas (80 Hz, 2,5kHz, 12 kHz). AUX, nivel, Pan y PFL Solo en cada canal. Faders de 60mm. 4 retornos est\u00e9reo para conectar unidades de efectos u otras fuentes est\u00e9reo.","og_url":"https:\/\/www.callandplay.com\/pt\/mackie-1642-vlz-4\/","og_site_name":"Call&amp;Play","article_publisher":"https:\/\/www.facebook.com\/callandplay","article_modified_time":"2026-04-15T20:54:04+00:00","twitter_card":"summary_large_image","schema":{"@context":"https:\/\/schema.org","@graph":[{"@type":"WebPage","@id":"https:\/\/www.callandplay.com\/mackie-1642-vlz-4\/","url":"https:\/\/www.callandplay.com\/mackie-1642-vlz-4\/","name":"MACKIE 1642 VLZ 4 - Call&amp;Play","isPartOf":{"@id":"https:\/\/www.callandplay.com\/#website"},"datePublished":"2020-04-19T00:00:00+00:00","dateModified":"2026-04-15T20:54:04+00:00","breadcrumb":{"@id":"https:\/\/www.callandplay.com\/mackie-1642-vlz-4\/#breadcrumb"},"inLanguage":"pt-PT","potentialAction":[{"@type":"ReadAction","target":["https:\/\/www.callandplay.com\/mackie-1642-vlz-4\/"]}]},{"@type":"BreadcrumbList","@id":"https:\/\/www.callandplay.com\/mackie-1642-vlz-4\/#breadcrumb","itemListElement":[{"@type":"ListItem","position":1,"name":"Portada","item":"https:\/\/www.callandplay.com\/"},{"@type":"ListItem","position":2,"name":"Tienda","item":"https:\/\/www.callandplay.com\/tienda\/"},{"@type":"ListItem","position":3,"name":"MACKIE 1642 VLZ 4"}]},{"@type":"WebSite","@id":"https:\/\/www.callandplay.com\/#website","url":"https:\/\/www.callandplay.com\/","name":"Call&amp;Play","description":"Alquiler de backline e instrumentos musicales","publisher":{"@id":"https:\/\/www.callandplay.com\/#organization"},"potentialAction":[{"@type":"SearchAction","target":{"@type":"EntryPoint","urlTemplate":"https:\/\/www.callandplay.com\/?s={search_term_string}"},"query-input":{"@type":"PropertyValueSpecification","valueRequired":true,"valueName":"search_term_string"}}],"inLanguage":"pt-PT"},{"@type":"Organization","@id":"https:\/\/www.callandplay.com\/#organization","name":"Call&Play","url":"https:\/\/www.callandplay.com\/","logo":{"@type":"ImageObject","inLanguage":"pt-PT","@id":"https:\/\/www.callandplay.com\/#\/schema\/logo\/image\/","url":"https:\/\/www.callandplay.com\/wp-content\/uploads\/2021\/06\/cropped-cropped-logo-black_con_sombra.png","contentUrl":"https:\/\/www.callandplay.com\/wp-content\/uploads\/2021\/06\/cropped-cropped-logo-black_con_sombra.png","width":512,"height":512,"caption":"Call&Play"},"image":{"@id":"https:\/\/www.callandplay.com\/#\/schema\/logo\/image\/"},"sameAs":["https:\/\/www.facebook.com\/callandplay","https:\/\/www.instagram.com\/call_and_play\/"]}]}},"_links":{"self":[{"href":"https:\/\/www.callandplay.com\/pt\/wp-json\/wp\/v2\/product\/52810","targetHints":{"allow":["GET"]}}],"collection":[{"href":"https:\/\/www.callandplay.com\/pt\/wp-json\/wp\/v2\/product"}],"about":[{"href":"https:\/\/www.callandplay.com\/pt\/wp-json\/wp\/v2\/types\/product"}],"replies":[{"embeddable":true,"href":"https:\/\/www.callandplay.com\/pt\/wp-json\/wp\/v2\/comments?post=52810"}],"version-history":[{"count":1,"href":"https:\/\/www.callandplay.com\/pt\/wp-json\/wp\/v2\/product\/52810\/revisions"}],"predecessor-version":[{"id":55620,"href":"https:\/\/www.callandplay.com\/pt\/wp-json\/wp\/v2\/product\/52810\/revisions\/55620"}],"wp:attachment":[{"href":"https:\/\/www.callandplay.com\/pt\/wp-json\/wp\/v2\/media?parent=52810"}],"wp:term":[{"taxonomy":"product_brand","embeddable":true,"href":"https:\/\/www.callandplay.com\/pt\/wp-json\/wp\/v2\/product_brand?post=52810"},{"taxonomy":"product_cat","embeddable":true,"href":"https:\/\/www.callandplay.com\/pt\/wp-json\/wp\/v2\/product_cat?post=52810"},{"taxonomy":"product_tag","embeddable":true,"href":"https:\/\/www.callandplay.com\/pt\/wp-json\/wp\/v2\/product_tag?post=52810"}],"curies":[{"name":"wp","href":"https:\/\/api.w.org\/{rel}","templated":true}]}}