{"id":52856,"date":"2026-02-22T00:00:00","date_gmt":"2026-02-22T00:00:00","guid":{"rendered":"https:\/\/www.callandplay.com\/roland-gp609-digital-grand-piano-white\/"},"modified":"2026-04-15T20:54:06","modified_gmt":"2026-04-15T20:54:06","slug":"roland-gp609-digital-grand-piano-white","status":"publish","type":"product","link":"https:\/\/www.callandplay.com\/pt\/roland-gp609-digital-grand-piano-white\/","title":{"rendered":"ROLAND GP609 DIGITAL GRAND PIANO WHITE"},"content":{"rendered":"<p>Con l\u00edneas cl\u00e1sicas y un cuerpo de piano de cola compacto, este nuevo instrumento digital incluye la prestigiosa tecnolog\u00eda SuperNATURAL Piano Modeling de Roland, que replica \u00edntegramente el proceso de creaci\u00f3n sonora de un piano ac\u00fastico, produciendo un sonido rico y complejo. Este lujoso instrumento ofrece a cualquier tipo de usuario una experiencia de piano de cola sublime, combinando tecnolog\u00eda avanzada y sensaciones interpretativas aut\u00e9nticas con un dise\u00f1o de mueble de piano de cola cl\u00e1sico.<\/p>","protected":false},"excerpt":{"rendered":"<p>Con l\u00edneas cl\u00e1sicas y un cuerpo de piano de cola compacto, este nuevo instrumento digital incluye la prestigiosa tecnolog\u00eda SuperNATURAL Piano Modeling de Roland, que replica \u00edntegramente el proceso de creaci\u00f3n sonora de un piano ac\u00fastico, produciendo un sonido rico y complejo. Este lujoso instrumento ofrece a cualquier tipo de usuario una experiencia de piano de cola sublime, combinando tecnolog\u00eda avanzada y sensaciones interpretativas aut\u00e9nticas con un dise\u00f1o de mueble de piano de cola cl\u00e1sico.<\/p>","protected":false},"featured_media":0,"comment_status":"closed","ping_status":"closed","template":"","meta":{"_acf_changed":false,"om_disable_all_campaigns":false,"_monsterinsights_skip_tracking":false,"_monsterinsights_sitenote_active":false,"_monsterinsights_sitenote_note":"","_monsterinsights_sitenote_category":0},"product_brand":[],"product_cat":[859],"product_tag":[],"class_list":{"0":"post-52856","1":"product","2":"type-product","3":"status-publish","5":"product_cat-pianos-digitales-de-concierto","7":"first","8":"instock","9":"shipping-taxable","10":"purchasable","11":"product-type-simple"},"acf":[],"yoast_head":"<!-- This site is optimized with the Yoast SEO plugin v27.3 - https:\/\/yoast.com\/product\/yoast-seo-wordpress\/ -->\n<title>ROLAND GP609 DIGITAL GRAND PIANO WHITE - Call&amp;Play<\/title>\n<meta name=\"robots\" content=\"index, follow, max-snippet:-1, max-image-preview:large, max-video-preview:-1\" \/>\n<link rel=\"canonical\" href=\"https:\/\/www.callandplay.com\/pt\/roland-gp609-digital-grand-piano-white\/\" \/>\n<meta property=\"og:locale\" content=\"pt_PT\" \/>\n<meta property=\"og:type\" content=\"article\" \/>\n<meta property=\"og:title\" content=\"ROLAND GP609 DIGITAL GRAND PIANO WHITE - Call&amp;Play\" \/>\n<meta property=\"og:description\" content=\"Con l\u00edneas cl\u00e1sicas y un cuerpo de piano de cola compacto, este nuevo instrumento digital incluye la prestigiosa tecnolog\u00eda SuperNATURAL Piano Modeling de Roland, que replica \u00edntegramente el proceso de creaci\u00f3n sonora de un piano ac\u00fastico, produciendo un sonido rico y complejo. Este lujoso instrumento ofrece a cualquier tipo de usuario una experiencia de piano de cola sublime, combinando tecnolog\u00eda avanzada y sensaciones interpretativas aut\u00e9nticas con un dise\u00f1o de mueble de piano de cola cl\u00e1sico.\" \/>\n<meta property=\"og:url\" content=\"https:\/\/www.callandplay.com\/pt\/roland-gp609-digital-grand-piano-white\/\" \/>\n<meta property=\"og:site_name\" content=\"Call&amp;Play\" \/>\n<meta property=\"article:publisher\" content=\"https:\/\/www.facebook.com\/callandplay\" \/>\n<meta property=\"article:modified_time\" content=\"2026-04-15T20:54:06+00:00\" \/>\n<meta name=\"twitter:card\" content=\"summary_large_image\" \/>\n<script type=\"application\/ld+json\" class=\"yoast-schema-graph\">{\"@context\":\"https:\\\/\\\/schema.org\",\"@graph\":[{\"@type\":\"WebPage\",\"@id\":\"https:\\\/\\\/www.callandplay.com\\\/roland-gp609-digital-grand-piano-white\\\/\",\"url\":\"https:\\\/\\\/www.callandplay.com\\\/roland-gp609-digital-grand-piano-white\\\/\",\"name\":\"ROLAND GP609 DIGITAL GRAND PIANO WHITE - Call&amp;Play\",\"isPartOf\":{\"@id\":\"https:\\\/\\\/www.callandplay.com\\\/#website\"},\"datePublished\":\"2026-02-22T00:00:00+00:00\",\"dateModified\":\"2026-04-15T20:54:06+00:00\",\"breadcrumb\":{\"@id\":\"https:\\\/\\\/www.callandplay.com\\\/roland-gp609-digital-grand-piano-white\\\/#breadcrumb\"},\"inLanguage\":\"pt-PT\",\"potentialAction\":[{\"@type\":\"ReadAction\",\"target\":[\"https:\\\/\\\/www.callandplay.com\\\/roland-gp609-digital-grand-piano-white\\\/\"]}]},{\"@type\":\"BreadcrumbList\",\"@id\":\"https:\\\/\\\/www.callandplay.com\\\/roland-gp609-digital-grand-piano-white\\\/#breadcrumb\",\"itemListElement\":[{\"@type\":\"ListItem\",\"position\":1,\"name\":\"Portada\",\"item\":\"https:\\\/\\\/www.callandplay.com\\\/\"},{\"@type\":\"ListItem\",\"position\":2,\"name\":\"Tienda\",\"item\":\"https:\\\/\\\/www.callandplay.com\\\/tienda\\\/\"},{\"@type\":\"ListItem\",\"position\":3,\"name\":\"ROLAND GP609 DIGITAL GRAND PIANO WHITE\"}]},{\"@type\":\"WebSite\",\"@id\":\"https:\\\/\\\/www.callandplay.com\\\/#website\",\"url\":\"https:\\\/\\\/www.callandplay.com\\\/\",\"name\":\"Call&amp;Play\",\"description\":\"Alquiler de backline e instrumentos musicales\",\"publisher\":{\"@id\":\"https:\\\/\\\/www.callandplay.com\\\/#organization\"},\"potentialAction\":[{\"@type\":\"SearchAction\",\"target\":{\"@type\":\"EntryPoint\",\"urlTemplate\":\"https:\\\/\\\/www.callandplay.com\\\/?s={search_term_string}\"},\"query-input\":{\"@type\":\"PropertyValueSpecification\",\"valueRequired\":true,\"valueName\":\"search_term_string\"}}],\"inLanguage\":\"pt-PT\"},{\"@type\":\"Organization\",\"@id\":\"https:\\\/\\\/www.callandplay.com\\\/#organization\",\"name\":\"Call&Play\",\"url\":\"https:\\\/\\\/www.callandplay.com\\\/\",\"logo\":{\"@type\":\"ImageObject\",\"inLanguage\":\"pt-PT\",\"@id\":\"https:\\\/\\\/www.callandplay.com\\\/#\\\/schema\\\/logo\\\/image\\\/\",\"url\":\"https:\\\/\\\/www.callandplay.com\\\/wp-content\\\/uploads\\\/2021\\\/06\\\/cropped-cropped-logo-black_con_sombra.png\",\"contentUrl\":\"https:\\\/\\\/www.callandplay.com\\\/wp-content\\\/uploads\\\/2021\\\/06\\\/cropped-cropped-logo-black_con_sombra.png\",\"width\":512,\"height\":512,\"caption\":\"Call&Play\"},\"image\":{\"@id\":\"https:\\\/\\\/www.callandplay.com\\\/#\\\/schema\\\/logo\\\/image\\\/\"},\"sameAs\":[\"https:\\\/\\\/www.facebook.com\\\/callandplay\",\"https:\\\/\\\/www.instagram.com\\\/call_and_play\\\/\"]}]}<\/script>\n<!-- \/ Yoast SEO plugin. -->","yoast_head_json":{"title":"ROLAND GP609 DIGITAL GRAND PIANO WHITE - Call&amp;Play","robots":{"index":"index","follow":"follow","max-snippet":"max-snippet:-1","max-image-preview":"max-image-preview:large","max-video-preview":"max-video-preview:-1"},"canonical":"https:\/\/www.callandplay.com\/pt\/roland-gp609-digital-grand-piano-white\/","og_locale":"pt_PT","og_type":"article","og_title":"ROLAND GP609 DIGITAL GRAND PIANO WHITE - Call&amp;Play","og_description":"Con l\u00edneas cl\u00e1sicas y un cuerpo de piano de cola compacto, este nuevo instrumento digital incluye la prestigiosa tecnolog\u00eda SuperNATURAL Piano Modeling de Roland, que replica \u00edntegramente el proceso de creaci\u00f3n sonora de un piano ac\u00fastico, produciendo un sonido rico y complejo. Este lujoso instrumento ofrece a cualquier tipo de usuario una experiencia de piano de cola sublime, combinando tecnolog\u00eda avanzada y sensaciones interpretativas aut\u00e9nticas con un dise\u00f1o de mueble de piano de cola cl\u00e1sico.","og_url":"https:\/\/www.callandplay.com\/pt\/roland-gp609-digital-grand-piano-white\/","og_site_name":"Call&amp;Play","article_publisher":"https:\/\/www.facebook.com\/callandplay","article_modified_time":"2026-04-15T20:54:06+00:00","twitter_card":"summary_large_image","schema":{"@context":"https:\/\/schema.org","@graph":[{"@type":"WebPage","@id":"https:\/\/www.callandplay.com\/roland-gp609-digital-grand-piano-white\/","url":"https:\/\/www.callandplay.com\/roland-gp609-digital-grand-piano-white\/","name":"ROLAND GP609 DIGITAL GRAND PIANO WHITE - Call&amp;Play","isPartOf":{"@id":"https:\/\/www.callandplay.com\/#website"},"datePublished":"2026-02-22T00:00:00+00:00","dateModified":"2026-04-15T20:54:06+00:00","breadcrumb":{"@id":"https:\/\/www.callandplay.com\/roland-gp609-digital-grand-piano-white\/#breadcrumb"},"inLanguage":"pt-PT","potentialAction":[{"@type":"ReadAction","target":["https:\/\/www.callandplay.com\/roland-gp609-digital-grand-piano-white\/"]}]},{"@type":"BreadcrumbList","@id":"https:\/\/www.callandplay.com\/roland-gp609-digital-grand-piano-white\/#breadcrumb","itemListElement":[{"@type":"ListItem","position":1,"name":"Portada","item":"https:\/\/www.callandplay.com\/"},{"@type":"ListItem","position":2,"name":"Tienda","item":"https:\/\/www.callandplay.com\/tienda\/"},{"@type":"ListItem","position":3,"name":"ROLAND GP609 DIGITAL GRAND PIANO WHITE"}]},{"@type":"WebSite","@id":"https:\/\/www.callandplay.com\/#website","url":"https:\/\/www.callandplay.com\/","name":"Call&amp;Play","description":"Alquiler de backline e instrumentos musicales","publisher":{"@id":"https:\/\/www.callandplay.com\/#organization"},"potentialAction":[{"@type":"SearchAction","target":{"@type":"EntryPoint","urlTemplate":"https:\/\/www.callandplay.com\/?s={search_term_string}"},"query-input":{"@type":"PropertyValueSpecification","valueRequired":true,"valueName":"search_term_string"}}],"inLanguage":"pt-PT"},{"@type":"Organization","@id":"https:\/\/www.callandplay.com\/#organization","name":"Call&Play","url":"https:\/\/www.callandplay.com\/","logo":{"@type":"ImageObject","inLanguage":"pt-PT","@id":"https:\/\/www.callandplay.com\/#\/schema\/logo\/image\/","url":"https:\/\/www.callandplay.com\/wp-content\/uploads\/2021\/06\/cropped-cropped-logo-black_con_sombra.png","contentUrl":"https:\/\/www.callandplay.com\/wp-content\/uploads\/2021\/06\/cropped-cropped-logo-black_con_sombra.png","width":512,"height":512,"caption":"Call&Play"},"image":{"@id":"https:\/\/www.callandplay.com\/#\/schema\/logo\/image\/"},"sameAs":["https:\/\/www.facebook.com\/callandplay","https:\/\/www.instagram.com\/call_and_play\/"]}]}},"_links":{"self":[{"href":"https:\/\/www.callandplay.com\/pt\/wp-json\/wp\/v2\/product\/52856","targetHints":{"allow":["GET"]}}],"collection":[{"href":"https:\/\/www.callandplay.com\/pt\/wp-json\/wp\/v2\/product"}],"about":[{"href":"https:\/\/www.callandplay.com\/pt\/wp-json\/wp\/v2\/types\/product"}],"replies":[{"embeddable":true,"href":"https:\/\/www.callandplay.com\/pt\/wp-json\/wp\/v2\/comments?post=52856"}],"version-history":[{"count":1,"href":"https:\/\/www.callandplay.com\/pt\/wp-json\/wp\/v2\/product\/52856\/revisions"}],"predecessor-version":[{"id":55666,"href":"https:\/\/www.callandplay.com\/pt\/wp-json\/wp\/v2\/product\/52856\/revisions\/55666"}],"wp:attachment":[{"href":"https:\/\/www.callandplay.com\/pt\/wp-json\/wp\/v2\/media?parent=52856"}],"wp:term":[{"taxonomy":"product_brand","embeddable":true,"href":"https:\/\/www.callandplay.com\/pt\/wp-json\/wp\/v2\/product_brand?post=52856"},{"taxonomy":"product_cat","embeddable":true,"href":"https:\/\/www.callandplay.com\/pt\/wp-json\/wp\/v2\/product_cat?post=52856"},{"taxonomy":"product_tag","embeddable":true,"href":"https:\/\/www.callandplay.com\/pt\/wp-json\/wp\/v2\/product_tag?post=52856"}],"curies":[{"name":"wp","href":"https:\/\/api.w.org\/{rel}","templated":true}]}}