{"id":52864,"date":"2024-03-01T00:00:00","date_gmt":"2024-03-01T00:00:00","guid":{"rendered":"https:\/\/www.callandplay.com\/fractal-axe-fxiii\/"},"modified":"2026-04-15T20:54:06","modified_gmt":"2026-04-15T20:54:06","slug":"fractal-axe-fxiii","status":"publish","type":"product","link":"https:\/\/www.callandplay.com\/pt\/fractal-axe-fxiii\/","title":{"rendered":"FRACTAL AXE FXIII"},"content":{"rendered":"<p>El Axe-Fx III es un preamp digital avanzado y un procesados multi-efectos para guitarra, bajo y otros instrumentos musicales. Continuando la evoluci\u00f3n de los anteriores Axe, wl FXIII les supera ampliamente en cuanto a potencia y prestaciones en general. El motor principal est\u00e1 compuesto por dos procesadores de se\u00f1al digital (DSP) \u201cKeystone\u201d de punto flotante de 1.0 GHz, con 4Gb de memoria PC1600 DDR3 extremadamente r\u00e1pida, cientos de Mb de memoria FLASH, un FPGA patentado y un amplio conjunto de perif\u00e9ricos. La impresionante pantalla a color est\u00e1 controlada por un procesador de gr\u00e1ficos dedicado, mientras que el tr\u00e1fico USB y las tareas de interfaz del usuario son manejados por un microcontrolador de 500 MHz, 16-core que proporciona un funcionamiento sin problemas y un rendimiento USB robusto. 8&#215;8 canales USB.<\/p>","protected":false},"excerpt":{"rendered":"<p>El Axe-Fx III es un preamp digital avanzado y un procesados multi-efectos para guitarra, bajo y otros instrumentos musicales. Continuando la evoluci\u00f3n de los anteriores Axe, wl FXIII les supera ampliamente en cuanto a potencia y prestaciones en general. El motor principal est\u00e1 compuesto por dos procesadores de se\u00f1al digital (DSP) \u201cKeystone\u201d de punto flotante de 1.0 GHz, con 4Gb de memoria PC1600 DDR3 extremadamente r\u00e1pida, cientos de Mb de memoria FLASH, un FPGA patentado y un amplio conjunto de perif\u00e9ricos. La impresionante pantalla a color est\u00e1 controlada por un procesador de gr\u00e1ficos dedicado, mientras que el tr\u00e1fico USB y las tareas de interfaz del usuario son manejados por un microcontrolador de 500 MHz, 16-core que proporciona un funcionamiento sin problemas y un rendimiento USB robusto. 8&#215;8 canales USB.<\/p>","protected":false},"featured_media":0,"comment_status":"closed","ping_status":"closed","template":"","meta":{"_acf_changed":false,"om_disable_all_campaigns":false,"_monsterinsights_skip_tracking":false,"_monsterinsights_sitenote_active":false,"_monsterinsights_sitenote_note":"","_monsterinsights_sitenote_category":0},"product_brand":[],"product_cat":[1047],"product_tag":[],"class_list":{"0":"post-52864","1":"product","2":"type-product","3":"status-publish","5":"product_cat-cabezales-guitarra-electrica","7":"first","8":"instock","9":"shipping-taxable","10":"purchasable","11":"product-type-simple"},"acf":[],"yoast_head":"<!-- This site is optimized with the Yoast SEO plugin v27.4 - https:\/\/yoast.com\/product\/yoast-seo-wordpress\/ -->\n<title>FRACTAL AXE FXIII - Call&amp;Play<\/title>\n<meta name=\"robots\" content=\"index, follow, max-snippet:-1, max-image-preview:large, max-video-preview:-1\" \/>\n<link rel=\"canonical\" href=\"https:\/\/www.callandplay.com\/pt\/fractal-axe-fxiii\/\" \/>\n<meta property=\"og:locale\" content=\"pt_PT\" \/>\n<meta property=\"og:type\" content=\"article\" \/>\n<meta property=\"og:title\" content=\"FRACTAL AXE FXIII - Call&amp;Play\" \/>\n<meta property=\"og:description\" content=\"El Axe-Fx III es un preamp digital avanzado y un procesados multi-efectos para guitarra, bajo y otros instrumentos musicales. Continuando la evoluci\u00f3n de los anteriores Axe, wl FXIII les supera ampliamente en cuanto a potencia y prestaciones en general. El motor principal est\u00e1 compuesto por dos procesadores de se\u00f1al digital (DSP) \u201cKeystone\u201d de punto flotante de 1.0 GHz, con 4Gb de memoria PC1600 DDR3 extremadamente r\u00e1pida, cientos de Mb de memoria FLASH, un FPGA patentado y un amplio conjunto de perif\u00e9ricos. La impresionante pantalla a color est\u00e1 controlada por un procesador de gr\u00e1ficos dedicado, mientras que el tr\u00e1fico USB y las tareas de interfaz del usuario son manejados por un microcontrolador de 500 MHz, 16-core que proporciona un funcionamiento sin problemas y un rendimiento USB robusto. 8x8 canales USB.\" \/>\n<meta property=\"og:url\" content=\"https:\/\/www.callandplay.com\/pt\/fractal-axe-fxiii\/\" \/>\n<meta property=\"og:site_name\" content=\"Call&amp;Play\" \/>\n<meta property=\"article:publisher\" content=\"https:\/\/www.facebook.com\/callandplay\" \/>\n<meta property=\"article:modified_time\" content=\"2026-04-15T20:54:06+00:00\" \/>\n<meta name=\"twitter:card\" content=\"summary_large_image\" \/>\n<meta name=\"twitter:label1\" content=\"Tempo estimado de leitura\" \/>\n\t<meta name=\"twitter:data1\" content=\"1 minuto\" \/>\n<script type=\"application\/ld+json\" class=\"yoast-schema-graph\">{\"@context\":\"https:\\\/\\\/schema.org\",\"@graph\":[{\"@type\":\"WebPage\",\"@id\":\"https:\\\/\\\/www.callandplay.com\\\/fractal-axe-fxiii\\\/\",\"url\":\"https:\\\/\\\/www.callandplay.com\\\/fractal-axe-fxiii\\\/\",\"name\":\"FRACTAL AXE FXIII - Call&amp;Play\",\"isPartOf\":{\"@id\":\"https:\\\/\\\/www.callandplay.com\\\/#website\"},\"datePublished\":\"2024-03-01T00:00:00+00:00\",\"dateModified\":\"2026-04-15T20:54:06+00:00\",\"breadcrumb\":{\"@id\":\"https:\\\/\\\/www.callandplay.com\\\/fractal-axe-fxiii\\\/#breadcrumb\"},\"inLanguage\":\"pt-PT\",\"potentialAction\":[{\"@type\":\"ReadAction\",\"target\":[\"https:\\\/\\\/www.callandplay.com\\\/fractal-axe-fxiii\\\/\"]}]},{\"@type\":\"BreadcrumbList\",\"@id\":\"https:\\\/\\\/www.callandplay.com\\\/fractal-axe-fxiii\\\/#breadcrumb\",\"itemListElement\":[{\"@type\":\"ListItem\",\"position\":1,\"name\":\"Portada\",\"item\":\"https:\\\/\\\/www.callandplay.com\\\/\"},{\"@type\":\"ListItem\",\"position\":2,\"name\":\"Tienda\",\"item\":\"https:\\\/\\\/www.callandplay.com\\\/tienda\\\/\"},{\"@type\":\"ListItem\",\"position\":3,\"name\":\"FRACTAL AXE FXIII\"}]},{\"@type\":\"WebSite\",\"@id\":\"https:\\\/\\\/www.callandplay.com\\\/#website\",\"url\":\"https:\\\/\\\/www.callandplay.com\\\/\",\"name\":\"Call&amp;Play\",\"description\":\"Alquiler de backline e instrumentos musicales\",\"publisher\":{\"@id\":\"https:\\\/\\\/www.callandplay.com\\\/#organization\"},\"potentialAction\":[{\"@type\":\"SearchAction\",\"target\":{\"@type\":\"EntryPoint\",\"urlTemplate\":\"https:\\\/\\\/www.callandplay.com\\\/?s={search_term_string}\"},\"query-input\":{\"@type\":\"PropertyValueSpecification\",\"valueRequired\":true,\"valueName\":\"search_term_string\"}}],\"inLanguage\":\"pt-PT\"},{\"@type\":\"Organization\",\"@id\":\"https:\\\/\\\/www.callandplay.com\\\/#organization\",\"name\":\"Call&Play\",\"url\":\"https:\\\/\\\/www.callandplay.com\\\/\",\"logo\":{\"@type\":\"ImageObject\",\"inLanguage\":\"pt-PT\",\"@id\":\"https:\\\/\\\/www.callandplay.com\\\/#\\\/schema\\\/logo\\\/image\\\/\",\"url\":\"https:\\\/\\\/www.callandplay.com\\\/wp-content\\\/uploads\\\/2021\\\/06\\\/cropped-cropped-logo-black_con_sombra.png\",\"contentUrl\":\"https:\\\/\\\/www.callandplay.com\\\/wp-content\\\/uploads\\\/2021\\\/06\\\/cropped-cropped-logo-black_con_sombra.png\",\"width\":512,\"height\":512,\"caption\":\"Call&Play\"},\"image\":{\"@id\":\"https:\\\/\\\/www.callandplay.com\\\/#\\\/schema\\\/logo\\\/image\\\/\"},\"sameAs\":[\"https:\\\/\\\/www.facebook.com\\\/callandplay\",\"https:\\\/\\\/www.instagram.com\\\/call_and_play\\\/\"]}]}<\/script>\n<!-- \/ Yoast SEO plugin. -->","yoast_head_json":{"title":"FRACTAL AXE FXIII - Call&amp;Play","robots":{"index":"index","follow":"follow","max-snippet":"max-snippet:-1","max-image-preview":"max-image-preview:large","max-video-preview":"max-video-preview:-1"},"canonical":"https:\/\/www.callandplay.com\/pt\/fractal-axe-fxiii\/","og_locale":"pt_PT","og_type":"article","og_title":"FRACTAL AXE FXIII - Call&amp;Play","og_description":"El Axe-Fx III es un preamp digital avanzado y un procesados multi-efectos para guitarra, bajo y otros instrumentos musicales. Continuando la evoluci\u00f3n de los anteriores Axe, wl FXIII les supera ampliamente en cuanto a potencia y prestaciones en general. El motor principal est\u00e1 compuesto por dos procesadores de se\u00f1al digital (DSP) \u201cKeystone\u201d de punto flotante de 1.0 GHz, con 4Gb de memoria PC1600 DDR3 extremadamente r\u00e1pida, cientos de Mb de memoria FLASH, un FPGA patentado y un amplio conjunto de perif\u00e9ricos. La impresionante pantalla a color est\u00e1 controlada por un procesador de gr\u00e1ficos dedicado, mientras que el tr\u00e1fico USB y las tareas de interfaz del usuario son manejados por un microcontrolador de 500 MHz, 16-core que proporciona un funcionamiento sin problemas y un rendimiento USB robusto. 8x8 canales USB.","og_url":"https:\/\/www.callandplay.com\/pt\/fractal-axe-fxiii\/","og_site_name":"Call&amp;Play","article_publisher":"https:\/\/www.facebook.com\/callandplay","article_modified_time":"2026-04-15T20:54:06+00:00","twitter_card":"summary_large_image","twitter_misc":{"Tempo estimado de leitura":"1 minuto"},"schema":{"@context":"https:\/\/schema.org","@graph":[{"@type":"WebPage","@id":"https:\/\/www.callandplay.com\/fractal-axe-fxiii\/","url":"https:\/\/www.callandplay.com\/fractal-axe-fxiii\/","name":"FRACTAL AXE FXIII - Call&amp;Play","isPartOf":{"@id":"https:\/\/www.callandplay.com\/#website"},"datePublished":"2024-03-01T00:00:00+00:00","dateModified":"2026-04-15T20:54:06+00:00","breadcrumb":{"@id":"https:\/\/www.callandplay.com\/fractal-axe-fxiii\/#breadcrumb"},"inLanguage":"pt-PT","potentialAction":[{"@type":"ReadAction","target":["https:\/\/www.callandplay.com\/fractal-axe-fxiii\/"]}]},{"@type":"BreadcrumbList","@id":"https:\/\/www.callandplay.com\/fractal-axe-fxiii\/#breadcrumb","itemListElement":[{"@type":"ListItem","position":1,"name":"Portada","item":"https:\/\/www.callandplay.com\/"},{"@type":"ListItem","position":2,"name":"Tienda","item":"https:\/\/www.callandplay.com\/tienda\/"},{"@type":"ListItem","position":3,"name":"FRACTAL AXE FXIII"}]},{"@type":"WebSite","@id":"https:\/\/www.callandplay.com\/#website","url":"https:\/\/www.callandplay.com\/","name":"Call&amp;Play","description":"Alquiler de backline e instrumentos musicales","publisher":{"@id":"https:\/\/www.callandplay.com\/#organization"},"potentialAction":[{"@type":"SearchAction","target":{"@type":"EntryPoint","urlTemplate":"https:\/\/www.callandplay.com\/?s={search_term_string}"},"query-input":{"@type":"PropertyValueSpecification","valueRequired":true,"valueName":"search_term_string"}}],"inLanguage":"pt-PT"},{"@type":"Organization","@id":"https:\/\/www.callandplay.com\/#organization","name":"Call&Play","url":"https:\/\/www.callandplay.com\/","logo":{"@type":"ImageObject","inLanguage":"pt-PT","@id":"https:\/\/www.callandplay.com\/#\/schema\/logo\/image\/","url":"https:\/\/www.callandplay.com\/wp-content\/uploads\/2021\/06\/cropped-cropped-logo-black_con_sombra.png","contentUrl":"https:\/\/www.callandplay.com\/wp-content\/uploads\/2021\/06\/cropped-cropped-logo-black_con_sombra.png","width":512,"height":512,"caption":"Call&Play"},"image":{"@id":"https:\/\/www.callandplay.com\/#\/schema\/logo\/image\/"},"sameAs":["https:\/\/www.facebook.com\/callandplay","https:\/\/www.instagram.com\/call_and_play\/"]}]}},"_links":{"self":[{"href":"https:\/\/www.callandplay.com\/pt\/wp-json\/wp\/v2\/product\/52864","targetHints":{"allow":["GET"]}}],"collection":[{"href":"https:\/\/www.callandplay.com\/pt\/wp-json\/wp\/v2\/product"}],"about":[{"href":"https:\/\/www.callandplay.com\/pt\/wp-json\/wp\/v2\/types\/product"}],"replies":[{"embeddable":true,"href":"https:\/\/www.callandplay.com\/pt\/wp-json\/wp\/v2\/comments?post=52864"}],"version-history":[{"count":1,"href":"https:\/\/www.callandplay.com\/pt\/wp-json\/wp\/v2\/product\/52864\/revisions"}],"predecessor-version":[{"id":55674,"href":"https:\/\/www.callandplay.com\/pt\/wp-json\/wp\/v2\/product\/52864\/revisions\/55674"}],"wp:attachment":[{"href":"https:\/\/www.callandplay.com\/pt\/wp-json\/wp\/v2\/media?parent=52864"}],"wp:term":[{"taxonomy":"product_brand","embeddable":true,"href":"https:\/\/www.callandplay.com\/pt\/wp-json\/wp\/v2\/product_brand?post=52864"},{"taxonomy":"product_cat","embeddable":true,"href":"https:\/\/www.callandplay.com\/pt\/wp-json\/wp\/v2\/product_cat?post=52864"},{"taxonomy":"product_tag","embeddable":true,"href":"https:\/\/www.callandplay.com\/pt\/wp-json\/wp\/v2\/product_tag?post=52864"}],"curies":[{"name":"wp","href":"https:\/\/api.w.org\/{rel}","templated":true}]}}