{"id":52905,"date":"2020-04-20T00:00:00","date_gmt":"2020-04-20T00:00:00","guid":{"rendered":"https:\/\/www.callandplay.com\/lp-3100-round-drum-stool-13-ds\/"},"modified":"2026-04-15T20:54:07","modified_gmt":"2026-04-15T20:54:07","slug":"lp-3100-round-drum-stool-13-ds","status":"publish","type":"product","link":"https:\/\/www.callandplay.com\/pt\/lp-3100-round-drum-stool-13-ds\/","title":{"rendered":"LP 3100 ROUND DRUM STOOL 13&#8243; (DS)"},"content":{"rendered":"<p>El LP Round Throne es perfecto para tocar congas y bongos en posici\u00f3n sentada. Construido en acero cromado, la base del tr\u00edpode de doble refuerzo est\u00e1 dise\u00f1ada para durar a\u00f1os, mientras que el asiento de espuma s\u00f3lida cubierta de vinilo ofrece una comodidad y soporte incre\u00edbles. Asiento redondo de 13 \u00abde di\u00e1metro y 3\u00bb de grueso. 52&#8217;5 cm altura m\u00ednima &#8211; 68,6 cm altura m\u00e1xima.<\/p>","protected":false},"excerpt":{"rendered":"<p>El LP Round Throne es perfecto para tocar congas y bongos en posici\u00f3n sentada. Construido en acero cromado, la base del tr\u00edpode de doble refuerzo est\u00e1 dise\u00f1ada para durar a\u00f1os, mientras que el asiento de espuma s\u00f3lida cubierta de vinilo ofrece una comodidad y soporte incre\u00edbles. Asiento redondo de 13 \u00abde di\u00e1metro y 3\u00bb de grueso. 52&#8217;5 cm altura m\u00ednima &#8211; 68,6 cm altura m\u00e1xima.<\/p>","protected":false},"featured_media":0,"comment_status":"closed","ping_status":"closed","template":"","meta":{"_acf_changed":false,"om_disable_all_campaigns":false,"_monsterinsights_skip_tracking":false,"_monsterinsights_sitenote_active":false,"_monsterinsights_sitenote_note":"","_monsterinsights_sitenote_category":0},"product_brand":[],"product_cat":[896],"product_tag":[],"class_list":{"0":"post-52905","1":"product","2":"type-product","3":"status-publish","5":"product_cat-asientos-bateria","7":"first","8":"instock","9":"shipping-taxable","10":"purchasable","11":"product-type-simple"},"acf":[],"yoast_head":"<!-- This site is optimized with the Yoast SEO plugin v27.4 - https:\/\/yoast.com\/product\/yoast-seo-wordpress\/ -->\n<title>LP 3100 ROUND DRUM STOOL 13&quot; (DS) - Call&amp;Play<\/title>\n<meta name=\"robots\" content=\"index, follow, max-snippet:-1, max-image-preview:large, max-video-preview:-1\" \/>\n<link rel=\"canonical\" href=\"https:\/\/www.callandplay.com\/pt\/lp-3100-round-drum-stool-13-ds\/\" \/>\n<meta property=\"og:locale\" content=\"pt_PT\" \/>\n<meta property=\"og:type\" content=\"article\" \/>\n<meta property=\"og:title\" content=\"LP 3100 ROUND DRUM STOOL 13&quot; (DS) - Call&amp;Play\" \/>\n<meta property=\"og:description\" content=\"El LP Round Throne es perfecto para tocar congas y bongos en posici\u00f3n sentada. Construido en acero cromado, la base del tr\u00edpode de doble refuerzo est\u00e1 dise\u00f1ada para durar a\u00f1os, mientras que el asiento de espuma s\u00f3lida cubierta de vinilo ofrece una comodidad y soporte incre\u00edbles. Asiento redondo de 13 &quot;de di\u00e1metro y 3&quot; de grueso. 52&#039;5 cm altura m\u00ednima - 68,6 cm altura m\u00e1xima.\" \/>\n<meta property=\"og:url\" content=\"https:\/\/www.callandplay.com\/pt\/lp-3100-round-drum-stool-13-ds\/\" \/>\n<meta property=\"og:site_name\" content=\"Call&amp;Play\" \/>\n<meta property=\"article:publisher\" content=\"https:\/\/www.facebook.com\/callandplay\" \/>\n<meta property=\"article:modified_time\" content=\"2026-04-15T20:54:07+00:00\" \/>\n<meta name=\"twitter:card\" content=\"summary_large_image\" \/>\n<script type=\"application\/ld+json\" class=\"yoast-schema-graph\">{\"@context\":\"https:\\\/\\\/schema.org\",\"@graph\":[{\"@type\":\"WebPage\",\"@id\":\"https:\\\/\\\/www.callandplay.com\\\/lp-3100-round-drum-stool-13-ds\\\/\",\"url\":\"https:\\\/\\\/www.callandplay.com\\\/lp-3100-round-drum-stool-13-ds\\\/\",\"name\":\"LP 3100 ROUND DRUM STOOL 13\\\" (DS) - Call&amp;Play\",\"isPartOf\":{\"@id\":\"https:\\\/\\\/www.callandplay.com\\\/#website\"},\"datePublished\":\"2020-04-20T00:00:00+00:00\",\"dateModified\":\"2026-04-15T20:54:07+00:00\",\"breadcrumb\":{\"@id\":\"https:\\\/\\\/www.callandplay.com\\\/lp-3100-round-drum-stool-13-ds\\\/#breadcrumb\"},\"inLanguage\":\"pt-PT\",\"potentialAction\":[{\"@type\":\"ReadAction\",\"target\":[\"https:\\\/\\\/www.callandplay.com\\\/lp-3100-round-drum-stool-13-ds\\\/\"]}]},{\"@type\":\"BreadcrumbList\",\"@id\":\"https:\\\/\\\/www.callandplay.com\\\/lp-3100-round-drum-stool-13-ds\\\/#breadcrumb\",\"itemListElement\":[{\"@type\":\"ListItem\",\"position\":1,\"name\":\"Portada\",\"item\":\"https:\\\/\\\/www.callandplay.com\\\/\"},{\"@type\":\"ListItem\",\"position\":2,\"name\":\"Tienda\",\"item\":\"https:\\\/\\\/www.callandplay.com\\\/tienda\\\/\"},{\"@type\":\"ListItem\",\"position\":3,\"name\":\"LP 3100 ROUND DRUM STOOL 13&#8243; (DS)\"}]},{\"@type\":\"WebSite\",\"@id\":\"https:\\\/\\\/www.callandplay.com\\\/#website\",\"url\":\"https:\\\/\\\/www.callandplay.com\\\/\",\"name\":\"Call&amp;Play\",\"description\":\"Alquiler de backline e instrumentos musicales\",\"publisher\":{\"@id\":\"https:\\\/\\\/www.callandplay.com\\\/#organization\"},\"potentialAction\":[{\"@type\":\"SearchAction\",\"target\":{\"@type\":\"EntryPoint\",\"urlTemplate\":\"https:\\\/\\\/www.callandplay.com\\\/?s={search_term_string}\"},\"query-input\":{\"@type\":\"PropertyValueSpecification\",\"valueRequired\":true,\"valueName\":\"search_term_string\"}}],\"inLanguage\":\"pt-PT\"},{\"@type\":\"Organization\",\"@id\":\"https:\\\/\\\/www.callandplay.com\\\/#organization\",\"name\":\"Call&Play\",\"url\":\"https:\\\/\\\/www.callandplay.com\\\/\",\"logo\":{\"@type\":\"ImageObject\",\"inLanguage\":\"pt-PT\",\"@id\":\"https:\\\/\\\/www.callandplay.com\\\/#\\\/schema\\\/logo\\\/image\\\/\",\"url\":\"https:\\\/\\\/www.callandplay.com\\\/wp-content\\\/uploads\\\/2021\\\/06\\\/cropped-cropped-logo-black_con_sombra.png\",\"contentUrl\":\"https:\\\/\\\/www.callandplay.com\\\/wp-content\\\/uploads\\\/2021\\\/06\\\/cropped-cropped-logo-black_con_sombra.png\",\"width\":512,\"height\":512,\"caption\":\"Call&Play\"},\"image\":{\"@id\":\"https:\\\/\\\/www.callandplay.com\\\/#\\\/schema\\\/logo\\\/image\\\/\"},\"sameAs\":[\"https:\\\/\\\/www.facebook.com\\\/callandplay\",\"https:\\\/\\\/www.instagram.com\\\/call_and_play\\\/\"]}]}<\/script>\n<!-- \/ Yoast SEO plugin. -->","yoast_head_json":{"title":"LP 3100 ROUND DRUM STOOL 13\" (DS) - Call&amp;Play","robots":{"index":"index","follow":"follow","max-snippet":"max-snippet:-1","max-image-preview":"max-image-preview:large","max-video-preview":"max-video-preview:-1"},"canonical":"https:\/\/www.callandplay.com\/pt\/lp-3100-round-drum-stool-13-ds\/","og_locale":"pt_PT","og_type":"article","og_title":"LP 3100 ROUND DRUM STOOL 13\" (DS) - Call&amp;Play","og_description":"El LP Round Throne es perfecto para tocar congas y bongos en posici\u00f3n sentada. Construido en acero cromado, la base del tr\u00edpode de doble refuerzo est\u00e1 dise\u00f1ada para durar a\u00f1os, mientras que el asiento de espuma s\u00f3lida cubierta de vinilo ofrece una comodidad y soporte incre\u00edbles. Asiento redondo de 13 \"de di\u00e1metro y 3\" de grueso. 52'5 cm altura m\u00ednima - 68,6 cm altura m\u00e1xima.","og_url":"https:\/\/www.callandplay.com\/pt\/lp-3100-round-drum-stool-13-ds\/","og_site_name":"Call&amp;Play","article_publisher":"https:\/\/www.facebook.com\/callandplay","article_modified_time":"2026-04-15T20:54:07+00:00","twitter_card":"summary_large_image","schema":{"@context":"https:\/\/schema.org","@graph":[{"@type":"WebPage","@id":"https:\/\/www.callandplay.com\/lp-3100-round-drum-stool-13-ds\/","url":"https:\/\/www.callandplay.com\/lp-3100-round-drum-stool-13-ds\/","name":"LP 3100 ROUND DRUM STOOL 13\" (DS) - Call&amp;Play","isPartOf":{"@id":"https:\/\/www.callandplay.com\/#website"},"datePublished":"2020-04-20T00:00:00+00:00","dateModified":"2026-04-15T20:54:07+00:00","breadcrumb":{"@id":"https:\/\/www.callandplay.com\/lp-3100-round-drum-stool-13-ds\/#breadcrumb"},"inLanguage":"pt-PT","potentialAction":[{"@type":"ReadAction","target":["https:\/\/www.callandplay.com\/lp-3100-round-drum-stool-13-ds\/"]}]},{"@type":"BreadcrumbList","@id":"https:\/\/www.callandplay.com\/lp-3100-round-drum-stool-13-ds\/#breadcrumb","itemListElement":[{"@type":"ListItem","position":1,"name":"Portada","item":"https:\/\/www.callandplay.com\/"},{"@type":"ListItem","position":2,"name":"Tienda","item":"https:\/\/www.callandplay.com\/tienda\/"},{"@type":"ListItem","position":3,"name":"LP 3100 ROUND DRUM STOOL 13&#8243; (DS)"}]},{"@type":"WebSite","@id":"https:\/\/www.callandplay.com\/#website","url":"https:\/\/www.callandplay.com\/","name":"Call&amp;Play","description":"Alquiler de backline e instrumentos musicales","publisher":{"@id":"https:\/\/www.callandplay.com\/#organization"},"potentialAction":[{"@type":"SearchAction","target":{"@type":"EntryPoint","urlTemplate":"https:\/\/www.callandplay.com\/?s={search_term_string}"},"query-input":{"@type":"PropertyValueSpecification","valueRequired":true,"valueName":"search_term_string"}}],"inLanguage":"pt-PT"},{"@type":"Organization","@id":"https:\/\/www.callandplay.com\/#organization","name":"Call&Play","url":"https:\/\/www.callandplay.com\/","logo":{"@type":"ImageObject","inLanguage":"pt-PT","@id":"https:\/\/www.callandplay.com\/#\/schema\/logo\/image\/","url":"https:\/\/www.callandplay.com\/wp-content\/uploads\/2021\/06\/cropped-cropped-logo-black_con_sombra.png","contentUrl":"https:\/\/www.callandplay.com\/wp-content\/uploads\/2021\/06\/cropped-cropped-logo-black_con_sombra.png","width":512,"height":512,"caption":"Call&Play"},"image":{"@id":"https:\/\/www.callandplay.com\/#\/schema\/logo\/image\/"},"sameAs":["https:\/\/www.facebook.com\/callandplay","https:\/\/www.instagram.com\/call_and_play\/"]}]}},"_links":{"self":[{"href":"https:\/\/www.callandplay.com\/pt\/wp-json\/wp\/v2\/product\/52905","targetHints":{"allow":["GET"]}}],"collection":[{"href":"https:\/\/www.callandplay.com\/pt\/wp-json\/wp\/v2\/product"}],"about":[{"href":"https:\/\/www.callandplay.com\/pt\/wp-json\/wp\/v2\/types\/product"}],"replies":[{"embeddable":true,"href":"https:\/\/www.callandplay.com\/pt\/wp-json\/wp\/v2\/comments?post=52905"}],"version-history":[{"count":1,"href":"https:\/\/www.callandplay.com\/pt\/wp-json\/wp\/v2\/product\/52905\/revisions"}],"predecessor-version":[{"id":55715,"href":"https:\/\/www.callandplay.com\/pt\/wp-json\/wp\/v2\/product\/52905\/revisions\/55715"}],"wp:attachment":[{"href":"https:\/\/www.callandplay.com\/pt\/wp-json\/wp\/v2\/media?parent=52905"}],"wp:term":[{"taxonomy":"product_brand","embeddable":true,"href":"https:\/\/www.callandplay.com\/pt\/wp-json\/wp\/v2\/product_brand?post=52905"},{"taxonomy":"product_cat","embeddable":true,"href":"https:\/\/www.callandplay.com\/pt\/wp-json\/wp\/v2\/product_cat?post=52905"},{"taxonomy":"product_tag","embeddable":true,"href":"https:\/\/www.callandplay.com\/pt\/wp-json\/wp\/v2\/product_tag?post=52905"}],"curies":[{"name":"wp","href":"https:\/\/api.w.org\/{rel}","templated":true}]}}