{"id":53023,"date":"2022-03-17T00:00:00","date_gmt":"2022-03-17T00:00:00","guid":{"rendered":"https:\/\/www.callandplay.com\/focusrite-scarlett-18i8-3rd-gen\/"},"modified":"2026-04-15T20:54:11","modified_gmt":"2026-04-15T20:54:11","slug":"focusrite-scarlett-18i8-3rd-gen","status":"publish","type":"product","link":"https:\/\/www.callandplay.com\/pt\/focusrite-scarlett-18i8-3rd-gen\/","title":{"rendered":"FOCUSRITE SCARLETT 18i8 3rd GEN"},"content":{"rendered":"<p>La interfaz de audio Scarlett 18i8 de tercera generaci\u00f3n brinda todas las herramientas para grabar todos los instrumentos con calidad de estudio, en cualquier lugar. Con su alto n\u00famero de canales, tama\u00f1o compacto y una gran selecci\u00f3n de software, 18i8 est\u00e1 listo para grabar su banda donde quiera que est\u00e9. Cuatro de los preamplificadores de micr\u00f3fono Scarlett de mejor rendimiento. Dos entradas de instrumentos de alto margen de maniobra. Ocho entradas de l\u00ednea balanceadas. Cuatro salidas de monitor.<\/p>","protected":false},"excerpt":{"rendered":"<p>La interfaz de audio Scarlett 18i8 de tercera generaci\u00f3n brinda todas las herramientas para grabar todos los instrumentos con calidad de estudio, en cualquier lugar. Con su alto n\u00famero de canales, tama\u00f1o compacto y una gran selecci\u00f3n de software, 18i8 est\u00e1 listo para grabar su banda donde quiera que est\u00e9. Cuatro de los preamplificadores de micr\u00f3fono Scarlett de mejor rendimiento. Dos entradas de instrumentos de alto margen de maniobra. Ocho entradas de l\u00ednea balanceadas. Cuatro salidas de monitor.<\/p>","protected":false},"featured_media":0,"comment_status":"closed","ping_status":"closed","template":"","meta":{"_acf_changed":false,"om_disable_all_campaigns":false,"_monsterinsights_skip_tracking":false,"_monsterinsights_sitenote_active":false,"_monsterinsights_sitenote_note":"","_monsterinsights_sitenote_category":0},"product_brand":[],"product_cat":[977],"product_tag":[],"class_list":{"0":"post-53023","1":"product","2":"type-product","3":"status-publish","5":"product_cat-conversores-e-interfaces","7":"first","8":"instock","9":"shipping-taxable","10":"purchasable","11":"product-type-simple"},"acf":[],"yoast_head":"<!-- This site is optimized with the Yoast SEO plugin v27.3 - https:\/\/yoast.com\/product\/yoast-seo-wordpress\/ -->\n<title>FOCUSRITE SCARLETT 18i8 3rd GEN - Call&amp;Play<\/title>\n<meta name=\"robots\" content=\"index, follow, max-snippet:-1, max-image-preview:large, max-video-preview:-1\" \/>\n<link rel=\"canonical\" href=\"https:\/\/www.callandplay.com\/pt\/focusrite-scarlett-18i8-3rd-gen\/\" \/>\n<meta property=\"og:locale\" content=\"pt_PT\" \/>\n<meta property=\"og:type\" content=\"article\" \/>\n<meta property=\"og:title\" content=\"FOCUSRITE SCARLETT 18i8 3rd GEN - Call&amp;Play\" \/>\n<meta property=\"og:description\" content=\"La interfaz de audio Scarlett 18i8 de tercera generaci\u00f3n brinda todas las herramientas para grabar todos los instrumentos con calidad de estudio, en cualquier lugar. Con su alto n\u00famero de canales, tama\u00f1o compacto y una gran selecci\u00f3n de software, 18i8 est\u00e1 listo para grabar su banda donde quiera que est\u00e9. Cuatro de los preamplificadores de micr\u00f3fono Scarlett de mejor rendimiento. Dos entradas de instrumentos de alto margen de maniobra. Ocho entradas de l\u00ednea balanceadas. Cuatro salidas de monitor.\" \/>\n<meta property=\"og:url\" content=\"https:\/\/www.callandplay.com\/pt\/focusrite-scarlett-18i8-3rd-gen\/\" \/>\n<meta property=\"og:site_name\" content=\"Call&amp;Play\" \/>\n<meta property=\"article:publisher\" content=\"https:\/\/www.facebook.com\/callandplay\" \/>\n<meta property=\"article:modified_time\" content=\"2026-04-15T20:54:11+00:00\" \/>\n<meta name=\"twitter:card\" content=\"summary_large_image\" \/>\n<script type=\"application\/ld+json\" class=\"yoast-schema-graph\">{\"@context\":\"https:\\\/\\\/schema.org\",\"@graph\":[{\"@type\":\"WebPage\",\"@id\":\"https:\\\/\\\/www.callandplay.com\\\/focusrite-scarlett-18i8-3rd-gen\\\/\",\"url\":\"https:\\\/\\\/www.callandplay.com\\\/focusrite-scarlett-18i8-3rd-gen\\\/\",\"name\":\"FOCUSRITE SCARLETT 18i8 3rd GEN - Call&amp;Play\",\"isPartOf\":{\"@id\":\"https:\\\/\\\/www.callandplay.com\\\/#website\"},\"datePublished\":\"2022-03-17T00:00:00+00:00\",\"dateModified\":\"2026-04-15T20:54:11+00:00\",\"breadcrumb\":{\"@id\":\"https:\\\/\\\/www.callandplay.com\\\/focusrite-scarlett-18i8-3rd-gen\\\/#breadcrumb\"},\"inLanguage\":\"pt-PT\",\"potentialAction\":[{\"@type\":\"ReadAction\",\"target\":[\"https:\\\/\\\/www.callandplay.com\\\/focusrite-scarlett-18i8-3rd-gen\\\/\"]}]},{\"@type\":\"BreadcrumbList\",\"@id\":\"https:\\\/\\\/www.callandplay.com\\\/focusrite-scarlett-18i8-3rd-gen\\\/#breadcrumb\",\"itemListElement\":[{\"@type\":\"ListItem\",\"position\":1,\"name\":\"Portada\",\"item\":\"https:\\\/\\\/www.callandplay.com\\\/\"},{\"@type\":\"ListItem\",\"position\":2,\"name\":\"Tienda\",\"item\":\"https:\\\/\\\/www.callandplay.com\\\/tienda\\\/\"},{\"@type\":\"ListItem\",\"position\":3,\"name\":\"FOCUSRITE SCARLETT 18i8 3rd GEN\"}]},{\"@type\":\"WebSite\",\"@id\":\"https:\\\/\\\/www.callandplay.com\\\/#website\",\"url\":\"https:\\\/\\\/www.callandplay.com\\\/\",\"name\":\"Call&amp;Play\",\"description\":\"Alquiler de backline e instrumentos musicales\",\"publisher\":{\"@id\":\"https:\\\/\\\/www.callandplay.com\\\/#organization\"},\"potentialAction\":[{\"@type\":\"SearchAction\",\"target\":{\"@type\":\"EntryPoint\",\"urlTemplate\":\"https:\\\/\\\/www.callandplay.com\\\/?s={search_term_string}\"},\"query-input\":{\"@type\":\"PropertyValueSpecification\",\"valueRequired\":true,\"valueName\":\"search_term_string\"}}],\"inLanguage\":\"pt-PT\"},{\"@type\":\"Organization\",\"@id\":\"https:\\\/\\\/www.callandplay.com\\\/#organization\",\"name\":\"Call&Play\",\"url\":\"https:\\\/\\\/www.callandplay.com\\\/\",\"logo\":{\"@type\":\"ImageObject\",\"inLanguage\":\"pt-PT\",\"@id\":\"https:\\\/\\\/www.callandplay.com\\\/#\\\/schema\\\/logo\\\/image\\\/\",\"url\":\"https:\\\/\\\/www.callandplay.com\\\/wp-content\\\/uploads\\\/2021\\\/06\\\/cropped-cropped-logo-black_con_sombra.png\",\"contentUrl\":\"https:\\\/\\\/www.callandplay.com\\\/wp-content\\\/uploads\\\/2021\\\/06\\\/cropped-cropped-logo-black_con_sombra.png\",\"width\":512,\"height\":512,\"caption\":\"Call&Play\"},\"image\":{\"@id\":\"https:\\\/\\\/www.callandplay.com\\\/#\\\/schema\\\/logo\\\/image\\\/\"},\"sameAs\":[\"https:\\\/\\\/www.facebook.com\\\/callandplay\",\"https:\\\/\\\/www.instagram.com\\\/call_and_play\\\/\"]}]}<\/script>\n<!-- \/ Yoast SEO plugin. -->","yoast_head_json":{"title":"FOCUSRITE SCARLETT 18i8 3rd GEN - Call&amp;Play","robots":{"index":"index","follow":"follow","max-snippet":"max-snippet:-1","max-image-preview":"max-image-preview:large","max-video-preview":"max-video-preview:-1"},"canonical":"https:\/\/www.callandplay.com\/pt\/focusrite-scarlett-18i8-3rd-gen\/","og_locale":"pt_PT","og_type":"article","og_title":"FOCUSRITE SCARLETT 18i8 3rd GEN - Call&amp;Play","og_description":"La interfaz de audio Scarlett 18i8 de tercera generaci\u00f3n brinda todas las herramientas para grabar todos los instrumentos con calidad de estudio, en cualquier lugar. Con su alto n\u00famero de canales, tama\u00f1o compacto y una gran selecci\u00f3n de software, 18i8 est\u00e1 listo para grabar su banda donde quiera que est\u00e9. Cuatro de los preamplificadores de micr\u00f3fono Scarlett de mejor rendimiento. Dos entradas de instrumentos de alto margen de maniobra. Ocho entradas de l\u00ednea balanceadas. Cuatro salidas de monitor.","og_url":"https:\/\/www.callandplay.com\/pt\/focusrite-scarlett-18i8-3rd-gen\/","og_site_name":"Call&amp;Play","article_publisher":"https:\/\/www.facebook.com\/callandplay","article_modified_time":"2026-04-15T20:54:11+00:00","twitter_card":"summary_large_image","schema":{"@context":"https:\/\/schema.org","@graph":[{"@type":"WebPage","@id":"https:\/\/www.callandplay.com\/focusrite-scarlett-18i8-3rd-gen\/","url":"https:\/\/www.callandplay.com\/focusrite-scarlett-18i8-3rd-gen\/","name":"FOCUSRITE SCARLETT 18i8 3rd GEN - Call&amp;Play","isPartOf":{"@id":"https:\/\/www.callandplay.com\/#website"},"datePublished":"2022-03-17T00:00:00+00:00","dateModified":"2026-04-15T20:54:11+00:00","breadcrumb":{"@id":"https:\/\/www.callandplay.com\/focusrite-scarlett-18i8-3rd-gen\/#breadcrumb"},"inLanguage":"pt-PT","potentialAction":[{"@type":"ReadAction","target":["https:\/\/www.callandplay.com\/focusrite-scarlett-18i8-3rd-gen\/"]}]},{"@type":"BreadcrumbList","@id":"https:\/\/www.callandplay.com\/focusrite-scarlett-18i8-3rd-gen\/#breadcrumb","itemListElement":[{"@type":"ListItem","position":1,"name":"Portada","item":"https:\/\/www.callandplay.com\/"},{"@type":"ListItem","position":2,"name":"Tienda","item":"https:\/\/www.callandplay.com\/tienda\/"},{"@type":"ListItem","position":3,"name":"FOCUSRITE SCARLETT 18i8 3rd GEN"}]},{"@type":"WebSite","@id":"https:\/\/www.callandplay.com\/#website","url":"https:\/\/www.callandplay.com\/","name":"Call&amp;Play","description":"Alquiler de backline e instrumentos musicales","publisher":{"@id":"https:\/\/www.callandplay.com\/#organization"},"potentialAction":[{"@type":"SearchAction","target":{"@type":"EntryPoint","urlTemplate":"https:\/\/www.callandplay.com\/?s={search_term_string}"},"query-input":{"@type":"PropertyValueSpecification","valueRequired":true,"valueName":"search_term_string"}}],"inLanguage":"pt-PT"},{"@type":"Organization","@id":"https:\/\/www.callandplay.com\/#organization","name":"Call&Play","url":"https:\/\/www.callandplay.com\/","logo":{"@type":"ImageObject","inLanguage":"pt-PT","@id":"https:\/\/www.callandplay.com\/#\/schema\/logo\/image\/","url":"https:\/\/www.callandplay.com\/wp-content\/uploads\/2021\/06\/cropped-cropped-logo-black_con_sombra.png","contentUrl":"https:\/\/www.callandplay.com\/wp-content\/uploads\/2021\/06\/cropped-cropped-logo-black_con_sombra.png","width":512,"height":512,"caption":"Call&Play"},"image":{"@id":"https:\/\/www.callandplay.com\/#\/schema\/logo\/image\/"},"sameAs":["https:\/\/www.facebook.com\/callandplay","https:\/\/www.instagram.com\/call_and_play\/"]}]}},"_links":{"self":[{"href":"https:\/\/www.callandplay.com\/pt\/wp-json\/wp\/v2\/product\/53023","targetHints":{"allow":["GET"]}}],"collection":[{"href":"https:\/\/www.callandplay.com\/pt\/wp-json\/wp\/v2\/product"}],"about":[{"href":"https:\/\/www.callandplay.com\/pt\/wp-json\/wp\/v2\/types\/product"}],"replies":[{"embeddable":true,"href":"https:\/\/www.callandplay.com\/pt\/wp-json\/wp\/v2\/comments?post=53023"}],"version-history":[{"count":1,"href":"https:\/\/www.callandplay.com\/pt\/wp-json\/wp\/v2\/product\/53023\/revisions"}],"predecessor-version":[{"id":55833,"href":"https:\/\/www.callandplay.com\/pt\/wp-json\/wp\/v2\/product\/53023\/revisions\/55833"}],"wp:attachment":[{"href":"https:\/\/www.callandplay.com\/pt\/wp-json\/wp\/v2\/media?parent=53023"}],"wp:term":[{"taxonomy":"product_brand","embeddable":true,"href":"https:\/\/www.callandplay.com\/pt\/wp-json\/wp\/v2\/product_brand?post=53023"},{"taxonomy":"product_cat","embeddable":true,"href":"https:\/\/www.callandplay.com\/pt\/wp-json\/wp\/v2\/product_cat?post=53023"},{"taxonomy":"product_tag","embeddable":true,"href":"https:\/\/www.callandplay.com\/pt\/wp-json\/wp\/v2\/product_tag?post=53023"}],"curies":[{"name":"wp","href":"https:\/\/api.w.org\/{rel}","templated":true}]}}