{"id":53135,"date":"2024-07-15T00:00:00","date_gmt":"2024-07-15T00:00:00","guid":{"rendered":"https:\/\/www.callandplay.com\/fender-stratocaster-american-pro-ii-left-handed-rw-miami-blue\/"},"modified":"2026-04-15T20:54:15","modified_gmt":"2026-04-15T20:54:15","slug":"fender-stratocaster-american-pro-ii-left-handed-rw-miami-blue","status":"publish","type":"product","link":"https:\/\/www.callandplay.com\/pt\/fender-stratocaster-american-pro-ii-left-handed-rw-miami-blue\/","title":{"rendered":"FENDER STRATOCASTER AMERICAN PRO II  LEFT HANDED RW MIAMI BLUE"},"content":{"rendered":"<p>Guitarra el\u00e9ctrica Fender American Professional II Stratocaster de zurdo. Diapas\u00f3n palisandro. Color Miami Blue. Cuerpo de aliso. M\u00e1stil de arce. Deep \u00abC\u00bb. Acabado del m\u00e1stil \u00abSuper-Natural\u00bb Satin Urethane en la parte posterior y Gloss Urethane en la cara de la pala. 22 trastes \u00abNarrow Tall\u00bb. Pastillas: V-Mod II bobina simple Strat (puente) &#8211; V-Mod II bobina simple Strat (medio) &#8211; V-Mod II bobina simple Strat (m\u00e1stil). Controles: Master Volume, Tone 1 (Pastillas m\u00e1stil y medio), Tone 2 (Pastilla puente). Interruptor de pastillas de 5 posiciones. Puente tr\u00e9molo sincronizado de 2 puntos con monturas de acero dobladas.<\/p>","protected":false},"excerpt":{"rendered":"<p>Guitarra el\u00e9ctrica Fender American Professional II Stratocaster de zurdo. Diapas\u00f3n palisandro. Color Miami Blue. Cuerpo de aliso. M\u00e1stil de arce. Deep \u00abC\u00bb. Acabado del m\u00e1stil \u00abSuper-Natural\u00bb Satin Urethane en la parte posterior y Gloss Urethane en la cara de la pala. 22 trastes \u00abNarrow Tall\u00bb. Pastillas: V-Mod II bobina simple Strat (puente) &#8211; V-Mod II bobina simple Strat (medio) &#8211; V-Mod II bobina simple Strat (m\u00e1stil). Controles: Master Volume, Tone 1 (Pastillas m\u00e1stil y medio), Tone 2 (Pastilla puente). Interruptor de pastillas de 5 posiciones. Puente tr\u00e9molo sincronizado de 2 puntos con monturas de acero dobladas.<\/p>","protected":false},"featured_media":0,"comment_status":"closed","ping_status":"closed","template":"","meta":{"_acf_changed":false,"om_disable_all_campaigns":false,"_monsterinsights_skip_tracking":false,"_monsterinsights_sitenote_active":false,"_monsterinsights_sitenote_note":"","_monsterinsights_sitenote_category":0},"product_brand":[],"product_cat":[1057],"product_tag":[],"class_list":{"0":"post-53135","1":"product","2":"type-product","3":"status-publish","5":"product_cat-guitarras-electricas-zurdo","7":"first","8":"instock","9":"shipping-taxable","10":"purchasable","11":"product-type-simple"},"acf":[],"yoast_head":"<!-- This site is optimized with the Yoast SEO plugin v27.4 - https:\/\/yoast.com\/product\/yoast-seo-wordpress\/ -->\n<title>FENDER STRATOCASTER AMERICAN PRO II LEFT HANDED RW MIAMI BLUE - Call&amp;Play<\/title>\n<meta name=\"robots\" content=\"index, follow, max-snippet:-1, max-image-preview:large, max-video-preview:-1\" \/>\n<link rel=\"canonical\" href=\"https:\/\/www.callandplay.com\/pt\/fender-stratocaster-american-pro-ii-left-handed-rw-miami-blue\/\" \/>\n<meta property=\"og:locale\" content=\"pt_PT\" \/>\n<meta property=\"og:type\" content=\"article\" \/>\n<meta property=\"og:title\" content=\"FENDER STRATOCASTER AMERICAN PRO II LEFT HANDED RW MIAMI BLUE - Call&amp;Play\" \/>\n<meta property=\"og:description\" content=\"Guitarra el\u00e9ctrica Fender American Professional II Stratocaster de zurdo. Diapas\u00f3n palisandro. Color Miami Blue. Cuerpo de aliso. M\u00e1stil de arce. Deep &quot;C&quot;. Acabado del m\u00e1stil &quot;Super-Natural&quot; Satin Urethane en la parte posterior y Gloss Urethane en la cara de la pala. 22 trastes &quot;Narrow Tall&quot;. Pastillas: V-Mod II bobina simple Strat (puente) - V-Mod II bobina simple Strat (medio) - V-Mod II bobina simple Strat (m\u00e1stil). Controles: Master Volume, Tone 1 (Pastillas m\u00e1stil y medio), Tone 2 (Pastilla puente). Interruptor de pastillas de 5 posiciones. Puente tr\u00e9molo sincronizado de 2 puntos con monturas de acero dobladas.\" \/>\n<meta property=\"og:url\" content=\"https:\/\/www.callandplay.com\/pt\/fender-stratocaster-american-pro-ii-left-handed-rw-miami-blue\/\" \/>\n<meta property=\"og:site_name\" content=\"Call&amp;Play\" \/>\n<meta property=\"article:publisher\" content=\"https:\/\/www.facebook.com\/callandplay\" \/>\n<meta property=\"article:modified_time\" content=\"2026-04-15T20:54:15+00:00\" \/>\n<meta name=\"twitter:card\" content=\"summary_large_image\" \/>\n<script type=\"application\/ld+json\" class=\"yoast-schema-graph\">{\"@context\":\"https:\\\/\\\/schema.org\",\"@graph\":[{\"@type\":\"WebPage\",\"@id\":\"https:\\\/\\\/www.callandplay.com\\\/fender-stratocaster-american-pro-ii-left-handed-rw-miami-blue\\\/\",\"url\":\"https:\\\/\\\/www.callandplay.com\\\/fender-stratocaster-american-pro-ii-left-handed-rw-miami-blue\\\/\",\"name\":\"FENDER STRATOCASTER AMERICAN PRO II LEFT HANDED RW MIAMI BLUE - Call&amp;Play\",\"isPartOf\":{\"@id\":\"https:\\\/\\\/www.callandplay.com\\\/#website\"},\"datePublished\":\"2024-07-15T00:00:00+00:00\",\"dateModified\":\"2026-04-15T20:54:15+00:00\",\"breadcrumb\":{\"@id\":\"https:\\\/\\\/www.callandplay.com\\\/fender-stratocaster-american-pro-ii-left-handed-rw-miami-blue\\\/#breadcrumb\"},\"inLanguage\":\"pt-PT\",\"potentialAction\":[{\"@type\":\"ReadAction\",\"target\":[\"https:\\\/\\\/www.callandplay.com\\\/fender-stratocaster-american-pro-ii-left-handed-rw-miami-blue\\\/\"]}]},{\"@type\":\"BreadcrumbList\",\"@id\":\"https:\\\/\\\/www.callandplay.com\\\/fender-stratocaster-american-pro-ii-left-handed-rw-miami-blue\\\/#breadcrumb\",\"itemListElement\":[{\"@type\":\"ListItem\",\"position\":1,\"name\":\"Portada\",\"item\":\"https:\\\/\\\/www.callandplay.com\\\/\"},{\"@type\":\"ListItem\",\"position\":2,\"name\":\"Tienda\",\"item\":\"https:\\\/\\\/www.callandplay.com\\\/tienda\\\/\"},{\"@type\":\"ListItem\",\"position\":3,\"name\":\"FENDER STRATOCASTER AMERICAN PRO II LEFT HANDED RW MIAMI BLUE\"}]},{\"@type\":\"WebSite\",\"@id\":\"https:\\\/\\\/www.callandplay.com\\\/#website\",\"url\":\"https:\\\/\\\/www.callandplay.com\\\/\",\"name\":\"Call&amp;Play\",\"description\":\"Alquiler de backline e instrumentos musicales\",\"publisher\":{\"@id\":\"https:\\\/\\\/www.callandplay.com\\\/#organization\"},\"potentialAction\":[{\"@type\":\"SearchAction\",\"target\":{\"@type\":\"EntryPoint\",\"urlTemplate\":\"https:\\\/\\\/www.callandplay.com\\\/?s={search_term_string}\"},\"query-input\":{\"@type\":\"PropertyValueSpecification\",\"valueRequired\":true,\"valueName\":\"search_term_string\"}}],\"inLanguage\":\"pt-PT\"},{\"@type\":\"Organization\",\"@id\":\"https:\\\/\\\/www.callandplay.com\\\/#organization\",\"name\":\"Call&Play\",\"url\":\"https:\\\/\\\/www.callandplay.com\\\/\",\"logo\":{\"@type\":\"ImageObject\",\"inLanguage\":\"pt-PT\",\"@id\":\"https:\\\/\\\/www.callandplay.com\\\/#\\\/schema\\\/logo\\\/image\\\/\",\"url\":\"https:\\\/\\\/www.callandplay.com\\\/wp-content\\\/uploads\\\/2021\\\/06\\\/cropped-cropped-logo-black_con_sombra.png\",\"contentUrl\":\"https:\\\/\\\/www.callandplay.com\\\/wp-content\\\/uploads\\\/2021\\\/06\\\/cropped-cropped-logo-black_con_sombra.png\",\"width\":512,\"height\":512,\"caption\":\"Call&Play\"},\"image\":{\"@id\":\"https:\\\/\\\/www.callandplay.com\\\/#\\\/schema\\\/logo\\\/image\\\/\"},\"sameAs\":[\"https:\\\/\\\/www.facebook.com\\\/callandplay\",\"https:\\\/\\\/www.instagram.com\\\/call_and_play\\\/\"]}]}<\/script>\n<!-- \/ Yoast SEO plugin. -->","yoast_head_json":{"title":"FENDER STRATOCASTER AMERICAN PRO II LEFT HANDED RW MIAMI BLUE - Call&amp;Play","robots":{"index":"index","follow":"follow","max-snippet":"max-snippet:-1","max-image-preview":"max-image-preview:large","max-video-preview":"max-video-preview:-1"},"canonical":"https:\/\/www.callandplay.com\/pt\/fender-stratocaster-american-pro-ii-left-handed-rw-miami-blue\/","og_locale":"pt_PT","og_type":"article","og_title":"FENDER STRATOCASTER AMERICAN PRO II LEFT HANDED RW MIAMI BLUE - Call&amp;Play","og_description":"Guitarra el\u00e9ctrica Fender American Professional II Stratocaster de zurdo. Diapas\u00f3n palisandro. Color Miami Blue. Cuerpo de aliso. M\u00e1stil de arce. Deep \"C\". Acabado del m\u00e1stil \"Super-Natural\" Satin Urethane en la parte posterior y Gloss Urethane en la cara de la pala. 22 trastes \"Narrow Tall\". Pastillas: V-Mod II bobina simple Strat (puente) - V-Mod II bobina simple Strat (medio) - V-Mod II bobina simple Strat (m\u00e1stil). Controles: Master Volume, Tone 1 (Pastillas m\u00e1stil y medio), Tone 2 (Pastilla puente). Interruptor de pastillas de 5 posiciones. Puente tr\u00e9molo sincronizado de 2 puntos con monturas de acero dobladas.","og_url":"https:\/\/www.callandplay.com\/pt\/fender-stratocaster-american-pro-ii-left-handed-rw-miami-blue\/","og_site_name":"Call&amp;Play","article_publisher":"https:\/\/www.facebook.com\/callandplay","article_modified_time":"2026-04-15T20:54:15+00:00","twitter_card":"summary_large_image","schema":{"@context":"https:\/\/schema.org","@graph":[{"@type":"WebPage","@id":"https:\/\/www.callandplay.com\/fender-stratocaster-american-pro-ii-left-handed-rw-miami-blue\/","url":"https:\/\/www.callandplay.com\/fender-stratocaster-american-pro-ii-left-handed-rw-miami-blue\/","name":"FENDER STRATOCASTER AMERICAN PRO II LEFT HANDED RW MIAMI BLUE - Call&amp;Play","isPartOf":{"@id":"https:\/\/www.callandplay.com\/#website"},"datePublished":"2024-07-15T00:00:00+00:00","dateModified":"2026-04-15T20:54:15+00:00","breadcrumb":{"@id":"https:\/\/www.callandplay.com\/fender-stratocaster-american-pro-ii-left-handed-rw-miami-blue\/#breadcrumb"},"inLanguage":"pt-PT","potentialAction":[{"@type":"ReadAction","target":["https:\/\/www.callandplay.com\/fender-stratocaster-american-pro-ii-left-handed-rw-miami-blue\/"]}]},{"@type":"BreadcrumbList","@id":"https:\/\/www.callandplay.com\/fender-stratocaster-american-pro-ii-left-handed-rw-miami-blue\/#breadcrumb","itemListElement":[{"@type":"ListItem","position":1,"name":"Portada","item":"https:\/\/www.callandplay.com\/"},{"@type":"ListItem","position":2,"name":"Tienda","item":"https:\/\/www.callandplay.com\/tienda\/"},{"@type":"ListItem","position":3,"name":"FENDER STRATOCASTER AMERICAN PRO II LEFT HANDED RW MIAMI BLUE"}]},{"@type":"WebSite","@id":"https:\/\/www.callandplay.com\/#website","url":"https:\/\/www.callandplay.com\/","name":"Call&amp;Play","description":"Alquiler de backline e instrumentos musicales","publisher":{"@id":"https:\/\/www.callandplay.com\/#organization"},"potentialAction":[{"@type":"SearchAction","target":{"@type":"EntryPoint","urlTemplate":"https:\/\/www.callandplay.com\/?s={search_term_string}"},"query-input":{"@type":"PropertyValueSpecification","valueRequired":true,"valueName":"search_term_string"}}],"inLanguage":"pt-PT"},{"@type":"Organization","@id":"https:\/\/www.callandplay.com\/#organization","name":"Call&Play","url":"https:\/\/www.callandplay.com\/","logo":{"@type":"ImageObject","inLanguage":"pt-PT","@id":"https:\/\/www.callandplay.com\/#\/schema\/logo\/image\/","url":"https:\/\/www.callandplay.com\/wp-content\/uploads\/2021\/06\/cropped-cropped-logo-black_con_sombra.png","contentUrl":"https:\/\/www.callandplay.com\/wp-content\/uploads\/2021\/06\/cropped-cropped-logo-black_con_sombra.png","width":512,"height":512,"caption":"Call&Play"},"image":{"@id":"https:\/\/www.callandplay.com\/#\/schema\/logo\/image\/"},"sameAs":["https:\/\/www.facebook.com\/callandplay","https:\/\/www.instagram.com\/call_and_play\/"]}]}},"_links":{"self":[{"href":"https:\/\/www.callandplay.com\/pt\/wp-json\/wp\/v2\/product\/53135","targetHints":{"allow":["GET"]}}],"collection":[{"href":"https:\/\/www.callandplay.com\/pt\/wp-json\/wp\/v2\/product"}],"about":[{"href":"https:\/\/www.callandplay.com\/pt\/wp-json\/wp\/v2\/types\/product"}],"replies":[{"embeddable":true,"href":"https:\/\/www.callandplay.com\/pt\/wp-json\/wp\/v2\/comments?post=53135"}],"version-history":[{"count":1,"href":"https:\/\/www.callandplay.com\/pt\/wp-json\/wp\/v2\/product\/53135\/revisions"}],"predecessor-version":[{"id":55945,"href":"https:\/\/www.callandplay.com\/pt\/wp-json\/wp\/v2\/product\/53135\/revisions\/55945"}],"wp:attachment":[{"href":"https:\/\/www.callandplay.com\/pt\/wp-json\/wp\/v2\/media?parent=53135"}],"wp:term":[{"taxonomy":"product_brand","embeddable":true,"href":"https:\/\/www.callandplay.com\/pt\/wp-json\/wp\/v2\/product_brand?post=53135"},{"taxonomy":"product_cat","embeddable":true,"href":"https:\/\/www.callandplay.com\/pt\/wp-json\/wp\/v2\/product_cat?post=53135"},{"taxonomy":"product_tag","embeddable":true,"href":"https:\/\/www.callandplay.com\/pt\/wp-json\/wp\/v2\/product_tag?post=53135"}],"curies":[{"name":"wp","href":"https:\/\/api.w.org\/{rel}","templated":true}]}}