{"id":53148,"date":"2024-03-13T00:00:00","date_gmt":"2024-03-13T00:00:00","guid":{"rendered":"https:\/\/www.callandplay.com\/fender-blues-junior-112-iv\/"},"modified":"2026-04-03T20:35:30","modified_gmt":"2026-04-03T20:35:30","slug":"fender-blues-junior-112-iv","status":"publish","type":"product","link":"https:\/\/www.callandplay.com\/pt\/fender-blues-junior-112-iv\/","title":{"rendered":"FENDER BLUES JUNIOR 112 IV"},"content":{"rendered":"<p>El Blues Junior IV incorpora un circuito de preamplificador modificado, una reverberaci\u00f3n de muelles de sonido m\u00e1s suave y una est\u00e9tica mejorada. Potencia: 15 W. Altavoz: 1 x 12&#8243; Celestion tipo A. Impedancia: 8 Ohmios. Canales: 1. Controles: Reverb, master, medios, graves, agudos, interruptor Fat y volumen. Entradas: 1. Efectos: Reverb. V\u00e1lvulas de previo: 3 x 12AX7. V\u00e1lvulas de potencia: 2 x EL84. Footswitch de un bot\u00f3n. <\/p>","protected":false},"excerpt":{"rendered":"<p>El Blues Junior IV incorpora un circuito de preamplificador modificado, una reverberaci\u00f3n de muelles de sonido m\u00e1s suave y una est\u00e9tica mejorada. Potencia: 15 W. Altavoz: 1 x 12&#8243; Celestion tipo A. Impedancia: 8 Ohmios. Canales: 1. Controles: Reverb, master, medios, graves, agudos, interruptor Fat y volumen. Entradas: 1. Efectos: Reverb. V\u00e1lvulas de previo: 3 x 12AX7. V\u00e1lvulas de potencia: 2 x EL84. Footswitch de un bot\u00f3n. <\/p>","protected":false},"featured_media":0,"comment_status":"closed","ping_status":"closed","template":"","meta":{"_acf_changed":false,"om_disable_all_campaigns":false,"_monsterinsights_skip_tracking":false,"_monsterinsights_sitenote_active":false,"_monsterinsights_sitenote_note":"","_monsterinsights_sitenote_category":0},"product_brand":[],"product_cat":[1049],"product_tag":[],"class_list":{"0":"post-53148","1":"product","2":"type-product","3":"status-publish","5":"product_cat-combos-guitarra-electrica","7":"first","8":"instock","9":"shipping-taxable","10":"purchasable","11":"product-type-simple"},"acf":[],"yoast_head":"<!-- This site is optimized with the Yoast SEO plugin v27.3 - https:\/\/yoast.com\/product\/yoast-seo-wordpress\/ -->\n<title>FENDER BLUES JUNIOR 112 IV - Call&amp;Play<\/title>\n<meta name=\"robots\" content=\"index, follow, max-snippet:-1, max-image-preview:large, max-video-preview:-1\" \/>\n<link rel=\"canonical\" href=\"https:\/\/www.callandplay.com\/pt\/fender-blues-junior-112-iv\/\" \/>\n<meta property=\"og:locale\" content=\"pt_PT\" \/>\n<meta property=\"og:type\" content=\"article\" \/>\n<meta property=\"og:title\" content=\"FENDER BLUES JUNIOR 112 IV - Call&amp;Play\" \/>\n<meta property=\"og:description\" content=\"El Blues Junior IV incorpora un circuito de preamplificador modificado, una reverberaci\u00f3n de muelles de sonido m\u00e1s suave y una est\u00e9tica mejorada. Potencia: 15 W. Altavoz: 1 x 12&quot; Celestion tipo A. Impedancia: 8 Ohmios. Canales: 1. Controles: Reverb, master, medios, graves, agudos, interruptor Fat y volumen. Entradas: 1. Efectos: Reverb. V\u00e1lvulas de previo: 3 x 12AX7. V\u00e1lvulas de potencia: 2 x EL84. Footswitch de un bot\u00f3n.\" \/>\n<meta property=\"og:url\" content=\"https:\/\/www.callandplay.com\/pt\/fender-blues-junior-112-iv\/\" \/>\n<meta property=\"og:site_name\" content=\"Call&amp;Play\" \/>\n<meta property=\"article:publisher\" content=\"https:\/\/www.facebook.com\/callandplay\" \/>\n<meta property=\"article:modified_time\" content=\"2026-04-03T20:35:30+00:00\" \/>\n<meta name=\"twitter:card\" content=\"summary_large_image\" \/>\n<script type=\"application\/ld+json\" class=\"yoast-schema-graph\">{\"@context\":\"https:\\\/\\\/schema.org\",\"@graph\":[{\"@type\":\"WebPage\",\"@id\":\"https:\\\/\\\/www.callandplay.com\\\/fender-blues-junior-112-iv\\\/\",\"url\":\"https:\\\/\\\/www.callandplay.com\\\/fender-blues-junior-112-iv\\\/\",\"name\":\"FENDER BLUES JUNIOR 112 IV - Call&amp;Play\",\"isPartOf\":{\"@id\":\"https:\\\/\\\/www.callandplay.com\\\/#website\"},\"datePublished\":\"2024-03-13T00:00:00+00:00\",\"dateModified\":\"2026-04-03T20:35:30+00:00\",\"breadcrumb\":{\"@id\":\"https:\\\/\\\/www.callandplay.com\\\/fender-blues-junior-112-iv\\\/#breadcrumb\"},\"inLanguage\":\"pt-PT\",\"potentialAction\":[{\"@type\":\"ReadAction\",\"target\":[\"https:\\\/\\\/www.callandplay.com\\\/fender-blues-junior-112-iv\\\/\"]}]},{\"@type\":\"BreadcrumbList\",\"@id\":\"https:\\\/\\\/www.callandplay.com\\\/fender-blues-junior-112-iv\\\/#breadcrumb\",\"itemListElement\":[{\"@type\":\"ListItem\",\"position\":1,\"name\":\"Portada\",\"item\":\"https:\\\/\\\/www.callandplay.com\\\/\"},{\"@type\":\"ListItem\",\"position\":2,\"name\":\"Tienda\",\"item\":\"https:\\\/\\\/www.callandplay.com\\\/tienda\\\/\"},{\"@type\":\"ListItem\",\"position\":3,\"name\":\"FENDER BLUES JUNIOR 112 IV\"}]},{\"@type\":\"WebSite\",\"@id\":\"https:\\\/\\\/www.callandplay.com\\\/#website\",\"url\":\"https:\\\/\\\/www.callandplay.com\\\/\",\"name\":\"Call&amp;Play\",\"description\":\"Alquiler de backline e instrumentos musicales\",\"publisher\":{\"@id\":\"https:\\\/\\\/www.callandplay.com\\\/#organization\"},\"potentialAction\":[{\"@type\":\"SearchAction\",\"target\":{\"@type\":\"EntryPoint\",\"urlTemplate\":\"https:\\\/\\\/www.callandplay.com\\\/?s={search_term_string}\"},\"query-input\":{\"@type\":\"PropertyValueSpecification\",\"valueRequired\":true,\"valueName\":\"search_term_string\"}}],\"inLanguage\":\"pt-PT\"},{\"@type\":\"Organization\",\"@id\":\"https:\\\/\\\/www.callandplay.com\\\/#organization\",\"name\":\"Call&Play\",\"url\":\"https:\\\/\\\/www.callandplay.com\\\/\",\"logo\":{\"@type\":\"ImageObject\",\"inLanguage\":\"pt-PT\",\"@id\":\"https:\\\/\\\/www.callandplay.com\\\/#\\\/schema\\\/logo\\\/image\\\/\",\"url\":\"https:\\\/\\\/www.callandplay.com\\\/wp-content\\\/uploads\\\/2021\\\/06\\\/cropped-cropped-logo-black_con_sombra.png\",\"contentUrl\":\"https:\\\/\\\/www.callandplay.com\\\/wp-content\\\/uploads\\\/2021\\\/06\\\/cropped-cropped-logo-black_con_sombra.png\",\"width\":512,\"height\":512,\"caption\":\"Call&Play\"},\"image\":{\"@id\":\"https:\\\/\\\/www.callandplay.com\\\/#\\\/schema\\\/logo\\\/image\\\/\"},\"sameAs\":[\"https:\\\/\\\/www.facebook.com\\\/callandplay\",\"https:\\\/\\\/www.instagram.com\\\/call_and_play\\\/\"]}]}<\/script>\n<!-- \/ Yoast SEO plugin. -->","yoast_head_json":{"title":"FENDER BLUES JUNIOR 112 IV - Call&amp;Play","robots":{"index":"index","follow":"follow","max-snippet":"max-snippet:-1","max-image-preview":"max-image-preview:large","max-video-preview":"max-video-preview:-1"},"canonical":"https:\/\/www.callandplay.com\/pt\/fender-blues-junior-112-iv\/","og_locale":"pt_PT","og_type":"article","og_title":"FENDER BLUES JUNIOR 112 IV - Call&amp;Play","og_description":"El Blues Junior IV incorpora un circuito de preamplificador modificado, una reverberaci\u00f3n de muelles de sonido m\u00e1s suave y una est\u00e9tica mejorada. Potencia: 15 W. Altavoz: 1 x 12\" Celestion tipo A. Impedancia: 8 Ohmios. Canales: 1. Controles: Reverb, master, medios, graves, agudos, interruptor Fat y volumen. Entradas: 1. Efectos: Reverb. V\u00e1lvulas de previo: 3 x 12AX7. V\u00e1lvulas de potencia: 2 x EL84. Footswitch de un bot\u00f3n.","og_url":"https:\/\/www.callandplay.com\/pt\/fender-blues-junior-112-iv\/","og_site_name":"Call&amp;Play","article_publisher":"https:\/\/www.facebook.com\/callandplay","article_modified_time":"2026-04-03T20:35:30+00:00","twitter_card":"summary_large_image","schema":{"@context":"https:\/\/schema.org","@graph":[{"@type":"WebPage","@id":"https:\/\/www.callandplay.com\/fender-blues-junior-112-iv\/","url":"https:\/\/www.callandplay.com\/fender-blues-junior-112-iv\/","name":"FENDER BLUES JUNIOR 112 IV - Call&amp;Play","isPartOf":{"@id":"https:\/\/www.callandplay.com\/#website"},"datePublished":"2024-03-13T00:00:00+00:00","dateModified":"2026-04-03T20:35:30+00:00","breadcrumb":{"@id":"https:\/\/www.callandplay.com\/fender-blues-junior-112-iv\/#breadcrumb"},"inLanguage":"pt-PT","potentialAction":[{"@type":"ReadAction","target":["https:\/\/www.callandplay.com\/fender-blues-junior-112-iv\/"]}]},{"@type":"BreadcrumbList","@id":"https:\/\/www.callandplay.com\/fender-blues-junior-112-iv\/#breadcrumb","itemListElement":[{"@type":"ListItem","position":1,"name":"Portada","item":"https:\/\/www.callandplay.com\/"},{"@type":"ListItem","position":2,"name":"Tienda","item":"https:\/\/www.callandplay.com\/tienda\/"},{"@type":"ListItem","position":3,"name":"FENDER BLUES JUNIOR 112 IV"}]},{"@type":"WebSite","@id":"https:\/\/www.callandplay.com\/#website","url":"https:\/\/www.callandplay.com\/","name":"Call&amp;Play","description":"Alquiler de backline e instrumentos musicales","publisher":{"@id":"https:\/\/www.callandplay.com\/#organization"},"potentialAction":[{"@type":"SearchAction","target":{"@type":"EntryPoint","urlTemplate":"https:\/\/www.callandplay.com\/?s={search_term_string}"},"query-input":{"@type":"PropertyValueSpecification","valueRequired":true,"valueName":"search_term_string"}}],"inLanguage":"pt-PT"},{"@type":"Organization","@id":"https:\/\/www.callandplay.com\/#organization","name":"Call&Play","url":"https:\/\/www.callandplay.com\/","logo":{"@type":"ImageObject","inLanguage":"pt-PT","@id":"https:\/\/www.callandplay.com\/#\/schema\/logo\/image\/","url":"https:\/\/www.callandplay.com\/wp-content\/uploads\/2021\/06\/cropped-cropped-logo-black_con_sombra.png","contentUrl":"https:\/\/www.callandplay.com\/wp-content\/uploads\/2021\/06\/cropped-cropped-logo-black_con_sombra.png","width":512,"height":512,"caption":"Call&Play"},"image":{"@id":"https:\/\/www.callandplay.com\/#\/schema\/logo\/image\/"},"sameAs":["https:\/\/www.facebook.com\/callandplay","https:\/\/www.instagram.com\/call_and_play\/"]}]}},"_links":{"self":[{"href":"https:\/\/www.callandplay.com\/pt\/wp-json\/wp\/v2\/product\/53148","targetHints":{"allow":["GET"]}}],"collection":[{"href":"https:\/\/www.callandplay.com\/pt\/wp-json\/wp\/v2\/product"}],"about":[{"href":"https:\/\/www.callandplay.com\/pt\/wp-json\/wp\/v2\/types\/product"}],"replies":[{"embeddable":true,"href":"https:\/\/www.callandplay.com\/pt\/wp-json\/wp\/v2\/comments?post=53148"}],"version-history":[{"count":1,"href":"https:\/\/www.callandplay.com\/pt\/wp-json\/wp\/v2\/product\/53148\/revisions"}],"predecessor-version":[{"id":55958,"href":"https:\/\/www.callandplay.com\/pt\/wp-json\/wp\/v2\/product\/53148\/revisions\/55958"}],"wp:attachment":[{"href":"https:\/\/www.callandplay.com\/pt\/wp-json\/wp\/v2\/media?parent=53148"}],"wp:term":[{"taxonomy":"product_brand","embeddable":true,"href":"https:\/\/www.callandplay.com\/pt\/wp-json\/wp\/v2\/product_brand?post=53148"},{"taxonomy":"product_cat","embeddable":true,"href":"https:\/\/www.callandplay.com\/pt\/wp-json\/wp\/v2\/product_cat?post=53148"},{"taxonomy":"product_tag","embeddable":true,"href":"https:\/\/www.callandplay.com\/pt\/wp-json\/wp\/v2\/product_tag?post=53148"}],"curies":[{"name":"wp","href":"https:\/\/api.w.org\/{rel}","templated":true}]}}