{"id":53151,"date":"2024-03-13T00:00:00","date_gmt":"2024-03-13T00:00:00","guid":{"rendered":"https:\/\/www.callandplay.com\/fender-65-princeton-reverb\/"},"modified":"2026-04-15T20:54:15","modified_gmt":"2026-04-15T20:54:15","slug":"fender-65-princeton-reverb","status":"publish","type":"product","link":"https:\/\/www.callandplay.com\/pt\/fender-65-princeton-reverb\/","title":{"rendered":"FENDER &#8217;65 PRINCETON REVERB"},"content":{"rendered":"<p>Un amplificador hist\u00f3rico, utilizado durante d\u00e9cadas en innumerables \u00e9xitos. Hoy en d\u00eda, el &#8217;65 Princeton Reverb tiene el mismo formidable aspecto, suena tan bien, y es lo suficientemente vers\u00e1til como para ir de la sala de estar al estudio de grabaci\u00f3n o al concierto, con su gran sonido, estilo, fiabilidad y aut\u00e9nticas sensaciones vintage tan apreciadas por los entusiastas de Fender. Uno de los amplificadores m\u00e1s interesantes, resulta ideal para el m\u00fasico que exige el sonido a v\u00e1lvulas de la m\u00e1xima calidad, un din\u00e1mica natural tanto limpio como saturado, y una reverb Fender de muelle largo y un vibrato a v\u00e1lvulas. 12 vatios. Altavoz Jensen\u00ae C10R de 10&#8243;. Monocanal con dos entradas de se\u00f1al. Preamp Tubes: 3 x 12AX7, 1 X 12AT7. Power Tubes: 2 x 6V6. Rectifier Tube: 1 x 5AR4.<\/p>","protected":false},"excerpt":{"rendered":"<p>Un amplificador hist\u00f3rico, utilizado durante d\u00e9cadas en innumerables \u00e9xitos. Hoy en d\u00eda, el &#8217;65 Princeton Reverb tiene el mismo formidable aspecto, suena tan bien, y es lo suficientemente vers\u00e1til como para ir de la sala de estar al estudio de grabaci\u00f3n o al concierto, con su gran sonido, estilo, fiabilidad y aut\u00e9nticas sensaciones vintage tan apreciadas por los entusiastas de Fender. Uno de los amplificadores m\u00e1s interesantes, resulta ideal para el m\u00fasico que exige el sonido a v\u00e1lvulas de la m\u00e1xima calidad, un din\u00e1mica natural tanto limpio como saturado, y una reverb Fender de muelle largo y un vibrato a v\u00e1lvulas. 12 vatios. Altavoz Jensen\u00ae C10R de 10&#8243;. Monocanal con dos entradas de se\u00f1al. Preamp Tubes: 3 x 12AX7, 1 X 12AT7. Power Tubes: 2 x 6V6. Rectifier Tube: 1 x 5AR4.<\/p>","protected":false},"featured_media":0,"comment_status":"closed","ping_status":"closed","template":"","meta":{"_acf_changed":false,"om_disable_all_campaigns":false,"_monsterinsights_skip_tracking":false,"_monsterinsights_sitenote_active":false,"_monsterinsights_sitenote_note":"","_monsterinsights_sitenote_category":0},"product_brand":[],"product_cat":[1049],"product_tag":[],"class_list":{"0":"post-53151","1":"product","2":"type-product","3":"status-publish","5":"product_cat-combos-guitarra-electrica","7":"first","8":"instock","9":"shipping-taxable","10":"purchasable","11":"product-type-simple"},"acf":[],"yoast_head":"<!-- This site is optimized with the Yoast SEO plugin v27.4 - https:\/\/yoast.com\/product\/yoast-seo-wordpress\/ -->\n<title>FENDER &#039;65 PRINCETON REVERB - Call&amp;Play<\/title>\n<meta name=\"robots\" content=\"index, follow, max-snippet:-1, max-image-preview:large, max-video-preview:-1\" \/>\n<link rel=\"canonical\" href=\"https:\/\/www.callandplay.com\/pt\/fender-65-princeton-reverb\/\" \/>\n<meta property=\"og:locale\" content=\"pt_PT\" \/>\n<meta property=\"og:type\" content=\"article\" \/>\n<meta property=\"og:title\" content=\"FENDER &#039;65 PRINCETON REVERB - Call&amp;Play\" \/>\n<meta property=\"og:description\" content=\"Un amplificador hist\u00f3rico, utilizado durante d\u00e9cadas en innumerables \u00e9xitos. Hoy en d\u00eda, el &#039;65 Princeton Reverb tiene el mismo formidable aspecto, suena tan bien, y es lo suficientemente vers\u00e1til como para ir de la sala de estar al estudio de grabaci\u00f3n o al concierto, con su gran sonido, estilo, fiabilidad y aut\u00e9nticas sensaciones vintage tan apreciadas por los entusiastas de Fender. Uno de los amplificadores m\u00e1s interesantes, resulta ideal para el m\u00fasico que exige el sonido a v\u00e1lvulas de la m\u00e1xima calidad, un din\u00e1mica natural tanto limpio como saturado, y una reverb Fender de muelle largo y un vibrato a v\u00e1lvulas. 12 vatios. Altavoz Jensen\u00ae C10R de 10&quot;. Monocanal con dos entradas de se\u00f1al. Preamp Tubes: 3 x 12AX7, 1 X 12AT7. Power Tubes: 2 x 6V6. Rectifier Tube: 1 x 5AR4.\" \/>\n<meta property=\"og:url\" content=\"https:\/\/www.callandplay.com\/pt\/fender-65-princeton-reverb\/\" \/>\n<meta property=\"og:site_name\" content=\"Call&amp;Play\" \/>\n<meta property=\"article:publisher\" content=\"https:\/\/www.facebook.com\/callandplay\" \/>\n<meta property=\"article:modified_time\" content=\"2026-04-15T20:54:15+00:00\" \/>\n<meta name=\"twitter:card\" content=\"summary_large_image\" \/>\n<meta name=\"twitter:label1\" content=\"Tempo estimado de leitura\" \/>\n\t<meta name=\"twitter:data1\" content=\"1 minuto\" \/>\n<script type=\"application\/ld+json\" class=\"yoast-schema-graph\">{\"@context\":\"https:\\\/\\\/schema.org\",\"@graph\":[{\"@type\":\"WebPage\",\"@id\":\"https:\\\/\\\/www.callandplay.com\\\/fender-65-princeton-reverb\\\/\",\"url\":\"https:\\\/\\\/www.callandplay.com\\\/fender-65-princeton-reverb\\\/\",\"name\":\"FENDER '65 PRINCETON REVERB - Call&amp;Play\",\"isPartOf\":{\"@id\":\"https:\\\/\\\/www.callandplay.com\\\/#website\"},\"datePublished\":\"2024-03-13T00:00:00+00:00\",\"dateModified\":\"2026-04-15T20:54:15+00:00\",\"breadcrumb\":{\"@id\":\"https:\\\/\\\/www.callandplay.com\\\/fender-65-princeton-reverb\\\/#breadcrumb\"},\"inLanguage\":\"pt-PT\",\"potentialAction\":[{\"@type\":\"ReadAction\",\"target\":[\"https:\\\/\\\/www.callandplay.com\\\/fender-65-princeton-reverb\\\/\"]}]},{\"@type\":\"BreadcrumbList\",\"@id\":\"https:\\\/\\\/www.callandplay.com\\\/fender-65-princeton-reverb\\\/#breadcrumb\",\"itemListElement\":[{\"@type\":\"ListItem\",\"position\":1,\"name\":\"Portada\",\"item\":\"https:\\\/\\\/www.callandplay.com\\\/\"},{\"@type\":\"ListItem\",\"position\":2,\"name\":\"Tienda\",\"item\":\"https:\\\/\\\/www.callandplay.com\\\/tienda\\\/\"},{\"@type\":\"ListItem\",\"position\":3,\"name\":\"FENDER &#8217;65 PRINCETON REVERB\"}]},{\"@type\":\"WebSite\",\"@id\":\"https:\\\/\\\/www.callandplay.com\\\/#website\",\"url\":\"https:\\\/\\\/www.callandplay.com\\\/\",\"name\":\"Call&amp;Play\",\"description\":\"Alquiler de backline e instrumentos musicales\",\"publisher\":{\"@id\":\"https:\\\/\\\/www.callandplay.com\\\/#organization\"},\"potentialAction\":[{\"@type\":\"SearchAction\",\"target\":{\"@type\":\"EntryPoint\",\"urlTemplate\":\"https:\\\/\\\/www.callandplay.com\\\/?s={search_term_string}\"},\"query-input\":{\"@type\":\"PropertyValueSpecification\",\"valueRequired\":true,\"valueName\":\"search_term_string\"}}],\"inLanguage\":\"pt-PT\"},{\"@type\":\"Organization\",\"@id\":\"https:\\\/\\\/www.callandplay.com\\\/#organization\",\"name\":\"Call&Play\",\"url\":\"https:\\\/\\\/www.callandplay.com\\\/\",\"logo\":{\"@type\":\"ImageObject\",\"inLanguage\":\"pt-PT\",\"@id\":\"https:\\\/\\\/www.callandplay.com\\\/#\\\/schema\\\/logo\\\/image\\\/\",\"url\":\"https:\\\/\\\/www.callandplay.com\\\/wp-content\\\/uploads\\\/2021\\\/06\\\/cropped-cropped-logo-black_con_sombra.png\",\"contentUrl\":\"https:\\\/\\\/www.callandplay.com\\\/wp-content\\\/uploads\\\/2021\\\/06\\\/cropped-cropped-logo-black_con_sombra.png\",\"width\":512,\"height\":512,\"caption\":\"Call&Play\"},\"image\":{\"@id\":\"https:\\\/\\\/www.callandplay.com\\\/#\\\/schema\\\/logo\\\/image\\\/\"},\"sameAs\":[\"https:\\\/\\\/www.facebook.com\\\/callandplay\",\"https:\\\/\\\/www.instagram.com\\\/call_and_play\\\/\"]}]}<\/script>\n<!-- \/ Yoast SEO plugin. -->","yoast_head_json":{"title":"FENDER '65 PRINCETON REVERB - Call&amp;Play","robots":{"index":"index","follow":"follow","max-snippet":"max-snippet:-1","max-image-preview":"max-image-preview:large","max-video-preview":"max-video-preview:-1"},"canonical":"https:\/\/www.callandplay.com\/pt\/fender-65-princeton-reverb\/","og_locale":"pt_PT","og_type":"article","og_title":"FENDER '65 PRINCETON REVERB - Call&amp;Play","og_description":"Un amplificador hist\u00f3rico, utilizado durante d\u00e9cadas en innumerables \u00e9xitos. Hoy en d\u00eda, el '65 Princeton Reverb tiene el mismo formidable aspecto, suena tan bien, y es lo suficientemente vers\u00e1til como para ir de la sala de estar al estudio de grabaci\u00f3n o al concierto, con su gran sonido, estilo, fiabilidad y aut\u00e9nticas sensaciones vintage tan apreciadas por los entusiastas de Fender. Uno de los amplificadores m\u00e1s interesantes, resulta ideal para el m\u00fasico que exige el sonido a v\u00e1lvulas de la m\u00e1xima calidad, un din\u00e1mica natural tanto limpio como saturado, y una reverb Fender de muelle largo y un vibrato a v\u00e1lvulas. 12 vatios. Altavoz Jensen\u00ae C10R de 10\". Monocanal con dos entradas de se\u00f1al. Preamp Tubes: 3 x 12AX7, 1 X 12AT7. Power Tubes: 2 x 6V6. Rectifier Tube: 1 x 5AR4.","og_url":"https:\/\/www.callandplay.com\/pt\/fender-65-princeton-reverb\/","og_site_name":"Call&amp;Play","article_publisher":"https:\/\/www.facebook.com\/callandplay","article_modified_time":"2026-04-15T20:54:15+00:00","twitter_card":"summary_large_image","twitter_misc":{"Tempo estimado de leitura":"1 minuto"},"schema":{"@context":"https:\/\/schema.org","@graph":[{"@type":"WebPage","@id":"https:\/\/www.callandplay.com\/fender-65-princeton-reverb\/","url":"https:\/\/www.callandplay.com\/fender-65-princeton-reverb\/","name":"FENDER '65 PRINCETON REVERB - Call&amp;Play","isPartOf":{"@id":"https:\/\/www.callandplay.com\/#website"},"datePublished":"2024-03-13T00:00:00+00:00","dateModified":"2026-04-15T20:54:15+00:00","breadcrumb":{"@id":"https:\/\/www.callandplay.com\/fender-65-princeton-reverb\/#breadcrumb"},"inLanguage":"pt-PT","potentialAction":[{"@type":"ReadAction","target":["https:\/\/www.callandplay.com\/fender-65-princeton-reverb\/"]}]},{"@type":"BreadcrumbList","@id":"https:\/\/www.callandplay.com\/fender-65-princeton-reverb\/#breadcrumb","itemListElement":[{"@type":"ListItem","position":1,"name":"Portada","item":"https:\/\/www.callandplay.com\/"},{"@type":"ListItem","position":2,"name":"Tienda","item":"https:\/\/www.callandplay.com\/tienda\/"},{"@type":"ListItem","position":3,"name":"FENDER &#8217;65 PRINCETON REVERB"}]},{"@type":"WebSite","@id":"https:\/\/www.callandplay.com\/#website","url":"https:\/\/www.callandplay.com\/","name":"Call&amp;Play","description":"Alquiler de backline e instrumentos musicales","publisher":{"@id":"https:\/\/www.callandplay.com\/#organization"},"potentialAction":[{"@type":"SearchAction","target":{"@type":"EntryPoint","urlTemplate":"https:\/\/www.callandplay.com\/?s={search_term_string}"},"query-input":{"@type":"PropertyValueSpecification","valueRequired":true,"valueName":"search_term_string"}}],"inLanguage":"pt-PT"},{"@type":"Organization","@id":"https:\/\/www.callandplay.com\/#organization","name":"Call&Play","url":"https:\/\/www.callandplay.com\/","logo":{"@type":"ImageObject","inLanguage":"pt-PT","@id":"https:\/\/www.callandplay.com\/#\/schema\/logo\/image\/","url":"https:\/\/www.callandplay.com\/wp-content\/uploads\/2021\/06\/cropped-cropped-logo-black_con_sombra.png","contentUrl":"https:\/\/www.callandplay.com\/wp-content\/uploads\/2021\/06\/cropped-cropped-logo-black_con_sombra.png","width":512,"height":512,"caption":"Call&Play"},"image":{"@id":"https:\/\/www.callandplay.com\/#\/schema\/logo\/image\/"},"sameAs":["https:\/\/www.facebook.com\/callandplay","https:\/\/www.instagram.com\/call_and_play\/"]}]}},"_links":{"self":[{"href":"https:\/\/www.callandplay.com\/pt\/wp-json\/wp\/v2\/product\/53151","targetHints":{"allow":["GET"]}}],"collection":[{"href":"https:\/\/www.callandplay.com\/pt\/wp-json\/wp\/v2\/product"}],"about":[{"href":"https:\/\/www.callandplay.com\/pt\/wp-json\/wp\/v2\/types\/product"}],"replies":[{"embeddable":true,"href":"https:\/\/www.callandplay.com\/pt\/wp-json\/wp\/v2\/comments?post=53151"}],"version-history":[{"count":1,"href":"https:\/\/www.callandplay.com\/pt\/wp-json\/wp\/v2\/product\/53151\/revisions"}],"predecessor-version":[{"id":55961,"href":"https:\/\/www.callandplay.com\/pt\/wp-json\/wp\/v2\/product\/53151\/revisions\/55961"}],"wp:attachment":[{"href":"https:\/\/www.callandplay.com\/pt\/wp-json\/wp\/v2\/media?parent=53151"}],"wp:term":[{"taxonomy":"product_brand","embeddable":true,"href":"https:\/\/www.callandplay.com\/pt\/wp-json\/wp\/v2\/product_brand?post=53151"},{"taxonomy":"product_cat","embeddable":true,"href":"https:\/\/www.callandplay.com\/pt\/wp-json\/wp\/v2\/product_cat?post=53151"},{"taxonomy":"product_tag","embeddable":true,"href":"https:\/\/www.callandplay.com\/pt\/wp-json\/wp\/v2\/product_tag?post=53151"}],"curies":[{"name":"wp","href":"https:\/\/api.w.org\/{rel}","templated":true}]}}