{"id":53159,"date":"2026-03-04T00:00:00","date_gmt":"2026-03-04T00:00:00","guid":{"rendered":"https:\/\/www.callandplay.com\/steinway-d-274\/"},"modified":"2026-04-15T20:54:15","modified_gmt":"2026-04-15T20:54:15","slug":"steinway-d-274","status":"publish","type":"product","link":"https:\/\/www.callandplay.com\/pt\/steinway-d-274\/","title":{"rendered":"STEINWAY D-274"},"content":{"rendered":"<p>El piano de cola de concierto Steinway D-274 no ha cambiado en su dise\u00f1o desde 1884. Lang Lang, Daniel Barenboim y Christoph Eschenbach son s\u00f3lo tres de los m\u00e1s de 2.500 artistas Steinway de todo el mundo que califican el modelo D de Steinway como su primera opci\u00f3n. El modelo D llena innumerables salas de concieto de potencia y calidez musical. Construido artesanalmente con maderas nobles como arce y caoba, cuerdas de acero sueco de alta resistencia en los agudos y revestidas de cobre puro en los graves, y arpa de hierro fundido de Steinway, patentada en 1886, con una tensi\u00f3n de m\u00e1s de 20.000 kilogramos en todo momento. Sus medidas son: 157 cm ancho,  274 cm de largo y 101 alto. Su peso es de 500 kg. El precio publicado incluye transporte local y una afinaci\u00f3n. Precio orientativo: depende de horarios y accesos.<\/p>","protected":false},"excerpt":{"rendered":"<p>El piano de cola de concierto Steinway D-274 no ha cambiado en su dise\u00f1o desde 1884. Lang Lang, Daniel Barenboim y Christoph Eschenbach son s\u00f3lo tres de los m\u00e1s de 2.500 artistas Steinway de todo el mundo que califican el modelo D de Steinway como su primera opci\u00f3n. El modelo D llena innumerables salas de concieto de potencia y calidez musical. Construido artesanalmente con maderas nobles como arce y caoba, cuerdas de acero sueco de alta resistencia en los agudos y revestidas de cobre puro en los graves, y arpa de hierro fundido de Steinway, patentada en 1886, con una tensi\u00f3n de m\u00e1s de 20.000 kilogramos en todo momento. Sus medidas son: 157 cm ancho,  274 cm de largo y 101 alto. Su peso es de 500 kg. El precio publicado incluye transporte local y una afinaci\u00f3n. Precio orientativo: depende de horarios y accesos.<\/p>","protected":false},"featured_media":0,"comment_status":"closed","ping_status":"closed","template":"","meta":{"_acf_changed":false,"om_disable_all_campaigns":false,"_monsterinsights_skip_tracking":false,"_monsterinsights_sitenote_active":false,"_monsterinsights_sitenote_note":"","_monsterinsights_sitenote_category":0},"product_brand":[],"product_cat":[856],"product_tag":[],"class_list":{"0":"post-53159","1":"product","2":"type-product","3":"status-publish","5":"product_cat-pianos-artesanales-gran-concierto","7":"first","8":"instock","9":"shipping-taxable","10":"purchasable","11":"product-type-simple"},"acf":[],"yoast_head":"<!-- This site is optimized with the Yoast SEO plugin v27.3 - https:\/\/yoast.com\/product\/yoast-seo-wordpress\/ -->\n<title>STEINWAY D-274 - Call&amp;Play<\/title>\n<meta name=\"robots\" content=\"index, follow, max-snippet:-1, max-image-preview:large, max-video-preview:-1\" \/>\n<link rel=\"canonical\" href=\"https:\/\/www.callandplay.com\/pt\/steinway-d-274\/\" \/>\n<meta property=\"og:locale\" content=\"pt_PT\" \/>\n<meta property=\"og:type\" content=\"article\" \/>\n<meta property=\"og:title\" content=\"STEINWAY D-274 - Call&amp;Play\" \/>\n<meta property=\"og:description\" content=\"El piano de cola de concierto Steinway D-274 no ha cambiado en su dise\u00f1o desde 1884. Lang Lang, Daniel Barenboim y Christoph Eschenbach son s\u00f3lo tres de los m\u00e1s de 2.500 artistas Steinway de todo el mundo que califican el modelo D de Steinway como su primera opci\u00f3n. El modelo D llena innumerables salas de concieto de potencia y calidez musical. Construido artesanalmente con maderas nobles como arce y caoba, cuerdas de acero sueco de alta resistencia en los agudos y revestidas de cobre puro en los graves, y arpa de hierro fundido de Steinway, patentada en 1886, con una tensi\u00f3n de m\u00e1s de 20.000 kilogramos en todo momento. Sus medidas son: 157 cm ancho, 274 cm de largo y 101 alto. Su peso es de 500 kg. El precio publicado incluye transporte local y una afinaci\u00f3n. Precio orientativo: depende de horarios y accesos.\" \/>\n<meta property=\"og:url\" content=\"https:\/\/www.callandplay.com\/pt\/steinway-d-274\/\" \/>\n<meta property=\"og:site_name\" content=\"Call&amp;Play\" \/>\n<meta property=\"article:publisher\" content=\"https:\/\/www.facebook.com\/callandplay\" \/>\n<meta property=\"article:modified_time\" content=\"2026-04-15T20:54:15+00:00\" \/>\n<meta name=\"twitter:card\" content=\"summary_large_image\" \/>\n<meta name=\"twitter:label1\" content=\"Tempo estimado de leitura\" \/>\n\t<meta name=\"twitter:data1\" content=\"1 minuto\" \/>\n<script type=\"application\/ld+json\" class=\"yoast-schema-graph\">{\"@context\":\"https:\\\/\\\/schema.org\",\"@graph\":[{\"@type\":\"WebPage\",\"@id\":\"https:\\\/\\\/www.callandplay.com\\\/steinway-d-274\\\/\",\"url\":\"https:\\\/\\\/www.callandplay.com\\\/steinway-d-274\\\/\",\"name\":\"STEINWAY D-274 - Call&amp;Play\",\"isPartOf\":{\"@id\":\"https:\\\/\\\/www.callandplay.com\\\/#website\"},\"datePublished\":\"2026-03-04T00:00:00+00:00\",\"dateModified\":\"2026-04-15T20:54:15+00:00\",\"breadcrumb\":{\"@id\":\"https:\\\/\\\/www.callandplay.com\\\/steinway-d-274\\\/#breadcrumb\"},\"inLanguage\":\"pt-PT\",\"potentialAction\":[{\"@type\":\"ReadAction\",\"target\":[\"https:\\\/\\\/www.callandplay.com\\\/steinway-d-274\\\/\"]}]},{\"@type\":\"BreadcrumbList\",\"@id\":\"https:\\\/\\\/www.callandplay.com\\\/steinway-d-274\\\/#breadcrumb\",\"itemListElement\":[{\"@type\":\"ListItem\",\"position\":1,\"name\":\"Portada\",\"item\":\"https:\\\/\\\/www.callandplay.com\\\/\"},{\"@type\":\"ListItem\",\"position\":2,\"name\":\"Tienda\",\"item\":\"https:\\\/\\\/www.callandplay.com\\\/tienda\\\/\"},{\"@type\":\"ListItem\",\"position\":3,\"name\":\"STEINWAY D-274\"}]},{\"@type\":\"WebSite\",\"@id\":\"https:\\\/\\\/www.callandplay.com\\\/#website\",\"url\":\"https:\\\/\\\/www.callandplay.com\\\/\",\"name\":\"Call&amp;Play\",\"description\":\"Alquiler de backline e instrumentos musicales\",\"publisher\":{\"@id\":\"https:\\\/\\\/www.callandplay.com\\\/#organization\"},\"potentialAction\":[{\"@type\":\"SearchAction\",\"target\":{\"@type\":\"EntryPoint\",\"urlTemplate\":\"https:\\\/\\\/www.callandplay.com\\\/?s={search_term_string}\"},\"query-input\":{\"@type\":\"PropertyValueSpecification\",\"valueRequired\":true,\"valueName\":\"search_term_string\"}}],\"inLanguage\":\"pt-PT\"},{\"@type\":\"Organization\",\"@id\":\"https:\\\/\\\/www.callandplay.com\\\/#organization\",\"name\":\"Call&Play\",\"url\":\"https:\\\/\\\/www.callandplay.com\\\/\",\"logo\":{\"@type\":\"ImageObject\",\"inLanguage\":\"pt-PT\",\"@id\":\"https:\\\/\\\/www.callandplay.com\\\/#\\\/schema\\\/logo\\\/image\\\/\",\"url\":\"https:\\\/\\\/www.callandplay.com\\\/wp-content\\\/uploads\\\/2021\\\/06\\\/cropped-cropped-logo-black_con_sombra.png\",\"contentUrl\":\"https:\\\/\\\/www.callandplay.com\\\/wp-content\\\/uploads\\\/2021\\\/06\\\/cropped-cropped-logo-black_con_sombra.png\",\"width\":512,\"height\":512,\"caption\":\"Call&Play\"},\"image\":{\"@id\":\"https:\\\/\\\/www.callandplay.com\\\/#\\\/schema\\\/logo\\\/image\\\/\"},\"sameAs\":[\"https:\\\/\\\/www.facebook.com\\\/callandplay\",\"https:\\\/\\\/www.instagram.com\\\/call_and_play\\\/\"]}]}<\/script>\n<!-- \/ Yoast SEO plugin. -->","yoast_head_json":{"title":"STEINWAY D-274 - Call&amp;Play","robots":{"index":"index","follow":"follow","max-snippet":"max-snippet:-1","max-image-preview":"max-image-preview:large","max-video-preview":"max-video-preview:-1"},"canonical":"https:\/\/www.callandplay.com\/pt\/steinway-d-274\/","og_locale":"pt_PT","og_type":"article","og_title":"STEINWAY D-274 - Call&amp;Play","og_description":"El piano de cola de concierto Steinway D-274 no ha cambiado en su dise\u00f1o desde 1884. Lang Lang, Daniel Barenboim y Christoph Eschenbach son s\u00f3lo tres de los m\u00e1s de 2.500 artistas Steinway de todo el mundo que califican el modelo D de Steinway como su primera opci\u00f3n. El modelo D llena innumerables salas de concieto de potencia y calidez musical. Construido artesanalmente con maderas nobles como arce y caoba, cuerdas de acero sueco de alta resistencia en los agudos y revestidas de cobre puro en los graves, y arpa de hierro fundido de Steinway, patentada en 1886, con una tensi\u00f3n de m\u00e1s de 20.000 kilogramos en todo momento. Sus medidas son: 157 cm ancho, 274 cm de largo y 101 alto. Su peso es de 500 kg. El precio publicado incluye transporte local y una afinaci\u00f3n. Precio orientativo: depende de horarios y accesos.","og_url":"https:\/\/www.callandplay.com\/pt\/steinway-d-274\/","og_site_name":"Call&amp;Play","article_publisher":"https:\/\/www.facebook.com\/callandplay","article_modified_time":"2026-04-15T20:54:15+00:00","twitter_card":"summary_large_image","twitter_misc":{"Tempo estimado de leitura":"1 minuto"},"schema":{"@context":"https:\/\/schema.org","@graph":[{"@type":"WebPage","@id":"https:\/\/www.callandplay.com\/steinway-d-274\/","url":"https:\/\/www.callandplay.com\/steinway-d-274\/","name":"STEINWAY D-274 - Call&amp;Play","isPartOf":{"@id":"https:\/\/www.callandplay.com\/#website"},"datePublished":"2026-03-04T00:00:00+00:00","dateModified":"2026-04-15T20:54:15+00:00","breadcrumb":{"@id":"https:\/\/www.callandplay.com\/steinway-d-274\/#breadcrumb"},"inLanguage":"pt-PT","potentialAction":[{"@type":"ReadAction","target":["https:\/\/www.callandplay.com\/steinway-d-274\/"]}]},{"@type":"BreadcrumbList","@id":"https:\/\/www.callandplay.com\/steinway-d-274\/#breadcrumb","itemListElement":[{"@type":"ListItem","position":1,"name":"Portada","item":"https:\/\/www.callandplay.com\/"},{"@type":"ListItem","position":2,"name":"Tienda","item":"https:\/\/www.callandplay.com\/tienda\/"},{"@type":"ListItem","position":3,"name":"STEINWAY D-274"}]},{"@type":"WebSite","@id":"https:\/\/www.callandplay.com\/#website","url":"https:\/\/www.callandplay.com\/","name":"Call&amp;Play","description":"Alquiler de backline e instrumentos musicales","publisher":{"@id":"https:\/\/www.callandplay.com\/#organization"},"potentialAction":[{"@type":"SearchAction","target":{"@type":"EntryPoint","urlTemplate":"https:\/\/www.callandplay.com\/?s={search_term_string}"},"query-input":{"@type":"PropertyValueSpecification","valueRequired":true,"valueName":"search_term_string"}}],"inLanguage":"pt-PT"},{"@type":"Organization","@id":"https:\/\/www.callandplay.com\/#organization","name":"Call&Play","url":"https:\/\/www.callandplay.com\/","logo":{"@type":"ImageObject","inLanguage":"pt-PT","@id":"https:\/\/www.callandplay.com\/#\/schema\/logo\/image\/","url":"https:\/\/www.callandplay.com\/wp-content\/uploads\/2021\/06\/cropped-cropped-logo-black_con_sombra.png","contentUrl":"https:\/\/www.callandplay.com\/wp-content\/uploads\/2021\/06\/cropped-cropped-logo-black_con_sombra.png","width":512,"height":512,"caption":"Call&Play"},"image":{"@id":"https:\/\/www.callandplay.com\/#\/schema\/logo\/image\/"},"sameAs":["https:\/\/www.facebook.com\/callandplay","https:\/\/www.instagram.com\/call_and_play\/"]}]}},"_links":{"self":[{"href":"https:\/\/www.callandplay.com\/pt\/wp-json\/wp\/v2\/product\/53159","targetHints":{"allow":["GET"]}}],"collection":[{"href":"https:\/\/www.callandplay.com\/pt\/wp-json\/wp\/v2\/product"}],"about":[{"href":"https:\/\/www.callandplay.com\/pt\/wp-json\/wp\/v2\/types\/product"}],"replies":[{"embeddable":true,"href":"https:\/\/www.callandplay.com\/pt\/wp-json\/wp\/v2\/comments?post=53159"}],"version-history":[{"count":2,"href":"https:\/\/www.callandplay.com\/pt\/wp-json\/wp\/v2\/product\/53159\/revisions"}],"predecessor-version":[{"id":56486,"href":"https:\/\/www.callandplay.com\/pt\/wp-json\/wp\/v2\/product\/53159\/revisions\/56486"}],"wp:attachment":[{"href":"https:\/\/www.callandplay.com\/pt\/wp-json\/wp\/v2\/media?parent=53159"}],"wp:term":[{"taxonomy":"product_brand","embeddable":true,"href":"https:\/\/www.callandplay.com\/pt\/wp-json\/wp\/v2\/product_brand?post=53159"},{"taxonomy":"product_cat","embeddable":true,"href":"https:\/\/www.callandplay.com\/pt\/wp-json\/wp\/v2\/product_cat?post=53159"},{"taxonomy":"product_tag","embeddable":true,"href":"https:\/\/www.callandplay.com\/pt\/wp-json\/wp\/v2\/product_tag?post=53159"}],"curies":[{"name":"wp","href":"https:\/\/api.w.org\/{rel}","templated":true}]}}