{"id":53165,"date":"2023-04-21T00:00:00","date_gmt":"2023-04-21T00:00:00","guid":{"rendered":"https:\/\/www.callandplay.com\/akg-c-214\/"},"modified":"2026-04-04T20:33:51","modified_gmt":"2026-04-04T20:33:51","slug":"akg-c-214","status":"publish","type":"product","link":"https:\/\/www.callandplay.com\/pt\/akg-c-214\/","title":{"rendered":"AKG C 214"},"content":{"rendered":"<p>AKG C214 es un micr\u00f3fono de condensador de gran diafragma. Al igual que el C414, el C214 ofrece una c\u00e1psula suprema de una pulgada sobre una suspensi\u00f3n integrada para reducir el ruido mec\u00e1nico. Un pad de atenuaci\u00f3n de 20dB conmutable permite grabar fuentes ruidosas de hasta 156dB SPL. Un filtro de corte de graves conmutable permite grabar de cerca sin apenas efecto de proximidad. El C214 capta el sonido combinando una c\u00e1psula del legendario sistema de doble c\u00e1psula C414 y la tecnolog\u00eda patentada AKG Back-Plate, lo que da como resultado un rendimiento excepcional cercano al famoso C414 XLII.<\/p>","protected":false},"excerpt":{"rendered":"<p>AKG C214 es un micr\u00f3fono de condensador de gran diafragma. Al igual que el C414, el C214 ofrece una c\u00e1psula suprema de una pulgada sobre una suspensi\u00f3n integrada para reducir el ruido mec\u00e1nico. Un pad de atenuaci\u00f3n de 20dB conmutable permite grabar fuentes ruidosas de hasta 156dB SPL. Un filtro de corte de graves conmutable permite grabar de cerca sin apenas efecto de proximidad. El C214 capta el sonido combinando una c\u00e1psula del legendario sistema de doble c\u00e1psula C414 y la tecnolog\u00eda patentada AKG Back-Plate, lo que da como resultado un rendimiento excepcional cercano al famoso C414 XLII.<\/p>","protected":false},"featured_media":0,"comment_status":"closed","ping_status":"closed","template":"","meta":{"_acf_changed":false,"om_disable_all_campaigns":false,"_monsterinsights_skip_tracking":false,"_monsterinsights_sitenote_active":false,"_monsterinsights_sitenote_note":"","_monsterinsights_sitenote_category":0},"product_brand":[],"product_cat":[1215],"product_tag":[],"class_list":{"0":"post-53165","1":"product","2":"type-product","3":"status-publish","5":"product_cat-microfonos-condensador-membrana-grande","7":"first","8":"instock","9":"shipping-taxable","10":"purchasable","11":"product-type-simple"},"acf":[],"yoast_head":"<!-- This site is optimized with the Yoast SEO plugin v27.3 - https:\/\/yoast.com\/product\/yoast-seo-wordpress\/ -->\n<title>AKG C 214 - Call&amp;Play<\/title>\n<meta name=\"robots\" content=\"index, follow, max-snippet:-1, max-image-preview:large, max-video-preview:-1\" \/>\n<link rel=\"canonical\" href=\"https:\/\/www.callandplay.com\/pt\/akg-c-214\/\" \/>\n<meta property=\"og:locale\" content=\"pt_PT\" \/>\n<meta property=\"og:type\" content=\"article\" \/>\n<meta property=\"og:title\" content=\"AKG C 214 - Call&amp;Play\" \/>\n<meta property=\"og:description\" content=\"AKG C214 es un micr\u00f3fono de condensador de gran diafragma. Al igual que el C414, el C214 ofrece una c\u00e1psula suprema de una pulgada sobre una suspensi\u00f3n integrada para reducir el ruido mec\u00e1nico. Un pad de atenuaci\u00f3n de 20dB conmutable permite grabar fuentes ruidosas de hasta 156dB SPL. Un filtro de corte de graves conmutable permite grabar de cerca sin apenas efecto de proximidad. El C214 capta el sonido combinando una c\u00e1psula del legendario sistema de doble c\u00e1psula C414 y la tecnolog\u00eda patentada AKG Back-Plate, lo que da como resultado un rendimiento excepcional cercano al famoso C414 XLII.\" \/>\n<meta property=\"og:url\" content=\"https:\/\/www.callandplay.com\/pt\/akg-c-214\/\" \/>\n<meta property=\"og:site_name\" content=\"Call&amp;Play\" \/>\n<meta property=\"article:publisher\" content=\"https:\/\/www.facebook.com\/callandplay\" \/>\n<meta property=\"article:modified_time\" content=\"2026-04-04T20:33:51+00:00\" \/>\n<meta name=\"twitter:card\" content=\"summary_large_image\" \/>\n<meta name=\"twitter:label1\" content=\"Tempo estimado de leitura\" \/>\n\t<meta name=\"twitter:data1\" content=\"1 minuto\" \/>\n<script type=\"application\/ld+json\" class=\"yoast-schema-graph\">{\"@context\":\"https:\\\/\\\/schema.org\",\"@graph\":[{\"@type\":\"WebPage\",\"@id\":\"https:\\\/\\\/www.callandplay.com\\\/akg-c-214\\\/\",\"url\":\"https:\\\/\\\/www.callandplay.com\\\/akg-c-214\\\/\",\"name\":\"AKG C 214 - Call&amp;Play\",\"isPartOf\":{\"@id\":\"https:\\\/\\\/www.callandplay.com\\\/#website\"},\"datePublished\":\"2023-04-21T00:00:00+00:00\",\"dateModified\":\"2026-04-04T20:33:51+00:00\",\"breadcrumb\":{\"@id\":\"https:\\\/\\\/www.callandplay.com\\\/akg-c-214\\\/#breadcrumb\"},\"inLanguage\":\"pt-PT\",\"potentialAction\":[{\"@type\":\"ReadAction\",\"target\":[\"https:\\\/\\\/www.callandplay.com\\\/akg-c-214\\\/\"]}]},{\"@type\":\"BreadcrumbList\",\"@id\":\"https:\\\/\\\/www.callandplay.com\\\/akg-c-214\\\/#breadcrumb\",\"itemListElement\":[{\"@type\":\"ListItem\",\"position\":1,\"name\":\"Portada\",\"item\":\"https:\\\/\\\/www.callandplay.com\\\/\"},{\"@type\":\"ListItem\",\"position\":2,\"name\":\"Tienda\",\"item\":\"https:\\\/\\\/www.callandplay.com\\\/tienda\\\/\"},{\"@type\":\"ListItem\",\"position\":3,\"name\":\"AKG C 214\"}]},{\"@type\":\"WebSite\",\"@id\":\"https:\\\/\\\/www.callandplay.com\\\/#website\",\"url\":\"https:\\\/\\\/www.callandplay.com\\\/\",\"name\":\"Call&amp;Play\",\"description\":\"Alquiler de backline e instrumentos musicales\",\"publisher\":{\"@id\":\"https:\\\/\\\/www.callandplay.com\\\/#organization\"},\"potentialAction\":[{\"@type\":\"SearchAction\",\"target\":{\"@type\":\"EntryPoint\",\"urlTemplate\":\"https:\\\/\\\/www.callandplay.com\\\/?s={search_term_string}\"},\"query-input\":{\"@type\":\"PropertyValueSpecification\",\"valueRequired\":true,\"valueName\":\"search_term_string\"}}],\"inLanguage\":\"pt-PT\"},{\"@type\":\"Organization\",\"@id\":\"https:\\\/\\\/www.callandplay.com\\\/#organization\",\"name\":\"Call&Play\",\"url\":\"https:\\\/\\\/www.callandplay.com\\\/\",\"logo\":{\"@type\":\"ImageObject\",\"inLanguage\":\"pt-PT\",\"@id\":\"https:\\\/\\\/www.callandplay.com\\\/#\\\/schema\\\/logo\\\/image\\\/\",\"url\":\"https:\\\/\\\/www.callandplay.com\\\/wp-content\\\/uploads\\\/2021\\\/06\\\/cropped-cropped-logo-black_con_sombra.png\",\"contentUrl\":\"https:\\\/\\\/www.callandplay.com\\\/wp-content\\\/uploads\\\/2021\\\/06\\\/cropped-cropped-logo-black_con_sombra.png\",\"width\":512,\"height\":512,\"caption\":\"Call&Play\"},\"image\":{\"@id\":\"https:\\\/\\\/www.callandplay.com\\\/#\\\/schema\\\/logo\\\/image\\\/\"},\"sameAs\":[\"https:\\\/\\\/www.facebook.com\\\/callandplay\",\"https:\\\/\\\/www.instagram.com\\\/call_and_play\\\/\"]}]}<\/script>\n<!-- \/ Yoast SEO plugin. -->","yoast_head_json":{"title":"AKG C 214 - Call&amp;Play","robots":{"index":"index","follow":"follow","max-snippet":"max-snippet:-1","max-image-preview":"max-image-preview:large","max-video-preview":"max-video-preview:-1"},"canonical":"https:\/\/www.callandplay.com\/pt\/akg-c-214\/","og_locale":"pt_PT","og_type":"article","og_title":"AKG C 214 - Call&amp;Play","og_description":"AKG C214 es un micr\u00f3fono de condensador de gran diafragma. Al igual que el C414, el C214 ofrece una c\u00e1psula suprema de una pulgada sobre una suspensi\u00f3n integrada para reducir el ruido mec\u00e1nico. Un pad de atenuaci\u00f3n de 20dB conmutable permite grabar fuentes ruidosas de hasta 156dB SPL. Un filtro de corte de graves conmutable permite grabar de cerca sin apenas efecto de proximidad. El C214 capta el sonido combinando una c\u00e1psula del legendario sistema de doble c\u00e1psula C414 y la tecnolog\u00eda patentada AKG Back-Plate, lo que da como resultado un rendimiento excepcional cercano al famoso C414 XLII.","og_url":"https:\/\/www.callandplay.com\/pt\/akg-c-214\/","og_site_name":"Call&amp;Play","article_publisher":"https:\/\/www.facebook.com\/callandplay","article_modified_time":"2026-04-04T20:33:51+00:00","twitter_card":"summary_large_image","twitter_misc":{"Tempo estimado de leitura":"1 minuto"},"schema":{"@context":"https:\/\/schema.org","@graph":[{"@type":"WebPage","@id":"https:\/\/www.callandplay.com\/akg-c-214\/","url":"https:\/\/www.callandplay.com\/akg-c-214\/","name":"AKG C 214 - Call&amp;Play","isPartOf":{"@id":"https:\/\/www.callandplay.com\/#website"},"datePublished":"2023-04-21T00:00:00+00:00","dateModified":"2026-04-04T20:33:51+00:00","breadcrumb":{"@id":"https:\/\/www.callandplay.com\/akg-c-214\/#breadcrumb"},"inLanguage":"pt-PT","potentialAction":[{"@type":"ReadAction","target":["https:\/\/www.callandplay.com\/akg-c-214\/"]}]},{"@type":"BreadcrumbList","@id":"https:\/\/www.callandplay.com\/akg-c-214\/#breadcrumb","itemListElement":[{"@type":"ListItem","position":1,"name":"Portada","item":"https:\/\/www.callandplay.com\/"},{"@type":"ListItem","position":2,"name":"Tienda","item":"https:\/\/www.callandplay.com\/tienda\/"},{"@type":"ListItem","position":3,"name":"AKG C 214"}]},{"@type":"WebSite","@id":"https:\/\/www.callandplay.com\/#website","url":"https:\/\/www.callandplay.com\/","name":"Call&amp;Play","description":"Alquiler de backline e instrumentos musicales","publisher":{"@id":"https:\/\/www.callandplay.com\/#organization"},"potentialAction":[{"@type":"SearchAction","target":{"@type":"EntryPoint","urlTemplate":"https:\/\/www.callandplay.com\/?s={search_term_string}"},"query-input":{"@type":"PropertyValueSpecification","valueRequired":true,"valueName":"search_term_string"}}],"inLanguage":"pt-PT"},{"@type":"Organization","@id":"https:\/\/www.callandplay.com\/#organization","name":"Call&Play","url":"https:\/\/www.callandplay.com\/","logo":{"@type":"ImageObject","inLanguage":"pt-PT","@id":"https:\/\/www.callandplay.com\/#\/schema\/logo\/image\/","url":"https:\/\/www.callandplay.com\/wp-content\/uploads\/2021\/06\/cropped-cropped-logo-black_con_sombra.png","contentUrl":"https:\/\/www.callandplay.com\/wp-content\/uploads\/2021\/06\/cropped-cropped-logo-black_con_sombra.png","width":512,"height":512,"caption":"Call&Play"},"image":{"@id":"https:\/\/www.callandplay.com\/#\/schema\/logo\/image\/"},"sameAs":["https:\/\/www.facebook.com\/callandplay","https:\/\/www.instagram.com\/call_and_play\/"]}]}},"_links":{"self":[{"href":"https:\/\/www.callandplay.com\/pt\/wp-json\/wp\/v2\/product\/53165","targetHints":{"allow":["GET"]}}],"collection":[{"href":"https:\/\/www.callandplay.com\/pt\/wp-json\/wp\/v2\/product"}],"about":[{"href":"https:\/\/www.callandplay.com\/pt\/wp-json\/wp\/v2\/types\/product"}],"replies":[{"embeddable":true,"href":"https:\/\/www.callandplay.com\/pt\/wp-json\/wp\/v2\/comments?post=53165"}],"version-history":[{"count":1,"href":"https:\/\/www.callandplay.com\/pt\/wp-json\/wp\/v2\/product\/53165\/revisions"}],"predecessor-version":[{"id":55975,"href":"https:\/\/www.callandplay.com\/pt\/wp-json\/wp\/v2\/product\/53165\/revisions\/55975"}],"wp:attachment":[{"href":"https:\/\/www.callandplay.com\/pt\/wp-json\/wp\/v2\/media?parent=53165"}],"wp:term":[{"taxonomy":"product_brand","embeddable":true,"href":"https:\/\/www.callandplay.com\/pt\/wp-json\/wp\/v2\/product_brand?post=53165"},{"taxonomy":"product_cat","embeddable":true,"href":"https:\/\/www.callandplay.com\/pt\/wp-json\/wp\/v2\/product_cat?post=53165"},{"taxonomy":"product_tag","embeddable":true,"href":"https:\/\/www.callandplay.com\/pt\/wp-json\/wp\/v2\/product_tag?post=53165"}],"curies":[{"name":"wp","href":"https:\/\/api.w.org\/{rel}","templated":true}]}}