{"id":53189,"date":"2024-03-13T00:00:00","date_gmt":"2024-03-13T00:00:00","guid":{"rendered":"https:\/\/www.callandplay.com\/yamaha-yc88\/"},"modified":"2026-04-15T20:54:16","modified_gmt":"2026-04-15T20:54:16","slug":"yamaha-yc88","status":"publish","type":"product","link":"https:\/\/www.callandplay.com\/pt\/yamaha-yc88\/","title":{"rendered":"YAMAHA YC88"},"content":{"rendered":"<p>Dise\u00f1ada para teclistas de directo, la serie Yamaha YC cuenta con un nuevo dise\u00f1o de motor de sonido Virtual Circuitry Modeling (VCM) para \u00f3rgano con drawbars f\u00edsicos, un amplio control en tiempo real y sonidos aut\u00e9nticos de piano ac\u00fastico\/el\u00e9ctrico y sintetizador FM. Sonidos aut\u00e9nticos de pianos Yamaha de cola o verticales, pianos el\u00e9ctricos y teclados, de \u00f3rgano de ruedas tonales con altavoz rotatorio, sintetizadores, sonidos ac\u00fasticos y mucho m\u00e1s. La tecnolog\u00eda Virtual Circuitry Modeling (VCM) patentada recrea desde los circuitos de los ecualizadores, compresores y phasers anal\u00f3gicos antiguos hasta los transistores y resistencias para capturar las sutilezas que otras simulaciones digitales no pueden.<\/p>","protected":false},"excerpt":{"rendered":"<p>Dise\u00f1ada para teclistas de directo, la serie Yamaha YC cuenta con un nuevo dise\u00f1o de motor de sonido Virtual Circuitry Modeling (VCM) para \u00f3rgano con drawbars f\u00edsicos, un amplio control en tiempo real y sonidos aut\u00e9nticos de piano ac\u00fastico\/el\u00e9ctrico y sintetizador FM. Sonidos aut\u00e9nticos de pianos Yamaha de cola o verticales, pianos el\u00e9ctricos y teclados, de \u00f3rgano de ruedas tonales con altavoz rotatorio, sintetizadores, sonidos ac\u00fasticos y mucho m\u00e1s. La tecnolog\u00eda Virtual Circuitry Modeling (VCM) patentada recrea desde los circuitos de los ecualizadores, compresores y phasers anal\u00f3gicos antiguos hasta los transistores y resistencias para capturar las sutilezas que otras simulaciones digitales no pueden.<\/p>","protected":false},"featured_media":0,"comment_status":"closed","ping_status":"closed","template":"","meta":{"_acf_changed":false,"om_disable_all_campaigns":false,"_monsterinsights_skip_tracking":false,"_monsterinsights_sitenote_active":false,"_monsterinsights_sitenote_note":"","_monsterinsights_sitenote_category":0},"product_brand":[],"product_cat":[1086],"product_tag":[],"class_list":{"0":"post-53189","1":"product","2":"type-product","3":"status-publish","5":"product_cat-organos-electronicos","7":"first","8":"instock","9":"shipping-taxable","10":"purchasable","11":"product-type-simple"},"acf":[],"yoast_head":"<!-- This site is optimized with the Yoast SEO plugin v27.4 - https:\/\/yoast.com\/product\/yoast-seo-wordpress\/ -->\n<title>YAMAHA YC88 - Call&amp;Play<\/title>\n<meta name=\"robots\" content=\"index, follow, max-snippet:-1, max-image-preview:large, max-video-preview:-1\" \/>\n<link rel=\"canonical\" href=\"https:\/\/www.callandplay.com\/pt\/yamaha-yc88\/\" \/>\n<meta property=\"og:locale\" content=\"pt_PT\" \/>\n<meta property=\"og:type\" content=\"article\" \/>\n<meta property=\"og:title\" content=\"YAMAHA YC88 - Call&amp;Play\" \/>\n<meta property=\"og:description\" content=\"Dise\u00f1ada para teclistas de directo, la serie Yamaha YC cuenta con un nuevo dise\u00f1o de motor de sonido Virtual Circuitry Modeling (VCM) para \u00f3rgano con drawbars f\u00edsicos, un amplio control en tiempo real y sonidos aut\u00e9nticos de piano ac\u00fastico\/el\u00e9ctrico y sintetizador FM. Sonidos aut\u00e9nticos de pianos Yamaha de cola o verticales, pianos el\u00e9ctricos y teclados, de \u00f3rgano de ruedas tonales con altavoz rotatorio, sintetizadores, sonidos ac\u00fasticos y mucho m\u00e1s. La tecnolog\u00eda Virtual Circuitry Modeling (VCM) patentada recrea desde los circuitos de los ecualizadores, compresores y phasers anal\u00f3gicos antiguos hasta los transistores y resistencias para capturar las sutilezas que otras simulaciones digitales no pueden.\" \/>\n<meta property=\"og:url\" content=\"https:\/\/www.callandplay.com\/pt\/yamaha-yc88\/\" \/>\n<meta property=\"og:site_name\" content=\"Call&amp;Play\" \/>\n<meta property=\"article:publisher\" content=\"https:\/\/www.facebook.com\/callandplay\" \/>\n<meta property=\"article:modified_time\" content=\"2026-04-15T20:54:16+00:00\" \/>\n<meta name=\"twitter:card\" content=\"summary_large_image\" \/>\n<meta name=\"twitter:label1\" content=\"Tempo estimado de leitura\" \/>\n\t<meta name=\"twitter:data1\" content=\"1 minuto\" \/>\n<script type=\"application\/ld+json\" class=\"yoast-schema-graph\">{\"@context\":\"https:\\\/\\\/schema.org\",\"@graph\":[{\"@type\":\"WebPage\",\"@id\":\"https:\\\/\\\/www.callandplay.com\\\/yamaha-yc88\\\/\",\"url\":\"https:\\\/\\\/www.callandplay.com\\\/yamaha-yc88\\\/\",\"name\":\"YAMAHA YC88 - Call&amp;Play\",\"isPartOf\":{\"@id\":\"https:\\\/\\\/www.callandplay.com\\\/#website\"},\"datePublished\":\"2024-03-13T00:00:00+00:00\",\"dateModified\":\"2026-04-15T20:54:16+00:00\",\"breadcrumb\":{\"@id\":\"https:\\\/\\\/www.callandplay.com\\\/yamaha-yc88\\\/#breadcrumb\"},\"inLanguage\":\"pt-PT\",\"potentialAction\":[{\"@type\":\"ReadAction\",\"target\":[\"https:\\\/\\\/www.callandplay.com\\\/yamaha-yc88\\\/\"]}]},{\"@type\":\"BreadcrumbList\",\"@id\":\"https:\\\/\\\/www.callandplay.com\\\/yamaha-yc88\\\/#breadcrumb\",\"itemListElement\":[{\"@type\":\"ListItem\",\"position\":1,\"name\":\"Portada\",\"item\":\"https:\\\/\\\/www.callandplay.com\\\/\"},{\"@type\":\"ListItem\",\"position\":2,\"name\":\"Tienda\",\"item\":\"https:\\\/\\\/www.callandplay.com\\\/tienda\\\/\"},{\"@type\":\"ListItem\",\"position\":3,\"name\":\"YAMAHA YC88\"}]},{\"@type\":\"WebSite\",\"@id\":\"https:\\\/\\\/www.callandplay.com\\\/#website\",\"url\":\"https:\\\/\\\/www.callandplay.com\\\/\",\"name\":\"Call&amp;Play\",\"description\":\"Alquiler de backline e instrumentos musicales\",\"publisher\":{\"@id\":\"https:\\\/\\\/www.callandplay.com\\\/#organization\"},\"potentialAction\":[{\"@type\":\"SearchAction\",\"target\":{\"@type\":\"EntryPoint\",\"urlTemplate\":\"https:\\\/\\\/www.callandplay.com\\\/?s={search_term_string}\"},\"query-input\":{\"@type\":\"PropertyValueSpecification\",\"valueRequired\":true,\"valueName\":\"search_term_string\"}}],\"inLanguage\":\"pt-PT\"},{\"@type\":\"Organization\",\"@id\":\"https:\\\/\\\/www.callandplay.com\\\/#organization\",\"name\":\"Call&Play\",\"url\":\"https:\\\/\\\/www.callandplay.com\\\/\",\"logo\":{\"@type\":\"ImageObject\",\"inLanguage\":\"pt-PT\",\"@id\":\"https:\\\/\\\/www.callandplay.com\\\/#\\\/schema\\\/logo\\\/image\\\/\",\"url\":\"https:\\\/\\\/www.callandplay.com\\\/wp-content\\\/uploads\\\/2021\\\/06\\\/cropped-cropped-logo-black_con_sombra.png\",\"contentUrl\":\"https:\\\/\\\/www.callandplay.com\\\/wp-content\\\/uploads\\\/2021\\\/06\\\/cropped-cropped-logo-black_con_sombra.png\",\"width\":512,\"height\":512,\"caption\":\"Call&Play\"},\"image\":{\"@id\":\"https:\\\/\\\/www.callandplay.com\\\/#\\\/schema\\\/logo\\\/image\\\/\"},\"sameAs\":[\"https:\\\/\\\/www.facebook.com\\\/callandplay\",\"https:\\\/\\\/www.instagram.com\\\/call_and_play\\\/\"]}]}<\/script>\n<!-- \/ Yoast SEO plugin. -->","yoast_head_json":{"title":"YAMAHA YC88 - Call&amp;Play","robots":{"index":"index","follow":"follow","max-snippet":"max-snippet:-1","max-image-preview":"max-image-preview:large","max-video-preview":"max-video-preview:-1"},"canonical":"https:\/\/www.callandplay.com\/pt\/yamaha-yc88\/","og_locale":"pt_PT","og_type":"article","og_title":"YAMAHA YC88 - Call&amp;Play","og_description":"Dise\u00f1ada para teclistas de directo, la serie Yamaha YC cuenta con un nuevo dise\u00f1o de motor de sonido Virtual Circuitry Modeling (VCM) para \u00f3rgano con drawbars f\u00edsicos, un amplio control en tiempo real y sonidos aut\u00e9nticos de piano ac\u00fastico\/el\u00e9ctrico y sintetizador FM. Sonidos aut\u00e9nticos de pianos Yamaha de cola o verticales, pianos el\u00e9ctricos y teclados, de \u00f3rgano de ruedas tonales con altavoz rotatorio, sintetizadores, sonidos ac\u00fasticos y mucho m\u00e1s. La tecnolog\u00eda Virtual Circuitry Modeling (VCM) patentada recrea desde los circuitos de los ecualizadores, compresores y phasers anal\u00f3gicos antiguos hasta los transistores y resistencias para capturar las sutilezas que otras simulaciones digitales no pueden.","og_url":"https:\/\/www.callandplay.com\/pt\/yamaha-yc88\/","og_site_name":"Call&amp;Play","article_publisher":"https:\/\/www.facebook.com\/callandplay","article_modified_time":"2026-04-15T20:54:16+00:00","twitter_card":"summary_large_image","twitter_misc":{"Tempo estimado de leitura":"1 minuto"},"schema":{"@context":"https:\/\/schema.org","@graph":[{"@type":"WebPage","@id":"https:\/\/www.callandplay.com\/yamaha-yc88\/","url":"https:\/\/www.callandplay.com\/yamaha-yc88\/","name":"YAMAHA YC88 - Call&amp;Play","isPartOf":{"@id":"https:\/\/www.callandplay.com\/#website"},"datePublished":"2024-03-13T00:00:00+00:00","dateModified":"2026-04-15T20:54:16+00:00","breadcrumb":{"@id":"https:\/\/www.callandplay.com\/yamaha-yc88\/#breadcrumb"},"inLanguage":"pt-PT","potentialAction":[{"@type":"ReadAction","target":["https:\/\/www.callandplay.com\/yamaha-yc88\/"]}]},{"@type":"BreadcrumbList","@id":"https:\/\/www.callandplay.com\/yamaha-yc88\/#breadcrumb","itemListElement":[{"@type":"ListItem","position":1,"name":"Portada","item":"https:\/\/www.callandplay.com\/"},{"@type":"ListItem","position":2,"name":"Tienda","item":"https:\/\/www.callandplay.com\/tienda\/"},{"@type":"ListItem","position":3,"name":"YAMAHA YC88"}]},{"@type":"WebSite","@id":"https:\/\/www.callandplay.com\/#website","url":"https:\/\/www.callandplay.com\/","name":"Call&amp;Play","description":"Alquiler de backline e instrumentos musicales","publisher":{"@id":"https:\/\/www.callandplay.com\/#organization"},"potentialAction":[{"@type":"SearchAction","target":{"@type":"EntryPoint","urlTemplate":"https:\/\/www.callandplay.com\/?s={search_term_string}"},"query-input":{"@type":"PropertyValueSpecification","valueRequired":true,"valueName":"search_term_string"}}],"inLanguage":"pt-PT"},{"@type":"Organization","@id":"https:\/\/www.callandplay.com\/#organization","name":"Call&Play","url":"https:\/\/www.callandplay.com\/","logo":{"@type":"ImageObject","inLanguage":"pt-PT","@id":"https:\/\/www.callandplay.com\/#\/schema\/logo\/image\/","url":"https:\/\/www.callandplay.com\/wp-content\/uploads\/2021\/06\/cropped-cropped-logo-black_con_sombra.png","contentUrl":"https:\/\/www.callandplay.com\/wp-content\/uploads\/2021\/06\/cropped-cropped-logo-black_con_sombra.png","width":512,"height":512,"caption":"Call&Play"},"image":{"@id":"https:\/\/www.callandplay.com\/#\/schema\/logo\/image\/"},"sameAs":["https:\/\/www.facebook.com\/callandplay","https:\/\/www.instagram.com\/call_and_play\/"]}]}},"_links":{"self":[{"href":"https:\/\/www.callandplay.com\/pt\/wp-json\/wp\/v2\/product\/53189","targetHints":{"allow":["GET"]}}],"collection":[{"href":"https:\/\/www.callandplay.com\/pt\/wp-json\/wp\/v2\/product"}],"about":[{"href":"https:\/\/www.callandplay.com\/pt\/wp-json\/wp\/v2\/types\/product"}],"replies":[{"embeddable":true,"href":"https:\/\/www.callandplay.com\/pt\/wp-json\/wp\/v2\/comments?post=53189"}],"version-history":[{"count":1,"href":"https:\/\/www.callandplay.com\/pt\/wp-json\/wp\/v2\/product\/53189\/revisions"}],"predecessor-version":[{"id":55999,"href":"https:\/\/www.callandplay.com\/pt\/wp-json\/wp\/v2\/product\/53189\/revisions\/55999"}],"wp:attachment":[{"href":"https:\/\/www.callandplay.com\/pt\/wp-json\/wp\/v2\/media?parent=53189"}],"wp:term":[{"taxonomy":"product_brand","embeddable":true,"href":"https:\/\/www.callandplay.com\/pt\/wp-json\/wp\/v2\/product_brand?post=53189"},{"taxonomy":"product_cat","embeddable":true,"href":"https:\/\/www.callandplay.com\/pt\/wp-json\/wp\/v2\/product_cat?post=53189"},{"taxonomy":"product_tag","embeddable":true,"href":"https:\/\/www.callandplay.com\/pt\/wp-json\/wp\/v2\/product_tag?post=53189"}],"curies":[{"name":"wp","href":"https:\/\/api.w.org\/{rel}","templated":true}]}}