{"id":53234,"date":"2025-09-11T00:00:00","date_gmt":"2025-09-11T00:00:00","guid":{"rendered":"https:\/\/www.callandplay.com\/sonor-kompressor-sd-14x575-black-nickel-plated-brass\/"},"modified":"2026-04-15T20:54:18","modified_gmt":"2026-04-15T20:54:18","slug":"sonor-kompressor-sd-14x575-black-nickel-plated-brass","status":"publish","type":"product","link":"https:\/\/www.callandplay.com\/pt\/sonor-kompressor-sd-14x575-black-nickel-plated-brass\/","title":{"rendered":"SONOR KOMPRESSOR SD 14&#8243;x5,75&#8243; BLACK NICKEL PLATED BRASS"},"content":{"rendered":"<p>La caja Sonor Kompressor KS 14&#215;5,75 SDB tiene un tama\u00f1o de 14&#8243; x 5,75&#8243;. El di\u00e1metro del casco, ligeramente reducido (lo que Sonor llama Optimum Shell Measurements, OSM, es decir Dimensiones \u00d3ptimas del Casco) permite que los parches puedan vibrar de forma m\u00e1s libre. El casco es de lat\u00f3n soldado de 1,2 mm de espesor, con acabado niquelado negro. Los herrajes son cromados y tiene 10 bellotas dobles con TuneSafe. Los aros son Power Hoop de acero con 10 orificios de 2,3mm.<\/p>","protected":false},"excerpt":{"rendered":"<p>La caja Sonor Kompressor KS 14&#215;5,75 SDB tiene un tama\u00f1o de 14&#8243; x 5,75&#8243;. El di\u00e1metro del casco, ligeramente reducido (lo que Sonor llama Optimum Shell Measurements, OSM, es decir Dimensiones \u00d3ptimas del Casco) permite que los parches puedan vibrar de forma m\u00e1s libre. El casco es de lat\u00f3n soldado de 1,2 mm de espesor, con acabado niquelado negro. Los herrajes son cromados y tiene 10 bellotas dobles con TuneSafe. Los aros son Power Hoop de acero con 10 orificios de 2,3mm.<\/p>","protected":false},"featured_media":0,"comment_status":"closed","ping_status":"closed","template":"","meta":{"_acf_changed":false,"om_disable_all_campaigns":false,"_monsterinsights_skip_tracking":false,"_monsterinsights_sitenote_active":false,"_monsterinsights_sitenote_note":"","_monsterinsights_sitenote_category":0},"product_brand":[],"product_cat":[1021],"product_tag":[],"class_list":{"0":"post-53234","1":"product","2":"type-product","3":"status-publish","5":"product_cat-cajas-cobre","7":"first","8":"instock","9":"shipping-taxable","10":"purchasable","11":"product-type-simple"},"acf":[],"yoast_head":"<!-- This site is optimized with the Yoast SEO plugin v27.4 - https:\/\/yoast.com\/product\/yoast-seo-wordpress\/ -->\n<title>SONOR KOMPRESSOR SD 14&quot;x5,75&quot; BLACK NICKEL PLATED BRASS - Call&amp;Play<\/title>\n<meta name=\"robots\" content=\"index, follow, max-snippet:-1, max-image-preview:large, max-video-preview:-1\" \/>\n<link rel=\"canonical\" href=\"https:\/\/www.callandplay.com\/pt\/sonor-kompressor-sd-14x575-black-nickel-plated-brass\/\" \/>\n<meta property=\"og:locale\" content=\"pt_PT\" \/>\n<meta property=\"og:type\" content=\"article\" \/>\n<meta property=\"og:title\" content=\"SONOR KOMPRESSOR SD 14&quot;x5,75&quot; BLACK NICKEL PLATED BRASS - Call&amp;Play\" \/>\n<meta property=\"og:description\" content=\"La caja Sonor Kompressor KS 14x5,75 SDB tiene un tama\u00f1o de 14&quot; x 5,75&quot;. El di\u00e1metro del casco, ligeramente reducido (lo que Sonor llama Optimum Shell Measurements, OSM, es decir Dimensiones \u00d3ptimas del Casco) permite que los parches puedan vibrar de forma m\u00e1s libre. El casco es de lat\u00f3n soldado de 1,2 mm de espesor, con acabado niquelado negro. Los herrajes son cromados y tiene 10 bellotas dobles con TuneSafe. Los aros son Power Hoop de acero con 10 orificios de 2,3mm.\" \/>\n<meta property=\"og:url\" content=\"https:\/\/www.callandplay.com\/pt\/sonor-kompressor-sd-14x575-black-nickel-plated-brass\/\" \/>\n<meta property=\"og:site_name\" content=\"Call&amp;Play\" \/>\n<meta property=\"article:publisher\" content=\"https:\/\/www.facebook.com\/callandplay\" \/>\n<meta property=\"article:modified_time\" content=\"2026-04-15T20:54:18+00:00\" \/>\n<meta name=\"twitter:card\" content=\"summary_large_image\" \/>\n<script type=\"application\/ld+json\" class=\"yoast-schema-graph\">{\"@context\":\"https:\\\/\\\/schema.org\",\"@graph\":[{\"@type\":\"WebPage\",\"@id\":\"https:\\\/\\\/www.callandplay.com\\\/sonor-kompressor-sd-14x575-black-nickel-plated-brass\\\/\",\"url\":\"https:\\\/\\\/www.callandplay.com\\\/sonor-kompressor-sd-14x575-black-nickel-plated-brass\\\/\",\"name\":\"SONOR KOMPRESSOR SD 14\\\"x5,75\\\" BLACK NICKEL PLATED BRASS - Call&amp;Play\",\"isPartOf\":{\"@id\":\"https:\\\/\\\/www.callandplay.com\\\/#website\"},\"datePublished\":\"2025-09-11T00:00:00+00:00\",\"dateModified\":\"2026-04-15T20:54:18+00:00\",\"breadcrumb\":{\"@id\":\"https:\\\/\\\/www.callandplay.com\\\/sonor-kompressor-sd-14x575-black-nickel-plated-brass\\\/#breadcrumb\"},\"inLanguage\":\"pt-PT\",\"potentialAction\":[{\"@type\":\"ReadAction\",\"target\":[\"https:\\\/\\\/www.callandplay.com\\\/sonor-kompressor-sd-14x575-black-nickel-plated-brass\\\/\"]}]},{\"@type\":\"BreadcrumbList\",\"@id\":\"https:\\\/\\\/www.callandplay.com\\\/sonor-kompressor-sd-14x575-black-nickel-plated-brass\\\/#breadcrumb\",\"itemListElement\":[{\"@type\":\"ListItem\",\"position\":1,\"name\":\"Portada\",\"item\":\"https:\\\/\\\/www.callandplay.com\\\/\"},{\"@type\":\"ListItem\",\"position\":2,\"name\":\"Tienda\",\"item\":\"https:\\\/\\\/www.callandplay.com\\\/tienda\\\/\"},{\"@type\":\"ListItem\",\"position\":3,\"name\":\"SONOR KOMPRESSOR SD 14&#8243;x5,75&#8243; BLACK NICKEL PLATED BRASS\"}]},{\"@type\":\"WebSite\",\"@id\":\"https:\\\/\\\/www.callandplay.com\\\/#website\",\"url\":\"https:\\\/\\\/www.callandplay.com\\\/\",\"name\":\"Call&amp;Play\",\"description\":\"Alquiler de backline e instrumentos musicales\",\"publisher\":{\"@id\":\"https:\\\/\\\/www.callandplay.com\\\/#organization\"},\"potentialAction\":[{\"@type\":\"SearchAction\",\"target\":{\"@type\":\"EntryPoint\",\"urlTemplate\":\"https:\\\/\\\/www.callandplay.com\\\/?s={search_term_string}\"},\"query-input\":{\"@type\":\"PropertyValueSpecification\",\"valueRequired\":true,\"valueName\":\"search_term_string\"}}],\"inLanguage\":\"pt-PT\"},{\"@type\":\"Organization\",\"@id\":\"https:\\\/\\\/www.callandplay.com\\\/#organization\",\"name\":\"Call&Play\",\"url\":\"https:\\\/\\\/www.callandplay.com\\\/\",\"logo\":{\"@type\":\"ImageObject\",\"inLanguage\":\"pt-PT\",\"@id\":\"https:\\\/\\\/www.callandplay.com\\\/#\\\/schema\\\/logo\\\/image\\\/\",\"url\":\"https:\\\/\\\/www.callandplay.com\\\/wp-content\\\/uploads\\\/2021\\\/06\\\/cropped-cropped-logo-black_con_sombra.png\",\"contentUrl\":\"https:\\\/\\\/www.callandplay.com\\\/wp-content\\\/uploads\\\/2021\\\/06\\\/cropped-cropped-logo-black_con_sombra.png\",\"width\":512,\"height\":512,\"caption\":\"Call&Play\"},\"image\":{\"@id\":\"https:\\\/\\\/www.callandplay.com\\\/#\\\/schema\\\/logo\\\/image\\\/\"},\"sameAs\":[\"https:\\\/\\\/www.facebook.com\\\/callandplay\",\"https:\\\/\\\/www.instagram.com\\\/call_and_play\\\/\"]}]}<\/script>\n<!-- \/ Yoast SEO plugin. -->","yoast_head_json":{"title":"SONOR KOMPRESSOR SD 14\"x5,75\" BLACK NICKEL PLATED BRASS - Call&amp;Play","robots":{"index":"index","follow":"follow","max-snippet":"max-snippet:-1","max-image-preview":"max-image-preview:large","max-video-preview":"max-video-preview:-1"},"canonical":"https:\/\/www.callandplay.com\/pt\/sonor-kompressor-sd-14x575-black-nickel-plated-brass\/","og_locale":"pt_PT","og_type":"article","og_title":"SONOR KOMPRESSOR SD 14\"x5,75\" BLACK NICKEL PLATED BRASS - Call&amp;Play","og_description":"La caja Sonor Kompressor KS 14x5,75 SDB tiene un tama\u00f1o de 14\" x 5,75\". El di\u00e1metro del casco, ligeramente reducido (lo que Sonor llama Optimum Shell Measurements, OSM, es decir Dimensiones \u00d3ptimas del Casco) permite que los parches puedan vibrar de forma m\u00e1s libre. El casco es de lat\u00f3n soldado de 1,2 mm de espesor, con acabado niquelado negro. Los herrajes son cromados y tiene 10 bellotas dobles con TuneSafe. Los aros son Power Hoop de acero con 10 orificios de 2,3mm.","og_url":"https:\/\/www.callandplay.com\/pt\/sonor-kompressor-sd-14x575-black-nickel-plated-brass\/","og_site_name":"Call&amp;Play","article_publisher":"https:\/\/www.facebook.com\/callandplay","article_modified_time":"2026-04-15T20:54:18+00:00","twitter_card":"summary_large_image","schema":{"@context":"https:\/\/schema.org","@graph":[{"@type":"WebPage","@id":"https:\/\/www.callandplay.com\/sonor-kompressor-sd-14x575-black-nickel-plated-brass\/","url":"https:\/\/www.callandplay.com\/sonor-kompressor-sd-14x575-black-nickel-plated-brass\/","name":"SONOR KOMPRESSOR SD 14\"x5,75\" BLACK NICKEL PLATED BRASS - Call&amp;Play","isPartOf":{"@id":"https:\/\/www.callandplay.com\/#website"},"datePublished":"2025-09-11T00:00:00+00:00","dateModified":"2026-04-15T20:54:18+00:00","breadcrumb":{"@id":"https:\/\/www.callandplay.com\/sonor-kompressor-sd-14x575-black-nickel-plated-brass\/#breadcrumb"},"inLanguage":"pt-PT","potentialAction":[{"@type":"ReadAction","target":["https:\/\/www.callandplay.com\/sonor-kompressor-sd-14x575-black-nickel-plated-brass\/"]}]},{"@type":"BreadcrumbList","@id":"https:\/\/www.callandplay.com\/sonor-kompressor-sd-14x575-black-nickel-plated-brass\/#breadcrumb","itemListElement":[{"@type":"ListItem","position":1,"name":"Portada","item":"https:\/\/www.callandplay.com\/"},{"@type":"ListItem","position":2,"name":"Tienda","item":"https:\/\/www.callandplay.com\/tienda\/"},{"@type":"ListItem","position":3,"name":"SONOR KOMPRESSOR SD 14&#8243;x5,75&#8243; BLACK NICKEL PLATED BRASS"}]},{"@type":"WebSite","@id":"https:\/\/www.callandplay.com\/#website","url":"https:\/\/www.callandplay.com\/","name":"Call&amp;Play","description":"Alquiler de backline e instrumentos musicales","publisher":{"@id":"https:\/\/www.callandplay.com\/#organization"},"potentialAction":[{"@type":"SearchAction","target":{"@type":"EntryPoint","urlTemplate":"https:\/\/www.callandplay.com\/?s={search_term_string}"},"query-input":{"@type":"PropertyValueSpecification","valueRequired":true,"valueName":"search_term_string"}}],"inLanguage":"pt-PT"},{"@type":"Organization","@id":"https:\/\/www.callandplay.com\/#organization","name":"Call&Play","url":"https:\/\/www.callandplay.com\/","logo":{"@type":"ImageObject","inLanguage":"pt-PT","@id":"https:\/\/www.callandplay.com\/#\/schema\/logo\/image\/","url":"https:\/\/www.callandplay.com\/wp-content\/uploads\/2021\/06\/cropped-cropped-logo-black_con_sombra.png","contentUrl":"https:\/\/www.callandplay.com\/wp-content\/uploads\/2021\/06\/cropped-cropped-logo-black_con_sombra.png","width":512,"height":512,"caption":"Call&Play"},"image":{"@id":"https:\/\/www.callandplay.com\/#\/schema\/logo\/image\/"},"sameAs":["https:\/\/www.facebook.com\/callandplay","https:\/\/www.instagram.com\/call_and_play\/"]}]}},"_links":{"self":[{"href":"https:\/\/www.callandplay.com\/pt\/wp-json\/wp\/v2\/product\/53234","targetHints":{"allow":["GET"]}}],"collection":[{"href":"https:\/\/www.callandplay.com\/pt\/wp-json\/wp\/v2\/product"}],"about":[{"href":"https:\/\/www.callandplay.com\/pt\/wp-json\/wp\/v2\/types\/product"}],"replies":[{"embeddable":true,"href":"https:\/\/www.callandplay.com\/pt\/wp-json\/wp\/v2\/comments?post=53234"}],"version-history":[{"count":1,"href":"https:\/\/www.callandplay.com\/pt\/wp-json\/wp\/v2\/product\/53234\/revisions"}],"predecessor-version":[{"id":56044,"href":"https:\/\/www.callandplay.com\/pt\/wp-json\/wp\/v2\/product\/53234\/revisions\/56044"}],"wp:attachment":[{"href":"https:\/\/www.callandplay.com\/pt\/wp-json\/wp\/v2\/media?parent=53234"}],"wp:term":[{"taxonomy":"product_brand","embeddable":true,"href":"https:\/\/www.callandplay.com\/pt\/wp-json\/wp\/v2\/product_brand?post=53234"},{"taxonomy":"product_cat","embeddable":true,"href":"https:\/\/www.callandplay.com\/pt\/wp-json\/wp\/v2\/product_cat?post=53234"},{"taxonomy":"product_tag","embeddable":true,"href":"https:\/\/www.callandplay.com\/pt\/wp-json\/wp\/v2\/product_tag?post=53234"}],"curies":[{"name":"wp","href":"https:\/\/api.w.org\/{rel}","templated":true}]}}