{"id":53270,"date":"2023-12-03T00:00:00","date_gmt":"2023-12-03T00:00:00","guid":{"rendered":"https:\/\/www.callandplay.com\/quik-lok-ips12-universal-tablet-stand\/"},"modified":"2026-04-03T20:35:31","modified_gmt":"2026-04-03T20:35:31","slug":"quik-lok-ips12-universal-tablet-stand","status":"publish","type":"product","link":"https:\/\/www.callandplay.com\/pt\/quik-lok-ips12-universal-tablet-stand\/","title":{"rendered":"QUIK LOK IPS12 UNIVERSAL TABLET STAND"},"content":{"rendered":"<p>El IPS-12 es un soporte universal para tableta para conexi\u00f3n lateral\/superior a micr\u00f3fonos y atriles. Se adapta a pr\u00e1cticamente cualquier tama\u00f1o de tableta con medidas laterales que van desde 111 mm a 301 mm (4,37&#8243; a 11,85&#8243;) y una profundidad que va desde 6,9 mm a 18,7 mm (0,27&#8243; a 0,73&#8243;). Los tapones de pl\u00e1stico recubiertos de goma sujetar\u00e1n la tableta de forma firme. La placa de aluminio liviana y que no se tambalea est\u00e1 dise\u00f1ada para garantizar un ajuste total de inclinaci\u00f3n y rotaci\u00f3n, y para cambiar r\u00e1pidamente del modo de visualizaci\u00f3n vertical al horizontal sin deslizarse para una colocaci\u00f3n ideal de su tableta.<\/p>","protected":false},"excerpt":{"rendered":"<p>El IPS-12 es un soporte universal para tableta para conexi\u00f3n lateral\/superior a micr\u00f3fonos y atriles. Se adapta a pr\u00e1cticamente cualquier tama\u00f1o de tableta con medidas laterales que van desde 111 mm a 301 mm (4,37&#8243; a 11,85&#8243;) y una profundidad que va desde 6,9 mm a 18,7 mm (0,27&#8243; a 0,73&#8243;). Los tapones de pl\u00e1stico recubiertos de goma sujetar\u00e1n la tableta de forma firme. La placa de aluminio liviana y que no se tambalea est\u00e1 dise\u00f1ada para garantizar un ajuste total de inclinaci\u00f3n y rotaci\u00f3n, y para cambiar r\u00e1pidamente del modo de visualizaci\u00f3n vertical al horizontal sin deslizarse para una colocaci\u00f3n ideal de su tableta.<\/p>","protected":false},"featured_media":0,"comment_status":"closed","ping_status":"closed","template":"","meta":{"_acf_changed":false,"om_disable_all_campaigns":false,"_monsterinsights_skip_tracking":false,"_monsterinsights_sitenote_active":false,"_monsterinsights_sitenote_note":"","_monsterinsights_sitenote_category":0},"product_brand":[],"product_cat":[855],"product_tag":[],"class_list":{"0":"post-53270","1":"product","2":"type-product","3":"status-publish","5":"product_cat-accesorios-dj","7":"first","8":"instock","9":"shipping-taxable","10":"purchasable","11":"product-type-simple"},"acf":[],"yoast_head":"<!-- This site is optimized with the Yoast SEO plugin v27.3 - https:\/\/yoast.com\/product\/yoast-seo-wordpress\/ -->\n<title>QUIK LOK IPS12 UNIVERSAL TABLET STAND - Call&amp;Play<\/title>\n<meta name=\"robots\" content=\"index, follow, max-snippet:-1, max-image-preview:large, max-video-preview:-1\" \/>\n<link rel=\"canonical\" href=\"https:\/\/www.callandplay.com\/pt\/quik-lok-ips12-universal-tablet-stand\/\" \/>\n<meta property=\"og:locale\" content=\"pt_PT\" \/>\n<meta property=\"og:type\" content=\"article\" \/>\n<meta property=\"og:title\" content=\"QUIK LOK IPS12 UNIVERSAL TABLET STAND - Call&amp;Play\" \/>\n<meta property=\"og:description\" content=\"El IPS-12 es un soporte universal para tableta para conexi\u00f3n lateral\/superior a micr\u00f3fonos y atriles. Se adapta a pr\u00e1cticamente cualquier tama\u00f1o de tableta con medidas laterales que van desde 111 mm a 301 mm (4,37&quot; a 11,85&quot;) y una profundidad que va desde 6,9 mm a 18,7 mm (0,27&quot; a 0,73&quot;). Los tapones de pl\u00e1stico recubiertos de goma sujetar\u00e1n la tableta de forma firme. La placa de aluminio liviana y que no se tambalea est\u00e1 dise\u00f1ada para garantizar un ajuste total de inclinaci\u00f3n y rotaci\u00f3n, y para cambiar r\u00e1pidamente del modo de visualizaci\u00f3n vertical al horizontal sin deslizarse para una colocaci\u00f3n ideal de su tableta.\" \/>\n<meta property=\"og:url\" content=\"https:\/\/www.callandplay.com\/pt\/quik-lok-ips12-universal-tablet-stand\/\" \/>\n<meta property=\"og:site_name\" content=\"Call&amp;Play\" \/>\n<meta property=\"article:publisher\" content=\"https:\/\/www.facebook.com\/callandplay\" \/>\n<meta property=\"article:modified_time\" content=\"2026-04-03T20:35:31+00:00\" \/>\n<meta name=\"twitter:card\" content=\"summary_large_image\" \/>\n<meta name=\"twitter:label1\" content=\"Tempo estimado de leitura\" \/>\n\t<meta name=\"twitter:data1\" content=\"1 minuto\" \/>\n<script type=\"application\/ld+json\" class=\"yoast-schema-graph\">{\"@context\":\"https:\\\/\\\/schema.org\",\"@graph\":[{\"@type\":\"WebPage\",\"@id\":\"https:\\\/\\\/www.callandplay.com\\\/quik-lok-ips12-universal-tablet-stand\\\/\",\"url\":\"https:\\\/\\\/www.callandplay.com\\\/quik-lok-ips12-universal-tablet-stand\\\/\",\"name\":\"QUIK LOK IPS12 UNIVERSAL TABLET STAND - Call&amp;Play\",\"isPartOf\":{\"@id\":\"https:\\\/\\\/www.callandplay.com\\\/#website\"},\"datePublished\":\"2023-12-03T00:00:00+00:00\",\"dateModified\":\"2026-04-03T20:35:31+00:00\",\"breadcrumb\":{\"@id\":\"https:\\\/\\\/www.callandplay.com\\\/quik-lok-ips12-universal-tablet-stand\\\/#breadcrumb\"},\"inLanguage\":\"pt-PT\",\"potentialAction\":[{\"@type\":\"ReadAction\",\"target\":[\"https:\\\/\\\/www.callandplay.com\\\/quik-lok-ips12-universal-tablet-stand\\\/\"]}]},{\"@type\":\"BreadcrumbList\",\"@id\":\"https:\\\/\\\/www.callandplay.com\\\/quik-lok-ips12-universal-tablet-stand\\\/#breadcrumb\",\"itemListElement\":[{\"@type\":\"ListItem\",\"position\":1,\"name\":\"Portada\",\"item\":\"https:\\\/\\\/www.callandplay.com\\\/\"},{\"@type\":\"ListItem\",\"position\":2,\"name\":\"Tienda\",\"item\":\"https:\\\/\\\/www.callandplay.com\\\/tienda\\\/\"},{\"@type\":\"ListItem\",\"position\":3,\"name\":\"QUIK LOK IPS12 UNIVERSAL TABLET STAND\"}]},{\"@type\":\"WebSite\",\"@id\":\"https:\\\/\\\/www.callandplay.com\\\/#website\",\"url\":\"https:\\\/\\\/www.callandplay.com\\\/\",\"name\":\"Call&amp;Play\",\"description\":\"Alquiler de backline e instrumentos musicales\",\"publisher\":{\"@id\":\"https:\\\/\\\/www.callandplay.com\\\/#organization\"},\"potentialAction\":[{\"@type\":\"SearchAction\",\"target\":{\"@type\":\"EntryPoint\",\"urlTemplate\":\"https:\\\/\\\/www.callandplay.com\\\/?s={search_term_string}\"},\"query-input\":{\"@type\":\"PropertyValueSpecification\",\"valueRequired\":true,\"valueName\":\"search_term_string\"}}],\"inLanguage\":\"pt-PT\"},{\"@type\":\"Organization\",\"@id\":\"https:\\\/\\\/www.callandplay.com\\\/#organization\",\"name\":\"Call&Play\",\"url\":\"https:\\\/\\\/www.callandplay.com\\\/\",\"logo\":{\"@type\":\"ImageObject\",\"inLanguage\":\"pt-PT\",\"@id\":\"https:\\\/\\\/www.callandplay.com\\\/#\\\/schema\\\/logo\\\/image\\\/\",\"url\":\"https:\\\/\\\/www.callandplay.com\\\/wp-content\\\/uploads\\\/2021\\\/06\\\/cropped-cropped-logo-black_con_sombra.png\",\"contentUrl\":\"https:\\\/\\\/www.callandplay.com\\\/wp-content\\\/uploads\\\/2021\\\/06\\\/cropped-cropped-logo-black_con_sombra.png\",\"width\":512,\"height\":512,\"caption\":\"Call&Play\"},\"image\":{\"@id\":\"https:\\\/\\\/www.callandplay.com\\\/#\\\/schema\\\/logo\\\/image\\\/\"},\"sameAs\":[\"https:\\\/\\\/www.facebook.com\\\/callandplay\",\"https:\\\/\\\/www.instagram.com\\\/call_and_play\\\/\"]}]}<\/script>\n<!-- \/ Yoast SEO plugin. -->","yoast_head_json":{"title":"QUIK LOK IPS12 UNIVERSAL TABLET STAND - Call&amp;Play","robots":{"index":"index","follow":"follow","max-snippet":"max-snippet:-1","max-image-preview":"max-image-preview:large","max-video-preview":"max-video-preview:-1"},"canonical":"https:\/\/www.callandplay.com\/pt\/quik-lok-ips12-universal-tablet-stand\/","og_locale":"pt_PT","og_type":"article","og_title":"QUIK LOK IPS12 UNIVERSAL TABLET STAND - Call&amp;Play","og_description":"El IPS-12 es un soporte universal para tableta para conexi\u00f3n lateral\/superior a micr\u00f3fonos y atriles. Se adapta a pr\u00e1cticamente cualquier tama\u00f1o de tableta con medidas laterales que van desde 111 mm a 301 mm (4,37\" a 11,85\") y una profundidad que va desde 6,9 mm a 18,7 mm (0,27\" a 0,73\"). Los tapones de pl\u00e1stico recubiertos de goma sujetar\u00e1n la tableta de forma firme. La placa de aluminio liviana y que no se tambalea est\u00e1 dise\u00f1ada para garantizar un ajuste total de inclinaci\u00f3n y rotaci\u00f3n, y para cambiar r\u00e1pidamente del modo de visualizaci\u00f3n vertical al horizontal sin deslizarse para una colocaci\u00f3n ideal de su tableta.","og_url":"https:\/\/www.callandplay.com\/pt\/quik-lok-ips12-universal-tablet-stand\/","og_site_name":"Call&amp;Play","article_publisher":"https:\/\/www.facebook.com\/callandplay","article_modified_time":"2026-04-03T20:35:31+00:00","twitter_card":"summary_large_image","twitter_misc":{"Tempo estimado de leitura":"1 minuto"},"schema":{"@context":"https:\/\/schema.org","@graph":[{"@type":"WebPage","@id":"https:\/\/www.callandplay.com\/quik-lok-ips12-universal-tablet-stand\/","url":"https:\/\/www.callandplay.com\/quik-lok-ips12-universal-tablet-stand\/","name":"QUIK LOK IPS12 UNIVERSAL TABLET STAND - Call&amp;Play","isPartOf":{"@id":"https:\/\/www.callandplay.com\/#website"},"datePublished":"2023-12-03T00:00:00+00:00","dateModified":"2026-04-03T20:35:31+00:00","breadcrumb":{"@id":"https:\/\/www.callandplay.com\/quik-lok-ips12-universal-tablet-stand\/#breadcrumb"},"inLanguage":"pt-PT","potentialAction":[{"@type":"ReadAction","target":["https:\/\/www.callandplay.com\/quik-lok-ips12-universal-tablet-stand\/"]}]},{"@type":"BreadcrumbList","@id":"https:\/\/www.callandplay.com\/quik-lok-ips12-universal-tablet-stand\/#breadcrumb","itemListElement":[{"@type":"ListItem","position":1,"name":"Portada","item":"https:\/\/www.callandplay.com\/"},{"@type":"ListItem","position":2,"name":"Tienda","item":"https:\/\/www.callandplay.com\/tienda\/"},{"@type":"ListItem","position":3,"name":"QUIK LOK IPS12 UNIVERSAL TABLET STAND"}]},{"@type":"WebSite","@id":"https:\/\/www.callandplay.com\/#website","url":"https:\/\/www.callandplay.com\/","name":"Call&amp;Play","description":"Alquiler de backline e instrumentos musicales","publisher":{"@id":"https:\/\/www.callandplay.com\/#organization"},"potentialAction":[{"@type":"SearchAction","target":{"@type":"EntryPoint","urlTemplate":"https:\/\/www.callandplay.com\/?s={search_term_string}"},"query-input":{"@type":"PropertyValueSpecification","valueRequired":true,"valueName":"search_term_string"}}],"inLanguage":"pt-PT"},{"@type":"Organization","@id":"https:\/\/www.callandplay.com\/#organization","name":"Call&Play","url":"https:\/\/www.callandplay.com\/","logo":{"@type":"ImageObject","inLanguage":"pt-PT","@id":"https:\/\/www.callandplay.com\/#\/schema\/logo\/image\/","url":"https:\/\/www.callandplay.com\/wp-content\/uploads\/2021\/06\/cropped-cropped-logo-black_con_sombra.png","contentUrl":"https:\/\/www.callandplay.com\/wp-content\/uploads\/2021\/06\/cropped-cropped-logo-black_con_sombra.png","width":512,"height":512,"caption":"Call&Play"},"image":{"@id":"https:\/\/www.callandplay.com\/#\/schema\/logo\/image\/"},"sameAs":["https:\/\/www.facebook.com\/callandplay","https:\/\/www.instagram.com\/call_and_play\/"]}]}},"_links":{"self":[{"href":"https:\/\/www.callandplay.com\/pt\/wp-json\/wp\/v2\/product\/53270","targetHints":{"allow":["GET"]}}],"collection":[{"href":"https:\/\/www.callandplay.com\/pt\/wp-json\/wp\/v2\/product"}],"about":[{"href":"https:\/\/www.callandplay.com\/pt\/wp-json\/wp\/v2\/types\/product"}],"replies":[{"embeddable":true,"href":"https:\/\/www.callandplay.com\/pt\/wp-json\/wp\/v2\/comments?post=53270"}],"version-history":[{"count":1,"href":"https:\/\/www.callandplay.com\/pt\/wp-json\/wp\/v2\/product\/53270\/revisions"}],"predecessor-version":[{"id":56080,"href":"https:\/\/www.callandplay.com\/pt\/wp-json\/wp\/v2\/product\/53270\/revisions\/56080"}],"wp:attachment":[{"href":"https:\/\/www.callandplay.com\/pt\/wp-json\/wp\/v2\/media?parent=53270"}],"wp:term":[{"taxonomy":"product_brand","embeddable":true,"href":"https:\/\/www.callandplay.com\/pt\/wp-json\/wp\/v2\/product_brand?post=53270"},{"taxonomy":"product_cat","embeddable":true,"href":"https:\/\/www.callandplay.com\/pt\/wp-json\/wp\/v2\/product_cat?post=53270"},{"taxonomy":"product_tag","embeddable":true,"href":"https:\/\/www.callandplay.com\/pt\/wp-json\/wp\/v2\/product_tag?post=53270"}],"curies":[{"name":"wp","href":"https:\/\/api.w.org\/{rel}","templated":true}]}}