{"id":53294,"date":"2026-02-12T00:00:00","date_gmt":"2026-02-12T00:00:00","guid":{"rendered":"https:\/\/www.callandplay.com\/schiedmayer-celesta-c-f5-model-studio-55-oct\/"},"modified":"2026-04-15T20:54:20","modified_gmt":"2026-04-15T20:54:20","slug":"schiedmayer-celesta-c-f5-model-studio-55-oct","status":"publish","type":"product","link":"https:\/\/www.callandplay.com\/pt\/schiedmayer-celesta-c-f5-model-studio-55-oct\/","title":{"rendered":"SCHIEDMAYER CELESTA C-F5 MODEL STUDIO 5,5 OCT."},"content":{"rendered":"<p>Este excepcional instrumento de celesta fue desarrollado por Schiedmayer especialmente para las grandes salas de conciertos y teatros de \u00f3pera del mundo. Gracias a sus resonadores de gran escala y sus placas sonoras anchas y pesadas dispuestas una al lado de la otra (yuxtapuestas), este modelo no tiene paralelo en volumen y transporta incluso los sonidos m\u00e1s delicados y silenciosos hasta los rincones m\u00e1s alejados de cualquier sala de conciertos. Como todas las celestas de Schiedmayer, este modelo se distingue por su tacto muy ligero y equilibrado y por el caracter\u00edstico sonido complejo y rico en arm\u00f3nicos de la celesta. Este instrumento es capaz de producir los matices m\u00e1s finos, desde un pianissimo suave hasta un fuerte fuerte y, por lo tanto, es muy popular entre los compositores contempor\u00e1neos y cinematogr\u00e1ficos de todo el mundo. El dise\u00f1o de este modelo permite un sonido excepcionalmente rico y c\u00e1lido, particularmente en el registro bajo. El repertorio completo de la celesta (tambi\u00e9n llamado \u201cinstrumento celeste\u201d) se puede interpretar en el modelo de 5 \u00bd octavas.<\/p>","protected":false},"excerpt":{"rendered":"<p>Este excepcional instrumento de celesta fue desarrollado por Schiedmayer especialmente para las grandes salas de conciertos y teatros de \u00f3pera del mundo. Gracias a sus resonadores de gran escala y sus placas sonoras anchas y pesadas dispuestas una al lado de la otra (yuxtapuestas), este modelo no tiene paralelo en volumen y transporta incluso los sonidos m\u00e1s delicados y silenciosos hasta los rincones m\u00e1s alejados de cualquier sala de conciertos. Como todas las celestas de Schiedmayer, este modelo se distingue por su tacto muy ligero y equilibrado y por el caracter\u00edstico sonido complejo y rico en arm\u00f3nicos de la celesta. Este instrumento es capaz de producir los matices m\u00e1s finos, desde un pianissimo suave hasta un fuerte fuerte y, por lo tanto, es muy popular entre los compositores contempor\u00e1neos y cinematogr\u00e1ficos de todo el mundo. El dise\u00f1o de este modelo permite un sonido excepcionalmente rico y c\u00e1lido, particularmente en el registro bajo. El repertorio completo de la celesta (tambi\u00e9n llamado \u201cinstrumento celeste\u201d) se puede interpretar en el modelo de 5 \u00bd octavas.<\/p>","protected":false},"featured_media":0,"comment_status":"closed","ping_status":"closed","template":"","meta":{"_acf_changed":false,"om_disable_all_campaigns":false,"_monsterinsights_skip_tracking":false,"_monsterinsights_sitenote_active":false,"_monsterinsights_sitenote_note":"","_monsterinsights_sitenote_category":0},"product_brand":[],"product_cat":[1088,835],"product_tag":[],"class_list":{"0":"post-53294","1":"product","2":"type-product","3":"status-publish","5":"product_cat-clavicembalos-y-celestas","6":"product_cat-novedades","8":"first","9":"instock","10":"shipping-taxable","11":"purchasable","12":"product-type-simple"},"acf":[],"yoast_head":"<!-- This site is optimized with the Yoast SEO plugin v27.3 - https:\/\/yoast.com\/product\/yoast-seo-wordpress\/ -->\n<title>SCHIEDMAYER CELESTA C-F5 MODEL STUDIO 5,5 OCT. - Call&amp;Play<\/title>\n<meta name=\"robots\" content=\"index, follow, max-snippet:-1, max-image-preview:large, max-video-preview:-1\" \/>\n<link rel=\"canonical\" href=\"https:\/\/www.callandplay.com\/pt\/schiedmayer-celesta-c-f5-model-studio-55-oct\/\" \/>\n<meta property=\"og:locale\" content=\"pt_PT\" \/>\n<meta property=\"og:type\" content=\"article\" \/>\n<meta property=\"og:title\" content=\"SCHIEDMAYER CELESTA C-F5 MODEL STUDIO 5,5 OCT. - Call&amp;Play\" \/>\n<meta property=\"og:description\" content=\"Este excepcional instrumento de celesta fue desarrollado por Schiedmayer especialmente para las grandes salas de conciertos y teatros de \u00f3pera del mundo. Gracias a sus resonadores de gran escala y sus placas sonoras anchas y pesadas dispuestas una al lado de la otra (yuxtapuestas), este modelo no tiene paralelo en volumen y transporta incluso los sonidos m\u00e1s delicados y silenciosos hasta los rincones m\u00e1s alejados de cualquier sala de conciertos. Como todas las celestas de Schiedmayer, este modelo se distingue por su tacto muy ligero y equilibrado y por el caracter\u00edstico sonido complejo y rico en arm\u00f3nicos de la celesta. Este instrumento es capaz de producir los matices m\u00e1s finos, desde un pianissimo suave hasta un fuerte fuerte y, por lo tanto, es muy popular entre los compositores contempor\u00e1neos y cinematogr\u00e1ficos de todo el mundo. El dise\u00f1o de este modelo permite un sonido excepcionalmente rico y c\u00e1lido, particularmente en el registro bajo. El repertorio completo de la celesta (tambi\u00e9n llamado \u201cinstrumento celeste\u201d) se puede interpretar en el modelo de 5 \u00bd octavas.\" \/>\n<meta property=\"og:url\" content=\"https:\/\/www.callandplay.com\/pt\/schiedmayer-celesta-c-f5-model-studio-55-oct\/\" \/>\n<meta property=\"og:site_name\" content=\"Call&amp;Play\" \/>\n<meta property=\"article:publisher\" content=\"https:\/\/www.facebook.com\/callandplay\" \/>\n<meta property=\"article:modified_time\" content=\"2026-04-15T20:54:20+00:00\" \/>\n<meta name=\"twitter:card\" content=\"summary_large_image\" \/>\n<meta name=\"twitter:label1\" content=\"Tempo estimado de leitura\" \/>\n\t<meta name=\"twitter:data1\" content=\"1 minuto\" \/>\n<script type=\"application\/ld+json\" class=\"yoast-schema-graph\">{\"@context\":\"https:\\\/\\\/schema.org\",\"@graph\":[{\"@type\":\"WebPage\",\"@id\":\"https:\\\/\\\/www.callandplay.com\\\/schiedmayer-celesta-c-f5-model-studio-55-oct\\\/\",\"url\":\"https:\\\/\\\/www.callandplay.com\\\/schiedmayer-celesta-c-f5-model-studio-55-oct\\\/\",\"name\":\"SCHIEDMAYER CELESTA C-F5 MODEL STUDIO 5,5 OCT. - Call&amp;Play\",\"isPartOf\":{\"@id\":\"https:\\\/\\\/www.callandplay.com\\\/#website\"},\"datePublished\":\"2026-02-12T00:00:00+00:00\",\"dateModified\":\"2026-04-15T20:54:20+00:00\",\"breadcrumb\":{\"@id\":\"https:\\\/\\\/www.callandplay.com\\\/schiedmayer-celesta-c-f5-model-studio-55-oct\\\/#breadcrumb\"},\"inLanguage\":\"pt-PT\",\"potentialAction\":[{\"@type\":\"ReadAction\",\"target\":[\"https:\\\/\\\/www.callandplay.com\\\/schiedmayer-celesta-c-f5-model-studio-55-oct\\\/\"]}]},{\"@type\":\"BreadcrumbList\",\"@id\":\"https:\\\/\\\/www.callandplay.com\\\/schiedmayer-celesta-c-f5-model-studio-55-oct\\\/#breadcrumb\",\"itemListElement\":[{\"@type\":\"ListItem\",\"position\":1,\"name\":\"Portada\",\"item\":\"https:\\\/\\\/www.callandplay.com\\\/\"},{\"@type\":\"ListItem\",\"position\":2,\"name\":\"Tienda\",\"item\":\"https:\\\/\\\/www.callandplay.com\\\/tienda\\\/\"},{\"@type\":\"ListItem\",\"position\":3,\"name\":\"SCHIEDMAYER CELESTA C-F5 MODEL STUDIO 5,5 OCT.\"}]},{\"@type\":\"WebSite\",\"@id\":\"https:\\\/\\\/www.callandplay.com\\\/#website\",\"url\":\"https:\\\/\\\/www.callandplay.com\\\/\",\"name\":\"Call&amp;Play\",\"description\":\"Alquiler de backline e instrumentos musicales\",\"publisher\":{\"@id\":\"https:\\\/\\\/www.callandplay.com\\\/#organization\"},\"potentialAction\":[{\"@type\":\"SearchAction\",\"target\":{\"@type\":\"EntryPoint\",\"urlTemplate\":\"https:\\\/\\\/www.callandplay.com\\\/?s={search_term_string}\"},\"query-input\":{\"@type\":\"PropertyValueSpecification\",\"valueRequired\":true,\"valueName\":\"search_term_string\"}}],\"inLanguage\":\"pt-PT\"},{\"@type\":\"Organization\",\"@id\":\"https:\\\/\\\/www.callandplay.com\\\/#organization\",\"name\":\"Call&Play\",\"url\":\"https:\\\/\\\/www.callandplay.com\\\/\",\"logo\":{\"@type\":\"ImageObject\",\"inLanguage\":\"pt-PT\",\"@id\":\"https:\\\/\\\/www.callandplay.com\\\/#\\\/schema\\\/logo\\\/image\\\/\",\"url\":\"https:\\\/\\\/www.callandplay.com\\\/wp-content\\\/uploads\\\/2021\\\/06\\\/cropped-cropped-logo-black_con_sombra.png\",\"contentUrl\":\"https:\\\/\\\/www.callandplay.com\\\/wp-content\\\/uploads\\\/2021\\\/06\\\/cropped-cropped-logo-black_con_sombra.png\",\"width\":512,\"height\":512,\"caption\":\"Call&Play\"},\"image\":{\"@id\":\"https:\\\/\\\/www.callandplay.com\\\/#\\\/schema\\\/logo\\\/image\\\/\"},\"sameAs\":[\"https:\\\/\\\/www.facebook.com\\\/callandplay\",\"https:\\\/\\\/www.instagram.com\\\/call_and_play\\\/\"]}]}<\/script>\n<!-- \/ Yoast SEO plugin. -->","yoast_head_json":{"title":"SCHIEDMAYER CELESTA C-F5 MODEL STUDIO 5,5 OCT. - Call&amp;Play","robots":{"index":"index","follow":"follow","max-snippet":"max-snippet:-1","max-image-preview":"max-image-preview:large","max-video-preview":"max-video-preview:-1"},"canonical":"https:\/\/www.callandplay.com\/pt\/schiedmayer-celesta-c-f5-model-studio-55-oct\/","og_locale":"pt_PT","og_type":"article","og_title":"SCHIEDMAYER CELESTA C-F5 MODEL STUDIO 5,5 OCT. - Call&amp;Play","og_description":"Este excepcional instrumento de celesta fue desarrollado por Schiedmayer especialmente para las grandes salas de conciertos y teatros de \u00f3pera del mundo. Gracias a sus resonadores de gran escala y sus placas sonoras anchas y pesadas dispuestas una al lado de la otra (yuxtapuestas), este modelo no tiene paralelo en volumen y transporta incluso los sonidos m\u00e1s delicados y silenciosos hasta los rincones m\u00e1s alejados de cualquier sala de conciertos. Como todas las celestas de Schiedmayer, este modelo se distingue por su tacto muy ligero y equilibrado y por el caracter\u00edstico sonido complejo y rico en arm\u00f3nicos de la celesta. Este instrumento es capaz de producir los matices m\u00e1s finos, desde un pianissimo suave hasta un fuerte fuerte y, por lo tanto, es muy popular entre los compositores contempor\u00e1neos y cinematogr\u00e1ficos de todo el mundo. El dise\u00f1o de este modelo permite un sonido excepcionalmente rico y c\u00e1lido, particularmente en el registro bajo. El repertorio completo de la celesta (tambi\u00e9n llamado \u201cinstrumento celeste\u201d) se puede interpretar en el modelo de 5 \u00bd octavas.","og_url":"https:\/\/www.callandplay.com\/pt\/schiedmayer-celesta-c-f5-model-studio-55-oct\/","og_site_name":"Call&amp;Play","article_publisher":"https:\/\/www.facebook.com\/callandplay","article_modified_time":"2026-04-15T20:54:20+00:00","twitter_card":"summary_large_image","twitter_misc":{"Tempo estimado de leitura":"1 minuto"},"schema":{"@context":"https:\/\/schema.org","@graph":[{"@type":"WebPage","@id":"https:\/\/www.callandplay.com\/schiedmayer-celesta-c-f5-model-studio-55-oct\/","url":"https:\/\/www.callandplay.com\/schiedmayer-celesta-c-f5-model-studio-55-oct\/","name":"SCHIEDMAYER CELESTA C-F5 MODEL STUDIO 5,5 OCT. - Call&amp;Play","isPartOf":{"@id":"https:\/\/www.callandplay.com\/#website"},"datePublished":"2026-02-12T00:00:00+00:00","dateModified":"2026-04-15T20:54:20+00:00","breadcrumb":{"@id":"https:\/\/www.callandplay.com\/schiedmayer-celesta-c-f5-model-studio-55-oct\/#breadcrumb"},"inLanguage":"pt-PT","potentialAction":[{"@type":"ReadAction","target":["https:\/\/www.callandplay.com\/schiedmayer-celesta-c-f5-model-studio-55-oct\/"]}]},{"@type":"BreadcrumbList","@id":"https:\/\/www.callandplay.com\/schiedmayer-celesta-c-f5-model-studio-55-oct\/#breadcrumb","itemListElement":[{"@type":"ListItem","position":1,"name":"Portada","item":"https:\/\/www.callandplay.com\/"},{"@type":"ListItem","position":2,"name":"Tienda","item":"https:\/\/www.callandplay.com\/tienda\/"},{"@type":"ListItem","position":3,"name":"SCHIEDMAYER CELESTA C-F5 MODEL STUDIO 5,5 OCT."}]},{"@type":"WebSite","@id":"https:\/\/www.callandplay.com\/#website","url":"https:\/\/www.callandplay.com\/","name":"Call&amp;Play","description":"Alquiler de backline e instrumentos musicales","publisher":{"@id":"https:\/\/www.callandplay.com\/#organization"},"potentialAction":[{"@type":"SearchAction","target":{"@type":"EntryPoint","urlTemplate":"https:\/\/www.callandplay.com\/?s={search_term_string}"},"query-input":{"@type":"PropertyValueSpecification","valueRequired":true,"valueName":"search_term_string"}}],"inLanguage":"pt-PT"},{"@type":"Organization","@id":"https:\/\/www.callandplay.com\/#organization","name":"Call&Play","url":"https:\/\/www.callandplay.com\/","logo":{"@type":"ImageObject","inLanguage":"pt-PT","@id":"https:\/\/www.callandplay.com\/#\/schema\/logo\/image\/","url":"https:\/\/www.callandplay.com\/wp-content\/uploads\/2021\/06\/cropped-cropped-logo-black_con_sombra.png","contentUrl":"https:\/\/www.callandplay.com\/wp-content\/uploads\/2021\/06\/cropped-cropped-logo-black_con_sombra.png","width":512,"height":512,"caption":"Call&Play"},"image":{"@id":"https:\/\/www.callandplay.com\/#\/schema\/logo\/image\/"},"sameAs":["https:\/\/www.facebook.com\/callandplay","https:\/\/www.instagram.com\/call_and_play\/"]}]}},"_links":{"self":[{"href":"https:\/\/www.callandplay.com\/pt\/wp-json\/wp\/v2\/product\/53294","targetHints":{"allow":["GET"]}}],"collection":[{"href":"https:\/\/www.callandplay.com\/pt\/wp-json\/wp\/v2\/product"}],"about":[{"href":"https:\/\/www.callandplay.com\/pt\/wp-json\/wp\/v2\/types\/product"}],"replies":[{"embeddable":true,"href":"https:\/\/www.callandplay.com\/pt\/wp-json\/wp\/v2\/comments?post=53294"}],"version-history":[{"count":1,"href":"https:\/\/www.callandplay.com\/pt\/wp-json\/wp\/v2\/product\/53294\/revisions"}],"predecessor-version":[{"id":56104,"href":"https:\/\/www.callandplay.com\/pt\/wp-json\/wp\/v2\/product\/53294\/revisions\/56104"}],"wp:attachment":[{"href":"https:\/\/www.callandplay.com\/pt\/wp-json\/wp\/v2\/media?parent=53294"}],"wp:term":[{"taxonomy":"product_brand","embeddable":true,"href":"https:\/\/www.callandplay.com\/pt\/wp-json\/wp\/v2\/product_brand?post=53294"},{"taxonomy":"product_cat","embeddable":true,"href":"https:\/\/www.callandplay.com\/pt\/wp-json\/wp\/v2\/product_cat?post=53294"},{"taxonomy":"product_tag","embeddable":true,"href":"https:\/\/www.callandplay.com\/pt\/wp-json\/wp\/v2\/product_tag?post=53294"}],"curies":[{"name":"wp","href":"https:\/\/api.w.org\/{rel}","templated":true}]}}