{"id":53295,"date":"2024-07-17T00:00:00","date_gmt":"2024-07-17T00:00:00","guid":{"rendered":"https:\/\/www.callandplay.com\/crumar-mojo-classic-61\/"},"modified":"2026-04-03T20:35:32","modified_gmt":"2026-04-03T20:35:32","slug":"crumar-mojo-classic-61","status":"publish","type":"product","link":"https:\/\/www.callandplay.com\/pt\/crumar-mojo-classic-61\/","title":{"rendered":"CRUMAR MOJO CLASSIC 61"},"content":{"rendered":"<p>\u00d3rgano electr\u00f3nico de dos manuales (teclados). Teclado con 61 teclas \/ 5 octavas Waterfall con teclas semicontrapesadas y sensibilidad din\u00e1mica. Generaci\u00f3n de sonido: Physical Modeling. Simulaci\u00f3n de altavoz Rotary. Reverb digital est\u00e9reo. 2 grupos con 9 tiradores controladores cada uno. Controladores giratorio para Volume, Drive, Reverb, Keyclick, Crosstalk, Percussion Volume, Balance, Distance, Bass, Middle, Treble. Funci\u00f3n Pedal to lower. Conexi\u00f3n para antena Wi-Fi opcional (antena no incluida) para conexi\u00f3n inal\u00e1mbrica con Smartphone\/Tablet\/PC v\u00eda Editor Web-App. 2 salidas de l\u00ednea: Jack de 6,3 mm sim\u00e9trica. 2 entradas de pedal: Jack de 6,3 mm (pedal de expresi\u00f3n y Sustain). 1 entrada para Halfmoon o conmutador de pie: Jack de 6,3 mm. Entrada y salida MIDI. USB MIDI. 2 puertos USB Type A (Host) para actualizaciones de Software y m\u00f3dulo Wi-Fi opcional. Salida de auriculares est\u00e9reo: Jack de 6,3 mm.<\/p>","protected":false},"excerpt":{"rendered":"<p>\u00d3rgano electr\u00f3nico de dos manuales (teclados). Teclado con 61 teclas \/ 5 octavas Waterfall con teclas semicontrapesadas y sensibilidad din\u00e1mica. Generaci\u00f3n de sonido: Physical Modeling. Simulaci\u00f3n de altavoz Rotary. Reverb digital est\u00e9reo. 2 grupos con 9 tiradores controladores cada uno. Controladores giratorio para Volume, Drive, Reverb, Keyclick, Crosstalk, Percussion Volume, Balance, Distance, Bass, Middle, Treble. Funci\u00f3n Pedal to lower. Conexi\u00f3n para antena Wi-Fi opcional (antena no incluida) para conexi\u00f3n inal\u00e1mbrica con Smartphone\/Tablet\/PC v\u00eda Editor Web-App. 2 salidas de l\u00ednea: Jack de 6,3 mm sim\u00e9trica. 2 entradas de pedal: Jack de 6,3 mm (pedal de expresi\u00f3n y Sustain). 1 entrada para Halfmoon o conmutador de pie: Jack de 6,3 mm. Entrada y salida MIDI. USB MIDI. 2 puertos USB Type A (Host) para actualizaciones de Software y m\u00f3dulo Wi-Fi opcional. Salida de auriculares est\u00e9reo: Jack de 6,3 mm.<\/p>","protected":false},"featured_media":0,"comment_status":"closed","ping_status":"closed","template":"","meta":{"_acf_changed":false,"om_disable_all_campaigns":false,"_monsterinsights_skip_tracking":false,"_monsterinsights_sitenote_active":false,"_monsterinsights_sitenote_note":"","_monsterinsights_sitenote_category":0},"product_brand":[],"product_cat":[1086],"product_tag":[],"class_list":{"0":"post-53295","1":"product","2":"type-product","3":"status-publish","5":"product_cat-organos-electronicos","7":"first","8":"instock","9":"shipping-taxable","10":"purchasable","11":"product-type-simple"},"acf":[],"yoast_head":"<!-- This site is optimized with the Yoast SEO plugin v27.3 - https:\/\/yoast.com\/product\/yoast-seo-wordpress\/ -->\n<title>CRUMAR MOJO CLASSIC 61 - Call&amp;Play<\/title>\n<meta name=\"robots\" content=\"index, follow, max-snippet:-1, max-image-preview:large, max-video-preview:-1\" \/>\n<link rel=\"canonical\" href=\"https:\/\/www.callandplay.com\/pt\/crumar-mojo-classic-61\/\" \/>\n<meta property=\"og:locale\" content=\"pt_PT\" \/>\n<meta property=\"og:type\" content=\"article\" \/>\n<meta property=\"og:title\" content=\"CRUMAR MOJO CLASSIC 61 - Call&amp;Play\" \/>\n<meta property=\"og:description\" content=\"\u00d3rgano electr\u00f3nico de dos manuales (teclados). Teclado con 61 teclas \/ 5 octavas Waterfall con teclas semicontrapesadas y sensibilidad din\u00e1mica. Generaci\u00f3n de sonido: Physical Modeling. Simulaci\u00f3n de altavoz Rotary. Reverb digital est\u00e9reo. 2 grupos con 9 tiradores controladores cada uno. Controladores giratorio para Volume, Drive, Reverb, Keyclick, Crosstalk, Percussion Volume, Balance, Distance, Bass, Middle, Treble. Funci\u00f3n Pedal to lower. Conexi\u00f3n para antena Wi-Fi opcional (antena no incluida) para conexi\u00f3n inal\u00e1mbrica con Smartphone\/Tablet\/PC v\u00eda Editor Web-App. 2 salidas de l\u00ednea: Jack de 6,3 mm sim\u00e9trica. 2 entradas de pedal: Jack de 6,3 mm (pedal de expresi\u00f3n y Sustain). 1 entrada para Halfmoon o conmutador de pie: Jack de 6,3 mm. Entrada y salida MIDI. USB MIDI. 2 puertos USB Type A (Host) para actualizaciones de Software y m\u00f3dulo Wi-Fi opcional. Salida de auriculares est\u00e9reo: Jack de 6,3 mm.\" \/>\n<meta property=\"og:url\" content=\"https:\/\/www.callandplay.com\/pt\/crumar-mojo-classic-61\/\" \/>\n<meta property=\"og:site_name\" content=\"Call&amp;Play\" \/>\n<meta property=\"article:publisher\" content=\"https:\/\/www.facebook.com\/callandplay\" \/>\n<meta property=\"article:modified_time\" content=\"2026-04-03T20:35:32+00:00\" \/>\n<meta name=\"twitter:card\" content=\"summary_large_image\" \/>\n<meta name=\"twitter:label1\" content=\"Tempo estimado de leitura\" \/>\n\t<meta name=\"twitter:data1\" content=\"1 minuto\" \/>\n<script type=\"application\/ld+json\" class=\"yoast-schema-graph\">{\"@context\":\"https:\\\/\\\/schema.org\",\"@graph\":[{\"@type\":\"WebPage\",\"@id\":\"https:\\\/\\\/www.callandplay.com\\\/crumar-mojo-classic-61\\\/\",\"url\":\"https:\\\/\\\/www.callandplay.com\\\/crumar-mojo-classic-61\\\/\",\"name\":\"CRUMAR MOJO CLASSIC 61 - Call&amp;Play\",\"isPartOf\":{\"@id\":\"https:\\\/\\\/www.callandplay.com\\\/#website\"},\"datePublished\":\"2024-07-17T00:00:00+00:00\",\"dateModified\":\"2026-04-03T20:35:32+00:00\",\"breadcrumb\":{\"@id\":\"https:\\\/\\\/www.callandplay.com\\\/crumar-mojo-classic-61\\\/#breadcrumb\"},\"inLanguage\":\"pt-PT\",\"potentialAction\":[{\"@type\":\"ReadAction\",\"target\":[\"https:\\\/\\\/www.callandplay.com\\\/crumar-mojo-classic-61\\\/\"]}]},{\"@type\":\"BreadcrumbList\",\"@id\":\"https:\\\/\\\/www.callandplay.com\\\/crumar-mojo-classic-61\\\/#breadcrumb\",\"itemListElement\":[{\"@type\":\"ListItem\",\"position\":1,\"name\":\"Portada\",\"item\":\"https:\\\/\\\/www.callandplay.com\\\/\"},{\"@type\":\"ListItem\",\"position\":2,\"name\":\"Tienda\",\"item\":\"https:\\\/\\\/www.callandplay.com\\\/tienda\\\/\"},{\"@type\":\"ListItem\",\"position\":3,\"name\":\"CRUMAR MOJO CLASSIC 61\"}]},{\"@type\":\"WebSite\",\"@id\":\"https:\\\/\\\/www.callandplay.com\\\/#website\",\"url\":\"https:\\\/\\\/www.callandplay.com\\\/\",\"name\":\"Call&amp;Play\",\"description\":\"Alquiler de backline e instrumentos musicales\",\"publisher\":{\"@id\":\"https:\\\/\\\/www.callandplay.com\\\/#organization\"},\"potentialAction\":[{\"@type\":\"SearchAction\",\"target\":{\"@type\":\"EntryPoint\",\"urlTemplate\":\"https:\\\/\\\/www.callandplay.com\\\/?s={search_term_string}\"},\"query-input\":{\"@type\":\"PropertyValueSpecification\",\"valueRequired\":true,\"valueName\":\"search_term_string\"}}],\"inLanguage\":\"pt-PT\"},{\"@type\":\"Organization\",\"@id\":\"https:\\\/\\\/www.callandplay.com\\\/#organization\",\"name\":\"Call&Play\",\"url\":\"https:\\\/\\\/www.callandplay.com\\\/\",\"logo\":{\"@type\":\"ImageObject\",\"inLanguage\":\"pt-PT\",\"@id\":\"https:\\\/\\\/www.callandplay.com\\\/#\\\/schema\\\/logo\\\/image\\\/\",\"url\":\"https:\\\/\\\/www.callandplay.com\\\/wp-content\\\/uploads\\\/2021\\\/06\\\/cropped-cropped-logo-black_con_sombra.png\",\"contentUrl\":\"https:\\\/\\\/www.callandplay.com\\\/wp-content\\\/uploads\\\/2021\\\/06\\\/cropped-cropped-logo-black_con_sombra.png\",\"width\":512,\"height\":512,\"caption\":\"Call&Play\"},\"image\":{\"@id\":\"https:\\\/\\\/www.callandplay.com\\\/#\\\/schema\\\/logo\\\/image\\\/\"},\"sameAs\":[\"https:\\\/\\\/www.facebook.com\\\/callandplay\",\"https:\\\/\\\/www.instagram.com\\\/call_and_play\\\/\"]}]}<\/script>\n<!-- \/ Yoast SEO plugin. -->","yoast_head_json":{"title":"CRUMAR MOJO CLASSIC 61 - Call&amp;Play","robots":{"index":"index","follow":"follow","max-snippet":"max-snippet:-1","max-image-preview":"max-image-preview:large","max-video-preview":"max-video-preview:-1"},"canonical":"https:\/\/www.callandplay.com\/pt\/crumar-mojo-classic-61\/","og_locale":"pt_PT","og_type":"article","og_title":"CRUMAR MOJO CLASSIC 61 - Call&amp;Play","og_description":"\u00d3rgano electr\u00f3nico de dos manuales (teclados). Teclado con 61 teclas \/ 5 octavas Waterfall con teclas semicontrapesadas y sensibilidad din\u00e1mica. Generaci\u00f3n de sonido: Physical Modeling. Simulaci\u00f3n de altavoz Rotary. Reverb digital est\u00e9reo. 2 grupos con 9 tiradores controladores cada uno. Controladores giratorio para Volume, Drive, Reverb, Keyclick, Crosstalk, Percussion Volume, Balance, Distance, Bass, Middle, Treble. Funci\u00f3n Pedal to lower. Conexi\u00f3n para antena Wi-Fi opcional (antena no incluida) para conexi\u00f3n inal\u00e1mbrica con Smartphone\/Tablet\/PC v\u00eda Editor Web-App. 2 salidas de l\u00ednea: Jack de 6,3 mm sim\u00e9trica. 2 entradas de pedal: Jack de 6,3 mm (pedal de expresi\u00f3n y Sustain). 1 entrada para Halfmoon o conmutador de pie: Jack de 6,3 mm. Entrada y salida MIDI. USB MIDI. 2 puertos USB Type A (Host) para actualizaciones de Software y m\u00f3dulo Wi-Fi opcional. Salida de auriculares est\u00e9reo: Jack de 6,3 mm.","og_url":"https:\/\/www.callandplay.com\/pt\/crumar-mojo-classic-61\/","og_site_name":"Call&amp;Play","article_publisher":"https:\/\/www.facebook.com\/callandplay","article_modified_time":"2026-04-03T20:35:32+00:00","twitter_card":"summary_large_image","twitter_misc":{"Tempo estimado de leitura":"1 minuto"},"schema":{"@context":"https:\/\/schema.org","@graph":[{"@type":"WebPage","@id":"https:\/\/www.callandplay.com\/crumar-mojo-classic-61\/","url":"https:\/\/www.callandplay.com\/crumar-mojo-classic-61\/","name":"CRUMAR MOJO CLASSIC 61 - Call&amp;Play","isPartOf":{"@id":"https:\/\/www.callandplay.com\/#website"},"datePublished":"2024-07-17T00:00:00+00:00","dateModified":"2026-04-03T20:35:32+00:00","breadcrumb":{"@id":"https:\/\/www.callandplay.com\/crumar-mojo-classic-61\/#breadcrumb"},"inLanguage":"pt-PT","potentialAction":[{"@type":"ReadAction","target":["https:\/\/www.callandplay.com\/crumar-mojo-classic-61\/"]}]},{"@type":"BreadcrumbList","@id":"https:\/\/www.callandplay.com\/crumar-mojo-classic-61\/#breadcrumb","itemListElement":[{"@type":"ListItem","position":1,"name":"Portada","item":"https:\/\/www.callandplay.com\/"},{"@type":"ListItem","position":2,"name":"Tienda","item":"https:\/\/www.callandplay.com\/tienda\/"},{"@type":"ListItem","position":3,"name":"CRUMAR MOJO CLASSIC 61"}]},{"@type":"WebSite","@id":"https:\/\/www.callandplay.com\/#website","url":"https:\/\/www.callandplay.com\/","name":"Call&amp;Play","description":"Alquiler de backline e instrumentos musicales","publisher":{"@id":"https:\/\/www.callandplay.com\/#organization"},"potentialAction":[{"@type":"SearchAction","target":{"@type":"EntryPoint","urlTemplate":"https:\/\/www.callandplay.com\/?s={search_term_string}"},"query-input":{"@type":"PropertyValueSpecification","valueRequired":true,"valueName":"search_term_string"}}],"inLanguage":"pt-PT"},{"@type":"Organization","@id":"https:\/\/www.callandplay.com\/#organization","name":"Call&Play","url":"https:\/\/www.callandplay.com\/","logo":{"@type":"ImageObject","inLanguage":"pt-PT","@id":"https:\/\/www.callandplay.com\/#\/schema\/logo\/image\/","url":"https:\/\/www.callandplay.com\/wp-content\/uploads\/2021\/06\/cropped-cropped-logo-black_con_sombra.png","contentUrl":"https:\/\/www.callandplay.com\/wp-content\/uploads\/2021\/06\/cropped-cropped-logo-black_con_sombra.png","width":512,"height":512,"caption":"Call&Play"},"image":{"@id":"https:\/\/www.callandplay.com\/#\/schema\/logo\/image\/"},"sameAs":["https:\/\/www.facebook.com\/callandplay","https:\/\/www.instagram.com\/call_and_play\/"]}]}},"_links":{"self":[{"href":"https:\/\/www.callandplay.com\/pt\/wp-json\/wp\/v2\/product\/53295","targetHints":{"allow":["GET"]}}],"collection":[{"href":"https:\/\/www.callandplay.com\/pt\/wp-json\/wp\/v2\/product"}],"about":[{"href":"https:\/\/www.callandplay.com\/pt\/wp-json\/wp\/v2\/types\/product"}],"replies":[{"embeddable":true,"href":"https:\/\/www.callandplay.com\/pt\/wp-json\/wp\/v2\/comments?post=53295"}],"version-history":[{"count":1,"href":"https:\/\/www.callandplay.com\/pt\/wp-json\/wp\/v2\/product\/53295\/revisions"}],"predecessor-version":[{"id":56105,"href":"https:\/\/www.callandplay.com\/pt\/wp-json\/wp\/v2\/product\/53295\/revisions\/56105"}],"wp:attachment":[{"href":"https:\/\/www.callandplay.com\/pt\/wp-json\/wp\/v2\/media?parent=53295"}],"wp:term":[{"taxonomy":"product_brand","embeddable":true,"href":"https:\/\/www.callandplay.com\/pt\/wp-json\/wp\/v2\/product_brand?post=53295"},{"taxonomy":"product_cat","embeddable":true,"href":"https:\/\/www.callandplay.com\/pt\/wp-json\/wp\/v2\/product_cat?post=53295"},{"taxonomy":"product_tag","embeddable":true,"href":"https:\/\/www.callandplay.com\/pt\/wp-json\/wp\/v2\/product_tag?post=53295"}],"curies":[{"name":"wp","href":"https:\/\/api.w.org\/{rel}","templated":true}]}}