{"id":53328,"date":"2024-08-18T00:00:00","date_gmt":"2024-08-18T00:00:00","guid":{"rendered":"https:\/\/www.callandplay.com\/aguilar-tone-hammer-th700\/"},"modified":"2026-04-15T20:54:21","modified_gmt":"2026-04-15T20:54:21","slug":"aguilar-tone-hammer-th700","status":"publish","type":"product","link":"https:\/\/www.callandplay.com\/pt\/aguilar-tone-hammer-th700\/","title":{"rendered":"AGUILAR TONE HAMMER TH700"},"content":{"rendered":"<p>El Aguilar TH700 Tone Hammer 700 es un cabezal de bajo potente, port\u00e1til y flexible que presenta el tono cl\u00e1sico de Aguilar en un paquete s\u00faper liviano. El preamplificador Tone Hammer de Aguilar le da al Tone Hammer 700 sus capacidades flexibles de modelado de tono, el mismo preamplificador utilizado en el pedal Tone Hammer D.I.\/preamplificador, que se ha convertido en uno de los favoritos de los bajistas de todo el mundo. Ofrece 700 vatios continuos a 4 o 2,67 ohmios, 350 vatios a 8 ohmios y cuenta con controles de graves, agudos y medios totalmente ampliables. El control Drive utiliza el circuito AGS patentado de Aguilar que agrega una distorsi\u00f3n sutil y un golpe de rango medio al sonido. El Tone Hammer 700 tambi\u00e9n cuenta con un bucle de efectos en serie, salida balanceada XLR y dos salidas de altavoz en el panel trasero.<\/p>","protected":false},"excerpt":{"rendered":"<p>El Aguilar TH700 Tone Hammer 700 es un cabezal de bajo potente, port\u00e1til y flexible que presenta el tono cl\u00e1sico de Aguilar en un paquete s\u00faper liviano. El preamplificador Tone Hammer de Aguilar le da al Tone Hammer 700 sus capacidades flexibles de modelado de tono, el mismo preamplificador utilizado en el pedal Tone Hammer D.I.\/preamplificador, que se ha convertido en uno de los favoritos de los bajistas de todo el mundo. Ofrece 700 vatios continuos a 4 o 2,67 ohmios, 350 vatios a 8 ohmios y cuenta con controles de graves, agudos y medios totalmente ampliables. El control Drive utiliza el circuito AGS patentado de Aguilar que agrega una distorsi\u00f3n sutil y un golpe de rango medio al sonido. El Tone Hammer 700 tambi\u00e9n cuenta con un bucle de efectos en serie, salida balanceada XLR y dos salidas de altavoz en el panel trasero.<\/p>","protected":false},"featured_media":0,"comment_status":"closed","ping_status":"closed","template":"","meta":{"_acf_changed":false,"om_disable_all_campaigns":false,"_monsterinsights_skip_tracking":false,"_monsterinsights_sitenote_active":false,"_monsterinsights_sitenote_note":"","_monsterinsights_sitenote_category":0},"product_brand":[],"product_cat":[1051],"product_tag":[],"class_list":{"0":"post-53328","1":"product","2":"type-product","3":"status-publish","5":"product_cat-cabezales-bajo","7":"first","8":"instock","9":"shipping-taxable","10":"purchasable","11":"product-type-simple"},"acf":[],"yoast_head":"<!-- This site is optimized with the Yoast SEO plugin v27.3 - https:\/\/yoast.com\/product\/yoast-seo-wordpress\/ -->\n<title>AGUILAR TONE HAMMER TH700 - Call&amp;Play<\/title>\n<meta name=\"robots\" content=\"index, follow, max-snippet:-1, max-image-preview:large, max-video-preview:-1\" \/>\n<link rel=\"canonical\" href=\"https:\/\/www.callandplay.com\/pt\/aguilar-tone-hammer-th700\/\" \/>\n<meta property=\"og:locale\" content=\"pt_PT\" \/>\n<meta property=\"og:type\" content=\"article\" \/>\n<meta property=\"og:title\" content=\"AGUILAR TONE HAMMER TH700 - Call&amp;Play\" \/>\n<meta property=\"og:description\" content=\"El Aguilar TH700 Tone Hammer 700 es un cabezal de bajo potente, port\u00e1til y flexible que presenta el tono cl\u00e1sico de Aguilar en un paquete s\u00faper liviano. El preamplificador Tone Hammer de Aguilar le da al Tone Hammer 700 sus capacidades flexibles de modelado de tono, el mismo preamplificador utilizado en el pedal Tone Hammer D.I.\/preamplificador, que se ha convertido en uno de los favoritos de los bajistas de todo el mundo. Ofrece 700 vatios continuos a 4 o 2,67 ohmios, 350 vatios a 8 ohmios y cuenta con controles de graves, agudos y medios totalmente ampliables. El control Drive utiliza el circuito AGS patentado de Aguilar que agrega una distorsi\u00f3n sutil y un golpe de rango medio al sonido. El Tone Hammer 700 tambi\u00e9n cuenta con un bucle de efectos en serie, salida balanceada XLR y dos salidas de altavoz en el panel trasero.\" \/>\n<meta property=\"og:url\" content=\"https:\/\/www.callandplay.com\/pt\/aguilar-tone-hammer-th700\/\" \/>\n<meta property=\"og:site_name\" content=\"Call&amp;Play\" \/>\n<meta property=\"article:publisher\" content=\"https:\/\/www.facebook.com\/callandplay\" \/>\n<meta property=\"article:modified_time\" content=\"2026-04-15T20:54:21+00:00\" \/>\n<meta name=\"twitter:card\" content=\"summary_large_image\" \/>\n<meta name=\"twitter:label1\" content=\"Tempo estimado de leitura\" \/>\n\t<meta name=\"twitter:data1\" content=\"1 minuto\" \/>\n<script type=\"application\/ld+json\" class=\"yoast-schema-graph\">{\"@context\":\"https:\\\/\\\/schema.org\",\"@graph\":[{\"@type\":\"WebPage\",\"@id\":\"https:\\\/\\\/www.callandplay.com\\\/aguilar-tone-hammer-th700\\\/\",\"url\":\"https:\\\/\\\/www.callandplay.com\\\/aguilar-tone-hammer-th700\\\/\",\"name\":\"AGUILAR TONE HAMMER TH700 - Call&amp;Play\",\"isPartOf\":{\"@id\":\"https:\\\/\\\/www.callandplay.com\\\/#website\"},\"datePublished\":\"2024-08-18T00:00:00+00:00\",\"dateModified\":\"2026-04-15T20:54:21+00:00\",\"breadcrumb\":{\"@id\":\"https:\\\/\\\/www.callandplay.com\\\/aguilar-tone-hammer-th700\\\/#breadcrumb\"},\"inLanguage\":\"pt-PT\",\"potentialAction\":[{\"@type\":\"ReadAction\",\"target\":[\"https:\\\/\\\/www.callandplay.com\\\/aguilar-tone-hammer-th700\\\/\"]}]},{\"@type\":\"BreadcrumbList\",\"@id\":\"https:\\\/\\\/www.callandplay.com\\\/aguilar-tone-hammer-th700\\\/#breadcrumb\",\"itemListElement\":[{\"@type\":\"ListItem\",\"position\":1,\"name\":\"Portada\",\"item\":\"https:\\\/\\\/www.callandplay.com\\\/\"},{\"@type\":\"ListItem\",\"position\":2,\"name\":\"Tienda\",\"item\":\"https:\\\/\\\/www.callandplay.com\\\/tienda\\\/\"},{\"@type\":\"ListItem\",\"position\":3,\"name\":\"AGUILAR TONE HAMMER TH700\"}]},{\"@type\":\"WebSite\",\"@id\":\"https:\\\/\\\/www.callandplay.com\\\/#website\",\"url\":\"https:\\\/\\\/www.callandplay.com\\\/\",\"name\":\"Call&amp;Play\",\"description\":\"Alquiler de backline e instrumentos musicales\",\"publisher\":{\"@id\":\"https:\\\/\\\/www.callandplay.com\\\/#organization\"},\"potentialAction\":[{\"@type\":\"SearchAction\",\"target\":{\"@type\":\"EntryPoint\",\"urlTemplate\":\"https:\\\/\\\/www.callandplay.com\\\/?s={search_term_string}\"},\"query-input\":{\"@type\":\"PropertyValueSpecification\",\"valueRequired\":true,\"valueName\":\"search_term_string\"}}],\"inLanguage\":\"pt-PT\"},{\"@type\":\"Organization\",\"@id\":\"https:\\\/\\\/www.callandplay.com\\\/#organization\",\"name\":\"Call&Play\",\"url\":\"https:\\\/\\\/www.callandplay.com\\\/\",\"logo\":{\"@type\":\"ImageObject\",\"inLanguage\":\"pt-PT\",\"@id\":\"https:\\\/\\\/www.callandplay.com\\\/#\\\/schema\\\/logo\\\/image\\\/\",\"url\":\"https:\\\/\\\/www.callandplay.com\\\/wp-content\\\/uploads\\\/2021\\\/06\\\/cropped-cropped-logo-black_con_sombra.png\",\"contentUrl\":\"https:\\\/\\\/www.callandplay.com\\\/wp-content\\\/uploads\\\/2021\\\/06\\\/cropped-cropped-logo-black_con_sombra.png\",\"width\":512,\"height\":512,\"caption\":\"Call&Play\"},\"image\":{\"@id\":\"https:\\\/\\\/www.callandplay.com\\\/#\\\/schema\\\/logo\\\/image\\\/\"},\"sameAs\":[\"https:\\\/\\\/www.facebook.com\\\/callandplay\",\"https:\\\/\\\/www.instagram.com\\\/call_and_play\\\/\"]}]}<\/script>\n<!-- \/ Yoast SEO plugin. -->","yoast_head_json":{"title":"AGUILAR TONE HAMMER TH700 - Call&amp;Play","robots":{"index":"index","follow":"follow","max-snippet":"max-snippet:-1","max-image-preview":"max-image-preview:large","max-video-preview":"max-video-preview:-1"},"canonical":"https:\/\/www.callandplay.com\/pt\/aguilar-tone-hammer-th700\/","og_locale":"pt_PT","og_type":"article","og_title":"AGUILAR TONE HAMMER TH700 - Call&amp;Play","og_description":"El Aguilar TH700 Tone Hammer 700 es un cabezal de bajo potente, port\u00e1til y flexible que presenta el tono cl\u00e1sico de Aguilar en un paquete s\u00faper liviano. El preamplificador Tone Hammer de Aguilar le da al Tone Hammer 700 sus capacidades flexibles de modelado de tono, el mismo preamplificador utilizado en el pedal Tone Hammer D.I.\/preamplificador, que se ha convertido en uno de los favoritos de los bajistas de todo el mundo. Ofrece 700 vatios continuos a 4 o 2,67 ohmios, 350 vatios a 8 ohmios y cuenta con controles de graves, agudos y medios totalmente ampliables. El control Drive utiliza el circuito AGS patentado de Aguilar que agrega una distorsi\u00f3n sutil y un golpe de rango medio al sonido. El Tone Hammer 700 tambi\u00e9n cuenta con un bucle de efectos en serie, salida balanceada XLR y dos salidas de altavoz en el panel trasero.","og_url":"https:\/\/www.callandplay.com\/pt\/aguilar-tone-hammer-th700\/","og_site_name":"Call&amp;Play","article_publisher":"https:\/\/www.facebook.com\/callandplay","article_modified_time":"2026-04-15T20:54:21+00:00","twitter_card":"summary_large_image","twitter_misc":{"Tempo estimado de leitura":"1 minuto"},"schema":{"@context":"https:\/\/schema.org","@graph":[{"@type":"WebPage","@id":"https:\/\/www.callandplay.com\/aguilar-tone-hammer-th700\/","url":"https:\/\/www.callandplay.com\/aguilar-tone-hammer-th700\/","name":"AGUILAR TONE HAMMER TH700 - Call&amp;Play","isPartOf":{"@id":"https:\/\/www.callandplay.com\/#website"},"datePublished":"2024-08-18T00:00:00+00:00","dateModified":"2026-04-15T20:54:21+00:00","breadcrumb":{"@id":"https:\/\/www.callandplay.com\/aguilar-tone-hammer-th700\/#breadcrumb"},"inLanguage":"pt-PT","potentialAction":[{"@type":"ReadAction","target":["https:\/\/www.callandplay.com\/aguilar-tone-hammer-th700\/"]}]},{"@type":"BreadcrumbList","@id":"https:\/\/www.callandplay.com\/aguilar-tone-hammer-th700\/#breadcrumb","itemListElement":[{"@type":"ListItem","position":1,"name":"Portada","item":"https:\/\/www.callandplay.com\/"},{"@type":"ListItem","position":2,"name":"Tienda","item":"https:\/\/www.callandplay.com\/tienda\/"},{"@type":"ListItem","position":3,"name":"AGUILAR TONE HAMMER TH700"}]},{"@type":"WebSite","@id":"https:\/\/www.callandplay.com\/#website","url":"https:\/\/www.callandplay.com\/","name":"Call&amp;Play","description":"Alquiler de backline e instrumentos musicales","publisher":{"@id":"https:\/\/www.callandplay.com\/#organization"},"potentialAction":[{"@type":"SearchAction","target":{"@type":"EntryPoint","urlTemplate":"https:\/\/www.callandplay.com\/?s={search_term_string}"},"query-input":{"@type":"PropertyValueSpecification","valueRequired":true,"valueName":"search_term_string"}}],"inLanguage":"pt-PT"},{"@type":"Organization","@id":"https:\/\/www.callandplay.com\/#organization","name":"Call&Play","url":"https:\/\/www.callandplay.com\/","logo":{"@type":"ImageObject","inLanguage":"pt-PT","@id":"https:\/\/www.callandplay.com\/#\/schema\/logo\/image\/","url":"https:\/\/www.callandplay.com\/wp-content\/uploads\/2021\/06\/cropped-cropped-logo-black_con_sombra.png","contentUrl":"https:\/\/www.callandplay.com\/wp-content\/uploads\/2021\/06\/cropped-cropped-logo-black_con_sombra.png","width":512,"height":512,"caption":"Call&Play"},"image":{"@id":"https:\/\/www.callandplay.com\/#\/schema\/logo\/image\/"},"sameAs":["https:\/\/www.facebook.com\/callandplay","https:\/\/www.instagram.com\/call_and_play\/"]}]}},"_links":{"self":[{"href":"https:\/\/www.callandplay.com\/pt\/wp-json\/wp\/v2\/product\/53328","targetHints":{"allow":["GET"]}}],"collection":[{"href":"https:\/\/www.callandplay.com\/pt\/wp-json\/wp\/v2\/product"}],"about":[{"href":"https:\/\/www.callandplay.com\/pt\/wp-json\/wp\/v2\/types\/product"}],"replies":[{"embeddable":true,"href":"https:\/\/www.callandplay.com\/pt\/wp-json\/wp\/v2\/comments?post=53328"}],"version-history":[{"count":1,"href":"https:\/\/www.callandplay.com\/pt\/wp-json\/wp\/v2\/product\/53328\/revisions"}],"predecessor-version":[{"id":56138,"href":"https:\/\/www.callandplay.com\/pt\/wp-json\/wp\/v2\/product\/53328\/revisions\/56138"}],"wp:attachment":[{"href":"https:\/\/www.callandplay.com\/pt\/wp-json\/wp\/v2\/media?parent=53328"}],"wp:term":[{"taxonomy":"product_brand","embeddable":true,"href":"https:\/\/www.callandplay.com\/pt\/wp-json\/wp\/v2\/product_brand?post=53328"},{"taxonomy":"product_cat","embeddable":true,"href":"https:\/\/www.callandplay.com\/pt\/wp-json\/wp\/v2\/product_cat?post=53328"},{"taxonomy":"product_tag","embeddable":true,"href":"https:\/\/www.callandplay.com\/pt\/wp-json\/wp\/v2\/product_tag?post=53328"}],"curies":[{"name":"wp","href":"https:\/\/api.w.org\/{rel}","templated":true}]}}