{"id":53396,"date":"2025-09-11T00:00:00","date_gmt":"2025-09-11T00:00:00","guid":{"rendered":"https:\/\/www.callandplay.com\/ludwig-lb464r-raw-brass-phonic-sd-14x65\/"},"modified":"2026-04-15T20:54:23","modified_gmt":"2026-04-15T20:54:23","slug":"ludwig-lb464r-raw-brass-phonic-sd-14x65","status":"publish","type":"product","link":"https:\/\/www.callandplay.com\/pt\/ludwig-lb464r-raw-brass-phonic-sd-14x65\/","title":{"rendered":"LUDWIG LB464R RAW BRASS PHONIC SD 14&#8243;x6,5&#8243;"},"content":{"rendered":"<p>La caja Ludwig de lat\u00f3n crudo de 14\u00bb x 6,5\u00bb es \u00fanica y de aspecto crudo, con un sonido similar al de su contraparte, la Black Beauty. Esta caja presenta cascos id\u00e9nticos a los de la colecci\u00f3n Black Beauty de Ludwig; sin embargo, ofrece un sonido m\u00e1s seco con una rica gama de arm\u00f3nicos y un ataque n\u00edtido. El lat\u00f3n proporciona un timbre c\u00e1lido y met\u00e1lico con arm\u00f3nicos musicales, ideal para una amplia gama de estilos y g\u00e9neros de bater\u00eda. Adem\u00e1s, responde con una sensibilidad superior a otras cajas similares. La caja Ludwig de lat\u00f3n crudo incorpora el nuevo bordonero P-88, que utiliza un rodamiento de bolas y una perilla de tensi\u00f3n mejorada. Adem\u00e1s, cuenta con trinquete, lo que permite una afinaci\u00f3n precisa de los alambres de la caja. La caja de lat\u00f3n crudo cuenta con un casco de lat\u00f3n sin costuras de 1,2 mm y aros de acero de triple brida de 2,3 mm. Cada caja de lat\u00f3n crudo no tiene revestimiento, lo que significa que con el tiempo se oxidar\u00e1, dando como resultado un proceso de envejecimiento \u00fanico que le da a su kit una est\u00e9tica verdaderamente personal y \u00fanica.<\/p>","protected":false},"excerpt":{"rendered":"<p>La caja Ludwig de lat\u00f3n crudo de 14\u00bb x 6,5\u00bb es \u00fanica y de aspecto crudo, con un sonido similar al de su contraparte, la Black Beauty. Esta caja presenta cascos id\u00e9nticos a los de la colecci\u00f3n Black Beauty de Ludwig; sin embargo, ofrece un sonido m\u00e1s seco con una rica gama de arm\u00f3nicos y un ataque n\u00edtido. El lat\u00f3n proporciona un timbre c\u00e1lido y met\u00e1lico con arm\u00f3nicos musicales, ideal para una amplia gama de estilos y g\u00e9neros de bater\u00eda. Adem\u00e1s, responde con una sensibilidad superior a otras cajas similares. La caja Ludwig de lat\u00f3n crudo incorpora el nuevo bordonero P-88, que utiliza un rodamiento de bolas y una perilla de tensi\u00f3n mejorada. Adem\u00e1s, cuenta con trinquete, lo que permite una afinaci\u00f3n precisa de los alambres de la caja. La caja de lat\u00f3n crudo cuenta con un casco de lat\u00f3n sin costuras de 1,2 mm y aros de acero de triple brida de 2,3 mm. Cada caja de lat\u00f3n crudo no tiene revestimiento, lo que significa que con el tiempo se oxidar\u00e1, dando como resultado un proceso de envejecimiento \u00fanico que le da a su kit una est\u00e9tica verdaderamente personal y \u00fanica.<\/p>","protected":false},"featured_media":0,"comment_status":"closed","ping_status":"closed","template":"","meta":{"_acf_changed":false,"om_disable_all_campaigns":false,"_monsterinsights_skip_tracking":false,"_monsterinsights_sitenote_active":false,"_monsterinsights_sitenote_note":"","_monsterinsights_sitenote_category":0},"product_brand":[],"product_cat":[1022],"product_tag":[],"class_list":{"0":"post-53396","1":"product","2":"type-product","3":"status-publish","5":"product_cat-cajas-laton","7":"first","8":"instock","9":"shipping-taxable","10":"purchasable","11":"product-type-simple"},"acf":[],"yoast_head":"<!-- This site is optimized with the Yoast SEO plugin v27.4 - https:\/\/yoast.com\/product\/yoast-seo-wordpress\/ -->\n<title>LUDWIG LB464R RAW BRASS PHONIC SD 14&quot;x6,5&quot; - Call&amp;Play<\/title>\n<meta name=\"robots\" content=\"index, follow, max-snippet:-1, max-image-preview:large, max-video-preview:-1\" \/>\n<link rel=\"canonical\" href=\"https:\/\/www.callandplay.com\/pt\/ludwig-lb464r-raw-brass-phonic-sd-14x65\/\" \/>\n<meta property=\"og:locale\" content=\"pt_PT\" \/>\n<meta property=\"og:type\" content=\"article\" \/>\n<meta property=\"og:title\" content=\"LUDWIG LB464R RAW BRASS PHONIC SD 14&quot;x6,5&quot; - Call&amp;Play\" \/>\n<meta property=\"og:description\" content=\"La caja Ludwig de lat\u00f3n crudo de 14&#039;&#039; x 6,5&#039;&#039; es \u00fanica y de aspecto crudo, con un sonido similar al de su contraparte, la Black Beauty. Esta caja presenta cascos id\u00e9nticos a los de la colecci\u00f3n Black Beauty de Ludwig; sin embargo, ofrece un sonido m\u00e1s seco con una rica gama de arm\u00f3nicos y un ataque n\u00edtido. El lat\u00f3n proporciona un timbre c\u00e1lido y met\u00e1lico con arm\u00f3nicos musicales, ideal para una amplia gama de estilos y g\u00e9neros de bater\u00eda. Adem\u00e1s, responde con una sensibilidad superior a otras cajas similares. La caja Ludwig de lat\u00f3n crudo incorpora el nuevo bordonero P-88, que utiliza un rodamiento de bolas y una perilla de tensi\u00f3n mejorada. Adem\u00e1s, cuenta con trinquete, lo que permite una afinaci\u00f3n precisa de los alambres de la caja. La caja de lat\u00f3n crudo cuenta con un casco de lat\u00f3n sin costuras de 1,2 mm y aros de acero de triple brida de 2,3 mm. Cada caja de lat\u00f3n crudo no tiene revestimiento, lo que significa que con el tiempo se oxidar\u00e1, dando como resultado un proceso de envejecimiento \u00fanico que le da a su kit una est\u00e9tica verdaderamente personal y \u00fanica.\" \/>\n<meta property=\"og:url\" content=\"https:\/\/www.callandplay.com\/pt\/ludwig-lb464r-raw-brass-phonic-sd-14x65\/\" \/>\n<meta property=\"og:site_name\" content=\"Call&amp;Play\" \/>\n<meta property=\"article:publisher\" content=\"https:\/\/www.facebook.com\/callandplay\" \/>\n<meta property=\"article:modified_time\" content=\"2026-04-15T20:54:23+00:00\" \/>\n<meta name=\"twitter:card\" content=\"summary_large_image\" \/>\n<meta name=\"twitter:label1\" content=\"Tempo estimado de leitura\" \/>\n\t<meta name=\"twitter:data1\" content=\"1 minuto\" \/>\n<script type=\"application\/ld+json\" class=\"yoast-schema-graph\">{\"@context\":\"https:\\\/\\\/schema.org\",\"@graph\":[{\"@type\":\"WebPage\",\"@id\":\"https:\\\/\\\/www.callandplay.com\\\/ludwig-lb464r-raw-brass-phonic-sd-14x65\\\/\",\"url\":\"https:\\\/\\\/www.callandplay.com\\\/ludwig-lb464r-raw-brass-phonic-sd-14x65\\\/\",\"name\":\"LUDWIG LB464R RAW BRASS PHONIC SD 14\\\"x6,5\\\" - Call&amp;Play\",\"isPartOf\":{\"@id\":\"https:\\\/\\\/www.callandplay.com\\\/#website\"},\"datePublished\":\"2025-09-11T00:00:00+00:00\",\"dateModified\":\"2026-04-15T20:54:23+00:00\",\"breadcrumb\":{\"@id\":\"https:\\\/\\\/www.callandplay.com\\\/ludwig-lb464r-raw-brass-phonic-sd-14x65\\\/#breadcrumb\"},\"inLanguage\":\"pt-PT\",\"potentialAction\":[{\"@type\":\"ReadAction\",\"target\":[\"https:\\\/\\\/www.callandplay.com\\\/ludwig-lb464r-raw-brass-phonic-sd-14x65\\\/\"]}]},{\"@type\":\"BreadcrumbList\",\"@id\":\"https:\\\/\\\/www.callandplay.com\\\/ludwig-lb464r-raw-brass-phonic-sd-14x65\\\/#breadcrumb\",\"itemListElement\":[{\"@type\":\"ListItem\",\"position\":1,\"name\":\"Portada\",\"item\":\"https:\\\/\\\/www.callandplay.com\\\/\"},{\"@type\":\"ListItem\",\"position\":2,\"name\":\"Tienda\",\"item\":\"https:\\\/\\\/www.callandplay.com\\\/tienda\\\/\"},{\"@type\":\"ListItem\",\"position\":3,\"name\":\"LUDWIG LB464R RAW BRASS PHONIC SD 14&#8243;x6,5&#8243;\"}]},{\"@type\":\"WebSite\",\"@id\":\"https:\\\/\\\/www.callandplay.com\\\/#website\",\"url\":\"https:\\\/\\\/www.callandplay.com\\\/\",\"name\":\"Call&amp;Play\",\"description\":\"Alquiler de backline e instrumentos musicales\",\"publisher\":{\"@id\":\"https:\\\/\\\/www.callandplay.com\\\/#organization\"},\"potentialAction\":[{\"@type\":\"SearchAction\",\"target\":{\"@type\":\"EntryPoint\",\"urlTemplate\":\"https:\\\/\\\/www.callandplay.com\\\/?s={search_term_string}\"},\"query-input\":{\"@type\":\"PropertyValueSpecification\",\"valueRequired\":true,\"valueName\":\"search_term_string\"}}],\"inLanguage\":\"pt-PT\"},{\"@type\":\"Organization\",\"@id\":\"https:\\\/\\\/www.callandplay.com\\\/#organization\",\"name\":\"Call&Play\",\"url\":\"https:\\\/\\\/www.callandplay.com\\\/\",\"logo\":{\"@type\":\"ImageObject\",\"inLanguage\":\"pt-PT\",\"@id\":\"https:\\\/\\\/www.callandplay.com\\\/#\\\/schema\\\/logo\\\/image\\\/\",\"url\":\"https:\\\/\\\/www.callandplay.com\\\/wp-content\\\/uploads\\\/2021\\\/06\\\/cropped-cropped-logo-black_con_sombra.png\",\"contentUrl\":\"https:\\\/\\\/www.callandplay.com\\\/wp-content\\\/uploads\\\/2021\\\/06\\\/cropped-cropped-logo-black_con_sombra.png\",\"width\":512,\"height\":512,\"caption\":\"Call&Play\"},\"image\":{\"@id\":\"https:\\\/\\\/www.callandplay.com\\\/#\\\/schema\\\/logo\\\/image\\\/\"},\"sameAs\":[\"https:\\\/\\\/www.facebook.com\\\/callandplay\",\"https:\\\/\\\/www.instagram.com\\\/call_and_play\\\/\"]}]}<\/script>\n<!-- \/ Yoast SEO plugin. -->","yoast_head_json":{"title":"LUDWIG LB464R RAW BRASS PHONIC SD 14\"x6,5\" - Call&amp;Play","robots":{"index":"index","follow":"follow","max-snippet":"max-snippet:-1","max-image-preview":"max-image-preview:large","max-video-preview":"max-video-preview:-1"},"canonical":"https:\/\/www.callandplay.com\/pt\/ludwig-lb464r-raw-brass-phonic-sd-14x65\/","og_locale":"pt_PT","og_type":"article","og_title":"LUDWIG LB464R RAW BRASS PHONIC SD 14\"x6,5\" - Call&amp;Play","og_description":"La caja Ludwig de lat\u00f3n crudo de 14'' x 6,5'' es \u00fanica y de aspecto crudo, con un sonido similar al de su contraparte, la Black Beauty. Esta caja presenta cascos id\u00e9nticos a los de la colecci\u00f3n Black Beauty de Ludwig; sin embargo, ofrece un sonido m\u00e1s seco con una rica gama de arm\u00f3nicos y un ataque n\u00edtido. El lat\u00f3n proporciona un timbre c\u00e1lido y met\u00e1lico con arm\u00f3nicos musicales, ideal para una amplia gama de estilos y g\u00e9neros de bater\u00eda. Adem\u00e1s, responde con una sensibilidad superior a otras cajas similares. La caja Ludwig de lat\u00f3n crudo incorpora el nuevo bordonero P-88, que utiliza un rodamiento de bolas y una perilla de tensi\u00f3n mejorada. Adem\u00e1s, cuenta con trinquete, lo que permite una afinaci\u00f3n precisa de los alambres de la caja. La caja de lat\u00f3n crudo cuenta con un casco de lat\u00f3n sin costuras de 1,2 mm y aros de acero de triple brida de 2,3 mm. Cada caja de lat\u00f3n crudo no tiene revestimiento, lo que significa que con el tiempo se oxidar\u00e1, dando como resultado un proceso de envejecimiento \u00fanico que le da a su kit una est\u00e9tica verdaderamente personal y \u00fanica.","og_url":"https:\/\/www.callandplay.com\/pt\/ludwig-lb464r-raw-brass-phonic-sd-14x65\/","og_site_name":"Call&amp;Play","article_publisher":"https:\/\/www.facebook.com\/callandplay","article_modified_time":"2026-04-15T20:54:23+00:00","twitter_card":"summary_large_image","twitter_misc":{"Tempo estimado de leitura":"1 minuto"},"schema":{"@context":"https:\/\/schema.org","@graph":[{"@type":"WebPage","@id":"https:\/\/www.callandplay.com\/ludwig-lb464r-raw-brass-phonic-sd-14x65\/","url":"https:\/\/www.callandplay.com\/ludwig-lb464r-raw-brass-phonic-sd-14x65\/","name":"LUDWIG LB464R RAW BRASS PHONIC SD 14\"x6,5\" - Call&amp;Play","isPartOf":{"@id":"https:\/\/www.callandplay.com\/#website"},"datePublished":"2025-09-11T00:00:00+00:00","dateModified":"2026-04-15T20:54:23+00:00","breadcrumb":{"@id":"https:\/\/www.callandplay.com\/ludwig-lb464r-raw-brass-phonic-sd-14x65\/#breadcrumb"},"inLanguage":"pt-PT","potentialAction":[{"@type":"ReadAction","target":["https:\/\/www.callandplay.com\/ludwig-lb464r-raw-brass-phonic-sd-14x65\/"]}]},{"@type":"BreadcrumbList","@id":"https:\/\/www.callandplay.com\/ludwig-lb464r-raw-brass-phonic-sd-14x65\/#breadcrumb","itemListElement":[{"@type":"ListItem","position":1,"name":"Portada","item":"https:\/\/www.callandplay.com\/"},{"@type":"ListItem","position":2,"name":"Tienda","item":"https:\/\/www.callandplay.com\/tienda\/"},{"@type":"ListItem","position":3,"name":"LUDWIG LB464R RAW BRASS PHONIC SD 14&#8243;x6,5&#8243;"}]},{"@type":"WebSite","@id":"https:\/\/www.callandplay.com\/#website","url":"https:\/\/www.callandplay.com\/","name":"Call&amp;Play","description":"Alquiler de backline e instrumentos musicales","publisher":{"@id":"https:\/\/www.callandplay.com\/#organization"},"potentialAction":[{"@type":"SearchAction","target":{"@type":"EntryPoint","urlTemplate":"https:\/\/www.callandplay.com\/?s={search_term_string}"},"query-input":{"@type":"PropertyValueSpecification","valueRequired":true,"valueName":"search_term_string"}}],"inLanguage":"pt-PT"},{"@type":"Organization","@id":"https:\/\/www.callandplay.com\/#organization","name":"Call&Play","url":"https:\/\/www.callandplay.com\/","logo":{"@type":"ImageObject","inLanguage":"pt-PT","@id":"https:\/\/www.callandplay.com\/#\/schema\/logo\/image\/","url":"https:\/\/www.callandplay.com\/wp-content\/uploads\/2021\/06\/cropped-cropped-logo-black_con_sombra.png","contentUrl":"https:\/\/www.callandplay.com\/wp-content\/uploads\/2021\/06\/cropped-cropped-logo-black_con_sombra.png","width":512,"height":512,"caption":"Call&Play"},"image":{"@id":"https:\/\/www.callandplay.com\/#\/schema\/logo\/image\/"},"sameAs":["https:\/\/www.facebook.com\/callandplay","https:\/\/www.instagram.com\/call_and_play\/"]}]}},"_links":{"self":[{"href":"https:\/\/www.callandplay.com\/pt\/wp-json\/wp\/v2\/product\/53396","targetHints":{"allow":["GET"]}}],"collection":[{"href":"https:\/\/www.callandplay.com\/pt\/wp-json\/wp\/v2\/product"}],"about":[{"href":"https:\/\/www.callandplay.com\/pt\/wp-json\/wp\/v2\/types\/product"}],"replies":[{"embeddable":true,"href":"https:\/\/www.callandplay.com\/pt\/wp-json\/wp\/v2\/comments?post=53396"}],"version-history":[{"count":1,"href":"https:\/\/www.callandplay.com\/pt\/wp-json\/wp\/v2\/product\/53396\/revisions"}],"predecessor-version":[{"id":56206,"href":"https:\/\/www.callandplay.com\/pt\/wp-json\/wp\/v2\/product\/53396\/revisions\/56206"}],"wp:attachment":[{"href":"https:\/\/www.callandplay.com\/pt\/wp-json\/wp\/v2\/media?parent=53396"}],"wp:term":[{"taxonomy":"product_brand","embeddable":true,"href":"https:\/\/www.callandplay.com\/pt\/wp-json\/wp\/v2\/product_brand?post=53396"},{"taxonomy":"product_cat","embeddable":true,"href":"https:\/\/www.callandplay.com\/pt\/wp-json\/wp\/v2\/product_cat?post=53396"},{"taxonomy":"product_tag","embeddable":true,"href":"https:\/\/www.callandplay.com\/pt\/wp-json\/wp\/v2\/product_tag?post=53396"}],"curies":[{"name":"wp","href":"https:\/\/api.w.org\/{rel}","templated":true}]}}