{"id":53484,"date":"2025-12-10T00:00:00","date_gmt":"2025-12-10T00:00:00","guid":{"rendered":"https:\/\/www.callandplay.com\/camps-cut-900-s-nylon-strings\/"},"modified":"2026-04-15T20:54:26","modified_gmt":"2026-04-15T20:54:26","slug":"camps-cut-900-s-nylon-strings","status":"publish","type":"product","link":"https:\/\/www.callandplay.com\/pt\/camps-cut-900-s-nylon-strings\/","title":{"rendered":"CAMPS CUT 900-S NYLON STRINGS"},"content":{"rendered":"<p>La guitarra el\u00e9ctrica cl\u00e1sica profesional CUT-900 de Camps Guitars, fabricada en Espa\u00f1a con maderas cuidadosamente seleccionadas, destaca por su dise\u00f1o elegante y su excelente calidad. Con cuerpo de ziricote y diapas\u00f3n de \u00e9bano, este modelo ofrece una est\u00e9tica sobria y refinada. Su sonido tiene una gran proyecci\u00f3n; los graves son profundos y potentes sin opacar los agudos cristalinos. La respuesta es r\u00e1pida en todos los registros. La comodidad y la facilidad de ejecuci\u00f3n son tambi\u00e9n excepcionales. Se ha prestado especial atenci\u00f3n al ajuste de la altura de las cuerdas y al dise\u00f1o y acabado del m\u00e1stil, para que la experiencia de tocar esta guitarra sea un verdadero placer. Incorpora un sistema de amplificaci\u00f3n exclusivo con seis pastillas individuales, que garantiza un equilibrio tonal perfecto en cada cuerda. Tapa: Abeto macizo. Fondo y aros: Ziricote. Diapas\u00f3n: \u00c9bano. M\u00e1stil: Cedro. Puente: Palisandro. Ancho de la cejuela: 52 mm. Distancia entre la 1\u00aa y la 6\u00aa cuerda: 58 mm. Longitud de escala: 650 mm. Acabado: Brillante. Electr\u00f3nica: Fishman.<\/p>","protected":false},"excerpt":{"rendered":"<p>La guitarra el\u00e9ctrica cl\u00e1sica profesional CUT-900 de Camps Guitars, fabricada en Espa\u00f1a con maderas cuidadosamente seleccionadas, destaca por su dise\u00f1o elegante y su excelente calidad. Con cuerpo de ziricote y diapas\u00f3n de \u00e9bano, este modelo ofrece una est\u00e9tica sobria y refinada. Su sonido tiene una gran proyecci\u00f3n; los graves son profundos y potentes sin opacar los agudos cristalinos. La respuesta es r\u00e1pida en todos los registros. La comodidad y la facilidad de ejecuci\u00f3n son tambi\u00e9n excepcionales. Se ha prestado especial atenci\u00f3n al ajuste de la altura de las cuerdas y al dise\u00f1o y acabado del m\u00e1stil, para que la experiencia de tocar esta guitarra sea un verdadero placer. Incorpora un sistema de amplificaci\u00f3n exclusivo con seis pastillas individuales, que garantiza un equilibrio tonal perfecto en cada cuerda. Tapa: Abeto macizo. Fondo y aros: Ziricote. Diapas\u00f3n: \u00c9bano. M\u00e1stil: Cedro. Puente: Palisandro. Ancho de la cejuela: 52 mm. Distancia entre la 1\u00aa y la 6\u00aa cuerda: 58 mm. Longitud de escala: 650 mm. Acabado: Brillante. Electr\u00f3nica: Fishman.<\/p>","protected":false},"featured_media":0,"comment_status":"closed","ping_status":"closed","template":"","meta":{"_acf_changed":false,"om_disable_all_campaigns":false,"_monsterinsights_skip_tracking":false,"_monsterinsights_sitenote_active":false,"_monsterinsights_sitenote_note":"","_monsterinsights_sitenote_category":0},"product_brand":[],"product_cat":[1314],"product_tag":[],"class_list":{"0":"post-53484","1":"product","2":"type-product","3":"status-publish","5":"product_cat-guitarras-electroacusticas-nylon","7":"first","8":"instock","9":"shipping-taxable","10":"purchasable","11":"product-type-simple"},"acf":[],"yoast_head":"<!-- This site is optimized with the Yoast SEO plugin v27.4 - https:\/\/yoast.com\/product\/yoast-seo-wordpress\/ -->\n<title>CAMPS CUT 900-S NYLON STRINGS - Call&amp;Play<\/title>\n<meta name=\"robots\" content=\"index, follow, max-snippet:-1, max-image-preview:large, max-video-preview:-1\" \/>\n<link rel=\"canonical\" href=\"https:\/\/www.callandplay.com\/pt\/camps-cut-900-s-nylon-strings\/\" \/>\n<meta property=\"og:locale\" content=\"pt_PT\" \/>\n<meta property=\"og:type\" content=\"article\" \/>\n<meta property=\"og:title\" content=\"CAMPS CUT 900-S NYLON STRINGS - Call&amp;Play\" \/>\n<meta property=\"og:description\" content=\"La guitarra el\u00e9ctrica cl\u00e1sica profesional CUT-900 de Camps Guitars, fabricada en Espa\u00f1a con maderas cuidadosamente seleccionadas, destaca por su dise\u00f1o elegante y su excelente calidad. Con cuerpo de ziricote y diapas\u00f3n de \u00e9bano, este modelo ofrece una est\u00e9tica sobria y refinada. Su sonido tiene una gran proyecci\u00f3n; los graves son profundos y potentes sin opacar los agudos cristalinos. La respuesta es r\u00e1pida en todos los registros. La comodidad y la facilidad de ejecuci\u00f3n son tambi\u00e9n excepcionales. Se ha prestado especial atenci\u00f3n al ajuste de la altura de las cuerdas y al dise\u00f1o y acabado del m\u00e1stil, para que la experiencia de tocar esta guitarra sea un verdadero placer. Incorpora un sistema de amplificaci\u00f3n exclusivo con seis pastillas individuales, que garantiza un equilibrio tonal perfecto en cada cuerda. Tapa: Abeto macizo. Fondo y aros: Ziricote. Diapas\u00f3n: \u00c9bano. M\u00e1stil: Cedro. Puente: Palisandro. Ancho de la cejuela: 52 mm. Distancia entre la 1\u00aa y la 6\u00aa cuerda: 58 mm. Longitud de escala: 650 mm. Acabado: Brillante. Electr\u00f3nica: Fishman.\" \/>\n<meta property=\"og:url\" content=\"https:\/\/www.callandplay.com\/pt\/camps-cut-900-s-nylon-strings\/\" \/>\n<meta property=\"og:site_name\" content=\"Call&amp;Play\" \/>\n<meta property=\"article:publisher\" content=\"https:\/\/www.facebook.com\/callandplay\" \/>\n<meta property=\"article:modified_time\" content=\"2026-04-15T20:54:26+00:00\" \/>\n<meta name=\"twitter:card\" content=\"summary_large_image\" \/>\n<meta name=\"twitter:label1\" content=\"Tempo estimado de leitura\" \/>\n\t<meta name=\"twitter:data1\" content=\"1 minuto\" \/>\n<script type=\"application\/ld+json\" class=\"yoast-schema-graph\">{\"@context\":\"https:\\\/\\\/schema.org\",\"@graph\":[{\"@type\":\"WebPage\",\"@id\":\"https:\\\/\\\/www.callandplay.com\\\/camps-cut-900-s-nylon-strings\\\/\",\"url\":\"https:\\\/\\\/www.callandplay.com\\\/camps-cut-900-s-nylon-strings\\\/\",\"name\":\"CAMPS CUT 900-S NYLON STRINGS - Call&amp;Play\",\"isPartOf\":{\"@id\":\"https:\\\/\\\/www.callandplay.com\\\/#website\"},\"datePublished\":\"2025-12-10T00:00:00+00:00\",\"dateModified\":\"2026-04-15T20:54:26+00:00\",\"breadcrumb\":{\"@id\":\"https:\\\/\\\/www.callandplay.com\\\/camps-cut-900-s-nylon-strings\\\/#breadcrumb\"},\"inLanguage\":\"pt-PT\",\"potentialAction\":[{\"@type\":\"ReadAction\",\"target\":[\"https:\\\/\\\/www.callandplay.com\\\/camps-cut-900-s-nylon-strings\\\/\"]}]},{\"@type\":\"BreadcrumbList\",\"@id\":\"https:\\\/\\\/www.callandplay.com\\\/camps-cut-900-s-nylon-strings\\\/#breadcrumb\",\"itemListElement\":[{\"@type\":\"ListItem\",\"position\":1,\"name\":\"Portada\",\"item\":\"https:\\\/\\\/www.callandplay.com\\\/\"},{\"@type\":\"ListItem\",\"position\":2,\"name\":\"Tienda\",\"item\":\"https:\\\/\\\/www.callandplay.com\\\/tienda\\\/\"},{\"@type\":\"ListItem\",\"position\":3,\"name\":\"CAMPS CUT 900-S NYLON STRINGS\"}]},{\"@type\":\"WebSite\",\"@id\":\"https:\\\/\\\/www.callandplay.com\\\/#website\",\"url\":\"https:\\\/\\\/www.callandplay.com\\\/\",\"name\":\"Call&amp;Play\",\"description\":\"Alquiler de backline e instrumentos musicales\",\"publisher\":{\"@id\":\"https:\\\/\\\/www.callandplay.com\\\/#organization\"},\"potentialAction\":[{\"@type\":\"SearchAction\",\"target\":{\"@type\":\"EntryPoint\",\"urlTemplate\":\"https:\\\/\\\/www.callandplay.com\\\/?s={search_term_string}\"},\"query-input\":{\"@type\":\"PropertyValueSpecification\",\"valueRequired\":true,\"valueName\":\"search_term_string\"}}],\"inLanguage\":\"pt-PT\"},{\"@type\":\"Organization\",\"@id\":\"https:\\\/\\\/www.callandplay.com\\\/#organization\",\"name\":\"Call&Play\",\"url\":\"https:\\\/\\\/www.callandplay.com\\\/\",\"logo\":{\"@type\":\"ImageObject\",\"inLanguage\":\"pt-PT\",\"@id\":\"https:\\\/\\\/www.callandplay.com\\\/#\\\/schema\\\/logo\\\/image\\\/\",\"url\":\"https:\\\/\\\/www.callandplay.com\\\/wp-content\\\/uploads\\\/2021\\\/06\\\/cropped-cropped-logo-black_con_sombra.png\",\"contentUrl\":\"https:\\\/\\\/www.callandplay.com\\\/wp-content\\\/uploads\\\/2021\\\/06\\\/cropped-cropped-logo-black_con_sombra.png\",\"width\":512,\"height\":512,\"caption\":\"Call&Play\"},\"image\":{\"@id\":\"https:\\\/\\\/www.callandplay.com\\\/#\\\/schema\\\/logo\\\/image\\\/\"},\"sameAs\":[\"https:\\\/\\\/www.facebook.com\\\/callandplay\",\"https:\\\/\\\/www.instagram.com\\\/call_and_play\\\/\"]}]}<\/script>\n<!-- \/ Yoast SEO plugin. -->","yoast_head_json":{"title":"CAMPS CUT 900-S NYLON STRINGS - Call&amp;Play","robots":{"index":"index","follow":"follow","max-snippet":"max-snippet:-1","max-image-preview":"max-image-preview:large","max-video-preview":"max-video-preview:-1"},"canonical":"https:\/\/www.callandplay.com\/pt\/camps-cut-900-s-nylon-strings\/","og_locale":"pt_PT","og_type":"article","og_title":"CAMPS CUT 900-S NYLON STRINGS - Call&amp;Play","og_description":"La guitarra el\u00e9ctrica cl\u00e1sica profesional CUT-900 de Camps Guitars, fabricada en Espa\u00f1a con maderas cuidadosamente seleccionadas, destaca por su dise\u00f1o elegante y su excelente calidad. Con cuerpo de ziricote y diapas\u00f3n de \u00e9bano, este modelo ofrece una est\u00e9tica sobria y refinada. Su sonido tiene una gran proyecci\u00f3n; los graves son profundos y potentes sin opacar los agudos cristalinos. La respuesta es r\u00e1pida en todos los registros. La comodidad y la facilidad de ejecuci\u00f3n son tambi\u00e9n excepcionales. Se ha prestado especial atenci\u00f3n al ajuste de la altura de las cuerdas y al dise\u00f1o y acabado del m\u00e1stil, para que la experiencia de tocar esta guitarra sea un verdadero placer. Incorpora un sistema de amplificaci\u00f3n exclusivo con seis pastillas individuales, que garantiza un equilibrio tonal perfecto en cada cuerda. Tapa: Abeto macizo. Fondo y aros: Ziricote. Diapas\u00f3n: \u00c9bano. M\u00e1stil: Cedro. Puente: Palisandro. Ancho de la cejuela: 52 mm. Distancia entre la 1\u00aa y la 6\u00aa cuerda: 58 mm. Longitud de escala: 650 mm. Acabado: Brillante. Electr\u00f3nica: Fishman.","og_url":"https:\/\/www.callandplay.com\/pt\/camps-cut-900-s-nylon-strings\/","og_site_name":"Call&amp;Play","article_publisher":"https:\/\/www.facebook.com\/callandplay","article_modified_time":"2026-04-15T20:54:26+00:00","twitter_card":"summary_large_image","twitter_misc":{"Tempo estimado de leitura":"1 minuto"},"schema":{"@context":"https:\/\/schema.org","@graph":[{"@type":"WebPage","@id":"https:\/\/www.callandplay.com\/camps-cut-900-s-nylon-strings\/","url":"https:\/\/www.callandplay.com\/camps-cut-900-s-nylon-strings\/","name":"CAMPS CUT 900-S NYLON STRINGS - Call&amp;Play","isPartOf":{"@id":"https:\/\/www.callandplay.com\/#website"},"datePublished":"2025-12-10T00:00:00+00:00","dateModified":"2026-04-15T20:54:26+00:00","breadcrumb":{"@id":"https:\/\/www.callandplay.com\/camps-cut-900-s-nylon-strings\/#breadcrumb"},"inLanguage":"pt-PT","potentialAction":[{"@type":"ReadAction","target":["https:\/\/www.callandplay.com\/camps-cut-900-s-nylon-strings\/"]}]},{"@type":"BreadcrumbList","@id":"https:\/\/www.callandplay.com\/camps-cut-900-s-nylon-strings\/#breadcrumb","itemListElement":[{"@type":"ListItem","position":1,"name":"Portada","item":"https:\/\/www.callandplay.com\/"},{"@type":"ListItem","position":2,"name":"Tienda","item":"https:\/\/www.callandplay.com\/tienda\/"},{"@type":"ListItem","position":3,"name":"CAMPS CUT 900-S NYLON STRINGS"}]},{"@type":"WebSite","@id":"https:\/\/www.callandplay.com\/#website","url":"https:\/\/www.callandplay.com\/","name":"Call&amp;Play","description":"Alquiler de backline e instrumentos musicales","publisher":{"@id":"https:\/\/www.callandplay.com\/#organization"},"potentialAction":[{"@type":"SearchAction","target":{"@type":"EntryPoint","urlTemplate":"https:\/\/www.callandplay.com\/?s={search_term_string}"},"query-input":{"@type":"PropertyValueSpecification","valueRequired":true,"valueName":"search_term_string"}}],"inLanguage":"pt-PT"},{"@type":"Organization","@id":"https:\/\/www.callandplay.com\/#organization","name":"Call&Play","url":"https:\/\/www.callandplay.com\/","logo":{"@type":"ImageObject","inLanguage":"pt-PT","@id":"https:\/\/www.callandplay.com\/#\/schema\/logo\/image\/","url":"https:\/\/www.callandplay.com\/wp-content\/uploads\/2021\/06\/cropped-cropped-logo-black_con_sombra.png","contentUrl":"https:\/\/www.callandplay.com\/wp-content\/uploads\/2021\/06\/cropped-cropped-logo-black_con_sombra.png","width":512,"height":512,"caption":"Call&Play"},"image":{"@id":"https:\/\/www.callandplay.com\/#\/schema\/logo\/image\/"},"sameAs":["https:\/\/www.facebook.com\/callandplay","https:\/\/www.instagram.com\/call_and_play\/"]}]}},"_links":{"self":[{"href":"https:\/\/www.callandplay.com\/pt\/wp-json\/wp\/v2\/product\/53484","targetHints":{"allow":["GET"]}}],"collection":[{"href":"https:\/\/www.callandplay.com\/pt\/wp-json\/wp\/v2\/product"}],"about":[{"href":"https:\/\/www.callandplay.com\/pt\/wp-json\/wp\/v2\/types\/product"}],"replies":[{"embeddable":true,"href":"https:\/\/www.callandplay.com\/pt\/wp-json\/wp\/v2\/comments?post=53484"}],"version-history":[{"count":1,"href":"https:\/\/www.callandplay.com\/pt\/wp-json\/wp\/v2\/product\/53484\/revisions"}],"predecessor-version":[{"id":56294,"href":"https:\/\/www.callandplay.com\/pt\/wp-json\/wp\/v2\/product\/53484\/revisions\/56294"}],"wp:attachment":[{"href":"https:\/\/www.callandplay.com\/pt\/wp-json\/wp\/v2\/media?parent=53484"}],"wp:term":[{"taxonomy":"product_brand","embeddable":true,"href":"https:\/\/www.callandplay.com\/pt\/wp-json\/wp\/v2\/product_brand?post=53484"},{"taxonomy":"product_cat","embeddable":true,"href":"https:\/\/www.callandplay.com\/pt\/wp-json\/wp\/v2\/product_cat?post=53484"},{"taxonomy":"product_tag","embeddable":true,"href":"https:\/\/www.callandplay.com\/pt\/wp-json\/wp\/v2\/product_tag?post=53484"}],"curies":[{"name":"wp","href":"https:\/\/api.w.org\/{rel}","templated":true}]}}