{"id":53521,"date":"2025-08-25T00:00:00","date_gmt":"2025-08-25T00:00:00","guid":{"rendered":"https:\/\/www.callandplay.com\/gibraltar-9606-sd-stand\/"},"modified":"2026-04-15T20:54:27","modified_gmt":"2026-04-15T20:54:27","slug":"gibraltar-9606-sd-stand","status":"publish","type":"product","link":"https:\/\/www.callandplay.com\/pt\/gibraltar-9606-sd-stand\/","title":{"rendered":"GIBRALTAR 9606 SD STAND"},"content":{"rendered":"<p>Base de patas plegables, ligera y con soportes paralelos. Mecanismo de ajuste de altura \u00abSuper-Lock\u00bb sin contacto entre metales. Super Foot para un soporte s\u00f3lido. Sin engranajes, solo un sencillo ajuste \u00abUltra\u00bb para obtener la posici\u00f3n exacta de la cesta de la caja. Base de tr\u00edpode robusta con Super Foot estabilizador de Gibraltar y ajuste de altura con bisagra y bloqueo de memoria. Se ajusta de 34 cm a 50 cm. Se pliega a 40 cm. Peso: 4 kg. Di\u00e1metros de los tubos: 3,2 cm, 2,5 cm.<\/p>","protected":false},"excerpt":{"rendered":"<p>Base de patas plegables, ligera y con soportes paralelos. Mecanismo de ajuste de altura \u00abSuper-Lock\u00bb sin contacto entre metales. Super Foot para un soporte s\u00f3lido. Sin engranajes, solo un sencillo ajuste \u00abUltra\u00bb para obtener la posici\u00f3n exacta de la cesta de la caja. Base de tr\u00edpode robusta con Super Foot estabilizador de Gibraltar y ajuste de altura con bisagra y bloqueo de memoria. Se ajusta de 34 cm a 50 cm. Se pliega a 40 cm. Peso: 4 kg. Di\u00e1metros de los tubos: 3,2 cm, 2,5 cm.<\/p>","protected":false},"featured_media":0,"comment_status":"closed","ping_status":"closed","template":"","meta":{"_acf_changed":false,"om_disable_all_campaigns":false,"_monsterinsights_skip_tracking":false,"_monsterinsights_sitenote_active":false,"_monsterinsights_sitenote_note":"","_monsterinsights_sitenote_category":0},"product_brand":[],"product_cat":[894],"product_tag":[],"class_list":{"0":"post-53521","1":"product","2":"type-product","3":"status-publish","5":"product_cat-soportes-caja","7":"first","8":"instock","9":"shipping-taxable","10":"purchasable","11":"product-type-simple"},"acf":[],"yoast_head":"<!-- This site is optimized with the Yoast SEO plugin v27.4 - https:\/\/yoast.com\/product\/yoast-seo-wordpress\/ -->\n<title>GIBRALTAR 9606 SD STAND - Call&amp;Play<\/title>\n<meta name=\"robots\" content=\"index, follow, max-snippet:-1, max-image-preview:large, max-video-preview:-1\" \/>\n<link rel=\"canonical\" href=\"https:\/\/www.callandplay.com\/pt\/gibraltar-9606-sd-stand\/\" \/>\n<meta property=\"og:locale\" content=\"pt_PT\" \/>\n<meta property=\"og:type\" content=\"article\" \/>\n<meta property=\"og:title\" content=\"GIBRALTAR 9606 SD STAND - Call&amp;Play\" \/>\n<meta property=\"og:description\" content=\"Base de patas plegables, ligera y con soportes paralelos. Mecanismo de ajuste de altura &quot;Super-Lock&quot; sin contacto entre metales. Super Foot para un soporte s\u00f3lido. Sin engranajes, solo un sencillo ajuste &quot;Ultra&quot; para obtener la posici\u00f3n exacta de la cesta de la caja. Base de tr\u00edpode robusta con Super Foot estabilizador de Gibraltar y ajuste de altura con bisagra y bloqueo de memoria. Se ajusta de 34 cm a 50 cm. Se pliega a 40 cm. Peso: 4 kg. Di\u00e1metros de los tubos: 3,2 cm, 2,5 cm.\" \/>\n<meta property=\"og:url\" content=\"https:\/\/www.callandplay.com\/pt\/gibraltar-9606-sd-stand\/\" \/>\n<meta property=\"og:site_name\" content=\"Call&amp;Play\" \/>\n<meta property=\"article:publisher\" content=\"https:\/\/www.facebook.com\/callandplay\" \/>\n<meta property=\"article:modified_time\" content=\"2026-04-15T20:54:27+00:00\" \/>\n<meta name=\"twitter:card\" content=\"summary_large_image\" \/>\n<script type=\"application\/ld+json\" class=\"yoast-schema-graph\">{\"@context\":\"https:\\\/\\\/schema.org\",\"@graph\":[{\"@type\":\"WebPage\",\"@id\":\"https:\\\/\\\/www.callandplay.com\\\/gibraltar-9606-sd-stand\\\/\",\"url\":\"https:\\\/\\\/www.callandplay.com\\\/gibraltar-9606-sd-stand\\\/\",\"name\":\"GIBRALTAR 9606 SD STAND - Call&amp;Play\",\"isPartOf\":{\"@id\":\"https:\\\/\\\/www.callandplay.com\\\/#website\"},\"datePublished\":\"2025-08-25T00:00:00+00:00\",\"dateModified\":\"2026-04-15T20:54:27+00:00\",\"breadcrumb\":{\"@id\":\"https:\\\/\\\/www.callandplay.com\\\/gibraltar-9606-sd-stand\\\/#breadcrumb\"},\"inLanguage\":\"pt-PT\",\"potentialAction\":[{\"@type\":\"ReadAction\",\"target\":[\"https:\\\/\\\/www.callandplay.com\\\/gibraltar-9606-sd-stand\\\/\"]}]},{\"@type\":\"BreadcrumbList\",\"@id\":\"https:\\\/\\\/www.callandplay.com\\\/gibraltar-9606-sd-stand\\\/#breadcrumb\",\"itemListElement\":[{\"@type\":\"ListItem\",\"position\":1,\"name\":\"Portada\",\"item\":\"https:\\\/\\\/www.callandplay.com\\\/\"},{\"@type\":\"ListItem\",\"position\":2,\"name\":\"Tienda\",\"item\":\"https:\\\/\\\/www.callandplay.com\\\/tienda\\\/\"},{\"@type\":\"ListItem\",\"position\":3,\"name\":\"GIBRALTAR 9606 SD STAND\"}]},{\"@type\":\"WebSite\",\"@id\":\"https:\\\/\\\/www.callandplay.com\\\/#website\",\"url\":\"https:\\\/\\\/www.callandplay.com\\\/\",\"name\":\"Call&amp;Play\",\"description\":\"Alquiler de backline e instrumentos musicales\",\"publisher\":{\"@id\":\"https:\\\/\\\/www.callandplay.com\\\/#organization\"},\"potentialAction\":[{\"@type\":\"SearchAction\",\"target\":{\"@type\":\"EntryPoint\",\"urlTemplate\":\"https:\\\/\\\/www.callandplay.com\\\/?s={search_term_string}\"},\"query-input\":{\"@type\":\"PropertyValueSpecification\",\"valueRequired\":true,\"valueName\":\"search_term_string\"}}],\"inLanguage\":\"pt-PT\"},{\"@type\":\"Organization\",\"@id\":\"https:\\\/\\\/www.callandplay.com\\\/#organization\",\"name\":\"Call&Play\",\"url\":\"https:\\\/\\\/www.callandplay.com\\\/\",\"logo\":{\"@type\":\"ImageObject\",\"inLanguage\":\"pt-PT\",\"@id\":\"https:\\\/\\\/www.callandplay.com\\\/#\\\/schema\\\/logo\\\/image\\\/\",\"url\":\"https:\\\/\\\/www.callandplay.com\\\/wp-content\\\/uploads\\\/2021\\\/06\\\/cropped-cropped-logo-black_con_sombra.png\",\"contentUrl\":\"https:\\\/\\\/www.callandplay.com\\\/wp-content\\\/uploads\\\/2021\\\/06\\\/cropped-cropped-logo-black_con_sombra.png\",\"width\":512,\"height\":512,\"caption\":\"Call&Play\"},\"image\":{\"@id\":\"https:\\\/\\\/www.callandplay.com\\\/#\\\/schema\\\/logo\\\/image\\\/\"},\"sameAs\":[\"https:\\\/\\\/www.facebook.com\\\/callandplay\",\"https:\\\/\\\/www.instagram.com\\\/call_and_play\\\/\"]}]}<\/script>\n<!-- \/ Yoast SEO plugin. -->","yoast_head_json":{"title":"GIBRALTAR 9606 SD STAND - Call&amp;Play","robots":{"index":"index","follow":"follow","max-snippet":"max-snippet:-1","max-image-preview":"max-image-preview:large","max-video-preview":"max-video-preview:-1"},"canonical":"https:\/\/www.callandplay.com\/pt\/gibraltar-9606-sd-stand\/","og_locale":"pt_PT","og_type":"article","og_title":"GIBRALTAR 9606 SD STAND - Call&amp;Play","og_description":"Base de patas plegables, ligera y con soportes paralelos. Mecanismo de ajuste de altura \"Super-Lock\" sin contacto entre metales. Super Foot para un soporte s\u00f3lido. Sin engranajes, solo un sencillo ajuste \"Ultra\" para obtener la posici\u00f3n exacta de la cesta de la caja. Base de tr\u00edpode robusta con Super Foot estabilizador de Gibraltar y ajuste de altura con bisagra y bloqueo de memoria. Se ajusta de 34 cm a 50 cm. Se pliega a 40 cm. Peso: 4 kg. Di\u00e1metros de los tubos: 3,2 cm, 2,5 cm.","og_url":"https:\/\/www.callandplay.com\/pt\/gibraltar-9606-sd-stand\/","og_site_name":"Call&amp;Play","article_publisher":"https:\/\/www.facebook.com\/callandplay","article_modified_time":"2026-04-15T20:54:27+00:00","twitter_card":"summary_large_image","schema":{"@context":"https:\/\/schema.org","@graph":[{"@type":"WebPage","@id":"https:\/\/www.callandplay.com\/gibraltar-9606-sd-stand\/","url":"https:\/\/www.callandplay.com\/gibraltar-9606-sd-stand\/","name":"GIBRALTAR 9606 SD STAND - Call&amp;Play","isPartOf":{"@id":"https:\/\/www.callandplay.com\/#website"},"datePublished":"2025-08-25T00:00:00+00:00","dateModified":"2026-04-15T20:54:27+00:00","breadcrumb":{"@id":"https:\/\/www.callandplay.com\/gibraltar-9606-sd-stand\/#breadcrumb"},"inLanguage":"pt-PT","potentialAction":[{"@type":"ReadAction","target":["https:\/\/www.callandplay.com\/gibraltar-9606-sd-stand\/"]}]},{"@type":"BreadcrumbList","@id":"https:\/\/www.callandplay.com\/gibraltar-9606-sd-stand\/#breadcrumb","itemListElement":[{"@type":"ListItem","position":1,"name":"Portada","item":"https:\/\/www.callandplay.com\/"},{"@type":"ListItem","position":2,"name":"Tienda","item":"https:\/\/www.callandplay.com\/tienda\/"},{"@type":"ListItem","position":3,"name":"GIBRALTAR 9606 SD STAND"}]},{"@type":"WebSite","@id":"https:\/\/www.callandplay.com\/#website","url":"https:\/\/www.callandplay.com\/","name":"Call&amp;Play","description":"Alquiler de backline e instrumentos musicales","publisher":{"@id":"https:\/\/www.callandplay.com\/#organization"},"potentialAction":[{"@type":"SearchAction","target":{"@type":"EntryPoint","urlTemplate":"https:\/\/www.callandplay.com\/?s={search_term_string}"},"query-input":{"@type":"PropertyValueSpecification","valueRequired":true,"valueName":"search_term_string"}}],"inLanguage":"pt-PT"},{"@type":"Organization","@id":"https:\/\/www.callandplay.com\/#organization","name":"Call&Play","url":"https:\/\/www.callandplay.com\/","logo":{"@type":"ImageObject","inLanguage":"pt-PT","@id":"https:\/\/www.callandplay.com\/#\/schema\/logo\/image\/","url":"https:\/\/www.callandplay.com\/wp-content\/uploads\/2021\/06\/cropped-cropped-logo-black_con_sombra.png","contentUrl":"https:\/\/www.callandplay.com\/wp-content\/uploads\/2021\/06\/cropped-cropped-logo-black_con_sombra.png","width":512,"height":512,"caption":"Call&Play"},"image":{"@id":"https:\/\/www.callandplay.com\/#\/schema\/logo\/image\/"},"sameAs":["https:\/\/www.facebook.com\/callandplay","https:\/\/www.instagram.com\/call_and_play\/"]}]}},"_links":{"self":[{"href":"https:\/\/www.callandplay.com\/pt\/wp-json\/wp\/v2\/product\/53521","targetHints":{"allow":["GET"]}}],"collection":[{"href":"https:\/\/www.callandplay.com\/pt\/wp-json\/wp\/v2\/product"}],"about":[{"href":"https:\/\/www.callandplay.com\/pt\/wp-json\/wp\/v2\/types\/product"}],"replies":[{"embeddable":true,"href":"https:\/\/www.callandplay.com\/pt\/wp-json\/wp\/v2\/comments?post=53521"}],"version-history":[{"count":1,"href":"https:\/\/www.callandplay.com\/pt\/wp-json\/wp\/v2\/product\/53521\/revisions"}],"predecessor-version":[{"id":56331,"href":"https:\/\/www.callandplay.com\/pt\/wp-json\/wp\/v2\/product\/53521\/revisions\/56331"}],"wp:attachment":[{"href":"https:\/\/www.callandplay.com\/pt\/wp-json\/wp\/v2\/media?parent=53521"}],"wp:term":[{"taxonomy":"product_brand","embeddable":true,"href":"https:\/\/www.callandplay.com\/pt\/wp-json\/wp\/v2\/product_brand?post=53521"},{"taxonomy":"product_cat","embeddable":true,"href":"https:\/\/www.callandplay.com\/pt\/wp-json\/wp\/v2\/product_cat?post=53521"},{"taxonomy":"product_tag","embeddable":true,"href":"https:\/\/www.callandplay.com\/pt\/wp-json\/wp\/v2\/product_tag?post=53521"}],"curies":[{"name":"wp","href":"https:\/\/api.w.org\/{rel}","templated":true}]}}