{"id":53564,"date":"2025-11-29T00:00:00","date_gmt":"2025-11-29T00:00:00","guid":{"rendered":"https:\/\/www.callandplay.com\/ludwig-lb402bn-super-series-sd-14x65-brass-w-nickel-hardw\/"},"modified":"2026-04-15T20:54:28","modified_gmt":"2026-04-15T20:54:28","slug":"ludwig-lb402bn-super-series-sd-14x65-brass-w-nickel-hardw","status":"publish","type":"product","link":"https:\/\/www.callandplay.com\/pt\/ludwig-lb402bn-super-series-sd-14x65-brass-w-nickel-hardw\/","title":{"rendered":"LUDWIG LB402BN SUPER SERIES SD 14&#8243;x6,5&#8243; BRASS W\/NICKEL HARDW"},"content":{"rendered":"<p>La serie Super de Ludwig fue lanzada originalmente en los a\u00f1os 60 como \u00abrespuesta\u00bb a las necesidades de los bateristas del momento. Ahora esta serie vuelve reinventada y adaptada a los nuevas generaciones. Un cuerpo de lat\u00f3n sin soldadura con un acabado black nickel realmente impresionante da como resultado el tono caracter\u00edstico del Brass al que nos tiene acostumbrado Ludwig. Casco de lat\u00f3n sin soldadura. Aros Triple Flanged de 2.3 mm. Sistema bordonero P88. 10 puntos de afinaci\u00f3n.<\/p>","protected":false},"excerpt":{"rendered":"<p>La serie Super de Ludwig fue lanzada originalmente en los a\u00f1os 60 como \u00abrespuesta\u00bb a las necesidades de los bateristas del momento. Ahora esta serie vuelve reinventada y adaptada a los nuevas generaciones. Un cuerpo de lat\u00f3n sin soldadura con un acabado black nickel realmente impresionante da como resultado el tono caracter\u00edstico del Brass al que nos tiene acostumbrado Ludwig. Casco de lat\u00f3n sin soldadura. Aros Triple Flanged de 2.3 mm. Sistema bordonero P88. 10 puntos de afinaci\u00f3n.<\/p>","protected":false},"featured_media":0,"comment_status":"closed","ping_status":"closed","template":"","meta":{"_acf_changed":false,"om_disable_all_campaigns":false,"_monsterinsights_skip_tracking":false,"_monsterinsights_sitenote_active":false,"_monsterinsights_sitenote_note":"","_monsterinsights_sitenote_category":0},"product_brand":[],"product_cat":[1022],"product_tag":[],"class_list":{"0":"post-53564","1":"product","2":"type-product","3":"status-publish","5":"product_cat-cajas-laton","7":"first","8":"instock","9":"shipping-taxable","10":"purchasable","11":"product-type-simple"},"acf":[],"yoast_head":"<!-- This site is optimized with the Yoast SEO plugin v27.4 - https:\/\/yoast.com\/product\/yoast-seo-wordpress\/ -->\n<title>LUDWIG LB402BN SUPER SERIES SD 14&quot;x6,5&quot; BRASS W\/NICKEL HARDW - Call&amp;Play<\/title>\n<meta name=\"robots\" content=\"index, follow, max-snippet:-1, max-image-preview:large, max-video-preview:-1\" \/>\n<link rel=\"canonical\" href=\"https:\/\/www.callandplay.com\/pt\/ludwig-lb402bn-super-series-sd-14x65-brass-w-nickel-hardw\/\" \/>\n<meta property=\"og:locale\" content=\"pt_PT\" \/>\n<meta property=\"og:type\" content=\"article\" \/>\n<meta property=\"og:title\" content=\"LUDWIG LB402BN SUPER SERIES SD 14&quot;x6,5&quot; BRASS W\/NICKEL HARDW - Call&amp;Play\" \/>\n<meta property=\"og:description\" content=\"La serie Super de Ludwig fue lanzada originalmente en los a\u00f1os 60 como &quot;respuesta&quot; a las necesidades de los bateristas del momento. Ahora esta serie vuelve reinventada y adaptada a los nuevas generaciones. Un cuerpo de lat\u00f3n sin soldadura con un acabado black nickel realmente impresionante da como resultado el tono caracter\u00edstico del Brass al que nos tiene acostumbrado Ludwig. Casco de lat\u00f3n sin soldadura. Aros Triple Flanged de 2.3 mm. Sistema bordonero P88. 10 puntos de afinaci\u00f3n.\" \/>\n<meta property=\"og:url\" content=\"https:\/\/www.callandplay.com\/pt\/ludwig-lb402bn-super-series-sd-14x65-brass-w-nickel-hardw\/\" \/>\n<meta property=\"og:site_name\" content=\"Call&amp;Play\" \/>\n<meta property=\"article:publisher\" content=\"https:\/\/www.facebook.com\/callandplay\" \/>\n<meta property=\"article:modified_time\" content=\"2026-04-15T20:54:28+00:00\" \/>\n<meta name=\"twitter:card\" content=\"summary_large_image\" \/>\n<script type=\"application\/ld+json\" class=\"yoast-schema-graph\">{\"@context\":\"https:\\\/\\\/schema.org\",\"@graph\":[{\"@type\":\"WebPage\",\"@id\":\"https:\\\/\\\/www.callandplay.com\\\/ludwig-lb402bn-super-series-sd-14x65-brass-w-nickel-hardw\\\/\",\"url\":\"https:\\\/\\\/www.callandplay.com\\\/ludwig-lb402bn-super-series-sd-14x65-brass-w-nickel-hardw\\\/\",\"name\":\"LUDWIG LB402BN SUPER SERIES SD 14\\\"x6,5\\\" BRASS W\\\/NICKEL HARDW - Call&amp;Play\",\"isPartOf\":{\"@id\":\"https:\\\/\\\/www.callandplay.com\\\/#website\"},\"datePublished\":\"2025-11-29T00:00:00+00:00\",\"dateModified\":\"2026-04-15T20:54:28+00:00\",\"breadcrumb\":{\"@id\":\"https:\\\/\\\/www.callandplay.com\\\/ludwig-lb402bn-super-series-sd-14x65-brass-w-nickel-hardw\\\/#breadcrumb\"},\"inLanguage\":\"pt-PT\",\"potentialAction\":[{\"@type\":\"ReadAction\",\"target\":[\"https:\\\/\\\/www.callandplay.com\\\/ludwig-lb402bn-super-series-sd-14x65-brass-w-nickel-hardw\\\/\"]}]},{\"@type\":\"BreadcrumbList\",\"@id\":\"https:\\\/\\\/www.callandplay.com\\\/ludwig-lb402bn-super-series-sd-14x65-brass-w-nickel-hardw\\\/#breadcrumb\",\"itemListElement\":[{\"@type\":\"ListItem\",\"position\":1,\"name\":\"Portada\",\"item\":\"https:\\\/\\\/www.callandplay.com\\\/\"},{\"@type\":\"ListItem\",\"position\":2,\"name\":\"Tienda\",\"item\":\"https:\\\/\\\/www.callandplay.com\\\/tienda\\\/\"},{\"@type\":\"ListItem\",\"position\":3,\"name\":\"LUDWIG LB402BN SUPER SERIES SD 14&#8243;x6,5&#8243; BRASS W\\\/NICKEL HARDW\"}]},{\"@type\":\"WebSite\",\"@id\":\"https:\\\/\\\/www.callandplay.com\\\/#website\",\"url\":\"https:\\\/\\\/www.callandplay.com\\\/\",\"name\":\"Call&amp;Play\",\"description\":\"Alquiler de backline e instrumentos musicales\",\"publisher\":{\"@id\":\"https:\\\/\\\/www.callandplay.com\\\/#organization\"},\"potentialAction\":[{\"@type\":\"SearchAction\",\"target\":{\"@type\":\"EntryPoint\",\"urlTemplate\":\"https:\\\/\\\/www.callandplay.com\\\/?s={search_term_string}\"},\"query-input\":{\"@type\":\"PropertyValueSpecification\",\"valueRequired\":true,\"valueName\":\"search_term_string\"}}],\"inLanguage\":\"pt-PT\"},{\"@type\":\"Organization\",\"@id\":\"https:\\\/\\\/www.callandplay.com\\\/#organization\",\"name\":\"Call&Play\",\"url\":\"https:\\\/\\\/www.callandplay.com\\\/\",\"logo\":{\"@type\":\"ImageObject\",\"inLanguage\":\"pt-PT\",\"@id\":\"https:\\\/\\\/www.callandplay.com\\\/#\\\/schema\\\/logo\\\/image\\\/\",\"url\":\"https:\\\/\\\/www.callandplay.com\\\/wp-content\\\/uploads\\\/2021\\\/06\\\/cropped-cropped-logo-black_con_sombra.png\",\"contentUrl\":\"https:\\\/\\\/www.callandplay.com\\\/wp-content\\\/uploads\\\/2021\\\/06\\\/cropped-cropped-logo-black_con_sombra.png\",\"width\":512,\"height\":512,\"caption\":\"Call&Play\"},\"image\":{\"@id\":\"https:\\\/\\\/www.callandplay.com\\\/#\\\/schema\\\/logo\\\/image\\\/\"},\"sameAs\":[\"https:\\\/\\\/www.facebook.com\\\/callandplay\",\"https:\\\/\\\/www.instagram.com\\\/call_and_play\\\/\"]}]}<\/script>\n<!-- \/ Yoast SEO plugin. -->","yoast_head_json":{"title":"LUDWIG LB402BN SUPER SERIES SD 14\"x6,5\" BRASS W\/NICKEL HARDW - Call&amp;Play","robots":{"index":"index","follow":"follow","max-snippet":"max-snippet:-1","max-image-preview":"max-image-preview:large","max-video-preview":"max-video-preview:-1"},"canonical":"https:\/\/www.callandplay.com\/pt\/ludwig-lb402bn-super-series-sd-14x65-brass-w-nickel-hardw\/","og_locale":"pt_PT","og_type":"article","og_title":"LUDWIG LB402BN SUPER SERIES SD 14\"x6,5\" BRASS W\/NICKEL HARDW - Call&amp;Play","og_description":"La serie Super de Ludwig fue lanzada originalmente en los a\u00f1os 60 como \"respuesta\" a las necesidades de los bateristas del momento. Ahora esta serie vuelve reinventada y adaptada a los nuevas generaciones. Un cuerpo de lat\u00f3n sin soldadura con un acabado black nickel realmente impresionante da como resultado el tono caracter\u00edstico del Brass al que nos tiene acostumbrado Ludwig. Casco de lat\u00f3n sin soldadura. Aros Triple Flanged de 2.3 mm. Sistema bordonero P88. 10 puntos de afinaci\u00f3n.","og_url":"https:\/\/www.callandplay.com\/pt\/ludwig-lb402bn-super-series-sd-14x65-brass-w-nickel-hardw\/","og_site_name":"Call&amp;Play","article_publisher":"https:\/\/www.facebook.com\/callandplay","article_modified_time":"2026-04-15T20:54:28+00:00","twitter_card":"summary_large_image","schema":{"@context":"https:\/\/schema.org","@graph":[{"@type":"WebPage","@id":"https:\/\/www.callandplay.com\/ludwig-lb402bn-super-series-sd-14x65-brass-w-nickel-hardw\/","url":"https:\/\/www.callandplay.com\/ludwig-lb402bn-super-series-sd-14x65-brass-w-nickel-hardw\/","name":"LUDWIG LB402BN SUPER SERIES SD 14\"x6,5\" BRASS W\/NICKEL HARDW - Call&amp;Play","isPartOf":{"@id":"https:\/\/www.callandplay.com\/#website"},"datePublished":"2025-11-29T00:00:00+00:00","dateModified":"2026-04-15T20:54:28+00:00","breadcrumb":{"@id":"https:\/\/www.callandplay.com\/ludwig-lb402bn-super-series-sd-14x65-brass-w-nickel-hardw\/#breadcrumb"},"inLanguage":"pt-PT","potentialAction":[{"@type":"ReadAction","target":["https:\/\/www.callandplay.com\/ludwig-lb402bn-super-series-sd-14x65-brass-w-nickel-hardw\/"]}]},{"@type":"BreadcrumbList","@id":"https:\/\/www.callandplay.com\/ludwig-lb402bn-super-series-sd-14x65-brass-w-nickel-hardw\/#breadcrumb","itemListElement":[{"@type":"ListItem","position":1,"name":"Portada","item":"https:\/\/www.callandplay.com\/"},{"@type":"ListItem","position":2,"name":"Tienda","item":"https:\/\/www.callandplay.com\/tienda\/"},{"@type":"ListItem","position":3,"name":"LUDWIG LB402BN SUPER SERIES SD 14&#8243;x6,5&#8243; BRASS W\/NICKEL HARDW"}]},{"@type":"WebSite","@id":"https:\/\/www.callandplay.com\/#website","url":"https:\/\/www.callandplay.com\/","name":"Call&amp;Play","description":"Alquiler de backline e instrumentos musicales","publisher":{"@id":"https:\/\/www.callandplay.com\/#organization"},"potentialAction":[{"@type":"SearchAction","target":{"@type":"EntryPoint","urlTemplate":"https:\/\/www.callandplay.com\/?s={search_term_string}"},"query-input":{"@type":"PropertyValueSpecification","valueRequired":true,"valueName":"search_term_string"}}],"inLanguage":"pt-PT"},{"@type":"Organization","@id":"https:\/\/www.callandplay.com\/#organization","name":"Call&Play","url":"https:\/\/www.callandplay.com\/","logo":{"@type":"ImageObject","inLanguage":"pt-PT","@id":"https:\/\/www.callandplay.com\/#\/schema\/logo\/image\/","url":"https:\/\/www.callandplay.com\/wp-content\/uploads\/2021\/06\/cropped-cropped-logo-black_con_sombra.png","contentUrl":"https:\/\/www.callandplay.com\/wp-content\/uploads\/2021\/06\/cropped-cropped-logo-black_con_sombra.png","width":512,"height":512,"caption":"Call&Play"},"image":{"@id":"https:\/\/www.callandplay.com\/#\/schema\/logo\/image\/"},"sameAs":["https:\/\/www.facebook.com\/callandplay","https:\/\/www.instagram.com\/call_and_play\/"]}]}},"_links":{"self":[{"href":"https:\/\/www.callandplay.com\/pt\/wp-json\/wp\/v2\/product\/53564","targetHints":{"allow":["GET"]}}],"collection":[{"href":"https:\/\/www.callandplay.com\/pt\/wp-json\/wp\/v2\/product"}],"about":[{"href":"https:\/\/www.callandplay.com\/pt\/wp-json\/wp\/v2\/types\/product"}],"replies":[{"embeddable":true,"href":"https:\/\/www.callandplay.com\/pt\/wp-json\/wp\/v2\/comments?post=53564"}],"version-history":[{"count":1,"href":"https:\/\/www.callandplay.com\/pt\/wp-json\/wp\/v2\/product\/53564\/revisions"}],"predecessor-version":[{"id":56374,"href":"https:\/\/www.callandplay.com\/pt\/wp-json\/wp\/v2\/product\/53564\/revisions\/56374"}],"wp:attachment":[{"href":"https:\/\/www.callandplay.com\/pt\/wp-json\/wp\/v2\/media?parent=53564"}],"wp:term":[{"taxonomy":"product_brand","embeddable":true,"href":"https:\/\/www.callandplay.com\/pt\/wp-json\/wp\/v2\/product_brand?post=53564"},{"taxonomy":"product_cat","embeddable":true,"href":"https:\/\/www.callandplay.com\/pt\/wp-json\/wp\/v2\/product_cat?post=53564"},{"taxonomy":"product_tag","embeddable":true,"href":"https:\/\/www.callandplay.com\/pt\/wp-json\/wp\/v2\/product_tag?post=53564"}],"curies":[{"name":"wp","href":"https:\/\/api.w.org\/{rel}","templated":true}]}}