{"id":53595,"date":"2026-02-02T00:00:00","date_gmt":"2026-02-02T00:00:00","guid":{"rendered":"https:\/\/www.callandplay.com\/yamaha-nu1-avantgrand-piano-grand-piano\/"},"modified":"2026-04-15T20:54:29","modified_gmt":"2026-04-15T20:54:29","slug":"yamaha-nu1-avantgrand-piano-grand-piano","status":"publish","type":"product","link":"https:\/\/www.callandplay.com\/pt\/yamaha-nu1-avantgrand-piano-grand-piano\/","title":{"rendered":"YAMAHA NU1 AVANTGRAND PIANO (GRAND PIANO)"},"content":{"rendered":"<p>Con la forma de un piano de cola, este piano digital h\u00edbrido Yamaha NU1 Avantgrand ofrece la magn\u00edfica y natural sensaci\u00f3n de un piano real. Combina la tradici\u00f3n de un instrumento ac\u00fastico con la innovaci\u00f3n de la tecnolog\u00eda digital. Su sonido, cuidadosamente muestreado como el de un piano de cola de concierto, ofrece agudos vibrantes y graves con cuerpo. Para facilitar la interpretaci\u00f3n, el NU1 incorpora un pedal de resonancia que recrea los sutiles cambios de resistencia de un piano de cola. Este pedal permite t\u00e9cnicas de medio pedaleo y proporciona un control preciso del sustain y la reverberaci\u00f3n. El NU1 ofrece un dise\u00f1o compacto y elegante que complementar\u00e1 cualquier habitaci\u00f3n con un sonido excepcional.<\/p>","protected":false},"excerpt":{"rendered":"<p>Con la forma de un piano de cola, este piano digital h\u00edbrido Yamaha NU1 Avantgrand ofrece la magn\u00edfica y natural sensaci\u00f3n de un piano real. Combina la tradici\u00f3n de un instrumento ac\u00fastico con la innovaci\u00f3n de la tecnolog\u00eda digital. Su sonido, cuidadosamente muestreado como el de un piano de cola de concierto, ofrece agudos vibrantes y graves con cuerpo. Para facilitar la interpretaci\u00f3n, el NU1 incorpora un pedal de resonancia que recrea los sutiles cambios de resistencia de un piano de cola. Este pedal permite t\u00e9cnicas de medio pedaleo y proporciona un control preciso del sustain y la reverberaci\u00f3n. El NU1 ofrece un dise\u00f1o compacto y elegante que complementar\u00e1 cualquier habitaci\u00f3n con un sonido excepcional.<\/p>","protected":false},"featured_media":0,"comment_status":"closed","ping_status":"closed","template":"","meta":{"_acf_changed":false,"om_disable_all_campaigns":false,"_monsterinsights_skip_tracking":false,"_monsterinsights_sitenote_active":false,"_monsterinsights_sitenote_note":"","_monsterinsights_sitenote_category":0},"product_brand":[],"product_cat":[858],"product_tag":[],"class_list":{"0":"post-53595","1":"product","2":"type-product","3":"status-publish","5":"product_cat-pianos-hibridos-con-conectividad","7":"first","8":"instock","9":"shipping-taxable","10":"purchasable","11":"product-type-simple"},"acf":[],"yoast_head":"<!-- This site is optimized with the Yoast SEO plugin v27.3 - https:\/\/yoast.com\/product\/yoast-seo-wordpress\/ -->\n<title>YAMAHA NU1 AVANTGRAND PIANO (GRAND PIANO) - Call&amp;Play<\/title>\n<meta name=\"robots\" content=\"index, follow, max-snippet:-1, max-image-preview:large, max-video-preview:-1\" \/>\n<link rel=\"canonical\" href=\"https:\/\/www.callandplay.com\/pt\/yamaha-nu1-avantgrand-piano-grand-piano\/\" \/>\n<meta property=\"og:locale\" content=\"pt_PT\" \/>\n<meta property=\"og:type\" content=\"article\" \/>\n<meta property=\"og:title\" content=\"YAMAHA NU1 AVANTGRAND PIANO (GRAND PIANO) - Call&amp;Play\" \/>\n<meta property=\"og:description\" content=\"Con la forma de un piano de cola, este piano digital h\u00edbrido Yamaha NU1 Avantgrand ofrece la magn\u00edfica y natural sensaci\u00f3n de un piano real. Combina la tradici\u00f3n de un instrumento ac\u00fastico con la innovaci\u00f3n de la tecnolog\u00eda digital. Su sonido, cuidadosamente muestreado como el de un piano de cola de concierto, ofrece agudos vibrantes y graves con cuerpo. Para facilitar la interpretaci\u00f3n, el NU1 incorpora un pedal de resonancia que recrea los sutiles cambios de resistencia de un piano de cola. Este pedal permite t\u00e9cnicas de medio pedaleo y proporciona un control preciso del sustain y la reverberaci\u00f3n. El NU1 ofrece un dise\u00f1o compacto y elegante que complementar\u00e1 cualquier habitaci\u00f3n con un sonido excepcional.\" \/>\n<meta property=\"og:url\" content=\"https:\/\/www.callandplay.com\/pt\/yamaha-nu1-avantgrand-piano-grand-piano\/\" \/>\n<meta property=\"og:site_name\" content=\"Call&amp;Play\" \/>\n<meta property=\"article:publisher\" content=\"https:\/\/www.facebook.com\/callandplay\" \/>\n<meta property=\"article:modified_time\" content=\"2026-04-15T20:54:29+00:00\" \/>\n<meta name=\"twitter:card\" content=\"summary_large_image\" \/>\n<meta name=\"twitter:label1\" content=\"Tempo estimado de leitura\" \/>\n\t<meta name=\"twitter:data1\" content=\"1 minuto\" \/>\n<script type=\"application\/ld+json\" class=\"yoast-schema-graph\">{\"@context\":\"https:\\\/\\\/schema.org\",\"@graph\":[{\"@type\":\"WebPage\",\"@id\":\"https:\\\/\\\/www.callandplay.com\\\/yamaha-nu1-avantgrand-piano-grand-piano\\\/\",\"url\":\"https:\\\/\\\/www.callandplay.com\\\/yamaha-nu1-avantgrand-piano-grand-piano\\\/\",\"name\":\"YAMAHA NU1 AVANTGRAND PIANO (GRAND PIANO) - Call&amp;Play\",\"isPartOf\":{\"@id\":\"https:\\\/\\\/www.callandplay.com\\\/#website\"},\"datePublished\":\"2026-02-02T00:00:00+00:00\",\"dateModified\":\"2026-04-15T20:54:29+00:00\",\"breadcrumb\":{\"@id\":\"https:\\\/\\\/www.callandplay.com\\\/yamaha-nu1-avantgrand-piano-grand-piano\\\/#breadcrumb\"},\"inLanguage\":\"pt-PT\",\"potentialAction\":[{\"@type\":\"ReadAction\",\"target\":[\"https:\\\/\\\/www.callandplay.com\\\/yamaha-nu1-avantgrand-piano-grand-piano\\\/\"]}]},{\"@type\":\"BreadcrumbList\",\"@id\":\"https:\\\/\\\/www.callandplay.com\\\/yamaha-nu1-avantgrand-piano-grand-piano\\\/#breadcrumb\",\"itemListElement\":[{\"@type\":\"ListItem\",\"position\":1,\"name\":\"Portada\",\"item\":\"https:\\\/\\\/www.callandplay.com\\\/\"},{\"@type\":\"ListItem\",\"position\":2,\"name\":\"Tienda\",\"item\":\"https:\\\/\\\/www.callandplay.com\\\/tienda\\\/\"},{\"@type\":\"ListItem\",\"position\":3,\"name\":\"YAMAHA NU1 AVANTGRAND PIANO (GRAND PIANO)\"}]},{\"@type\":\"WebSite\",\"@id\":\"https:\\\/\\\/www.callandplay.com\\\/#website\",\"url\":\"https:\\\/\\\/www.callandplay.com\\\/\",\"name\":\"Call&amp;Play\",\"description\":\"Alquiler de backline e instrumentos musicales\",\"publisher\":{\"@id\":\"https:\\\/\\\/www.callandplay.com\\\/#organization\"},\"potentialAction\":[{\"@type\":\"SearchAction\",\"target\":{\"@type\":\"EntryPoint\",\"urlTemplate\":\"https:\\\/\\\/www.callandplay.com\\\/?s={search_term_string}\"},\"query-input\":{\"@type\":\"PropertyValueSpecification\",\"valueRequired\":true,\"valueName\":\"search_term_string\"}}],\"inLanguage\":\"pt-PT\"},{\"@type\":\"Organization\",\"@id\":\"https:\\\/\\\/www.callandplay.com\\\/#organization\",\"name\":\"Call&Play\",\"url\":\"https:\\\/\\\/www.callandplay.com\\\/\",\"logo\":{\"@type\":\"ImageObject\",\"inLanguage\":\"pt-PT\",\"@id\":\"https:\\\/\\\/www.callandplay.com\\\/#\\\/schema\\\/logo\\\/image\\\/\",\"url\":\"https:\\\/\\\/www.callandplay.com\\\/wp-content\\\/uploads\\\/2021\\\/06\\\/cropped-cropped-logo-black_con_sombra.png\",\"contentUrl\":\"https:\\\/\\\/www.callandplay.com\\\/wp-content\\\/uploads\\\/2021\\\/06\\\/cropped-cropped-logo-black_con_sombra.png\",\"width\":512,\"height\":512,\"caption\":\"Call&Play\"},\"image\":{\"@id\":\"https:\\\/\\\/www.callandplay.com\\\/#\\\/schema\\\/logo\\\/image\\\/\"},\"sameAs\":[\"https:\\\/\\\/www.facebook.com\\\/callandplay\",\"https:\\\/\\\/www.instagram.com\\\/call_and_play\\\/\"]}]}<\/script>\n<!-- \/ Yoast SEO plugin. -->","yoast_head_json":{"title":"YAMAHA NU1 AVANTGRAND PIANO (GRAND PIANO) - Call&amp;Play","robots":{"index":"index","follow":"follow","max-snippet":"max-snippet:-1","max-image-preview":"max-image-preview:large","max-video-preview":"max-video-preview:-1"},"canonical":"https:\/\/www.callandplay.com\/pt\/yamaha-nu1-avantgrand-piano-grand-piano\/","og_locale":"pt_PT","og_type":"article","og_title":"YAMAHA NU1 AVANTGRAND PIANO (GRAND PIANO) - Call&amp;Play","og_description":"Con la forma de un piano de cola, este piano digital h\u00edbrido Yamaha NU1 Avantgrand ofrece la magn\u00edfica y natural sensaci\u00f3n de un piano real. Combina la tradici\u00f3n de un instrumento ac\u00fastico con la innovaci\u00f3n de la tecnolog\u00eda digital. Su sonido, cuidadosamente muestreado como el de un piano de cola de concierto, ofrece agudos vibrantes y graves con cuerpo. Para facilitar la interpretaci\u00f3n, el NU1 incorpora un pedal de resonancia que recrea los sutiles cambios de resistencia de un piano de cola. Este pedal permite t\u00e9cnicas de medio pedaleo y proporciona un control preciso del sustain y la reverberaci\u00f3n. El NU1 ofrece un dise\u00f1o compacto y elegante que complementar\u00e1 cualquier habitaci\u00f3n con un sonido excepcional.","og_url":"https:\/\/www.callandplay.com\/pt\/yamaha-nu1-avantgrand-piano-grand-piano\/","og_site_name":"Call&amp;Play","article_publisher":"https:\/\/www.facebook.com\/callandplay","article_modified_time":"2026-04-15T20:54:29+00:00","twitter_card":"summary_large_image","twitter_misc":{"Tempo estimado de leitura":"1 minuto"},"schema":{"@context":"https:\/\/schema.org","@graph":[{"@type":"WebPage","@id":"https:\/\/www.callandplay.com\/yamaha-nu1-avantgrand-piano-grand-piano\/","url":"https:\/\/www.callandplay.com\/yamaha-nu1-avantgrand-piano-grand-piano\/","name":"YAMAHA NU1 AVANTGRAND PIANO (GRAND PIANO) - Call&amp;Play","isPartOf":{"@id":"https:\/\/www.callandplay.com\/#website"},"datePublished":"2026-02-02T00:00:00+00:00","dateModified":"2026-04-15T20:54:29+00:00","breadcrumb":{"@id":"https:\/\/www.callandplay.com\/yamaha-nu1-avantgrand-piano-grand-piano\/#breadcrumb"},"inLanguage":"pt-PT","potentialAction":[{"@type":"ReadAction","target":["https:\/\/www.callandplay.com\/yamaha-nu1-avantgrand-piano-grand-piano\/"]}]},{"@type":"BreadcrumbList","@id":"https:\/\/www.callandplay.com\/yamaha-nu1-avantgrand-piano-grand-piano\/#breadcrumb","itemListElement":[{"@type":"ListItem","position":1,"name":"Portada","item":"https:\/\/www.callandplay.com\/"},{"@type":"ListItem","position":2,"name":"Tienda","item":"https:\/\/www.callandplay.com\/tienda\/"},{"@type":"ListItem","position":3,"name":"YAMAHA NU1 AVANTGRAND PIANO (GRAND PIANO)"}]},{"@type":"WebSite","@id":"https:\/\/www.callandplay.com\/#website","url":"https:\/\/www.callandplay.com\/","name":"Call&amp;Play","description":"Alquiler de backline e instrumentos musicales","publisher":{"@id":"https:\/\/www.callandplay.com\/#organization"},"potentialAction":[{"@type":"SearchAction","target":{"@type":"EntryPoint","urlTemplate":"https:\/\/www.callandplay.com\/?s={search_term_string}"},"query-input":{"@type":"PropertyValueSpecification","valueRequired":true,"valueName":"search_term_string"}}],"inLanguage":"pt-PT"},{"@type":"Organization","@id":"https:\/\/www.callandplay.com\/#organization","name":"Call&Play","url":"https:\/\/www.callandplay.com\/","logo":{"@type":"ImageObject","inLanguage":"pt-PT","@id":"https:\/\/www.callandplay.com\/#\/schema\/logo\/image\/","url":"https:\/\/www.callandplay.com\/wp-content\/uploads\/2021\/06\/cropped-cropped-logo-black_con_sombra.png","contentUrl":"https:\/\/www.callandplay.com\/wp-content\/uploads\/2021\/06\/cropped-cropped-logo-black_con_sombra.png","width":512,"height":512,"caption":"Call&Play"},"image":{"@id":"https:\/\/www.callandplay.com\/#\/schema\/logo\/image\/"},"sameAs":["https:\/\/www.facebook.com\/callandplay","https:\/\/www.instagram.com\/call_and_play\/"]}]}},"_links":{"self":[{"href":"https:\/\/www.callandplay.com\/pt\/wp-json\/wp\/v2\/product\/53595","targetHints":{"allow":["GET"]}}],"collection":[{"href":"https:\/\/www.callandplay.com\/pt\/wp-json\/wp\/v2\/product"}],"about":[{"href":"https:\/\/www.callandplay.com\/pt\/wp-json\/wp\/v2\/types\/product"}],"replies":[{"embeddable":true,"href":"https:\/\/www.callandplay.com\/pt\/wp-json\/wp\/v2\/comments?post=53595"}],"version-history":[{"count":1,"href":"https:\/\/www.callandplay.com\/pt\/wp-json\/wp\/v2\/product\/53595\/revisions"}],"predecessor-version":[{"id":56405,"href":"https:\/\/www.callandplay.com\/pt\/wp-json\/wp\/v2\/product\/53595\/revisions\/56405"}],"wp:attachment":[{"href":"https:\/\/www.callandplay.com\/pt\/wp-json\/wp\/v2\/media?parent=53595"}],"wp:term":[{"taxonomy":"product_brand","embeddable":true,"href":"https:\/\/www.callandplay.com\/pt\/wp-json\/wp\/v2\/product_brand?post=53595"},{"taxonomy":"product_cat","embeddable":true,"href":"https:\/\/www.callandplay.com\/pt\/wp-json\/wp\/v2\/product_cat?post=53595"},{"taxonomy":"product_tag","embeddable":true,"href":"https:\/\/www.callandplay.com\/pt\/wp-json\/wp\/v2\/product_tag?post=53595"}],"curies":[{"name":"wp","href":"https:\/\/api.w.org\/{rel}","templated":true}]}}