{"id":53600,"date":"2025-07-31T00:00:00","date_gmt":"2025-07-31T00:00:00","guid":{"rendered":"https:\/\/www.callandplay.com\/hercules-bs418b-plus-music-stand\/"},"modified":"2026-04-15T20:54:29","modified_gmt":"2026-04-15T20:54:29","slug":"hercules-bs418b-plus-music-stand","status":"publish","type":"product","link":"https:\/\/www.callandplay.com\/pt\/hercules-bs418b-plus-music-stand\/","title":{"rendered":"HERCULES BS418B PLUS MUSIC STAND"},"content":{"rendered":"<p>Atril plegable de aluminio perforado con retenedores de p\u00e1ginas y pasadores de bloqueo lateral. EZ Angle Roller con goma antideslizante especial para mantener el escritorio en el \u00e1ngulo deseado. Ajuste de altura EZ Grip, f\u00e1cil de manejar con una sola mano. Mecanismo de tres secciones que permite una posici\u00f3n m\u00e1s baja. Altura: 610 mm \u2013 1150 mm (24\u00bb \u2013 45.3\u00bb). Tama\u00f1o plegado: 680 mm x 130 mm x 215 mm (26.8\u00bb x 5.1\u00bb x 8.5\u00bb). Escritorio: 480 mm x 345 mm (18.9\u00bb x 13.6\u00bb).<\/p>","protected":false},"excerpt":{"rendered":"<p>Atril plegable de aluminio perforado con retenedores de p\u00e1ginas y pasadores de bloqueo lateral. EZ Angle Roller con goma antideslizante especial para mantener el escritorio en el \u00e1ngulo deseado. Ajuste de altura EZ Grip, f\u00e1cil de manejar con una sola mano. Mecanismo de tres secciones que permite una posici\u00f3n m\u00e1s baja. Altura: 610 mm \u2013 1150 mm (24\u00bb \u2013 45.3\u00bb). Tama\u00f1o plegado: 680 mm x 130 mm x 215 mm (26.8\u00bb x 5.1\u00bb x 8.5\u00bb). Escritorio: 480 mm x 345 mm (18.9\u00bb x 13.6\u00bb).<\/p>","protected":false},"featured_media":0,"comment_status":"closed","ping_status":"closed","template":"","meta":{"_acf_changed":false,"om_disable_all_campaigns":false,"_monsterinsights_skip_tracking":false,"_monsterinsights_sitenote_active":false,"_monsterinsights_sitenote_note":"","_monsterinsights_sitenote_category":0},"product_brand":[],"product_cat":[1004],"product_tag":[],"class_list":{"0":"post-53600","1":"product","2":"type-product","3":"status-publish","5":"product_cat-atriles","7":"first","8":"instock","9":"shipping-taxable","10":"purchasable","11":"product-type-simple"},"acf":[],"yoast_head":"<!-- This site is optimized with the Yoast SEO plugin v27.4 - https:\/\/yoast.com\/product\/yoast-seo-wordpress\/ -->\n<title>HERCULES BS418B PLUS MUSIC STAND - Call&amp;Play<\/title>\n<meta name=\"robots\" content=\"index, follow, max-snippet:-1, max-image-preview:large, max-video-preview:-1\" \/>\n<link rel=\"canonical\" href=\"https:\/\/www.callandplay.com\/pt\/hercules-bs418b-plus-music-stand\/\" \/>\n<meta property=\"og:locale\" content=\"pt_PT\" \/>\n<meta property=\"og:type\" content=\"article\" \/>\n<meta property=\"og:title\" content=\"HERCULES BS418B PLUS MUSIC STAND - Call&amp;Play\" \/>\n<meta property=\"og:description\" content=\"Atril plegable de aluminio perforado con retenedores de p\u00e1ginas y pasadores de bloqueo lateral. EZ Angle Roller con goma antideslizante especial para mantener el escritorio en el \u00e1ngulo deseado. Ajuste de altura EZ Grip, f\u00e1cil de manejar con una sola mano. Mecanismo de tres secciones que permite una posici\u00f3n m\u00e1s baja. Altura: 610 mm \u2013 1150 mm (24&#039;&#039; \u2013 45.3&#039;&#039;). Tama\u00f1o plegado: 680 mm x 130 mm x 215 mm (26.8&#039;&#039; x 5.1&#039;&#039; x 8.5&#039;&#039;). Escritorio: 480 mm x 345 mm (18.9&#039;&#039; x 13.6&#039;&#039;).\" \/>\n<meta property=\"og:url\" content=\"https:\/\/www.callandplay.com\/pt\/hercules-bs418b-plus-music-stand\/\" \/>\n<meta property=\"og:site_name\" content=\"Call&amp;Play\" \/>\n<meta property=\"article:publisher\" content=\"https:\/\/www.facebook.com\/callandplay\" \/>\n<meta property=\"article:modified_time\" content=\"2026-04-15T20:54:29+00:00\" \/>\n<meta name=\"twitter:card\" content=\"summary_large_image\" \/>\n<script type=\"application\/ld+json\" class=\"yoast-schema-graph\">{\"@context\":\"https:\\\/\\\/schema.org\",\"@graph\":[{\"@type\":\"WebPage\",\"@id\":\"https:\\\/\\\/www.callandplay.com\\\/hercules-bs418b-plus-music-stand\\\/\",\"url\":\"https:\\\/\\\/www.callandplay.com\\\/hercules-bs418b-plus-music-stand\\\/\",\"name\":\"HERCULES BS418B PLUS MUSIC STAND - Call&amp;Play\",\"isPartOf\":{\"@id\":\"https:\\\/\\\/www.callandplay.com\\\/#website\"},\"datePublished\":\"2025-07-31T00:00:00+00:00\",\"dateModified\":\"2026-04-15T20:54:29+00:00\",\"breadcrumb\":{\"@id\":\"https:\\\/\\\/www.callandplay.com\\\/hercules-bs418b-plus-music-stand\\\/#breadcrumb\"},\"inLanguage\":\"pt-PT\",\"potentialAction\":[{\"@type\":\"ReadAction\",\"target\":[\"https:\\\/\\\/www.callandplay.com\\\/hercules-bs418b-plus-music-stand\\\/\"]}]},{\"@type\":\"BreadcrumbList\",\"@id\":\"https:\\\/\\\/www.callandplay.com\\\/hercules-bs418b-plus-music-stand\\\/#breadcrumb\",\"itemListElement\":[{\"@type\":\"ListItem\",\"position\":1,\"name\":\"Portada\",\"item\":\"https:\\\/\\\/www.callandplay.com\\\/\"},{\"@type\":\"ListItem\",\"position\":2,\"name\":\"Tienda\",\"item\":\"https:\\\/\\\/www.callandplay.com\\\/tienda\\\/\"},{\"@type\":\"ListItem\",\"position\":3,\"name\":\"HERCULES BS418B PLUS MUSIC STAND\"}]},{\"@type\":\"WebSite\",\"@id\":\"https:\\\/\\\/www.callandplay.com\\\/#website\",\"url\":\"https:\\\/\\\/www.callandplay.com\\\/\",\"name\":\"Call&amp;Play\",\"description\":\"Alquiler de backline e instrumentos musicales\",\"publisher\":{\"@id\":\"https:\\\/\\\/www.callandplay.com\\\/#organization\"},\"potentialAction\":[{\"@type\":\"SearchAction\",\"target\":{\"@type\":\"EntryPoint\",\"urlTemplate\":\"https:\\\/\\\/www.callandplay.com\\\/?s={search_term_string}\"},\"query-input\":{\"@type\":\"PropertyValueSpecification\",\"valueRequired\":true,\"valueName\":\"search_term_string\"}}],\"inLanguage\":\"pt-PT\"},{\"@type\":\"Organization\",\"@id\":\"https:\\\/\\\/www.callandplay.com\\\/#organization\",\"name\":\"Call&Play\",\"url\":\"https:\\\/\\\/www.callandplay.com\\\/\",\"logo\":{\"@type\":\"ImageObject\",\"inLanguage\":\"pt-PT\",\"@id\":\"https:\\\/\\\/www.callandplay.com\\\/#\\\/schema\\\/logo\\\/image\\\/\",\"url\":\"https:\\\/\\\/www.callandplay.com\\\/wp-content\\\/uploads\\\/2021\\\/06\\\/cropped-cropped-logo-black_con_sombra.png\",\"contentUrl\":\"https:\\\/\\\/www.callandplay.com\\\/wp-content\\\/uploads\\\/2021\\\/06\\\/cropped-cropped-logo-black_con_sombra.png\",\"width\":512,\"height\":512,\"caption\":\"Call&Play\"},\"image\":{\"@id\":\"https:\\\/\\\/www.callandplay.com\\\/#\\\/schema\\\/logo\\\/image\\\/\"},\"sameAs\":[\"https:\\\/\\\/www.facebook.com\\\/callandplay\",\"https:\\\/\\\/www.instagram.com\\\/call_and_play\\\/\"]}]}<\/script>\n<!-- \/ Yoast SEO plugin. -->","yoast_head_json":{"title":"HERCULES BS418B PLUS MUSIC STAND - Call&amp;Play","robots":{"index":"index","follow":"follow","max-snippet":"max-snippet:-1","max-image-preview":"max-image-preview:large","max-video-preview":"max-video-preview:-1"},"canonical":"https:\/\/www.callandplay.com\/pt\/hercules-bs418b-plus-music-stand\/","og_locale":"pt_PT","og_type":"article","og_title":"HERCULES BS418B PLUS MUSIC STAND - Call&amp;Play","og_description":"Atril plegable de aluminio perforado con retenedores de p\u00e1ginas y pasadores de bloqueo lateral. EZ Angle Roller con goma antideslizante especial para mantener el escritorio en el \u00e1ngulo deseado. Ajuste de altura EZ Grip, f\u00e1cil de manejar con una sola mano. Mecanismo de tres secciones que permite una posici\u00f3n m\u00e1s baja. Altura: 610 mm \u2013 1150 mm (24'' \u2013 45.3''). Tama\u00f1o plegado: 680 mm x 130 mm x 215 mm (26.8'' x 5.1'' x 8.5''). Escritorio: 480 mm x 345 mm (18.9'' x 13.6'').","og_url":"https:\/\/www.callandplay.com\/pt\/hercules-bs418b-plus-music-stand\/","og_site_name":"Call&amp;Play","article_publisher":"https:\/\/www.facebook.com\/callandplay","article_modified_time":"2026-04-15T20:54:29+00:00","twitter_card":"summary_large_image","schema":{"@context":"https:\/\/schema.org","@graph":[{"@type":"WebPage","@id":"https:\/\/www.callandplay.com\/hercules-bs418b-plus-music-stand\/","url":"https:\/\/www.callandplay.com\/hercules-bs418b-plus-music-stand\/","name":"HERCULES BS418B PLUS MUSIC STAND - Call&amp;Play","isPartOf":{"@id":"https:\/\/www.callandplay.com\/#website"},"datePublished":"2025-07-31T00:00:00+00:00","dateModified":"2026-04-15T20:54:29+00:00","breadcrumb":{"@id":"https:\/\/www.callandplay.com\/hercules-bs418b-plus-music-stand\/#breadcrumb"},"inLanguage":"pt-PT","potentialAction":[{"@type":"ReadAction","target":["https:\/\/www.callandplay.com\/hercules-bs418b-plus-music-stand\/"]}]},{"@type":"BreadcrumbList","@id":"https:\/\/www.callandplay.com\/hercules-bs418b-plus-music-stand\/#breadcrumb","itemListElement":[{"@type":"ListItem","position":1,"name":"Portada","item":"https:\/\/www.callandplay.com\/"},{"@type":"ListItem","position":2,"name":"Tienda","item":"https:\/\/www.callandplay.com\/tienda\/"},{"@type":"ListItem","position":3,"name":"HERCULES BS418B PLUS MUSIC STAND"}]},{"@type":"WebSite","@id":"https:\/\/www.callandplay.com\/#website","url":"https:\/\/www.callandplay.com\/","name":"Call&amp;Play","description":"Alquiler de backline e instrumentos musicales","publisher":{"@id":"https:\/\/www.callandplay.com\/#organization"},"potentialAction":[{"@type":"SearchAction","target":{"@type":"EntryPoint","urlTemplate":"https:\/\/www.callandplay.com\/?s={search_term_string}"},"query-input":{"@type":"PropertyValueSpecification","valueRequired":true,"valueName":"search_term_string"}}],"inLanguage":"pt-PT"},{"@type":"Organization","@id":"https:\/\/www.callandplay.com\/#organization","name":"Call&Play","url":"https:\/\/www.callandplay.com\/","logo":{"@type":"ImageObject","inLanguage":"pt-PT","@id":"https:\/\/www.callandplay.com\/#\/schema\/logo\/image\/","url":"https:\/\/www.callandplay.com\/wp-content\/uploads\/2021\/06\/cropped-cropped-logo-black_con_sombra.png","contentUrl":"https:\/\/www.callandplay.com\/wp-content\/uploads\/2021\/06\/cropped-cropped-logo-black_con_sombra.png","width":512,"height":512,"caption":"Call&Play"},"image":{"@id":"https:\/\/www.callandplay.com\/#\/schema\/logo\/image\/"},"sameAs":["https:\/\/www.facebook.com\/callandplay","https:\/\/www.instagram.com\/call_and_play\/"]}]}},"_links":{"self":[{"href":"https:\/\/www.callandplay.com\/pt\/wp-json\/wp\/v2\/product\/53600","targetHints":{"allow":["GET"]}}],"collection":[{"href":"https:\/\/www.callandplay.com\/pt\/wp-json\/wp\/v2\/product"}],"about":[{"href":"https:\/\/www.callandplay.com\/pt\/wp-json\/wp\/v2\/types\/product"}],"replies":[{"embeddable":true,"href":"https:\/\/www.callandplay.com\/pt\/wp-json\/wp\/v2\/comments?post=53600"}],"version-history":[{"count":1,"href":"https:\/\/www.callandplay.com\/pt\/wp-json\/wp\/v2\/product\/53600\/revisions"}],"predecessor-version":[{"id":56410,"href":"https:\/\/www.callandplay.com\/pt\/wp-json\/wp\/v2\/product\/53600\/revisions\/56410"}],"wp:attachment":[{"href":"https:\/\/www.callandplay.com\/pt\/wp-json\/wp\/v2\/media?parent=53600"}],"wp:term":[{"taxonomy":"product_brand","embeddable":true,"href":"https:\/\/www.callandplay.com\/pt\/wp-json\/wp\/v2\/product_brand?post=53600"},{"taxonomy":"product_cat","embeddable":true,"href":"https:\/\/www.callandplay.com\/pt\/wp-json\/wp\/v2\/product_cat?post=53600"},{"taxonomy":"product_tag","embeddable":true,"href":"https:\/\/www.callandplay.com\/pt\/wp-json\/wp\/v2\/product_tag?post=53600"}],"curies":[{"name":"wp","href":"https:\/\/api.w.org\/{rel}","templated":true}]}}