{"id":53631,"date":"2026-03-06T00:00:00","date_gmt":"2026-03-06T00:00:00","guid":{"rendered":"https:\/\/www.callandplay.com\/yamaha-dc5x-disklavier\/"},"modified":"2026-04-15T20:54:31","modified_gmt":"2026-04-15T20:54:31","slug":"yamaha-dc5x-disklavier","status":"publish","type":"product","link":"https:\/\/www.callandplay.com\/pt\/yamaha-dc5x-disklavier\/","title":{"rendered":"YAMAHA DC5X DISKLAVIER"},"content":{"rendered":"<p>El ENSPIRE PRO proporciona la mayor resoluci\u00f3n tanto en grabaci\u00f3n como en reproducci\u00f3n, combinada con los pianos de la m\u00e1s alta calidad, como, en este caso, un piano de cola C5X. Experiencia incre\u00edblemente realista. El nuevo Disklavier ENSPIRE PRO es el \u00fanico instrumento que ofrece grabaci\u00f3n y reproducci\u00f3n en alta resoluci\u00f3n por s\u00ed s\u00f3lo. Gracias al uso de la m\u00e1s avanzada tecnolog\u00eda \u00f3ptica, el sistema captura cada movimiento de tecla, de cada macillo y de los pedales exactamente como se realiz\u00f3. De esta manera podr\u00e1 recrear de la forma m\u00e1s precisa la interpretaci\u00f3n, siendo una extraordinaria herramienta tambi\u00e9n para los estudios de grabaci\u00f3n. Adem\u00e1s, la tecnolog\u00eda SILENT Piano\u2122 de Yamaha permite escuchar, aprender y tocar sin molestar ni ser molestado. Esta innovadora tecnolog\u00eda est\u00e1 integrada en todos los modelos Disklavier Enspire, ofreciendo una mayor flexibilidad y nuevas formas de disfrutar del piano. Su conexi\u00f3n inal\u00e1mbrica y su compatibilidad con smartphones, tablets y ordenadores permitir\u00e1n un control sencillo de todas sus opciones, desde cualquier punto de la casa.<\/p>","protected":false},"excerpt":{"rendered":"<p>El ENSPIRE PRO proporciona la mayor resoluci\u00f3n tanto en grabaci\u00f3n como en reproducci\u00f3n, combinada con los pianos de la m\u00e1s alta calidad, como, en este caso, un piano de cola C5X. Experiencia incre\u00edblemente realista. El nuevo Disklavier ENSPIRE PRO es el \u00fanico instrumento que ofrece grabaci\u00f3n y reproducci\u00f3n en alta resoluci\u00f3n por s\u00ed s\u00f3lo. Gracias al uso de la m\u00e1s avanzada tecnolog\u00eda \u00f3ptica, el sistema captura cada movimiento de tecla, de cada macillo y de los pedales exactamente como se realiz\u00f3. De esta manera podr\u00e1 recrear de la forma m\u00e1s precisa la interpretaci\u00f3n, siendo una extraordinaria herramienta tambi\u00e9n para los estudios de grabaci\u00f3n. Adem\u00e1s, la tecnolog\u00eda SILENT Piano\u2122 de Yamaha permite escuchar, aprender y tocar sin molestar ni ser molestado. Esta innovadora tecnolog\u00eda est\u00e1 integrada en todos los modelos Disklavier Enspire, ofreciendo una mayor flexibilidad y nuevas formas de disfrutar del piano. Su conexi\u00f3n inal\u00e1mbrica y su compatibilidad con smartphones, tablets y ordenadores permitir\u00e1n un control sencillo de todas sus opciones, desde cualquier punto de la casa.<\/p>","protected":false},"featured_media":0,"comment_status":"closed","ping_status":"closed","template":"","meta":{"_acf_changed":false,"om_disable_all_campaigns":false,"_monsterinsights_skip_tracking":false,"_monsterinsights_sitenote_active":false,"_monsterinsights_sitenote_note":"","_monsterinsights_sitenote_category":0},"product_brand":[],"product_cat":[835,858],"product_tag":[],"class_list":{"0":"post-53631","1":"product","2":"type-product","3":"status-publish","5":"product_cat-novedades","6":"product_cat-pianos-hibridos-con-conectividad","8":"first","9":"instock","10":"shipping-taxable","11":"purchasable","12":"product-type-simple"},"acf":[],"yoast_head":"<!-- This site is optimized with the Yoast SEO plugin v27.3 - https:\/\/yoast.com\/product\/yoast-seo-wordpress\/ -->\n<title>YAMAHA DC5X DISKLAVIER - Call&amp;Play<\/title>\n<meta name=\"robots\" content=\"index, follow, max-snippet:-1, max-image-preview:large, max-video-preview:-1\" \/>\n<link rel=\"canonical\" href=\"https:\/\/www.callandplay.com\/pt\/yamaha-dc5x-disklavier\/\" \/>\n<meta property=\"og:locale\" content=\"pt_PT\" \/>\n<meta property=\"og:type\" content=\"article\" \/>\n<meta property=\"og:title\" content=\"YAMAHA DC5X DISKLAVIER - Call&amp;Play\" \/>\n<meta property=\"og:description\" content=\"El ENSPIRE PRO proporciona la mayor resoluci\u00f3n tanto en grabaci\u00f3n como en reproducci\u00f3n, combinada con los pianos de la m\u00e1s alta calidad, como, en este caso, un piano de cola C5X. Experiencia incre\u00edblemente realista. El nuevo Disklavier ENSPIRE PRO es el \u00fanico instrumento que ofrece grabaci\u00f3n y reproducci\u00f3n en alta resoluci\u00f3n por s\u00ed s\u00f3lo. Gracias al uso de la m\u00e1s avanzada tecnolog\u00eda \u00f3ptica, el sistema captura cada movimiento de tecla, de cada macillo y de los pedales exactamente como se realiz\u00f3. De esta manera podr\u00e1 recrear de la forma m\u00e1s precisa la interpretaci\u00f3n, siendo una extraordinaria herramienta tambi\u00e9n para los estudios de grabaci\u00f3n. Adem\u00e1s, la tecnolog\u00eda SILENT Piano\u2122 de Yamaha permite escuchar, aprender y tocar sin molestar ni ser molestado. Esta innovadora tecnolog\u00eda est\u00e1 integrada en todos los modelos Disklavier Enspire, ofreciendo una mayor flexibilidad y nuevas formas de disfrutar del piano. Su conexi\u00f3n inal\u00e1mbrica y su compatibilidad con smartphones, tablets y ordenadores permitir\u00e1n un control sencillo de todas sus opciones, desde cualquier punto de la casa.\" \/>\n<meta property=\"og:url\" content=\"https:\/\/www.callandplay.com\/pt\/yamaha-dc5x-disklavier\/\" \/>\n<meta property=\"og:site_name\" content=\"Call&amp;Play\" \/>\n<meta property=\"article:publisher\" content=\"https:\/\/www.facebook.com\/callandplay\" \/>\n<meta property=\"article:modified_time\" content=\"2026-04-15T20:54:31+00:00\" \/>\n<meta name=\"twitter:card\" content=\"summary_large_image\" \/>\n<meta name=\"twitter:label1\" content=\"Tempo estimado de leitura\" \/>\n\t<meta name=\"twitter:data1\" content=\"1 minuto\" \/>\n<script type=\"application\/ld+json\" class=\"yoast-schema-graph\">{\"@context\":\"https:\\\/\\\/schema.org\",\"@graph\":[{\"@type\":\"WebPage\",\"@id\":\"https:\\\/\\\/www.callandplay.com\\\/yamaha-dc5x-disklavier\\\/\",\"url\":\"https:\\\/\\\/www.callandplay.com\\\/yamaha-dc5x-disklavier\\\/\",\"name\":\"YAMAHA DC5X DISKLAVIER - Call&amp;Play\",\"isPartOf\":{\"@id\":\"https:\\\/\\\/www.callandplay.com\\\/#website\"},\"datePublished\":\"2026-03-06T00:00:00+00:00\",\"dateModified\":\"2026-04-15T20:54:31+00:00\",\"breadcrumb\":{\"@id\":\"https:\\\/\\\/www.callandplay.com\\\/yamaha-dc5x-disklavier\\\/#breadcrumb\"},\"inLanguage\":\"pt-PT\",\"potentialAction\":[{\"@type\":\"ReadAction\",\"target\":[\"https:\\\/\\\/www.callandplay.com\\\/yamaha-dc5x-disklavier\\\/\"]}]},{\"@type\":\"BreadcrumbList\",\"@id\":\"https:\\\/\\\/www.callandplay.com\\\/yamaha-dc5x-disklavier\\\/#breadcrumb\",\"itemListElement\":[{\"@type\":\"ListItem\",\"position\":1,\"name\":\"Portada\",\"item\":\"https:\\\/\\\/www.callandplay.com\\\/\"},{\"@type\":\"ListItem\",\"position\":2,\"name\":\"Tienda\",\"item\":\"https:\\\/\\\/www.callandplay.com\\\/tienda\\\/\"},{\"@type\":\"ListItem\",\"position\":3,\"name\":\"YAMAHA DC5X DISKLAVIER\"}]},{\"@type\":\"WebSite\",\"@id\":\"https:\\\/\\\/www.callandplay.com\\\/#website\",\"url\":\"https:\\\/\\\/www.callandplay.com\\\/\",\"name\":\"Call&amp;Play\",\"description\":\"Alquiler de backline e instrumentos musicales\",\"publisher\":{\"@id\":\"https:\\\/\\\/www.callandplay.com\\\/#organization\"},\"potentialAction\":[{\"@type\":\"SearchAction\",\"target\":{\"@type\":\"EntryPoint\",\"urlTemplate\":\"https:\\\/\\\/www.callandplay.com\\\/?s={search_term_string}\"},\"query-input\":{\"@type\":\"PropertyValueSpecification\",\"valueRequired\":true,\"valueName\":\"search_term_string\"}}],\"inLanguage\":\"pt-PT\"},{\"@type\":\"Organization\",\"@id\":\"https:\\\/\\\/www.callandplay.com\\\/#organization\",\"name\":\"Call&Play\",\"url\":\"https:\\\/\\\/www.callandplay.com\\\/\",\"logo\":{\"@type\":\"ImageObject\",\"inLanguage\":\"pt-PT\",\"@id\":\"https:\\\/\\\/www.callandplay.com\\\/#\\\/schema\\\/logo\\\/image\\\/\",\"url\":\"https:\\\/\\\/www.callandplay.com\\\/wp-content\\\/uploads\\\/2021\\\/06\\\/cropped-cropped-logo-black_con_sombra.png\",\"contentUrl\":\"https:\\\/\\\/www.callandplay.com\\\/wp-content\\\/uploads\\\/2021\\\/06\\\/cropped-cropped-logo-black_con_sombra.png\",\"width\":512,\"height\":512,\"caption\":\"Call&Play\"},\"image\":{\"@id\":\"https:\\\/\\\/www.callandplay.com\\\/#\\\/schema\\\/logo\\\/image\\\/\"},\"sameAs\":[\"https:\\\/\\\/www.facebook.com\\\/callandplay\",\"https:\\\/\\\/www.instagram.com\\\/call_and_play\\\/\"]}]}<\/script>\n<!-- \/ Yoast SEO plugin. -->","yoast_head_json":{"title":"YAMAHA DC5X DISKLAVIER - Call&amp;Play","robots":{"index":"index","follow":"follow","max-snippet":"max-snippet:-1","max-image-preview":"max-image-preview:large","max-video-preview":"max-video-preview:-1"},"canonical":"https:\/\/www.callandplay.com\/pt\/yamaha-dc5x-disklavier\/","og_locale":"pt_PT","og_type":"article","og_title":"YAMAHA DC5X DISKLAVIER - Call&amp;Play","og_description":"El ENSPIRE PRO proporciona la mayor resoluci\u00f3n tanto en grabaci\u00f3n como en reproducci\u00f3n, combinada con los pianos de la m\u00e1s alta calidad, como, en este caso, un piano de cola C5X. Experiencia incre\u00edblemente realista. El nuevo Disklavier ENSPIRE PRO es el \u00fanico instrumento que ofrece grabaci\u00f3n y reproducci\u00f3n en alta resoluci\u00f3n por s\u00ed s\u00f3lo. Gracias al uso de la m\u00e1s avanzada tecnolog\u00eda \u00f3ptica, el sistema captura cada movimiento de tecla, de cada macillo y de los pedales exactamente como se realiz\u00f3. De esta manera podr\u00e1 recrear de la forma m\u00e1s precisa la interpretaci\u00f3n, siendo una extraordinaria herramienta tambi\u00e9n para los estudios de grabaci\u00f3n. Adem\u00e1s, la tecnolog\u00eda SILENT Piano\u2122 de Yamaha permite escuchar, aprender y tocar sin molestar ni ser molestado. Esta innovadora tecnolog\u00eda est\u00e1 integrada en todos los modelos Disklavier Enspire, ofreciendo una mayor flexibilidad y nuevas formas de disfrutar del piano. Su conexi\u00f3n inal\u00e1mbrica y su compatibilidad con smartphones, tablets y ordenadores permitir\u00e1n un control sencillo de todas sus opciones, desde cualquier punto de la casa.","og_url":"https:\/\/www.callandplay.com\/pt\/yamaha-dc5x-disklavier\/","og_site_name":"Call&amp;Play","article_publisher":"https:\/\/www.facebook.com\/callandplay","article_modified_time":"2026-04-15T20:54:31+00:00","twitter_card":"summary_large_image","twitter_misc":{"Tempo estimado de leitura":"1 minuto"},"schema":{"@context":"https:\/\/schema.org","@graph":[{"@type":"WebPage","@id":"https:\/\/www.callandplay.com\/yamaha-dc5x-disklavier\/","url":"https:\/\/www.callandplay.com\/yamaha-dc5x-disklavier\/","name":"YAMAHA DC5X DISKLAVIER - Call&amp;Play","isPartOf":{"@id":"https:\/\/www.callandplay.com\/#website"},"datePublished":"2026-03-06T00:00:00+00:00","dateModified":"2026-04-15T20:54:31+00:00","breadcrumb":{"@id":"https:\/\/www.callandplay.com\/yamaha-dc5x-disklavier\/#breadcrumb"},"inLanguage":"pt-PT","potentialAction":[{"@type":"ReadAction","target":["https:\/\/www.callandplay.com\/yamaha-dc5x-disklavier\/"]}]},{"@type":"BreadcrumbList","@id":"https:\/\/www.callandplay.com\/yamaha-dc5x-disklavier\/#breadcrumb","itemListElement":[{"@type":"ListItem","position":1,"name":"Portada","item":"https:\/\/www.callandplay.com\/"},{"@type":"ListItem","position":2,"name":"Tienda","item":"https:\/\/www.callandplay.com\/tienda\/"},{"@type":"ListItem","position":3,"name":"YAMAHA DC5X DISKLAVIER"}]},{"@type":"WebSite","@id":"https:\/\/www.callandplay.com\/#website","url":"https:\/\/www.callandplay.com\/","name":"Call&amp;Play","description":"Alquiler de backline e instrumentos musicales","publisher":{"@id":"https:\/\/www.callandplay.com\/#organization"},"potentialAction":[{"@type":"SearchAction","target":{"@type":"EntryPoint","urlTemplate":"https:\/\/www.callandplay.com\/?s={search_term_string}"},"query-input":{"@type":"PropertyValueSpecification","valueRequired":true,"valueName":"search_term_string"}}],"inLanguage":"pt-PT"},{"@type":"Organization","@id":"https:\/\/www.callandplay.com\/#organization","name":"Call&Play","url":"https:\/\/www.callandplay.com\/","logo":{"@type":"ImageObject","inLanguage":"pt-PT","@id":"https:\/\/www.callandplay.com\/#\/schema\/logo\/image\/","url":"https:\/\/www.callandplay.com\/wp-content\/uploads\/2021\/06\/cropped-cropped-logo-black_con_sombra.png","contentUrl":"https:\/\/www.callandplay.com\/wp-content\/uploads\/2021\/06\/cropped-cropped-logo-black_con_sombra.png","width":512,"height":512,"caption":"Call&Play"},"image":{"@id":"https:\/\/www.callandplay.com\/#\/schema\/logo\/image\/"},"sameAs":["https:\/\/www.facebook.com\/callandplay","https:\/\/www.instagram.com\/call_and_play\/"]}]}},"_links":{"self":[{"href":"https:\/\/www.callandplay.com\/pt\/wp-json\/wp\/v2\/product\/53631","targetHints":{"allow":["GET"]}}],"collection":[{"href":"https:\/\/www.callandplay.com\/pt\/wp-json\/wp\/v2\/product"}],"about":[{"href":"https:\/\/www.callandplay.com\/pt\/wp-json\/wp\/v2\/types\/product"}],"replies":[{"embeddable":true,"href":"https:\/\/www.callandplay.com\/pt\/wp-json\/wp\/v2\/comments?post=53631"}],"version-history":[{"count":1,"href":"https:\/\/www.callandplay.com\/pt\/wp-json\/wp\/v2\/product\/53631\/revisions"}],"predecessor-version":[{"id":56441,"href":"https:\/\/www.callandplay.com\/pt\/wp-json\/wp\/v2\/product\/53631\/revisions\/56441"}],"wp:attachment":[{"href":"https:\/\/www.callandplay.com\/pt\/wp-json\/wp\/v2\/media?parent=53631"}],"wp:term":[{"taxonomy":"product_brand","embeddable":true,"href":"https:\/\/www.callandplay.com\/pt\/wp-json\/wp\/v2\/product_brand?post=53631"},{"taxonomy":"product_cat","embeddable":true,"href":"https:\/\/www.callandplay.com\/pt\/wp-json\/wp\/v2\/product_cat?post=53631"},{"taxonomy":"product_tag","embeddable":true,"href":"https:\/\/www.callandplay.com\/pt\/wp-json\/wp\/v2\/product_tag?post=53631"}],"curies":[{"name":"wp","href":"https:\/\/api.w.org\/{rel}","templated":true}]}}