{"id":56517,"date":"2026-03-31T00:00:00","date_gmt":"2026-03-31T00:00:00","guid":{"rendered":"https:\/\/www.callandplay.com\/yamaha-stagepas-200-btr\/"},"modified":"2026-04-15T20:54:31","modified_gmt":"2026-04-15T20:54:31","slug":"yamaha-stagepas-200-btr","status":"publish","type":"product","link":"https:\/\/www.callandplay.com\/pt\/yamaha-stagepas-200-btr\/","title":{"rendered":"YAMAHA STAGEPAS 200 BTR"},"content":{"rendered":"<p>Stagepas 200BTR es un sistema de megafon\u00eda port\u00e1til equipado con un amplificador de potencia de 180 W, driver de compresi\u00f3n coaxial con una bobina de voz de frecuencias altas de 1.4 \u00bb y cono de frecuencias bajas de 8 \u00ab, una consola de mezcla digital de cinco canales y con una bater\u00eda de ion-litio de alta capacidad. Compatible con streaming de audio via Bluetooth. Se puede controlar de forma remota a trav\u00e9s de un dispositivo iOS o Android usando la aplicaci\u00f3n STAGEPAS Controller.<\/p>","protected":false},"excerpt":{"rendered":"<p>Stagepas 200BTR es un sistema de megafon\u00eda port\u00e1til equipado con un amplificador de potencia de 180 W, driver de compresi\u00f3n coaxial con una bobina de voz de frecuencias altas de 1.4 \u00bb y cono de frecuencias bajas de 8 \u00ab, una consola de mezcla digital de cinco canales y con una bater\u00eda de ion-litio de alta capacidad. Compatible con streaming de audio via Bluetooth. Se puede controlar de forma remota a trav\u00e9s de un dispositivo iOS o Android usando la aplicaci\u00f3n STAGEPAS Controller.<\/p>","protected":false},"featured_media":0,"comment_status":"closed","ping_status":"closed","template":"","meta":{"_acf_changed":false,"om_disable_all_campaigns":false,"_monsterinsights_skip_tracking":false,"_monsterinsights_sitenote_active":false,"_monsterinsights_sitenote_note":"","_monsterinsights_sitenote_category":0},"product_brand":[],"product_cat":[1206,835],"product_tag":[],"class_list":{"0":"post-56517","1":"product","2":"type-product","3":"status-publish","5":"product_cat-altavoces-autoamplificados","6":"product_cat-novedades","8":"first","9":"instock","10":"shipping-taxable","11":"purchasable","12":"product-type-simple"},"acf":[],"yoast_head":"<!-- This site is optimized with the Yoast SEO plugin v27.3 - https:\/\/yoast.com\/product\/yoast-seo-wordpress\/ -->\n<title>YAMAHA STAGEPAS 200 BTR - Call&amp;Play<\/title>\n<meta name=\"robots\" content=\"index, follow, max-snippet:-1, max-image-preview:large, max-video-preview:-1\" \/>\n<link rel=\"canonical\" href=\"https:\/\/www.callandplay.com\/pt\/yamaha-stagepas-200-btr\/\" \/>\n<meta property=\"og:locale\" content=\"pt_PT\" \/>\n<meta property=\"og:type\" content=\"article\" \/>\n<meta property=\"og:title\" content=\"YAMAHA STAGEPAS 200 BTR - Call&amp;Play\" \/>\n<meta property=\"og:description\" content=\"Stagepas 200BTR es un sistema de megafon\u00eda port\u00e1til equipado con un amplificador de potencia de 180 W, driver de compresi\u00f3n coaxial con una bobina de voz de frecuencias altas de 1.4 &quot; y cono de frecuencias bajas de 8 &quot;, una consola de mezcla digital de cinco canales y con una bater\u00eda de ion-litio de alta capacidad. Compatible con streaming de audio via Bluetooth. Se puede controlar de forma remota a trav\u00e9s de un dispositivo iOS o Android usando la aplicaci\u00f3n STAGEPAS Controller.\" \/>\n<meta property=\"og:url\" content=\"https:\/\/www.callandplay.com\/pt\/yamaha-stagepas-200-btr\/\" \/>\n<meta property=\"og:site_name\" content=\"Call&amp;Play\" \/>\n<meta property=\"article:publisher\" content=\"https:\/\/www.facebook.com\/callandplay\" \/>\n<meta property=\"article:modified_time\" content=\"2026-04-15T20:54:31+00:00\" \/>\n<meta name=\"twitter:card\" content=\"summary_large_image\" \/>\n<script type=\"application\/ld+json\" class=\"yoast-schema-graph\">{\"@context\":\"https:\\\/\\\/schema.org\",\"@graph\":[{\"@type\":\"WebPage\",\"@id\":\"https:\\\/\\\/www.callandplay.com\\\/yamaha-stagepas-200-btr\\\/\",\"url\":\"https:\\\/\\\/www.callandplay.com\\\/yamaha-stagepas-200-btr\\\/\",\"name\":\"YAMAHA STAGEPAS 200 BTR - Call&amp;Play\",\"isPartOf\":{\"@id\":\"https:\\\/\\\/www.callandplay.com\\\/#website\"},\"datePublished\":\"2026-03-31T00:00:00+00:00\",\"dateModified\":\"2026-04-15T20:54:31+00:00\",\"breadcrumb\":{\"@id\":\"https:\\\/\\\/www.callandplay.com\\\/yamaha-stagepas-200-btr\\\/#breadcrumb\"},\"inLanguage\":\"pt-PT\",\"potentialAction\":[{\"@type\":\"ReadAction\",\"target\":[\"https:\\\/\\\/www.callandplay.com\\\/yamaha-stagepas-200-btr\\\/\"]}]},{\"@type\":\"BreadcrumbList\",\"@id\":\"https:\\\/\\\/www.callandplay.com\\\/yamaha-stagepas-200-btr\\\/#breadcrumb\",\"itemListElement\":[{\"@type\":\"ListItem\",\"position\":1,\"name\":\"Portada\",\"item\":\"https:\\\/\\\/www.callandplay.com\\\/\"},{\"@type\":\"ListItem\",\"position\":2,\"name\":\"Tienda\",\"item\":\"https:\\\/\\\/www.callandplay.com\\\/tienda\\\/\"},{\"@type\":\"ListItem\",\"position\":3,\"name\":\"YAMAHA STAGEPAS 200 BTR\"}]},{\"@type\":\"WebSite\",\"@id\":\"https:\\\/\\\/www.callandplay.com\\\/#website\",\"url\":\"https:\\\/\\\/www.callandplay.com\\\/\",\"name\":\"Call&amp;Play\",\"description\":\"Alquiler de backline e instrumentos musicales\",\"publisher\":{\"@id\":\"https:\\\/\\\/www.callandplay.com\\\/#organization\"},\"potentialAction\":[{\"@type\":\"SearchAction\",\"target\":{\"@type\":\"EntryPoint\",\"urlTemplate\":\"https:\\\/\\\/www.callandplay.com\\\/?s={search_term_string}\"},\"query-input\":{\"@type\":\"PropertyValueSpecification\",\"valueRequired\":true,\"valueName\":\"search_term_string\"}}],\"inLanguage\":\"pt-PT\"},{\"@type\":\"Organization\",\"@id\":\"https:\\\/\\\/www.callandplay.com\\\/#organization\",\"name\":\"Call&Play\",\"url\":\"https:\\\/\\\/www.callandplay.com\\\/\",\"logo\":{\"@type\":\"ImageObject\",\"inLanguage\":\"pt-PT\",\"@id\":\"https:\\\/\\\/www.callandplay.com\\\/#\\\/schema\\\/logo\\\/image\\\/\",\"url\":\"https:\\\/\\\/www.callandplay.com\\\/wp-content\\\/uploads\\\/2021\\\/06\\\/cropped-cropped-logo-black_con_sombra.png\",\"contentUrl\":\"https:\\\/\\\/www.callandplay.com\\\/wp-content\\\/uploads\\\/2021\\\/06\\\/cropped-cropped-logo-black_con_sombra.png\",\"width\":512,\"height\":512,\"caption\":\"Call&Play\"},\"image\":{\"@id\":\"https:\\\/\\\/www.callandplay.com\\\/#\\\/schema\\\/logo\\\/image\\\/\"},\"sameAs\":[\"https:\\\/\\\/www.facebook.com\\\/callandplay\",\"https:\\\/\\\/www.instagram.com\\\/call_and_play\\\/\"]}]}<\/script>\n<!-- \/ Yoast SEO plugin. -->","yoast_head_json":{"title":"YAMAHA STAGEPAS 200 BTR - Call&amp;Play","robots":{"index":"index","follow":"follow","max-snippet":"max-snippet:-1","max-image-preview":"max-image-preview:large","max-video-preview":"max-video-preview:-1"},"canonical":"https:\/\/www.callandplay.com\/pt\/yamaha-stagepas-200-btr\/","og_locale":"pt_PT","og_type":"article","og_title":"YAMAHA STAGEPAS 200 BTR - Call&amp;Play","og_description":"Stagepas 200BTR es un sistema de megafon\u00eda port\u00e1til equipado con un amplificador de potencia de 180 W, driver de compresi\u00f3n coaxial con una bobina de voz de frecuencias altas de 1.4 \" y cono de frecuencias bajas de 8 \", una consola de mezcla digital de cinco canales y con una bater\u00eda de ion-litio de alta capacidad. Compatible con streaming de audio via Bluetooth. Se puede controlar de forma remota a trav\u00e9s de un dispositivo iOS o Android usando la aplicaci\u00f3n STAGEPAS Controller.","og_url":"https:\/\/www.callandplay.com\/pt\/yamaha-stagepas-200-btr\/","og_site_name":"Call&amp;Play","article_publisher":"https:\/\/www.facebook.com\/callandplay","article_modified_time":"2026-04-15T20:54:31+00:00","twitter_card":"summary_large_image","schema":{"@context":"https:\/\/schema.org","@graph":[{"@type":"WebPage","@id":"https:\/\/www.callandplay.com\/yamaha-stagepas-200-btr\/","url":"https:\/\/www.callandplay.com\/yamaha-stagepas-200-btr\/","name":"YAMAHA STAGEPAS 200 BTR - Call&amp;Play","isPartOf":{"@id":"https:\/\/www.callandplay.com\/#website"},"datePublished":"2026-03-31T00:00:00+00:00","dateModified":"2026-04-15T20:54:31+00:00","breadcrumb":{"@id":"https:\/\/www.callandplay.com\/yamaha-stagepas-200-btr\/#breadcrumb"},"inLanguage":"pt-PT","potentialAction":[{"@type":"ReadAction","target":["https:\/\/www.callandplay.com\/yamaha-stagepas-200-btr\/"]}]},{"@type":"BreadcrumbList","@id":"https:\/\/www.callandplay.com\/yamaha-stagepas-200-btr\/#breadcrumb","itemListElement":[{"@type":"ListItem","position":1,"name":"Portada","item":"https:\/\/www.callandplay.com\/"},{"@type":"ListItem","position":2,"name":"Tienda","item":"https:\/\/www.callandplay.com\/tienda\/"},{"@type":"ListItem","position":3,"name":"YAMAHA STAGEPAS 200 BTR"}]},{"@type":"WebSite","@id":"https:\/\/www.callandplay.com\/#website","url":"https:\/\/www.callandplay.com\/","name":"Call&amp;Play","description":"Alquiler de backline e instrumentos musicales","publisher":{"@id":"https:\/\/www.callandplay.com\/#organization"},"potentialAction":[{"@type":"SearchAction","target":{"@type":"EntryPoint","urlTemplate":"https:\/\/www.callandplay.com\/?s={search_term_string}"},"query-input":{"@type":"PropertyValueSpecification","valueRequired":true,"valueName":"search_term_string"}}],"inLanguage":"pt-PT"},{"@type":"Organization","@id":"https:\/\/www.callandplay.com\/#organization","name":"Call&Play","url":"https:\/\/www.callandplay.com\/","logo":{"@type":"ImageObject","inLanguage":"pt-PT","@id":"https:\/\/www.callandplay.com\/#\/schema\/logo\/image\/","url":"https:\/\/www.callandplay.com\/wp-content\/uploads\/2021\/06\/cropped-cropped-logo-black_con_sombra.png","contentUrl":"https:\/\/www.callandplay.com\/wp-content\/uploads\/2021\/06\/cropped-cropped-logo-black_con_sombra.png","width":512,"height":512,"caption":"Call&Play"},"image":{"@id":"https:\/\/www.callandplay.com\/#\/schema\/logo\/image\/"},"sameAs":["https:\/\/www.facebook.com\/callandplay","https:\/\/www.instagram.com\/call_and_play\/"]}]}},"_links":{"self":[{"href":"https:\/\/www.callandplay.com\/pt\/wp-json\/wp\/v2\/product\/56517","targetHints":{"allow":["GET"]}}],"collection":[{"href":"https:\/\/www.callandplay.com\/pt\/wp-json\/wp\/v2\/product"}],"about":[{"href":"https:\/\/www.callandplay.com\/pt\/wp-json\/wp\/v2\/types\/product"}],"replies":[{"embeddable":true,"href":"https:\/\/www.callandplay.com\/pt\/wp-json\/wp\/v2\/comments?post=56517"}],"version-history":[{"count":1,"href":"https:\/\/www.callandplay.com\/pt\/wp-json\/wp\/v2\/product\/56517\/revisions"}],"predecessor-version":[{"id":56519,"href":"https:\/\/www.callandplay.com\/pt\/wp-json\/wp\/v2\/product\/56517\/revisions\/56519"}],"wp:attachment":[{"href":"https:\/\/www.callandplay.com\/pt\/wp-json\/wp\/v2\/media?parent=56517"}],"wp:term":[{"taxonomy":"product_brand","embeddable":true,"href":"https:\/\/www.callandplay.com\/pt\/wp-json\/wp\/v2\/product_brand?post=56517"},{"taxonomy":"product_cat","embeddable":true,"href":"https:\/\/www.callandplay.com\/pt\/wp-json\/wp\/v2\/product_cat?post=56517"},{"taxonomy":"product_tag","embeddable":true,"href":"https:\/\/www.callandplay.com\/pt\/wp-json\/wp\/v2\/product_tag?post=56517"}],"curies":[{"name":"wp","href":"https:\/\/api.w.org\/{rel}","templated":true}]}}