{"id":56535,"date":"2026-03-31T00:00:00","date_gmt":"2026-03-31T00:00:00","guid":{"rendered":"https:\/\/www.callandplay.com\/teile-teil2-revolo\/"},"modified":"2026-04-15T20:54:31","modified_gmt":"2026-04-15T20:54:31","slug":"teile-teil2-revolo","status":"publish","type":"product","link":"https:\/\/www.callandplay.com\/pt\/teile-teil2-revolo\/","title":{"rendered":"TEILE TEIL2 REVOLO"},"content":{"rendered":"<p>Unidad de efectos optimizada para DJs que combina una Reverb y un Tremolo. Su nombre proviene de la combinaci\u00f3n de REVerb y tremOLO formando finalmente REVOLO. La reverb se centra en crear un paisaje sonoro amplio y aireado, que se sit\u00faa por encima de una mezcla, en lugar de enturbiarla. La fuente de ruido blanco se puede introducir en la reverberaci\u00f3n, y el filtro de paso alto se puede utilizar para darle forma. El tr\u00e9molo se puede aplicar posteriormente para crear un efecto r\u00edtmico o din\u00e1mico en la cola de la reverb. Revolo utiliza electr\u00f3nica de bajo ruido en todas las etapas anal\u00f3gicas, y s\u00f3lo la se\u00f1al afectada es procesada en un entorno DSP, dejando su se\u00f1al original sin convertir. Todas las conversiones AD\/DA se realizan con convertidores de 24 bits de alto rendimiento. Revolo permite conectar un tanque de muelles externo para sustituir el algoritmo de reverberaci\u00f3n interno. El soporte extra\u00edble se puede utilizar para elevar el Revolo a la misma altura que la mayor\u00eda de los mezcladores de DJ modernos (95 mm), y luego guardarlo f\u00e1cilmente para viajar.<\/p>","protected":false},"excerpt":{"rendered":"<p>Unidad de efectos optimizada para DJs que combina una Reverb y un Tremolo. Su nombre proviene de la combinaci\u00f3n de REVerb y tremOLO formando finalmente REVOLO. La reverb se centra en crear un paisaje sonoro amplio y aireado, que se sit\u00faa por encima de una mezcla, en lugar de enturbiarla. La fuente de ruido blanco se puede introducir en la reverberaci\u00f3n, y el filtro de paso alto se puede utilizar para darle forma. El tr\u00e9molo se puede aplicar posteriormente para crear un efecto r\u00edtmico o din\u00e1mico en la cola de la reverb. Revolo utiliza electr\u00f3nica de bajo ruido en todas las etapas anal\u00f3gicas, y s\u00f3lo la se\u00f1al afectada es procesada en un entorno DSP, dejando su se\u00f1al original sin convertir. Todas las conversiones AD\/DA se realizan con convertidores de 24 bits de alto rendimiento. Revolo permite conectar un tanque de muelles externo para sustituir el algoritmo de reverberaci\u00f3n interno. El soporte extra\u00edble se puede utilizar para elevar el Revolo a la misma altura que la mayor\u00eda de los mezcladores de DJ modernos (95 mm), y luego guardarlo f\u00e1cilmente para viajar.<\/p>","protected":false},"featured_media":0,"comment_status":"closed","ping_status":"closed","template":"","meta":{"_acf_changed":false,"om_disable_all_campaigns":false,"_monsterinsights_skip_tracking":false,"_monsterinsights_sitenote_active":false,"_monsterinsights_sitenote_note":"","_monsterinsights_sitenote_category":0},"product_brand":[],"product_cat":[853,835],"product_tag":[],"class_list":{"0":"post-56535","1":"product","2":"type-product","3":"status-publish","5":"product_cat-efectos-dj-y-samplers","6":"product_cat-novedades","8":"first","9":"instock","10":"shipping-taxable","11":"purchasable","12":"product-type-simple"},"acf":[],"yoast_head":"<!-- This site is optimized with the Yoast SEO plugin v27.3 - https:\/\/yoast.com\/product\/yoast-seo-wordpress\/ -->\n<title>TEILE TEIL2 REVOLO - Call&amp;Play<\/title>\n<meta name=\"robots\" content=\"index, follow, max-snippet:-1, max-image-preview:large, max-video-preview:-1\" \/>\n<link rel=\"canonical\" href=\"https:\/\/www.callandplay.com\/pt\/teile-teil2-revolo\/\" \/>\n<meta property=\"og:locale\" content=\"pt_PT\" \/>\n<meta property=\"og:type\" content=\"article\" \/>\n<meta property=\"og:title\" content=\"TEILE TEIL2 REVOLO - Call&amp;Play\" \/>\n<meta property=\"og:description\" content=\"Unidad de efectos optimizada para DJs que combina una Reverb y un Tremolo. Su nombre proviene de la combinaci\u00f3n de REVerb y tremOLO formando finalmente REVOLO. La reverb se centra en crear un paisaje sonoro amplio y aireado, que se sit\u00faa por encima de una mezcla, en lugar de enturbiarla. La fuente de ruido blanco se puede introducir en la reverberaci\u00f3n, y el filtro de paso alto se puede utilizar para darle forma. El tr\u00e9molo se puede aplicar posteriormente para crear un efecto r\u00edtmico o din\u00e1mico en la cola de la reverb. Revolo utiliza electr\u00f3nica de bajo ruido en todas las etapas anal\u00f3gicas, y s\u00f3lo la se\u00f1al afectada es procesada en un entorno DSP, dejando su se\u00f1al original sin convertir. Todas las conversiones AD\/DA se realizan con convertidores de 24 bits de alto rendimiento. Revolo permite conectar un tanque de muelles externo para sustituir el algoritmo de reverberaci\u00f3n interno. El soporte extra\u00edble se puede utilizar para elevar el Revolo a la misma altura que la mayor\u00eda de los mezcladores de DJ modernos (95 mm), y luego guardarlo f\u00e1cilmente para viajar.\" \/>\n<meta property=\"og:url\" content=\"https:\/\/www.callandplay.com\/pt\/teile-teil2-revolo\/\" \/>\n<meta property=\"og:site_name\" content=\"Call&amp;Play\" \/>\n<meta property=\"article:publisher\" content=\"https:\/\/www.facebook.com\/callandplay\" \/>\n<meta property=\"article:modified_time\" content=\"2026-04-15T20:54:31+00:00\" \/>\n<meta name=\"twitter:card\" content=\"summary_large_image\" \/>\n<meta name=\"twitter:label1\" content=\"Tempo estimado de leitura\" \/>\n\t<meta name=\"twitter:data1\" content=\"1 minuto\" \/>\n<script type=\"application\/ld+json\" class=\"yoast-schema-graph\">{\"@context\":\"https:\\\/\\\/schema.org\",\"@graph\":[{\"@type\":\"WebPage\",\"@id\":\"https:\\\/\\\/www.callandplay.com\\\/teile-teil2-revolo\\\/\",\"url\":\"https:\\\/\\\/www.callandplay.com\\\/teile-teil2-revolo\\\/\",\"name\":\"TEILE TEIL2 REVOLO - Call&amp;Play\",\"isPartOf\":{\"@id\":\"https:\\\/\\\/www.callandplay.com\\\/#website\"},\"datePublished\":\"2026-03-31T00:00:00+00:00\",\"dateModified\":\"2026-04-15T20:54:31+00:00\",\"breadcrumb\":{\"@id\":\"https:\\\/\\\/www.callandplay.com\\\/teile-teil2-revolo\\\/#breadcrumb\"},\"inLanguage\":\"pt-PT\",\"potentialAction\":[{\"@type\":\"ReadAction\",\"target\":[\"https:\\\/\\\/www.callandplay.com\\\/teile-teil2-revolo\\\/\"]}]},{\"@type\":\"BreadcrumbList\",\"@id\":\"https:\\\/\\\/www.callandplay.com\\\/teile-teil2-revolo\\\/#breadcrumb\",\"itemListElement\":[{\"@type\":\"ListItem\",\"position\":1,\"name\":\"Portada\",\"item\":\"https:\\\/\\\/www.callandplay.com\\\/\"},{\"@type\":\"ListItem\",\"position\":2,\"name\":\"Tienda\",\"item\":\"https:\\\/\\\/www.callandplay.com\\\/tienda\\\/\"},{\"@type\":\"ListItem\",\"position\":3,\"name\":\"TEILE TEIL2 REVOLO\"}]},{\"@type\":\"WebSite\",\"@id\":\"https:\\\/\\\/www.callandplay.com\\\/#website\",\"url\":\"https:\\\/\\\/www.callandplay.com\\\/\",\"name\":\"Call&amp;Play\",\"description\":\"Alquiler de backline e instrumentos musicales\",\"publisher\":{\"@id\":\"https:\\\/\\\/www.callandplay.com\\\/#organization\"},\"potentialAction\":[{\"@type\":\"SearchAction\",\"target\":{\"@type\":\"EntryPoint\",\"urlTemplate\":\"https:\\\/\\\/www.callandplay.com\\\/?s={search_term_string}\"},\"query-input\":{\"@type\":\"PropertyValueSpecification\",\"valueRequired\":true,\"valueName\":\"search_term_string\"}}],\"inLanguage\":\"pt-PT\"},{\"@type\":\"Organization\",\"@id\":\"https:\\\/\\\/www.callandplay.com\\\/#organization\",\"name\":\"Call&Play\",\"url\":\"https:\\\/\\\/www.callandplay.com\\\/\",\"logo\":{\"@type\":\"ImageObject\",\"inLanguage\":\"pt-PT\",\"@id\":\"https:\\\/\\\/www.callandplay.com\\\/#\\\/schema\\\/logo\\\/image\\\/\",\"url\":\"https:\\\/\\\/www.callandplay.com\\\/wp-content\\\/uploads\\\/2021\\\/06\\\/cropped-cropped-logo-black_con_sombra.png\",\"contentUrl\":\"https:\\\/\\\/www.callandplay.com\\\/wp-content\\\/uploads\\\/2021\\\/06\\\/cropped-cropped-logo-black_con_sombra.png\",\"width\":512,\"height\":512,\"caption\":\"Call&Play\"},\"image\":{\"@id\":\"https:\\\/\\\/www.callandplay.com\\\/#\\\/schema\\\/logo\\\/image\\\/\"},\"sameAs\":[\"https:\\\/\\\/www.facebook.com\\\/callandplay\",\"https:\\\/\\\/www.instagram.com\\\/call_and_play\\\/\"]}]}<\/script>\n<!-- \/ Yoast SEO plugin. -->","yoast_head_json":{"title":"TEILE TEIL2 REVOLO - Call&amp;Play","robots":{"index":"index","follow":"follow","max-snippet":"max-snippet:-1","max-image-preview":"max-image-preview:large","max-video-preview":"max-video-preview:-1"},"canonical":"https:\/\/www.callandplay.com\/pt\/teile-teil2-revolo\/","og_locale":"pt_PT","og_type":"article","og_title":"TEILE TEIL2 REVOLO - Call&amp;Play","og_description":"Unidad de efectos optimizada para DJs que combina una Reverb y un Tremolo. Su nombre proviene de la combinaci\u00f3n de REVerb y tremOLO formando finalmente REVOLO. La reverb se centra en crear un paisaje sonoro amplio y aireado, que se sit\u00faa por encima de una mezcla, en lugar de enturbiarla. La fuente de ruido blanco se puede introducir en la reverberaci\u00f3n, y el filtro de paso alto se puede utilizar para darle forma. El tr\u00e9molo se puede aplicar posteriormente para crear un efecto r\u00edtmico o din\u00e1mico en la cola de la reverb. Revolo utiliza electr\u00f3nica de bajo ruido en todas las etapas anal\u00f3gicas, y s\u00f3lo la se\u00f1al afectada es procesada en un entorno DSP, dejando su se\u00f1al original sin convertir. Todas las conversiones AD\/DA se realizan con convertidores de 24 bits de alto rendimiento. Revolo permite conectar un tanque de muelles externo para sustituir el algoritmo de reverberaci\u00f3n interno. El soporte extra\u00edble se puede utilizar para elevar el Revolo a la misma altura que la mayor\u00eda de los mezcladores de DJ modernos (95 mm), y luego guardarlo f\u00e1cilmente para viajar.","og_url":"https:\/\/www.callandplay.com\/pt\/teile-teil2-revolo\/","og_site_name":"Call&amp;Play","article_publisher":"https:\/\/www.facebook.com\/callandplay","article_modified_time":"2026-04-15T20:54:31+00:00","twitter_card":"summary_large_image","twitter_misc":{"Tempo estimado de leitura":"1 minuto"},"schema":{"@context":"https:\/\/schema.org","@graph":[{"@type":"WebPage","@id":"https:\/\/www.callandplay.com\/teile-teil2-revolo\/","url":"https:\/\/www.callandplay.com\/teile-teil2-revolo\/","name":"TEILE TEIL2 REVOLO - Call&amp;Play","isPartOf":{"@id":"https:\/\/www.callandplay.com\/#website"},"datePublished":"2026-03-31T00:00:00+00:00","dateModified":"2026-04-15T20:54:31+00:00","breadcrumb":{"@id":"https:\/\/www.callandplay.com\/teile-teil2-revolo\/#breadcrumb"},"inLanguage":"pt-PT","potentialAction":[{"@type":"ReadAction","target":["https:\/\/www.callandplay.com\/teile-teil2-revolo\/"]}]},{"@type":"BreadcrumbList","@id":"https:\/\/www.callandplay.com\/teile-teil2-revolo\/#breadcrumb","itemListElement":[{"@type":"ListItem","position":1,"name":"Portada","item":"https:\/\/www.callandplay.com\/"},{"@type":"ListItem","position":2,"name":"Tienda","item":"https:\/\/www.callandplay.com\/tienda\/"},{"@type":"ListItem","position":3,"name":"TEILE TEIL2 REVOLO"}]},{"@type":"WebSite","@id":"https:\/\/www.callandplay.com\/#website","url":"https:\/\/www.callandplay.com\/","name":"Call&amp;Play","description":"Alquiler de backline e instrumentos musicales","publisher":{"@id":"https:\/\/www.callandplay.com\/#organization"},"potentialAction":[{"@type":"SearchAction","target":{"@type":"EntryPoint","urlTemplate":"https:\/\/www.callandplay.com\/?s={search_term_string}"},"query-input":{"@type":"PropertyValueSpecification","valueRequired":true,"valueName":"search_term_string"}}],"inLanguage":"pt-PT"},{"@type":"Organization","@id":"https:\/\/www.callandplay.com\/#organization","name":"Call&Play","url":"https:\/\/www.callandplay.com\/","logo":{"@type":"ImageObject","inLanguage":"pt-PT","@id":"https:\/\/www.callandplay.com\/#\/schema\/logo\/image\/","url":"https:\/\/www.callandplay.com\/wp-content\/uploads\/2021\/06\/cropped-cropped-logo-black_con_sombra.png","contentUrl":"https:\/\/www.callandplay.com\/wp-content\/uploads\/2021\/06\/cropped-cropped-logo-black_con_sombra.png","width":512,"height":512,"caption":"Call&Play"},"image":{"@id":"https:\/\/www.callandplay.com\/#\/schema\/logo\/image\/"},"sameAs":["https:\/\/www.facebook.com\/callandplay","https:\/\/www.instagram.com\/call_and_play\/"]}]}},"_links":{"self":[{"href":"https:\/\/www.callandplay.com\/pt\/wp-json\/wp\/v2\/product\/56535","targetHints":{"allow":["GET"]}}],"collection":[{"href":"https:\/\/www.callandplay.com\/pt\/wp-json\/wp\/v2\/product"}],"about":[{"href":"https:\/\/www.callandplay.com\/pt\/wp-json\/wp\/v2\/types\/product"}],"replies":[{"embeddable":true,"href":"https:\/\/www.callandplay.com\/pt\/wp-json\/wp\/v2\/comments?post=56535"}],"version-history":[{"count":1,"href":"https:\/\/www.callandplay.com\/pt\/wp-json\/wp\/v2\/product\/56535\/revisions"}],"predecessor-version":[{"id":56539,"href":"https:\/\/www.callandplay.com\/pt\/wp-json\/wp\/v2\/product\/56535\/revisions\/56539"}],"wp:attachment":[{"href":"https:\/\/www.callandplay.com\/pt\/wp-json\/wp\/v2\/media?parent=56535"}],"wp:term":[{"taxonomy":"product_brand","embeddable":true,"href":"https:\/\/www.callandplay.com\/pt\/wp-json\/wp\/v2\/product_brand?post=56535"},{"taxonomy":"product_cat","embeddable":true,"href":"https:\/\/www.callandplay.com\/pt\/wp-json\/wp\/v2\/product_cat?post=56535"},{"taxonomy":"product_tag","embeddable":true,"href":"https:\/\/www.callandplay.com\/pt\/wp-json\/wp\/v2\/product_tag?post=56535"}],"curies":[{"name":"wp","href":"https:\/\/api.w.org\/{rel}","templated":true}]}}